{"id":4464,"date":"2020-11-17T20:04:39","date_gmt":"2020-11-17T19:04:39","guid":{"rendered":"https:\/\/annette-ahrens.at\/onlineshop\/?post_type=product&#038;p=4464"},"modified":"2023-04-21T10:12:00","modified_gmt":"2023-04-21T08:12:00","slug":"43-teiliges-tafelbesteck-menuett-fuer-6-personen-fa-berndorf-um-1930","status":"publish","type":"product","link":"https:\/\/annette-ahrens.at\/onlineshop\/produkt\/43-teiliges-tafelbesteck-menuett-fuer-6-personen-fa-berndorf-um-1930\/","title":{"rendered":"43 teiliges Tafelbesteck &#8222;Menuett&#8220; f\u00fcr 6 Personen, Fa. Berndorf, um 1930"},"content":{"rendered":"<p>Tafelbesteck &#8222;Menuett&#8220; f\u00fcr 6 Personen<\/p>\n<p>Fa. Berndorf, um 1930<\/p>\n<p>Alpacca, stark versilbert; bestehend aus 43 Teilen; Facon \u201eMenuett\u201c, alle Teile gemarkt mit Firmenzeichen: \u201eBerndorf\u201c verwendet um 1900, alle Messer mit rostfreien Klingen; in originaler Besteckkassette, au\u00dfen mit schwarzer Chagrinleinwand \u00fcberzogen; innen mit gr\u00fcnem Satin tapeziert;<\/p>\n<p>Bestehend aus:<\/p>\n<p>6 Suppenl\u00f6ffel<\/p>\n<p>6 Menugabeln<\/p>\n<p>6 Menumessern<\/p>\n<p>6 Kaffeel\u00f6ffel<\/p>\n<p>6 Dessertl\u00f6ffel<\/p>\n<p>6 Vorspeisgabeln<\/p>\n<p>6 Vorspeismesser<\/p>\n<p>Vorleger:<\/p>\n<p>1 Suppensch\u00f6pfer<\/p>\n<p>&nbsp;<\/p>\n","protected":false},"excerpt":{"rendered":"<p>Tafelbesteck &#8222;Menuett&#8220; f\u00fcr 6 Personen Fa. Berndorf, um 1930 Alpacca, stark versilbert; bestehend aus 43 Teilen; Facon \u201eMenuett\u201c, alle Teile gemarkt mit Firmenzeichen: \u201eBerndorf\u201c verwendet um 1900, alle Messer mit rostfreien Klingen; in originaler Besteckkassette, au\u00dfen mit schwarzer Chagrinleinwand \u00fcberzogen; innen mit gr\u00fcnem Satin tapeziert; Bestehend aus: 6 Suppenl\u00f6ffel 6 Menugabeln 6 Menumessern 6 Kaffeel\u00f6ffel [&hellip;]<\/p>\n","protected":false},"featured_media":4468,"comment_status":"open","ping_status":"closed","template":"","meta":[],"product_brand":[],"product_cat":[276,30,32,300],"product_tag":[],"class_list":{"0":"post-4464","1":"product","2":"type-product","3":"status-publish","4":"has-post-thumbnail","6":"product_cat-alpacca","7":"product_cat-besteck","8":"product_cat-festefeiern","9":"product_cat-gartenfest","11":"first","12":"instock","13":"sold-individually","14":"purchasable","15":"product-type-simple"},"yoast_head":"<!-- This site is optimized with the Yoast SEO Premium plugin v15.8.2 - https:\/\/yoast.com\/wordpress\/plugins\/seo\/ -->\n<title>43 teiliges Tafelbesteck &quot;Menuett&quot; f\u00fcr 6 Personen, Fa. Berndorf, um 1930<\/title>\n<meta name=\"description\" content=\"43 teiliges Tafelbesteck &quot;Menuett&quot; f\u00fcr 6 Personen, Fa. Berndorf, um 1930 \u2665 Antiquit\u00e4ten Online kaufen \u2713 Sichere Lieferung \u2713\" \/>\n<meta name=\"robots\" content=\"index, follow, max-snippet:-1, max-image-preview:large, max-video-preview:-1\" \/>\n<link rel=\"canonical\" href=\"https:\/\/annette-ahrens.at\/onlineshop\/produkt\/43-teiliges-tafelbesteck-menuett-fuer-6-personen-fa-berndorf-um-1930\/\" \/>\n<meta property=\"og:locale\" content=\"de_DE\" \/>\n<meta property=\"og:type\" content=\"article\" \/>\n<meta property=\"og:title\" content=\"43 teiliges Tafelbesteck &quot;Menuett&quot; f\u00fcr 6 Personen, Fa. Berndorf, um 1930\" \/>\n<meta property=\"og:description\" content=\"43 teiliges Tafelbesteck &quot;Menuett&quot; f\u00fcr 6 Personen, Fa. Berndorf, um 1930 \u2665 Antiquit\u00e4ten Online kaufen \u2713 Sichere Lieferung \u2713\" \/>\n<meta property=\"og:url\" content=\"https:\/\/annette-ahrens.at\/onlineshop\/produkt\/43-teiliges-tafelbesteck-menuett-fuer-6-personen-fa-berndorf-um-1930\/\" \/>\n<meta property=\"og:site_name\" content=\"Tafelkultur Onlineshop\" \/>\n<meta property=\"article:publisher\" content=\"https:\/\/www.facebook.com\/AnnetteAhrensTafelkultur\" \/>\n<meta property=\"article:modified_time\" content=\"2023-04-21T08:12:00+00:00\" \/>\n<meta property=\"og:image\" content=\"https:\/\/annette-ahrens.at\/onlineshop\/wp-content\/uploads\/2020\/11\/IMG_4072-scaled.jpeg\" \/>\n\t<meta property=\"og:image:width\" content=\"2560\" \/>\n\t<meta property=\"og:image:height\" content=\"2560\" \/>\n<meta name=\"twitter:card\" content=\"summary_large_image\" \/>\n<meta name=\"twitter:label1\" content=\"Gesch\u00e4tzte Lesezeit\">\n\t<meta name=\"twitter:data1\" content=\"1\u00a0Minute\">\n<script type=\"application\/ld+json\" class=\"yoast-schema-graph\">{\"@context\":\"https:\/\/schema.org\",\"@graph\":[{\"@type\":[\"Person\",\"Organization\"],\"@id\":\"https:\/\/annette-ahrens.at\/onlineshop\/#\/schema\/person\/3e19676faae246bba0cb3b7e15f427d8\",\"name\":\"Annette Ahrens\",\"image\":{\"@type\":\"ImageObject\",\"@id\":\"https:\/\/annette-ahrens.at\/onlineshop\/#personlogo\",\"inLanguage\":\"de\",\"url\":\"https:\/\/annette-ahrens.at\/onlineshop\/wp-content\/uploads\/2020\/04\/aa_logo_End.png\",\"width\":800,\"height\":164,\"caption\":\"Annette Ahrens\"},\"logo\":{\"@id\":\"https:\/\/annette-ahrens.at\/onlineshop\/#personlogo\"},\"sameAs\":[\"https:\/\/annette-ahrens.at\",\"https:\/\/www.facebook.com\/AnnetteAhrensTafelkultur\",\"https:\/\/www.instagram.com\/tafelkulturistin\/\",\"https:\/\/de.wikipedia.org\/wiki\/Annette_Ahrens\"]},{\"@type\":\"WebSite\",\"@id\":\"https:\/\/annette-ahrens.at\/onlineshop\/#website\",\"url\":\"https:\/\/annette-ahrens.at\/onlineshop\/\",\"name\":\"Tafelkultur Onlineshop\",\"description\":\"Annette Ahrens\",\"publisher\":{\"@id\":\"https:\/\/annette-ahrens.at\/onlineshop\/#\/schema\/person\/3e19676faae246bba0cb3b7e15f427d8\"},\"potentialAction\":[{\"@type\":\"SearchAction\",\"target\":\"https:\/\/annette-ahrens.at\/onlineshop\/?s={search_term_string}\",\"query-input\":\"required name=search_term_string\"}],\"inLanguage\":\"de\"},{\"@type\":\"ImageObject\",\"@id\":\"https:\/\/annette-ahrens.at\/onlineshop\/produkt\/43-teiliges-tafelbesteck-menuett-fuer-6-personen-fa-berndorf-um-1930\/#primaryimage\",\"inLanguage\":\"de\",\"url\":\"https:\/\/annette-ahrens.at\/onlineshop\/wp-content\/uploads\/2020\/11\/IMG_4072-scaled.jpeg\",\"width\":2560,\"height\":2560,\"caption\":\"berndorf_menuett\"},{\"@type\":[\"WebPage\",\"ItemPage\"],\"@id\":\"https:\/\/annette-ahrens.at\/onlineshop\/produkt\/43-teiliges-tafelbesteck-menuett-fuer-6-personen-fa-berndorf-um-1930\/#webpage\",\"url\":\"https:\/\/annette-ahrens.at\/onlineshop\/produkt\/43-teiliges-tafelbesteck-menuett-fuer-6-personen-fa-berndorf-um-1930\/\",\"name\":\"43 teiliges Tafelbesteck \\\"Menuett\\\" f\\u00fcr 6 Personen, Fa. Berndorf, um 1930\",\"isPartOf\":{\"@id\":\"https:\/\/annette-ahrens.at\/onlineshop\/#website\"},\"primaryImageOfPage\":{\"@id\":\"https:\/\/annette-ahrens.at\/onlineshop\/produkt\/43-teiliges-tafelbesteck-menuett-fuer-6-personen-fa-berndorf-um-1930\/#primaryimage\"},\"datePublished\":\"2020-11-17T19:04:39+00:00\",\"dateModified\":\"2023-04-21T08:12:00+00:00\",\"description\":\"43 teiliges Tafelbesteck \\\"Menuett\\\" f\\u00fcr 6 Personen, Fa. Berndorf, um 1930 \\u2665 Antiquit\\u00e4ten Online kaufen \\u2713 Sichere Lieferung \\u2713\",\"breadcrumb\":{\"@id\":\"https:\/\/annette-ahrens.at\/onlineshop\/produkt\/43-teiliges-tafelbesteck-menuett-fuer-6-personen-fa-berndorf-um-1930\/#breadcrumb\"},\"inLanguage\":\"de\",\"potentialAction\":[{\"@type\":\"ReadAction\",\"target\":[\"https:\/\/annette-ahrens.at\/onlineshop\/produkt\/43-teiliges-tafelbesteck-menuett-fuer-6-personen-fa-berndorf-um-1930\/\"]}]},{\"@type\":\"BreadcrumbList\",\"@id\":\"https:\/\/annette-ahrens.at\/onlineshop\/produkt\/43-teiliges-tafelbesteck-menuett-fuer-6-personen-fa-berndorf-um-1930\/#breadcrumb\",\"itemListElement\":[{\"@type\":\"ListItem\",\"position\":1,\"item\":{\"@type\":\"WebPage\",\"@id\":\"https:\/\/annette-ahrens.at\/onlineshop\/\",\"url\":\"https:\/\/annette-ahrens.at\/onlineshop\/\",\"name\":\"Home\"}},{\"@type\":\"ListItem\",\"position\":2,\"item\":{\"@type\":\"WebPage\",\"@id\":\"https:\/\/annette-ahrens.at\/onlineshop\/alle-tafelkultur-objekte\/\",\"url\":\"https:\/\/annette-ahrens.at\/onlineshop\/alle-tafelkultur-objekte\/\",\"name\":\"Alle Tafelkultur Objekte\"}},{\"@type\":\"ListItem\",\"position\":3,\"item\":{\"@type\":\"WebPage\",\"@id\":\"https:\/\/annette-ahrens.at\/onlineshop\/produkt\/43-teiliges-tafelbesteck-menuett-fuer-6-personen-fa-berndorf-um-1930\/\",\"url\":\"https:\/\/annette-ahrens.at\/onlineshop\/produkt\/43-teiliges-tafelbesteck-menuett-fuer-6-personen-fa-berndorf-um-1930\/\",\"name\":\"43 teiliges Tafelbesteck &#8220;Menuett&#8221; f\\u00fcr 6 Personen, Fa. Berndorf, um 1930\"}}]}]}<\/script>\n<!-- \/ Yoast SEO Premium plugin. -->","_links":{"self":[{"href":"https:\/\/annette-ahrens.at\/onlineshop\/wp-json\/wp\/v2\/product\/4464","targetHints":{"allow":["GET"]}}],"collection":[{"href":"https:\/\/annette-ahrens.at\/onlineshop\/wp-json\/wp\/v2\/product"}],"about":[{"href":"https:\/\/annette-ahrens.at\/onlineshop\/wp-json\/wp\/v2\/types\/product"}],"replies":[{"embeddable":true,"href":"https:\/\/annette-ahrens.at\/onlineshop\/wp-json\/wp\/v2\/comments?post=4464"}],"wp:featuredmedia":[{"embeddable":true,"href":"https:\/\/annette-ahrens.at\/onlineshop\/wp-json\/wp\/v2\/media\/4468"}],"wp:attachment":[{"href":"https:\/\/annette-ahrens.at\/onlineshop\/wp-json\/wp\/v2\/media?parent=4464"}],"wp:term":[{"taxonomy":"product_brand","embeddable":true,"href":"https:\/\/annette-ahrens.at\/onlineshop\/wp-json\/wp\/v2\/product_brand?post=4464"},{"taxonomy":"product_cat","embeddable":true,"href":"https:\/\/annette-ahrens.at\/onlineshop\/wp-json\/wp\/v2\/product_cat?post=4464"},{"taxonomy":"product_tag","embeddable":true,"href":"https:\/\/annette-ahrens.at\/onlineshop\/wp-json\/wp\/v2\/product_tag?post=4464"}],"curies":[{"name":"wp","href":"https:\/\/api.w.org\/{rel}","templated":true}]}}