{"id":4555,"date":"2020-11-19T20:16:04","date_gmt":"2020-11-19T19:16:04","guid":{"rendered":"https:\/\/annette-ahrens.at\/onlineshop\/?post_type=product&#038;p=4555"},"modified":"2023-01-17T20:41:37","modified_gmt":"2023-01-17T19:41:37","slug":"michael-powolny-kaffeekanne-opus-fa-augarten-2-haelfte-20-jahrhundert","status":"publish","type":"product","link":"https:\/\/annette-ahrens.at\/onlineshop\/produkt\/michael-powolny-kaffeekanne-opus-fa-augarten-2-haelfte-20-jahrhundert\/","title":{"rendered":"Michael Powolny, Kaffeekanne &#8222;Opus&#8220;, Fa. Augarten, 2. H\u00e4lfte 20. Jahrhundert"},"content":{"rendered":"<p>Kaffeekanne &#8222;Opus&#8220;, Form 68<\/p>\n<p>Porzellanmanufaktur Augarten, 2. H\u00e4lfte 20. Jahrhundert<\/p>\n<p>Entwurf von Michael Powolny (Judenburg 1871-1954 Wien), um 1928\/29<\/p>\n<p>Porzellan, weiss glasiert, Unterseite mit unterglasurblauer Manufakturmarke<\/p>\n<p>H 20 cm<\/p>\n<p>Neupreis bei der Manufaktur ca. Euro 260,&#8211;<\/p>\n<p>Literatur: Elisabeth Frottier, Michael Powolny, Wien\/K\u00f6ln 1990, WV 453 und WV 454.<\/p>\n","protected":false},"excerpt":{"rendered":"<p>Annettes Etikette: Einer der beliebtesten Entw\u00fcrfe des Art Deco ist dieser Entwurf Michael Powolnys f\u00fcr die Porzellanmanufaktur Augarten. Unter dem klingenden Namen &#8222;Opus&#8220; wurde sowohl ein Kaffeeservice als auch ein Speiseservice ausgef\u00fchrt. Gleich bei Gr\u00fcndung der Manufaktur im Jahre 1923 wurden namhafte zeitgen\u00f6ssische K\u00fcnstlers ins Haus geholt, um die Produkte in aktuellem Design anbieten zu k\u00f6nnen.<\/p>\n","protected":false},"featured_media":4560,"comment_status":"open","ping_status":"closed","template":"","meta":[],"product_brand":[],"product_cat":[18,294,191,291,37,148,20,274,53,157,158],"product_tag":[],"class_list":{"0":"post-4555","1":"product","2":"type-product","3":"status-publish","4":"has-post-thumbnail","6":"product_cat-fruehstueck","7":"product_cat-geburtstag","8":"product_cat-hauptspeise","9":"product_cat-hochzeit","10":"product_cat-kaffee","11":"product_cat-kaffeekannen","12":"product_cat-lunchtime","13":"product_cat-porzellan-fachbuecher","14":"product_cat-weihnachten","15":"product_cat-zucker-fruehstueck","16":"product_cat-zuckerdose","18":"first","19":"instock","20":"sold-individually","21":"purchasable","22":"product-type-simple"},"yoast_head":"<!-- This site is optimized with the Yoast SEO Premium plugin v15.8.2 - https:\/\/yoast.com\/wordpress\/plugins\/seo\/ -->\n<title>Michael Powolny, Kaffeekanne &quot;Opus&quot;, Fa. Augarten, 2. H\u00e4lfte 20. Jahrhundert<\/title>\n<meta name=\"description\" content=\"Michael Powolny, Kaffeekanne &quot;Opus&quot;, Fa. Augarten, 2. H\u00e4lfte 20. Jahrhundert \u2665 Antiquit\u00e4ten Online kaufen \u2713 Sichere Lieferung \u2713\" \/>\n<meta name=\"robots\" content=\"index, follow, max-snippet:-1, max-image-preview:large, max-video-preview:-1\" \/>\n<link rel=\"canonical\" href=\"https:\/\/annette-ahrens.at\/onlineshop\/produkt\/michael-powolny-kaffeekanne-opus-fa-augarten-2-haelfte-20-jahrhundert\/\" \/>\n<meta property=\"og:locale\" content=\"de_DE\" \/>\n<meta property=\"og:type\" content=\"article\" \/>\n<meta property=\"og:title\" content=\"Michael Powolny, Kaffeekanne &quot;Opus&quot;, Fa. Augarten, 2. H\u00e4lfte 20. Jahrhundert\" \/>\n<meta property=\"og:description\" content=\"Michael Powolny, Kaffeekanne &quot;Opus&quot;, Fa. Augarten, 2. H\u00e4lfte 20. Jahrhundert \u2665 Antiquit\u00e4ten Online kaufen \u2713 Sichere Lieferung \u2713\" \/>\n<meta property=\"og:url\" content=\"https:\/\/annette-ahrens.at\/onlineshop\/produkt\/michael-powolny-kaffeekanne-opus-fa-augarten-2-haelfte-20-jahrhundert\/\" \/>\n<meta property=\"og:site_name\" content=\"Tafelkultur Onlineshop\" \/>\n<meta property=\"article:publisher\" content=\"https:\/\/www.facebook.com\/AnnetteAhrensTafelkultur\" \/>\n<meta property=\"article:modified_time\" content=\"2023-01-17T19:41:37+00:00\" \/>\n<meta property=\"og:image\" content=\"https:\/\/annette-ahrens.at\/onlineshop\/wp-content\/uploads\/2020\/11\/IMG_4221-scaled.jpeg\" \/>\n\t<meta property=\"og:image:width\" content=\"2560\" \/>\n\t<meta property=\"og:image:height\" content=\"2560\" \/>\n<meta name=\"twitter:card\" content=\"summary_large_image\" \/>\n<script type=\"application\/ld+json\" class=\"yoast-schema-graph\">{\"@context\":\"https:\/\/schema.org\",\"@graph\":[{\"@type\":[\"Person\",\"Organization\"],\"@id\":\"https:\/\/annette-ahrens.at\/onlineshop\/#\/schema\/person\/3e19676faae246bba0cb3b7e15f427d8\",\"name\":\"Annette Ahrens\",\"image\":{\"@type\":\"ImageObject\",\"@id\":\"https:\/\/annette-ahrens.at\/onlineshop\/#personlogo\",\"inLanguage\":\"de\",\"url\":\"https:\/\/annette-ahrens.at\/onlineshop\/wp-content\/uploads\/2020\/04\/aa_logo_End.png\",\"width\":800,\"height\":164,\"caption\":\"Annette Ahrens\"},\"logo\":{\"@id\":\"https:\/\/annette-ahrens.at\/onlineshop\/#personlogo\"},\"sameAs\":[\"https:\/\/annette-ahrens.at\",\"https:\/\/www.facebook.com\/AnnetteAhrensTafelkultur\",\"https:\/\/www.instagram.com\/tafelkulturistin\/\",\"https:\/\/de.wikipedia.org\/wiki\/Annette_Ahrens\"]},{\"@type\":\"WebSite\",\"@id\":\"https:\/\/annette-ahrens.at\/onlineshop\/#website\",\"url\":\"https:\/\/annette-ahrens.at\/onlineshop\/\",\"name\":\"Tafelkultur Onlineshop\",\"description\":\"Annette Ahrens\",\"publisher\":{\"@id\":\"https:\/\/annette-ahrens.at\/onlineshop\/#\/schema\/person\/3e19676faae246bba0cb3b7e15f427d8\"},\"potentialAction\":[{\"@type\":\"SearchAction\",\"target\":\"https:\/\/annette-ahrens.at\/onlineshop\/?s={search_term_string}\",\"query-input\":\"required name=search_term_string\"}],\"inLanguage\":\"de\"},{\"@type\":\"ImageObject\",\"@id\":\"https:\/\/annette-ahrens.at\/onlineshop\/produkt\/michael-powolny-kaffeekanne-opus-fa-augarten-2-haelfte-20-jahrhundert\/#primaryimage\",\"inLanguage\":\"de\",\"url\":\"https:\/\/annette-ahrens.at\/onlineshop\/wp-content\/uploads\/2020\/11\/IMG_4221-scaled.jpeg\",\"width\":2560,\"height\":2560,\"caption\":\"augarten_opus\"},{\"@type\":[\"WebPage\",\"ItemPage\"],\"@id\":\"https:\/\/annette-ahrens.at\/onlineshop\/produkt\/michael-powolny-kaffeekanne-opus-fa-augarten-2-haelfte-20-jahrhundert\/#webpage\",\"url\":\"https:\/\/annette-ahrens.at\/onlineshop\/produkt\/michael-powolny-kaffeekanne-opus-fa-augarten-2-haelfte-20-jahrhundert\/\",\"name\":\"Michael Powolny, Kaffeekanne \\\"Opus\\\", Fa. Augarten, 2. H\\u00e4lfte 20. Jahrhundert\",\"isPartOf\":{\"@id\":\"https:\/\/annette-ahrens.at\/onlineshop\/#website\"},\"primaryImageOfPage\":{\"@id\":\"https:\/\/annette-ahrens.at\/onlineshop\/produkt\/michael-powolny-kaffeekanne-opus-fa-augarten-2-haelfte-20-jahrhundert\/#primaryimage\"},\"datePublished\":\"2020-11-19T19:16:04+00:00\",\"dateModified\":\"2023-01-17T19:41:37+00:00\",\"description\":\"Michael Powolny, Kaffeekanne \\\"Opus\\\", Fa. Augarten, 2. H\\u00e4lfte 20. Jahrhundert \\u2665 Antiquit\\u00e4ten Online kaufen \\u2713 Sichere Lieferung \\u2713\",\"breadcrumb\":{\"@id\":\"https:\/\/annette-ahrens.at\/onlineshop\/produkt\/michael-powolny-kaffeekanne-opus-fa-augarten-2-haelfte-20-jahrhundert\/#breadcrumb\"},\"inLanguage\":\"de\",\"potentialAction\":[{\"@type\":\"ReadAction\",\"target\":[\"https:\/\/annette-ahrens.at\/onlineshop\/produkt\/michael-powolny-kaffeekanne-opus-fa-augarten-2-haelfte-20-jahrhundert\/\"]}]},{\"@type\":\"BreadcrumbList\",\"@id\":\"https:\/\/annette-ahrens.at\/onlineshop\/produkt\/michael-powolny-kaffeekanne-opus-fa-augarten-2-haelfte-20-jahrhundert\/#breadcrumb\",\"itemListElement\":[{\"@type\":\"ListItem\",\"position\":1,\"item\":{\"@type\":\"WebPage\",\"@id\":\"https:\/\/annette-ahrens.at\/onlineshop\/\",\"url\":\"https:\/\/annette-ahrens.at\/onlineshop\/\",\"name\":\"Home\"}},{\"@type\":\"ListItem\",\"position\":2,\"item\":{\"@type\":\"WebPage\",\"@id\":\"https:\/\/annette-ahrens.at\/onlineshop\/alle-tafelkultur-objekte\/\",\"url\":\"https:\/\/annette-ahrens.at\/onlineshop\/alle-tafelkultur-objekte\/\",\"name\":\"Alle Tafelkultur Objekte\"}},{\"@type\":\"ListItem\",\"position\":3,\"item\":{\"@type\":\"WebPage\",\"@id\":\"https:\/\/annette-ahrens.at\/onlineshop\/produkt\/michael-powolny-kaffeekanne-opus-fa-augarten-2-haelfte-20-jahrhundert\/\",\"url\":\"https:\/\/annette-ahrens.at\/onlineshop\/produkt\/michael-powolny-kaffeekanne-opus-fa-augarten-2-haelfte-20-jahrhundert\/\",\"name\":\"Michael Powolny, Kaffeekanne &#8220;Opus&#8221;, Fa. Augarten, 2. H\\u00e4lfte 20. Jahrhundert\"}}]}]}<\/script>\n<!-- \/ Yoast SEO Premium plugin. -->","_links":{"self":[{"href":"https:\/\/annette-ahrens.at\/onlineshop\/wp-json\/wp\/v2\/product\/4555","targetHints":{"allow":["GET"]}}],"collection":[{"href":"https:\/\/annette-ahrens.at\/onlineshop\/wp-json\/wp\/v2\/product"}],"about":[{"href":"https:\/\/annette-ahrens.at\/onlineshop\/wp-json\/wp\/v2\/types\/product"}],"replies":[{"embeddable":true,"href":"https:\/\/annette-ahrens.at\/onlineshop\/wp-json\/wp\/v2\/comments?post=4555"}],"wp:featuredmedia":[{"embeddable":true,"href":"https:\/\/annette-ahrens.at\/onlineshop\/wp-json\/wp\/v2\/media\/4560"}],"wp:attachment":[{"href":"https:\/\/annette-ahrens.at\/onlineshop\/wp-json\/wp\/v2\/media?parent=4555"}],"wp:term":[{"taxonomy":"product_brand","embeddable":true,"href":"https:\/\/annette-ahrens.at\/onlineshop\/wp-json\/wp\/v2\/product_brand?post=4555"},{"taxonomy":"product_cat","embeddable":true,"href":"https:\/\/annette-ahrens.at\/onlineshop\/wp-json\/wp\/v2\/product_cat?post=4555"},{"taxonomy":"product_tag","embeddable":true,"href":"https:\/\/annette-ahrens.at\/onlineshop\/wp-json\/wp\/v2\/product_tag?post=4555"}],"curies":[{"name":"wp","href":"https:\/\/api.w.org\/{rel}","templated":true}]}}