{"id":457,"date":"2020-04-27T03:25:20","date_gmt":"2020-04-27T01:25:20","guid":{"rendered":"https:\/\/annette-ahrens.at\/silbershop\/?post_type=product&#038;p=457"},"modified":"2022-06-08T00:36:46","modified_gmt":"2022-06-07T22:36:46","slug":"otto-prutscher-service-metropolis-pirkenhammer-um-1935","status":"publish","type":"product","link":"https:\/\/annette-ahrens.at\/onlineshop\/produkt\/otto-prutscher-service-metropolis-pirkenhammer-um-1935\/","title":{"rendered":"Otto Prutscher, Service &#8222;Metropolis&#8220;, Fa. Pirkenhammer, Karlsbad, um 1935"},"content":{"rendered":"<p>Otto Prutscher (Wien 1880 &#8211; 1949 Wien)<\/p>\n<p>Service &#8222;Metropolis&#8220;<\/p>\n<p>Ausf\u00fchrung: Porzellanmanufaktur Pirkenhammer, B\u00f6hmen, um 1935<\/p>\n<p>Elfenbeinporzellan, Unterseiten mit Firmensignet<\/p>\n<p>Bestehend aus: 6 Teeschalen mit Untertassen, 6 Mokkaschalen mit Untertassen, Teekanne, Kaffeekanne, Zuckerdose, Milchgiesser, Sauci\u00e8re, ovale Platte, 6 Suppentellern, 6 Menutellern, 6 Desserttellern, Salatsch\u00fcssel und Salzschale<\/p>\n<p>Literatur: Hochschule f\u00fcr Angewandte Kunst, Otto Prutscher, S. 35 (Formvergleich).<\/p>\n","protected":false},"excerpt":{"rendered":"<p>Otto Prutscher (Wien 1880 &#8211; 1949 Wien) Service &#8222;Metropolis&#8220; Ausf\u00fchrung: Porzellanmanufaktur Pirkenhammer, B\u00f6hmen, um 1935 Elfenbeinporzellan, Unterseiten mit Firmensignet Bestehend aus: 6 Teeschalen mit Untertassen, 6 Mokkaschalen mit Untertassen, Teekanne, Kaffeekanne, Zuckerdose, Milchgiesser, Sauci\u00e8re, ovale Platte, 6 Suppentellern, 6 Menutellern, 6 Desserttellern, Salatsch\u00fcssel und Salzschale Literatur: Hochschule f\u00fcr Angewandte Kunst, Otto Prutscher, S. 35 (Formvergleich).<\/p>\n","protected":false},"featured_media":458,"comment_status":"open","ping_status":"closed","template":"","meta":[],"product_brand":[],"product_cat":[297,19,291,37,148,20,155,274,268,38,149,53],"product_tag":[],"class_list":{"0":"post-457","1":"product","2":"type-product","3":"status-publish","4":"has-post-thumbnail","6":"product_cat-adventjause","7":"product_cat-gabelfruehstueck","8":"product_cat-hochzeit","9":"product_cat-kaffee","10":"product_cat-kaffeekannen","11":"product_cat-lunchtime","12":"product_cat-milchgiesser","13":"product_cat-porzellan-fachbuecher","14":"product_cat-tee-5o-clock-tea","15":"product_cat-tee","16":"product_cat-teekanne","17":"product_cat-weihnachten","19":"first","20":"instock","21":"sold-individually","22":"purchasable","23":"product-type-simple"},"yoast_head":"<!-- This site is optimized with the Yoast SEO Premium plugin v15.8.2 - https:\/\/yoast.com\/wordpress\/plugins\/seo\/ -->\n<title>Otto Prutscher, Service &quot;Metropolis&quot;, Fa. Pirkenhammer, Karlsbad, um 1935<\/title>\n<meta name=\"description\" content=\"Otto Prutscher, Service &quot;Metropolis&quot;, Fa. Pirkenhammer, Karlsbad, um 1935 \u2665 Antiquit\u00e4ten Online kaufen \u2713 Sichere Lieferung \u2713\" \/>\n<meta name=\"robots\" content=\"index, follow, max-snippet:-1, max-image-preview:large, max-video-preview:-1\" \/>\n<link rel=\"canonical\" href=\"https:\/\/annette-ahrens.at\/onlineshop\/produkt\/otto-prutscher-service-metropolis-pirkenhammer-um-1935\/\" \/>\n<meta property=\"og:locale\" content=\"de_DE\" \/>\n<meta property=\"og:type\" content=\"article\" \/>\n<meta property=\"og:title\" content=\"Otto Prutscher, Service &quot;Metropolis&quot;, Fa. Pirkenhammer, Karlsbad, um 1935\" \/>\n<meta property=\"og:description\" content=\"Otto Prutscher, Service &quot;Metropolis&quot;, Fa. Pirkenhammer, Karlsbad, um 1935 \u2665 Antiquit\u00e4ten Online kaufen \u2713 Sichere Lieferung \u2713\" \/>\n<meta property=\"og:url\" content=\"https:\/\/annette-ahrens.at\/onlineshop\/produkt\/otto-prutscher-service-metropolis-pirkenhammer-um-1935\/\" \/>\n<meta property=\"og:site_name\" content=\"Tafelkultur Onlineshop\" \/>\n<meta property=\"article:publisher\" content=\"https:\/\/www.facebook.com\/AnnetteAhrensTafelkultur\" \/>\n<meta property=\"article:modified_time\" content=\"2022-06-07T22:36:46+00:00\" \/>\n<meta property=\"og:image\" content=\"https:\/\/annette-ahrens.at\/onlineshop\/wp-content\/uploads\/2020\/04\/IMG_3162-scaled.jpeg\" \/>\n\t<meta property=\"og:image:width\" content=\"2560\" \/>\n\t<meta property=\"og:image:height\" content=\"2560\" \/>\n<meta name=\"twitter:card\" content=\"summary_large_image\" \/>\n<script type=\"application\/ld+json\" class=\"yoast-schema-graph\">{\"@context\":\"https:\/\/schema.org\",\"@graph\":[{\"@type\":[\"Person\",\"Organization\"],\"@id\":\"https:\/\/annette-ahrens.at\/onlineshop\/#\/schema\/person\/3e19676faae246bba0cb3b7e15f427d8\",\"name\":\"Annette Ahrens\",\"image\":{\"@type\":\"ImageObject\",\"@id\":\"https:\/\/annette-ahrens.at\/onlineshop\/#personlogo\",\"inLanguage\":\"de\",\"url\":\"https:\/\/annette-ahrens.at\/onlineshop\/wp-content\/uploads\/2020\/04\/aa_logo_End.png\",\"width\":800,\"height\":164,\"caption\":\"Annette Ahrens\"},\"logo\":{\"@id\":\"https:\/\/annette-ahrens.at\/onlineshop\/#personlogo\"},\"sameAs\":[\"https:\/\/annette-ahrens.at\",\"https:\/\/www.facebook.com\/AnnetteAhrensTafelkultur\",\"https:\/\/www.instagram.com\/tafelkulturistin\/\",\"https:\/\/de.wikipedia.org\/wiki\/Annette_Ahrens\"]},{\"@type\":\"WebSite\",\"@id\":\"https:\/\/annette-ahrens.at\/onlineshop\/#website\",\"url\":\"https:\/\/annette-ahrens.at\/onlineshop\/\",\"name\":\"Tafelkultur Onlineshop\",\"description\":\"Annette Ahrens\",\"publisher\":{\"@id\":\"https:\/\/annette-ahrens.at\/onlineshop\/#\/schema\/person\/3e19676faae246bba0cb3b7e15f427d8\"},\"potentialAction\":[{\"@type\":\"SearchAction\",\"target\":\"https:\/\/annette-ahrens.at\/onlineshop\/?s={search_term_string}\",\"query-input\":\"required name=search_term_string\"}],\"inLanguage\":\"de\"},{\"@type\":\"ImageObject\",\"@id\":\"https:\/\/annette-ahrens.at\/onlineshop\/produkt\/otto-prutscher-service-metropolis-pirkenhammer-um-1935\/#primaryimage\",\"inLanguage\":\"de\",\"url\":\"https:\/\/annette-ahrens.at\/onlineshop\/wp-content\/uploads\/2020\/04\/IMG_3162-scaled.jpeg\",\"width\":2560,\"height\":2560,\"caption\":\"prutscher_teeservice\"},{\"@type\":[\"WebPage\",\"ItemPage\"],\"@id\":\"https:\/\/annette-ahrens.at\/onlineshop\/produkt\/otto-prutscher-service-metropolis-pirkenhammer-um-1935\/#webpage\",\"url\":\"https:\/\/annette-ahrens.at\/onlineshop\/produkt\/otto-prutscher-service-metropolis-pirkenhammer-um-1935\/\",\"name\":\"Otto Prutscher, Service \\\"Metropolis\\\", Fa. Pirkenhammer, Karlsbad, um 1935\",\"isPartOf\":{\"@id\":\"https:\/\/annette-ahrens.at\/onlineshop\/#website\"},\"primaryImageOfPage\":{\"@id\":\"https:\/\/annette-ahrens.at\/onlineshop\/produkt\/otto-prutscher-service-metropolis-pirkenhammer-um-1935\/#primaryimage\"},\"datePublished\":\"2020-04-27T01:25:20+00:00\",\"dateModified\":\"2022-06-07T22:36:46+00:00\",\"description\":\"Otto Prutscher, Service \\\"Metropolis\\\", Fa. Pirkenhammer, Karlsbad, um 1935 \\u2665 Antiquit\\u00e4ten Online kaufen \\u2713 Sichere Lieferung \\u2713\",\"breadcrumb\":{\"@id\":\"https:\/\/annette-ahrens.at\/onlineshop\/produkt\/otto-prutscher-service-metropolis-pirkenhammer-um-1935\/#breadcrumb\"},\"inLanguage\":\"de\",\"potentialAction\":[{\"@type\":\"ReadAction\",\"target\":[\"https:\/\/annette-ahrens.at\/onlineshop\/produkt\/otto-prutscher-service-metropolis-pirkenhammer-um-1935\/\"]}]},{\"@type\":\"BreadcrumbList\",\"@id\":\"https:\/\/annette-ahrens.at\/onlineshop\/produkt\/otto-prutscher-service-metropolis-pirkenhammer-um-1935\/#breadcrumb\",\"itemListElement\":[{\"@type\":\"ListItem\",\"position\":1,\"item\":{\"@type\":\"WebPage\",\"@id\":\"https:\/\/annette-ahrens.at\/onlineshop\/\",\"url\":\"https:\/\/annette-ahrens.at\/onlineshop\/\",\"name\":\"Home\"}},{\"@type\":\"ListItem\",\"position\":2,\"item\":{\"@type\":\"WebPage\",\"@id\":\"https:\/\/annette-ahrens.at\/onlineshop\/alle-tafelkultur-objekte\/\",\"url\":\"https:\/\/annette-ahrens.at\/onlineshop\/alle-tafelkultur-objekte\/\",\"name\":\"Alle Tafelkultur Objekte\"}},{\"@type\":\"ListItem\",\"position\":3,\"item\":{\"@type\":\"WebPage\",\"@id\":\"https:\/\/annette-ahrens.at\/onlineshop\/produkt\/otto-prutscher-service-metropolis-pirkenhammer-um-1935\/\",\"url\":\"https:\/\/annette-ahrens.at\/onlineshop\/produkt\/otto-prutscher-service-metropolis-pirkenhammer-um-1935\/\",\"name\":\"Otto Prutscher, Service &#8220;Metropolis&#8221;, Fa. Pirkenhammer, Karlsbad, um 1935\"}}]}]}<\/script>\n<!-- \/ Yoast SEO Premium plugin. -->","_links":{"self":[{"href":"https:\/\/annette-ahrens.at\/onlineshop\/wp-json\/wp\/v2\/product\/457","targetHints":{"allow":["GET"]}}],"collection":[{"href":"https:\/\/annette-ahrens.at\/onlineshop\/wp-json\/wp\/v2\/product"}],"about":[{"href":"https:\/\/annette-ahrens.at\/onlineshop\/wp-json\/wp\/v2\/types\/product"}],"replies":[{"embeddable":true,"href":"https:\/\/annette-ahrens.at\/onlineshop\/wp-json\/wp\/v2\/comments?post=457"}],"wp:featuredmedia":[{"embeddable":true,"href":"https:\/\/annette-ahrens.at\/onlineshop\/wp-json\/wp\/v2\/media\/458"}],"wp:attachment":[{"href":"https:\/\/annette-ahrens.at\/onlineshop\/wp-json\/wp\/v2\/media?parent=457"}],"wp:term":[{"taxonomy":"product_brand","embeddable":true,"href":"https:\/\/annette-ahrens.at\/onlineshop\/wp-json\/wp\/v2\/product_brand?post=457"},{"taxonomy":"product_cat","embeddable":true,"href":"https:\/\/annette-ahrens.at\/onlineshop\/wp-json\/wp\/v2\/product_cat?post=457"},{"taxonomy":"product_tag","embeddable":true,"href":"https:\/\/annette-ahrens.at\/onlineshop\/wp-json\/wp\/v2\/product_tag?post=457"}],"curies":[{"name":"wp","href":"https:\/\/api.w.org\/{rel}","templated":true}]}}