{"id":4733,"date":"2020-11-25T00:41:43","date_gmt":"2020-11-24T23:41:43","guid":{"rendered":"https:\/\/annette-ahrens.at\/onlineshop\/?post_type=product&#038;p=4733"},"modified":"2026-01-10T15:52:10","modified_gmt":"2026-01-10T14:52:10","slug":"silbernes-art-deco-set-fuer-zucker-und-milch-fa-wilkens-um-1930","status":"publish","type":"product","link":"https:\/\/annette-ahrens.at\/onlineshop\/produkt\/silbernes-art-deco-set-fuer-zucker-und-milch-fa-wilkens-um-1930\/","title":{"rendered":"Silbernes Art Deco Set f\u00fcr Zucker und Milch, Fa. Wilkens, um 1930"},"content":{"rendered":"<p>Silbernes Art Deco Set f\u00fcr Zucker und Milch<\/p>\n<p>Fa. Wilkens, Bremen, Deutschland, um 1930<\/p>\n<p>Silber, bestehend aus Tablett, Milchgiesser und Zuckerschale, gemarkt WILKENS, Firmenmarke, deutsches Beschauzeichen Halbmond und Krone, Feingehalt 835 und Modellnummer, tadelloser, handpolierter Erhaltungszustand<\/p>\n<p>L\u00e4nge 18 cm<\/p>\n","protected":false},"excerpt":{"rendered":"<p>Annettes Etikette: Die renommierte Silberwarenfabrik M.H. Wilkens &amp; S\u00f6hne wurde bereits 1810 vom Goldschmied Martin Heinrich Wilkens (1782 &#8211; 1869) in Bremen gegr\u00fcndet. 1859 wurde die Produktion nach Hemelingen verlegt. Ein Gl\u00fccksfall, dass sich bei Wilkens die Auftragsb\u00fccher seit 1866 erhalten haben. Hier kann die weite Verbreitung und Produktvielfalt nachvollzogen werden, die oftmals nur mit einer Modellnummer auf den tats\u00e4chlichen Produzenten hinweist. Seit 1886 fungiert die Punzierung einer Spindelpresse als Markenzeichen. Um 1900 z\u00e4hlt die Firma neben Bruckmann &amp; S\u00f6hne (gegr\u00fcndet 1805) und Koch &amp; Bergfeld (gegr\u00fcndet 1829) zu den drei bedeutendsten Silberwarenfabrikanten. Der Urenkel des Gr\u00fcnders <a title=\"Martin-Heinrich Wilkens\" href=\"https:\/\/de.wikipedia.org\/wiki\/Martin-Heinrich_Wilkens\">Martin-Heinrich Wilkens<\/a> (1888\u20131966) \u00a0\u00fcbernahm 1917 das Unternehmen. Nach 185 Jahren wurde \u00a0die Firma 1995 unter Helmut Wilkens geschlossen, um 2006 neu gegr\u00fcndet zu werden.<\/p>\n","protected":false},"featured_media":4734,"comment_status":"open","ping_status":"closed","template":"","meta":[],"product_brand":[],"product_cat":[25,297,18,31,37,154,155,156,292,132,38,53,157,44,158],"product_tag":[],"class_list":{"0":"post-4733","1":"product","2":"type-product","3":"status-publish","4":"has-post-thumbnail","6":"product_cat-5o-clock-tea","7":"product_cat-adventjause","8":"product_cat-fruehstueck","9":"product_cat-gastgeschenke","10":"product_cat-kaffee","11":"product_cat-milch","12":"product_cat-milchgiesser","13":"product_cat-milchkanne","14":"product_cat-muttertag","15":"product_cat-silber","16":"product_cat-tee","17":"product_cat-weihnachten","18":"product_cat-zucker-fruehstueck","19":"product_cat-zucker","20":"product_cat-zuckerdose","22":"first","23":"instock","24":"sold-individually","25":"purchasable","26":"product-type-simple"},"yoast_head":"<!-- This site is optimized with the Yoast SEO Premium plugin v15.8.2 - https:\/\/yoast.com\/wordpress\/plugins\/seo\/ -->\n<title>Silbernes Art Deco Set f\u00fcr Zucker und Milch, Fa. Wilkens, um 1930<\/title>\n<meta name=\"description\" content=\"Silbernes Art Deco Set f\u00fcr Zucker und Milch, Fa. Wilkens, um 1930 \u2665 Antiquit\u00e4ten Online kaufen \u2713 Sichere Lieferung \u2713\" \/>\n<meta name=\"robots\" content=\"index, follow, max-snippet:-1, max-image-preview:large, max-video-preview:-1\" \/>\n<link rel=\"canonical\" href=\"https:\/\/annette-ahrens.at\/onlineshop\/produkt\/silbernes-art-deco-set-fuer-zucker-und-milch-fa-wilkens-um-1930\/\" \/>\n<meta property=\"og:locale\" content=\"de_DE\" \/>\n<meta property=\"og:type\" content=\"article\" \/>\n<meta property=\"og:title\" content=\"Silbernes Art Deco Set f\u00fcr Zucker und Milch, Fa. Wilkens, um 1930\" \/>\n<meta property=\"og:description\" content=\"Silbernes Art Deco Set f\u00fcr Zucker und Milch, Fa. Wilkens, um 1930 \u2665 Antiquit\u00e4ten Online kaufen \u2713 Sichere Lieferung \u2713\" \/>\n<meta property=\"og:url\" content=\"https:\/\/annette-ahrens.at\/onlineshop\/produkt\/silbernes-art-deco-set-fuer-zucker-und-milch-fa-wilkens-um-1930\/\" \/>\n<meta property=\"og:site_name\" content=\"Tafelkultur Onlineshop\" \/>\n<meta property=\"article:publisher\" content=\"https:\/\/www.facebook.com\/AnnetteAhrensTafelkultur\" \/>\n<meta property=\"article:modified_time\" content=\"2026-01-10T14:52:10+00:00\" \/>\n<meta property=\"og:image\" content=\"https:\/\/annette-ahrens.at\/onlineshop\/wp-content\/uploads\/2020\/11\/IMG_4434-scaled.jpeg\" \/>\n\t<meta property=\"og:image:width\" content=\"2560\" \/>\n\t<meta property=\"og:image:height\" content=\"2560\" \/>\n<meta name=\"twitter:card\" content=\"summary_large_image\" \/>\n<script type=\"application\/ld+json\" class=\"yoast-schema-graph\">{\"@context\":\"https:\/\/schema.org\",\"@graph\":[{\"@type\":[\"Person\",\"Organization\"],\"@id\":\"https:\/\/annette-ahrens.at\/onlineshop\/#\/schema\/person\/3e19676faae246bba0cb3b7e15f427d8\",\"name\":\"Annette Ahrens\",\"image\":{\"@type\":\"ImageObject\",\"@id\":\"https:\/\/annette-ahrens.at\/onlineshop\/#personlogo\",\"inLanguage\":\"de\",\"url\":\"https:\/\/annette-ahrens.at\/onlineshop\/wp-content\/uploads\/2020\/04\/aa_logo_End.png\",\"width\":800,\"height\":164,\"caption\":\"Annette Ahrens\"},\"logo\":{\"@id\":\"https:\/\/annette-ahrens.at\/onlineshop\/#personlogo\"},\"sameAs\":[\"https:\/\/annette-ahrens.at\",\"https:\/\/www.facebook.com\/AnnetteAhrensTafelkultur\",\"https:\/\/www.instagram.com\/tafelkulturistin\/\",\"https:\/\/de.wikipedia.org\/wiki\/Annette_Ahrens\"]},{\"@type\":\"WebSite\",\"@id\":\"https:\/\/annette-ahrens.at\/onlineshop\/#website\",\"url\":\"https:\/\/annette-ahrens.at\/onlineshop\/\",\"name\":\"Tafelkultur Onlineshop\",\"description\":\"Annette Ahrens\",\"publisher\":{\"@id\":\"https:\/\/annette-ahrens.at\/onlineshop\/#\/schema\/person\/3e19676faae246bba0cb3b7e15f427d8\"},\"potentialAction\":[{\"@type\":\"SearchAction\",\"target\":\"https:\/\/annette-ahrens.at\/onlineshop\/?s={search_term_string}\",\"query-input\":\"required name=search_term_string\"}],\"inLanguage\":\"de\"},{\"@type\":\"ImageObject\",\"@id\":\"https:\/\/annette-ahrens.at\/onlineshop\/produkt\/silbernes-art-deco-set-fuer-zucker-und-milch-fa-wilkens-um-1930\/#primaryimage\",\"inLanguage\":\"de\",\"url\":\"https:\/\/annette-ahrens.at\/onlineshop\/wp-content\/uploads\/2020\/11\/IMG_4434-scaled.jpeg\",\"width\":2560,\"height\":2560,\"caption\":\"milch_zucker_set\"},{\"@type\":[\"WebPage\",\"ItemPage\"],\"@id\":\"https:\/\/annette-ahrens.at\/onlineshop\/produkt\/silbernes-art-deco-set-fuer-zucker-und-milch-fa-wilkens-um-1930\/#webpage\",\"url\":\"https:\/\/annette-ahrens.at\/onlineshop\/produkt\/silbernes-art-deco-set-fuer-zucker-und-milch-fa-wilkens-um-1930\/\",\"name\":\"Silbernes Art Deco Set f\\u00fcr Zucker und Milch, Fa. Wilkens, um 1930\",\"isPartOf\":{\"@id\":\"https:\/\/annette-ahrens.at\/onlineshop\/#website\"},\"primaryImageOfPage\":{\"@id\":\"https:\/\/annette-ahrens.at\/onlineshop\/produkt\/silbernes-art-deco-set-fuer-zucker-und-milch-fa-wilkens-um-1930\/#primaryimage\"},\"datePublished\":\"2020-11-24T23:41:43+00:00\",\"dateModified\":\"2026-01-10T14:52:10+00:00\",\"description\":\"Silbernes Art Deco Set f\\u00fcr Zucker und Milch, Fa. Wilkens, um 1930 \\u2665 Antiquit\\u00e4ten Online kaufen \\u2713 Sichere Lieferung \\u2713\",\"breadcrumb\":{\"@id\":\"https:\/\/annette-ahrens.at\/onlineshop\/produkt\/silbernes-art-deco-set-fuer-zucker-und-milch-fa-wilkens-um-1930\/#breadcrumb\"},\"inLanguage\":\"de\",\"potentialAction\":[{\"@type\":\"ReadAction\",\"target\":[\"https:\/\/annette-ahrens.at\/onlineshop\/produkt\/silbernes-art-deco-set-fuer-zucker-und-milch-fa-wilkens-um-1930\/\"]}]},{\"@type\":\"BreadcrumbList\",\"@id\":\"https:\/\/annette-ahrens.at\/onlineshop\/produkt\/silbernes-art-deco-set-fuer-zucker-und-milch-fa-wilkens-um-1930\/#breadcrumb\",\"itemListElement\":[{\"@type\":\"ListItem\",\"position\":1,\"item\":{\"@type\":\"WebPage\",\"@id\":\"https:\/\/annette-ahrens.at\/onlineshop\/\",\"url\":\"https:\/\/annette-ahrens.at\/onlineshop\/\",\"name\":\"Home\"}},{\"@type\":\"ListItem\",\"position\":2,\"item\":{\"@type\":\"WebPage\",\"@id\":\"https:\/\/annette-ahrens.at\/onlineshop\/alle-tafelkultur-objekte\/\",\"url\":\"https:\/\/annette-ahrens.at\/onlineshop\/alle-tafelkultur-objekte\/\",\"name\":\"Alle Tafelkultur Objekte\"}},{\"@type\":\"ListItem\",\"position\":3,\"item\":{\"@type\":\"WebPage\",\"@id\":\"https:\/\/annette-ahrens.at\/onlineshop\/produkt\/silbernes-art-deco-set-fuer-zucker-und-milch-fa-wilkens-um-1930\/\",\"url\":\"https:\/\/annette-ahrens.at\/onlineshop\/produkt\/silbernes-art-deco-set-fuer-zucker-und-milch-fa-wilkens-um-1930\/\",\"name\":\"Silbernes Art Deco Set f\\u00fcr Zucker und Milch, Fa. Wilkens, um 1930\"}}]}]}<\/script>\n<!-- \/ Yoast SEO Premium plugin. -->","_links":{"self":[{"href":"https:\/\/annette-ahrens.at\/onlineshop\/wp-json\/wp\/v2\/product\/4733","targetHints":{"allow":["GET"]}}],"collection":[{"href":"https:\/\/annette-ahrens.at\/onlineshop\/wp-json\/wp\/v2\/product"}],"about":[{"href":"https:\/\/annette-ahrens.at\/onlineshop\/wp-json\/wp\/v2\/types\/product"}],"replies":[{"embeddable":true,"href":"https:\/\/annette-ahrens.at\/onlineshop\/wp-json\/wp\/v2\/comments?post=4733"}],"wp:featuredmedia":[{"embeddable":true,"href":"https:\/\/annette-ahrens.at\/onlineshop\/wp-json\/wp\/v2\/media\/4734"}],"wp:attachment":[{"href":"https:\/\/annette-ahrens.at\/onlineshop\/wp-json\/wp\/v2\/media?parent=4733"}],"wp:term":[{"taxonomy":"product_brand","embeddable":true,"href":"https:\/\/annette-ahrens.at\/onlineshop\/wp-json\/wp\/v2\/product_brand?post=4733"},{"taxonomy":"product_cat","embeddable":true,"href":"https:\/\/annette-ahrens.at\/onlineshop\/wp-json\/wp\/v2\/product_cat?post=4733"},{"taxonomy":"product_tag","embeddable":true,"href":"https:\/\/annette-ahrens.at\/onlineshop\/wp-json\/wp\/v2\/product_tag?post=4733"}],"curies":[{"name":"wp","href":"https:\/\/api.w.org\/{rel}","templated":true}]}}