{"id":4849,"date":"2020-11-27T21:45:07","date_gmt":"2020-11-27T20:45:07","guid":{"rendered":"https:\/\/annette-ahrens.at\/onlineshop\/?post_type=product&#038;p=4849"},"modified":"2023-12-09T15:34:08","modified_gmt":"2023-12-09T14:34:08","slug":"6-midcentury-mokkatassen-karlsbad-boehmen-um-1960","status":"publish","type":"product","link":"https:\/\/annette-ahrens.at\/onlineshop\/produkt\/6-midcentury-mokkatassen-karlsbad-boehmen-um-1960\/","title":{"rendered":"6 Midcentury Mokkatassen, Gie\u00dfh\u00fcbl, Karlsbad, B\u00f6hmen, um 1960"},"content":{"rendered":"<p>6 Midcentury Mokkatassen mit Untertassen<\/p>\n<p>Gie\u00dfh\u00fcbl-Puchstein, Karlsbad,, B\u00f6hmen, um 1960<\/p>\n<p>Porzellan, pastellbunter Fond mit umlaufendem Goldblattdekor, bestehend sechs Tassen mit Untertassen, gemarkt &#8222;JSK, MADE IN CZECHOSLOVAKIA&#8220; f\u00fcr Stru\u017en\u00e1<\/p>\n<p>Dm 6,5 cm (Tasse)<\/p>\n<p>H 6,7 cm<\/p>\n<p>Dm 13,5 cm (Untertasse)<\/p>\n","protected":false},"excerpt":{"rendered":"<p>Annettes Etikette: Die Fahrt durchs Egerland f\u00fchrt an vielen Porzellanmanufakturen vorbei. In Giessh\u00fcbel (tschechisch: Stru\u017en\u00e1 ), 10 km s\u00fcdlich von Karlsbad befindet sich eine Manufaktur, welche 1803 gegr\u00fcndet wurde. Um 1950 konnten namhafte K\u00fcnstler f\u00fcr Entw\u00fcrfe zeittypischer Porzellane gewonnen werden. 1997 schloss die Porzellanmanufaktur ihre Pforten.<\/p>\n","protected":false},"featured_media":5471,"comment_status":"open","ping_status":"closed","template":"","meta":[],"product_brand":[],"product_cat":[25,297,18,37,147,54],"product_tag":[],"class_list":{"0":"post-4849","1":"product","2":"type-product","3":"status-publish","4":"has-post-thumbnail","6":"product_cat-5o-clock-tea","7":"product_cat-adventjause","8":"product_cat-fruehstueck","9":"product_cat-kaffee","10":"product_cat-moccatassen","11":"product_cat-porzellan","13":"first","14":"instock","15":"sold-individually","16":"purchasable","17":"product-type-simple"},"yoast_head":"<!-- This site is optimized with the Yoast SEO Premium plugin v15.8.2 - https:\/\/yoast.com\/wordpress\/plugins\/seo\/ -->\n<title>6 Midcentury Mokkatassen, Gie\u00dfh\u00fcbl, Karlsbad, B\u00f6hmen, um 1960<\/title>\n<meta name=\"description\" content=\"6 Midcentury Mokkatassen, Gie\u00dfh\u00fcbl, Karlsbad, B\u00f6hmen, um 1960 \u2665 Antiquit\u00e4ten Online kaufen \u2713 Sichere Lieferung \u2713\" \/>\n<meta name=\"robots\" content=\"index, follow, max-snippet:-1, max-image-preview:large, max-video-preview:-1\" \/>\n<link rel=\"canonical\" href=\"https:\/\/annette-ahrens.at\/onlineshop\/produkt\/6-midcentury-mokkatassen-karlsbad-boehmen-um-1960\/\" \/>\n<meta property=\"og:locale\" content=\"de_DE\" \/>\n<meta property=\"og:type\" content=\"article\" \/>\n<meta property=\"og:title\" content=\"6 Midcentury Mokkatassen, Gie\u00dfh\u00fcbl, Karlsbad, B\u00f6hmen, um 1960\" \/>\n<meta property=\"og:description\" content=\"6 Midcentury Mokkatassen, Gie\u00dfh\u00fcbl, Karlsbad, B\u00f6hmen, um 1960 \u2665 Antiquit\u00e4ten Online kaufen \u2713 Sichere Lieferung \u2713\" \/>\n<meta property=\"og:url\" content=\"https:\/\/annette-ahrens.at\/onlineshop\/produkt\/6-midcentury-mokkatassen-karlsbad-boehmen-um-1960\/\" \/>\n<meta property=\"og:site_name\" content=\"Tafelkultur Onlineshop\" \/>\n<meta property=\"article:publisher\" content=\"https:\/\/www.facebook.com\/AnnetteAhrensTafelkultur\" \/>\n<meta property=\"article:modified_time\" content=\"2023-12-09T14:34:08+00:00\" \/>\n<meta property=\"og:image\" content=\"https:\/\/annette-ahrens.at\/onlineshop\/wp-content\/uploads\/2020\/11\/IMG_6884-scaled.jpeg\" \/>\n\t<meta property=\"og:image:width\" content=\"2560\" \/>\n\t<meta property=\"og:image:height\" content=\"2560\" \/>\n<meta name=\"twitter:card\" content=\"summary_large_image\" \/>\n<script type=\"application\/ld+json\" class=\"yoast-schema-graph\">{\"@context\":\"https:\/\/schema.org\",\"@graph\":[{\"@type\":[\"Person\",\"Organization\"],\"@id\":\"https:\/\/annette-ahrens.at\/onlineshop\/#\/schema\/person\/3e19676faae246bba0cb3b7e15f427d8\",\"name\":\"Annette Ahrens\",\"image\":{\"@type\":\"ImageObject\",\"@id\":\"https:\/\/annette-ahrens.at\/onlineshop\/#personlogo\",\"inLanguage\":\"de\",\"url\":\"https:\/\/annette-ahrens.at\/onlineshop\/wp-content\/uploads\/2020\/04\/aa_logo_End.png\",\"width\":800,\"height\":164,\"caption\":\"Annette Ahrens\"},\"logo\":{\"@id\":\"https:\/\/annette-ahrens.at\/onlineshop\/#personlogo\"},\"sameAs\":[\"https:\/\/annette-ahrens.at\",\"https:\/\/www.facebook.com\/AnnetteAhrensTafelkultur\",\"https:\/\/www.instagram.com\/tafelkulturistin\/\",\"https:\/\/de.wikipedia.org\/wiki\/Annette_Ahrens\"]},{\"@type\":\"WebSite\",\"@id\":\"https:\/\/annette-ahrens.at\/onlineshop\/#website\",\"url\":\"https:\/\/annette-ahrens.at\/onlineshop\/\",\"name\":\"Tafelkultur Onlineshop\",\"description\":\"Annette Ahrens\",\"publisher\":{\"@id\":\"https:\/\/annette-ahrens.at\/onlineshop\/#\/schema\/person\/3e19676faae246bba0cb3b7e15f427d8\"},\"potentialAction\":[{\"@type\":\"SearchAction\",\"target\":\"https:\/\/annette-ahrens.at\/onlineshop\/?s={search_term_string}\",\"query-input\":\"required name=search_term_string\"}],\"inLanguage\":\"de\"},{\"@type\":\"ImageObject\",\"@id\":\"https:\/\/annette-ahrens.at\/onlineshop\/produkt\/6-midcentury-mokkatassen-karlsbad-boehmen-um-1960\/#primaryimage\",\"inLanguage\":\"de\",\"url\":\"https:\/\/annette-ahrens.at\/onlineshop\/wp-content\/uploads\/2020\/11\/IMG_6884-scaled.jpeg\",\"width\":2560,\"height\":2560,\"caption\":\"mokkaservice\"},{\"@type\":[\"WebPage\",\"ItemPage\"],\"@id\":\"https:\/\/annette-ahrens.at\/onlineshop\/produkt\/6-midcentury-mokkatassen-karlsbad-boehmen-um-1960\/#webpage\",\"url\":\"https:\/\/annette-ahrens.at\/onlineshop\/produkt\/6-midcentury-mokkatassen-karlsbad-boehmen-um-1960\/\",\"name\":\"6 Midcentury Mokkatassen, Gie\\u00dfh\\u00fcbl, Karlsbad, B\\u00f6hmen, um 1960\",\"isPartOf\":{\"@id\":\"https:\/\/annette-ahrens.at\/onlineshop\/#website\"},\"primaryImageOfPage\":{\"@id\":\"https:\/\/annette-ahrens.at\/onlineshop\/produkt\/6-midcentury-mokkatassen-karlsbad-boehmen-um-1960\/#primaryimage\"},\"datePublished\":\"2020-11-27T20:45:07+00:00\",\"dateModified\":\"2023-12-09T14:34:08+00:00\",\"description\":\"6 Midcentury Mokkatassen, Gie\\u00dfh\\u00fcbl, Karlsbad, B\\u00f6hmen, um 1960 \\u2665 Antiquit\\u00e4ten Online kaufen \\u2713 Sichere Lieferung \\u2713\",\"breadcrumb\":{\"@id\":\"https:\/\/annette-ahrens.at\/onlineshop\/produkt\/6-midcentury-mokkatassen-karlsbad-boehmen-um-1960\/#breadcrumb\"},\"inLanguage\":\"de\",\"potentialAction\":[{\"@type\":\"ReadAction\",\"target\":[\"https:\/\/annette-ahrens.at\/onlineshop\/produkt\/6-midcentury-mokkatassen-karlsbad-boehmen-um-1960\/\"]}]},{\"@type\":\"BreadcrumbList\",\"@id\":\"https:\/\/annette-ahrens.at\/onlineshop\/produkt\/6-midcentury-mokkatassen-karlsbad-boehmen-um-1960\/#breadcrumb\",\"itemListElement\":[{\"@type\":\"ListItem\",\"position\":1,\"item\":{\"@type\":\"WebPage\",\"@id\":\"https:\/\/annette-ahrens.at\/onlineshop\/\",\"url\":\"https:\/\/annette-ahrens.at\/onlineshop\/\",\"name\":\"Home\"}},{\"@type\":\"ListItem\",\"position\":2,\"item\":{\"@type\":\"WebPage\",\"@id\":\"https:\/\/annette-ahrens.at\/onlineshop\/alle-tafelkultur-objekte\/\",\"url\":\"https:\/\/annette-ahrens.at\/onlineshop\/alle-tafelkultur-objekte\/\",\"name\":\"Alle Tafelkultur Objekte\"}},{\"@type\":\"ListItem\",\"position\":3,\"item\":{\"@type\":\"WebPage\",\"@id\":\"https:\/\/annette-ahrens.at\/onlineshop\/produkt\/6-midcentury-mokkatassen-karlsbad-boehmen-um-1960\/\",\"url\":\"https:\/\/annette-ahrens.at\/onlineshop\/produkt\/6-midcentury-mokkatassen-karlsbad-boehmen-um-1960\/\",\"name\":\"6 Midcentury Mokkatassen, Gie\\u00dfh\\u00fcbl, Karlsbad, B\\u00f6hmen, um 1960\"}}]}]}<\/script>\n<!-- \/ Yoast SEO Premium plugin. -->","_links":{"self":[{"href":"https:\/\/annette-ahrens.at\/onlineshop\/wp-json\/wp\/v2\/product\/4849","targetHints":{"allow":["GET"]}}],"collection":[{"href":"https:\/\/annette-ahrens.at\/onlineshop\/wp-json\/wp\/v2\/product"}],"about":[{"href":"https:\/\/annette-ahrens.at\/onlineshop\/wp-json\/wp\/v2\/types\/product"}],"replies":[{"embeddable":true,"href":"https:\/\/annette-ahrens.at\/onlineshop\/wp-json\/wp\/v2\/comments?post=4849"}],"wp:featuredmedia":[{"embeddable":true,"href":"https:\/\/annette-ahrens.at\/onlineshop\/wp-json\/wp\/v2\/media\/5471"}],"wp:attachment":[{"href":"https:\/\/annette-ahrens.at\/onlineshop\/wp-json\/wp\/v2\/media?parent=4849"}],"wp:term":[{"taxonomy":"product_brand","embeddable":true,"href":"https:\/\/annette-ahrens.at\/onlineshop\/wp-json\/wp\/v2\/product_brand?post=4849"},{"taxonomy":"product_cat","embeddable":true,"href":"https:\/\/annette-ahrens.at\/onlineshop\/wp-json\/wp\/v2\/product_cat?post=4849"},{"taxonomy":"product_tag","embeddable":true,"href":"https:\/\/annette-ahrens.at\/onlineshop\/wp-json\/wp\/v2\/product_tag?post=4849"}],"curies":[{"name":"wp","href":"https:\/\/api.w.org\/{rel}","templated":true}]}}