{"id":5081,"date":"2020-12-06T23:42:13","date_gmt":"2020-12-06T22:42:13","guid":{"rendered":"https:\/\/annette-ahrens.at\/onlineshop\/?post_type=product&#038;p=5081"},"modified":"2022-04-25T09:40:57","modified_gmt":"2022-04-25T07:40:57","slug":"versilberter-art-deco-tortenheber-mit-hammerschlagdekor-deutsch-um-1925","status":"publish","type":"product","link":"https:\/\/annette-ahrens.at\/onlineshop\/produkt\/versilberter-art-deco-tortenheber-mit-hammerschlagdekor-deutsch-um-1925\/","title":{"rendered":"Versilberter Art Deco Tortenheber mit Hammerschlagdekor, Fa. Grasoli, um 1925"},"content":{"rendered":"<p>Versilberter Art Deco Tortenheber<\/p>\n<p>Fa. Grasoli-Werk Gebr\u00fcder GRAH, Solingen, Deutschland, um 1925<\/p>\n<p>Alpacca, versilbert, Hammerschlagdekor, Firmenmarke Grasoli<\/p>\n<p>L\u00e4nge 20,5 cm<\/p>\n","protected":false},"excerpt":{"rendered":"<p>Annettes Etikette: Die Wortmarke &#8222;Grasoli&#8220; geht auf die urspr\u00fcnglichen Eigent\u00fcmer, die Gebr\u00fcder Grah vom Odysseuswerk in Solingen zur\u00fcck. Die Firma wurde 1919 gegr\u00fcndet und war auf Produkte der Tafelkultur spezialisiert. 1981 \u00fcbernahm die Firma Carl Mertens das Unternehmen.<\/p>\n","protected":false},"featured_media":5083,"comment_status":"open","ping_status":"closed","template":"","meta":[],"product_brand":[],"product_cat":[25,276,30,192,291,198,292,239,238,53],"product_tag":[],"class_list":{"0":"post-5081","1":"product","2":"type-product","3":"status-publish","4":"has-post-thumbnail","6":"product_cat-5o-clock-tea","7":"product_cat-alpacca","8":"product_cat-besteck","9":"product_cat-dessert","10":"product_cat-hochzeit","11":"product_cat-kuchen","12":"product_cat-muttertag","13":"product_cat-spezialbestecke","14":"product_cat-vorleger","15":"product_cat-weihnachten","17":"first","18":"instock","19":"sold-individually","20":"purchasable","21":"product-type-simple"},"yoast_head":"<!-- This site is optimized with the Yoast SEO Premium plugin v15.8.2 - https:\/\/yoast.com\/wordpress\/plugins\/seo\/ -->\n<title>Versilberter Art Deco Tortenheber mit Hammerschlagdekor, Fa. Grasoli, um 1925<\/title>\n<meta name=\"description\" content=\"Versilberter Art Deco Tortenheber mit Hammerschlagdekor, Fa. Grasoli, um 1925 \u2665 Antiquit\u00e4ten Online kaufen \u2713 Sichere Lieferung \u2713\" \/>\n<meta name=\"robots\" content=\"index, follow, max-snippet:-1, max-image-preview:large, max-video-preview:-1\" \/>\n<link rel=\"canonical\" href=\"https:\/\/annette-ahrens.at\/onlineshop\/produkt\/versilberter-art-deco-tortenheber-mit-hammerschlagdekor-deutsch-um-1925\/\" \/>\n<meta property=\"og:locale\" content=\"de_DE\" \/>\n<meta property=\"og:type\" content=\"article\" \/>\n<meta property=\"og:title\" content=\"Versilberter Art Deco Tortenheber mit Hammerschlagdekor, Fa. Grasoli, um 1925\" \/>\n<meta property=\"og:description\" content=\"Versilberter Art Deco Tortenheber mit Hammerschlagdekor, Fa. Grasoli, um 1925 \u2665 Antiquit\u00e4ten Online kaufen \u2713 Sichere Lieferung \u2713\" \/>\n<meta property=\"og:url\" content=\"https:\/\/annette-ahrens.at\/onlineshop\/produkt\/versilberter-art-deco-tortenheber-mit-hammerschlagdekor-deutsch-um-1925\/\" \/>\n<meta property=\"og:site_name\" content=\"Tafelkultur Onlineshop\" \/>\n<meta property=\"article:publisher\" content=\"https:\/\/www.facebook.com\/AnnetteAhrensTafelkultur\" \/>\n<meta property=\"article:modified_time\" content=\"2022-04-25T07:40:57+00:00\" \/>\n<meta property=\"og:image\" content=\"https:\/\/annette-ahrens.at\/onlineshop\/wp-content\/uploads\/2020\/12\/IMG_5749-scaled.jpeg\" \/>\n\t<meta property=\"og:image:width\" content=\"2560\" \/>\n\t<meta property=\"og:image:height\" content=\"2560\" \/>\n<meta name=\"twitter:card\" content=\"summary_large_image\" \/>\n<script type=\"application\/ld+json\" class=\"yoast-schema-graph\">{\"@context\":\"https:\/\/schema.org\",\"@graph\":[{\"@type\":[\"Person\",\"Organization\"],\"@id\":\"https:\/\/annette-ahrens.at\/onlineshop\/#\/schema\/person\/3e19676faae246bba0cb3b7e15f427d8\",\"name\":\"Annette Ahrens\",\"image\":{\"@type\":\"ImageObject\",\"@id\":\"https:\/\/annette-ahrens.at\/onlineshop\/#personlogo\",\"inLanguage\":\"de\",\"url\":\"https:\/\/annette-ahrens.at\/onlineshop\/wp-content\/uploads\/2020\/04\/aa_logo_End.png\",\"width\":800,\"height\":164,\"caption\":\"Annette Ahrens\"},\"logo\":{\"@id\":\"https:\/\/annette-ahrens.at\/onlineshop\/#personlogo\"},\"sameAs\":[\"https:\/\/annette-ahrens.at\",\"https:\/\/www.facebook.com\/AnnetteAhrensTafelkultur\",\"https:\/\/www.instagram.com\/tafelkulturistin\/\",\"https:\/\/de.wikipedia.org\/wiki\/Annette_Ahrens\"]},{\"@type\":\"WebSite\",\"@id\":\"https:\/\/annette-ahrens.at\/onlineshop\/#website\",\"url\":\"https:\/\/annette-ahrens.at\/onlineshop\/\",\"name\":\"Tafelkultur Onlineshop\",\"description\":\"Annette Ahrens\",\"publisher\":{\"@id\":\"https:\/\/annette-ahrens.at\/onlineshop\/#\/schema\/person\/3e19676faae246bba0cb3b7e15f427d8\"},\"potentialAction\":[{\"@type\":\"SearchAction\",\"target\":\"https:\/\/annette-ahrens.at\/onlineshop\/?s={search_term_string}\",\"query-input\":\"required name=search_term_string\"}],\"inLanguage\":\"de\"},{\"@type\":\"ImageObject\",\"@id\":\"https:\/\/annette-ahrens.at\/onlineshop\/produkt\/versilberter-art-deco-tortenheber-mit-hammerschlagdekor-deutsch-um-1925\/#primaryimage\",\"inLanguage\":\"de\",\"url\":\"https:\/\/annette-ahrens.at\/onlineshop\/wp-content\/uploads\/2020\/12\/IMG_5749-scaled.jpeg\",\"width\":2560,\"height\":2560,\"caption\":\"vorleger\"},{\"@type\":[\"WebPage\",\"ItemPage\"],\"@id\":\"https:\/\/annette-ahrens.at\/onlineshop\/produkt\/versilberter-art-deco-tortenheber-mit-hammerschlagdekor-deutsch-um-1925\/#webpage\",\"url\":\"https:\/\/annette-ahrens.at\/onlineshop\/produkt\/versilberter-art-deco-tortenheber-mit-hammerschlagdekor-deutsch-um-1925\/\",\"name\":\"Versilberter Art Deco Tortenheber mit Hammerschlagdekor, Fa. Grasoli, um 1925\",\"isPartOf\":{\"@id\":\"https:\/\/annette-ahrens.at\/onlineshop\/#website\"},\"primaryImageOfPage\":{\"@id\":\"https:\/\/annette-ahrens.at\/onlineshop\/produkt\/versilberter-art-deco-tortenheber-mit-hammerschlagdekor-deutsch-um-1925\/#primaryimage\"},\"datePublished\":\"2020-12-06T22:42:13+00:00\",\"dateModified\":\"2022-04-25T07:40:57+00:00\",\"description\":\"Versilberter Art Deco Tortenheber mit Hammerschlagdekor, Fa. Grasoli, um 1925 \\u2665 Antiquit\\u00e4ten Online kaufen \\u2713 Sichere Lieferung \\u2713\",\"breadcrumb\":{\"@id\":\"https:\/\/annette-ahrens.at\/onlineshop\/produkt\/versilberter-art-deco-tortenheber-mit-hammerschlagdekor-deutsch-um-1925\/#breadcrumb\"},\"inLanguage\":\"de\",\"potentialAction\":[{\"@type\":\"ReadAction\",\"target\":[\"https:\/\/annette-ahrens.at\/onlineshop\/produkt\/versilberter-art-deco-tortenheber-mit-hammerschlagdekor-deutsch-um-1925\/\"]}]},{\"@type\":\"BreadcrumbList\",\"@id\":\"https:\/\/annette-ahrens.at\/onlineshop\/produkt\/versilberter-art-deco-tortenheber-mit-hammerschlagdekor-deutsch-um-1925\/#breadcrumb\",\"itemListElement\":[{\"@type\":\"ListItem\",\"position\":1,\"item\":{\"@type\":\"WebPage\",\"@id\":\"https:\/\/annette-ahrens.at\/onlineshop\/\",\"url\":\"https:\/\/annette-ahrens.at\/onlineshop\/\",\"name\":\"Home\"}},{\"@type\":\"ListItem\",\"position\":2,\"item\":{\"@type\":\"WebPage\",\"@id\":\"https:\/\/annette-ahrens.at\/onlineshop\/alle-tafelkultur-objekte\/\",\"url\":\"https:\/\/annette-ahrens.at\/onlineshop\/alle-tafelkultur-objekte\/\",\"name\":\"Alle Tafelkultur Objekte\"}},{\"@type\":\"ListItem\",\"position\":3,\"item\":{\"@type\":\"WebPage\",\"@id\":\"https:\/\/annette-ahrens.at\/onlineshop\/produkt\/versilberter-art-deco-tortenheber-mit-hammerschlagdekor-deutsch-um-1925\/\",\"url\":\"https:\/\/annette-ahrens.at\/onlineshop\/produkt\/versilberter-art-deco-tortenheber-mit-hammerschlagdekor-deutsch-um-1925\/\",\"name\":\"Versilberter Art Deco Tortenheber mit Hammerschlagdekor, Fa. Grasoli, um 1925\"}}]}]}<\/script>\n<!-- \/ Yoast SEO Premium plugin. -->","_links":{"self":[{"href":"https:\/\/annette-ahrens.at\/onlineshop\/wp-json\/wp\/v2\/product\/5081","targetHints":{"allow":["GET"]}}],"collection":[{"href":"https:\/\/annette-ahrens.at\/onlineshop\/wp-json\/wp\/v2\/product"}],"about":[{"href":"https:\/\/annette-ahrens.at\/onlineshop\/wp-json\/wp\/v2\/types\/product"}],"replies":[{"embeddable":true,"href":"https:\/\/annette-ahrens.at\/onlineshop\/wp-json\/wp\/v2\/comments?post=5081"}],"wp:featuredmedia":[{"embeddable":true,"href":"https:\/\/annette-ahrens.at\/onlineshop\/wp-json\/wp\/v2\/media\/5083"}],"wp:attachment":[{"href":"https:\/\/annette-ahrens.at\/onlineshop\/wp-json\/wp\/v2\/media?parent=5081"}],"wp:term":[{"taxonomy":"product_brand","embeddable":true,"href":"https:\/\/annette-ahrens.at\/onlineshop\/wp-json\/wp\/v2\/product_brand?post=5081"},{"taxonomy":"product_cat","embeddable":true,"href":"https:\/\/annette-ahrens.at\/onlineshop\/wp-json\/wp\/v2\/product_cat?post=5081"},{"taxonomy":"product_tag","embeddable":true,"href":"https:\/\/annette-ahrens.at\/onlineshop\/wp-json\/wp\/v2\/product_tag?post=5081"}],"curies":[{"name":"wp","href":"https:\/\/api.w.org\/{rel}","templated":true}]}}