{"id":5602,"date":"2021-01-13T17:28:57","date_gmt":"2021-01-13T16:28:57","guid":{"rendered":"https:\/\/annette-ahrens.at\/onlineshop\/?post_type=product&#038;p=5602"},"modified":"2022-04-15T16:24:53","modified_gmt":"2022-04-15T14:24:53","slug":"6-silberne-vorspeisgabeln-vine-fa-tiffany-co-new-york-um-1900","status":"publish","type":"product","link":"https:\/\/annette-ahrens.at\/onlineshop\/produkt\/6-silberne-vorspeisgabeln-vine-fa-tiffany-co-new-york-um-1900\/","title":{"rendered":"6 silberne Vorspeisgabeln &#8222;VINE&#8220;, Edward C. Moore f\u00fcr Fa. Tiffany &#038; Co, New York, um 1900"},"content":{"rendered":"<p>6 silberne Vorspeisgabeln &#8222;VINE-pattern with daisies&#8220;<\/p>\n<p>Edward C. Moore (1827\u20131891) f\u00fcr Fa. Tiffany &amp; Co, New York, um 1900<\/p>\n<p>Silber, Feingehalt 935, plastisch ausgearbeitetes Motiv von G\u00e4nsebl\u00fcmchen (Daisies), drei Gabeln gemarkt: &#8222;TIFFANY &amp; CO STERLING&#8220;, drei Gabeln gemarkt mit Wiener Dianakopfpunze, verwendet in den Jahren 1872 &#8211; 1922, Meisterzeichen VCD f\u00fcr V.C. Dub<\/p>\n<p>L\u00e4nge 18 cm<\/p>\n<p>325 g<\/p>\n","protected":false},"excerpt":{"rendered":"<p>Annette\u00b4s Etikett: Tiffany er\u00f6ffnete seinen Laden im Jahre 1870 als einen Palast von Juwelen am Union Square 15 in Manhattan, N.Y. Neben Schmuck wurden auch Gegenst\u00e4nde aus Silber angeboten. Die Besteckserie &#8222;Vine&#8220; wurde im Jahre 1872 von Chef Designer Edward C. Moore f\u00fcr Tiffany\u00b4s entworfen und zeigt 13 unterschiedliche\u00a0Motive von Fr\u00fcchten, Gem\u00fcse, Blumen und Getreide. Die Inspiration kam mit der Handels\u00f6ffnung zu Japan und der damit verbundenen Faszination der fern\u00f6stlichen \u00c4sthetik in der Kunst. Die Formen f\u00fcr dieses s\u00fcndhaft teure Besteck wurden leider in den 30er Jahren liquidiert, sodass heute einzelne &#8222;Vine&#8220;-Besteckteile zu den gesuchten und gerne kombinierten Sammlerbestecken z\u00e4hlen. Bis heute z\u00e4hlt das renommierte Unternehmen Tiffany zu den besten Herstellern des Landes. Um 1900 d\u00fcrften bei der Wiener Silberwarenfabrik von V.C. Dub drei Gabeln nachgeformt worden sein, dies erkl\u00e4rt die Punzierung dieses guten Wiener Silberschmiedes f\u00fcr Tafelbesteck. Zu Edward Moore\u00b4s Werk erschien die erste Bibliographie im Auftrag des Metropolitan Museum im Sommer 2021, die auch die B\u00fcste des Silberschmiedes verwahrt.<\/p>\n","protected":false},"featured_media":5746,"comment_status":"open","ping_status":"closed","template":"","meta":[],"product_brand":[],"product_cat":[30,235,291],"product_tag":[],"class_list":{"0":"post-5602","1":"product","2":"type-product","3":"status-publish","4":"has-post-thumbnail","6":"product_cat-besteck","7":"product_cat-gabeln","8":"product_cat-hochzeit","10":"first","11":"instock","12":"purchasable","13":"product-type-simple"},"yoast_head":"<!-- This site is optimized with the Yoast SEO Premium plugin v15.8.2 - https:\/\/yoast.com\/wordpress\/plugins\/seo\/ -->\n<title>6 silberne Vorspeisgabeln &quot;VINE&quot;, Edward C. Moore f\u00fcr Fa. Tiffany &amp; Co, New York, um 1900<\/title>\n<meta name=\"description\" content=\"6 silberne Vorspeisgabeln &quot;VINE&quot;, Edward C. Moore f\u00fcr Fa. Tiffany &amp; Co, New York, um 1900 \u2665 Antiquit\u00e4ten Online kaufen \u2713 Sichere Lieferung \u2713\" \/>\n<meta name=\"robots\" content=\"index, follow, max-snippet:-1, max-image-preview:large, max-video-preview:-1\" \/>\n<link rel=\"canonical\" href=\"https:\/\/annette-ahrens.at\/onlineshop\/produkt\/6-silberne-vorspeisgabeln-vine-fa-tiffany-co-new-york-um-1900\/\" \/>\n<meta property=\"og:locale\" content=\"de_DE\" \/>\n<meta property=\"og:type\" content=\"article\" \/>\n<meta property=\"og:title\" content=\"6 silberne Vorspeisgabeln &quot;VINE&quot;, Edward C. Moore f\u00fcr Fa. Tiffany &amp; Co, New York, um 1900\" \/>\n<meta property=\"og:description\" content=\"6 silberne Vorspeisgabeln &quot;VINE&quot;, Edward C. Moore f\u00fcr Fa. Tiffany &amp; Co, New York, um 1900 \u2665 Antiquit\u00e4ten Online kaufen \u2713 Sichere Lieferung \u2713\" \/>\n<meta property=\"og:url\" content=\"https:\/\/annette-ahrens.at\/onlineshop\/produkt\/6-silberne-vorspeisgabeln-vine-fa-tiffany-co-new-york-um-1900\/\" \/>\n<meta property=\"og:site_name\" content=\"Tafelkultur Onlineshop\" \/>\n<meta property=\"article:publisher\" content=\"https:\/\/www.facebook.com\/AnnetteAhrensTafelkultur\" \/>\n<meta property=\"article:modified_time\" content=\"2022-04-15T14:24:53+00:00\" \/>\n<meta property=\"og:image\" content=\"https:\/\/annette-ahrens.at\/onlineshop\/wp-content\/uploads\/2021\/01\/IMG_8515-scaled.jpeg\" \/>\n\t<meta property=\"og:image:width\" content=\"2560\" \/>\n\t<meta property=\"og:image:height\" content=\"2560\" \/>\n<meta name=\"twitter:card\" content=\"summary_large_image\" \/>\n<script type=\"application\/ld+json\" class=\"yoast-schema-graph\">{\"@context\":\"https:\/\/schema.org\",\"@graph\":[{\"@type\":[\"Person\",\"Organization\"],\"@id\":\"https:\/\/annette-ahrens.at\/onlineshop\/#\/schema\/person\/3e19676faae246bba0cb3b7e15f427d8\",\"name\":\"Annette Ahrens\",\"image\":{\"@type\":\"ImageObject\",\"@id\":\"https:\/\/annette-ahrens.at\/onlineshop\/#personlogo\",\"inLanguage\":\"de\",\"url\":\"https:\/\/annette-ahrens.at\/onlineshop\/wp-content\/uploads\/2020\/04\/aa_logo_End.png\",\"width\":800,\"height\":164,\"caption\":\"Annette Ahrens\"},\"logo\":{\"@id\":\"https:\/\/annette-ahrens.at\/onlineshop\/#personlogo\"},\"sameAs\":[\"https:\/\/annette-ahrens.at\",\"https:\/\/www.facebook.com\/AnnetteAhrensTafelkultur\",\"https:\/\/www.instagram.com\/tafelkulturistin\/\",\"https:\/\/de.wikipedia.org\/wiki\/Annette_Ahrens\"]},{\"@type\":\"WebSite\",\"@id\":\"https:\/\/annette-ahrens.at\/onlineshop\/#website\",\"url\":\"https:\/\/annette-ahrens.at\/onlineshop\/\",\"name\":\"Tafelkultur Onlineshop\",\"description\":\"Annette Ahrens\",\"publisher\":{\"@id\":\"https:\/\/annette-ahrens.at\/onlineshop\/#\/schema\/person\/3e19676faae246bba0cb3b7e15f427d8\"},\"potentialAction\":[{\"@type\":\"SearchAction\",\"target\":\"https:\/\/annette-ahrens.at\/onlineshop\/?s={search_term_string}\",\"query-input\":\"required name=search_term_string\"}],\"inLanguage\":\"de\"},{\"@type\":\"ImageObject\",\"@id\":\"https:\/\/annette-ahrens.at\/onlineshop\/produkt\/6-silberne-vorspeisgabeln-vine-fa-tiffany-co-new-york-um-1900\/#primaryimage\",\"inLanguage\":\"de\",\"url\":\"https:\/\/annette-ahrens.at\/onlineshop\/wp-content\/uploads\/2021\/01\/IMG_8515-scaled.jpeg\",\"width\":2560,\"height\":2560,\"caption\":\"tiffany_besteck\"},{\"@type\":[\"WebPage\",\"ItemPage\"],\"@id\":\"https:\/\/annette-ahrens.at\/onlineshop\/produkt\/6-silberne-vorspeisgabeln-vine-fa-tiffany-co-new-york-um-1900\/#webpage\",\"url\":\"https:\/\/annette-ahrens.at\/onlineshop\/produkt\/6-silberne-vorspeisgabeln-vine-fa-tiffany-co-new-york-um-1900\/\",\"name\":\"6 silberne Vorspeisgabeln \\\"VINE\\\", Edward C. Moore f\\u00fcr Fa. Tiffany & Co, New York, um 1900\",\"isPartOf\":{\"@id\":\"https:\/\/annette-ahrens.at\/onlineshop\/#website\"},\"primaryImageOfPage\":{\"@id\":\"https:\/\/annette-ahrens.at\/onlineshop\/produkt\/6-silberne-vorspeisgabeln-vine-fa-tiffany-co-new-york-um-1900\/#primaryimage\"},\"datePublished\":\"2021-01-13T16:28:57+00:00\",\"dateModified\":\"2022-04-15T14:24:53+00:00\",\"description\":\"6 silberne Vorspeisgabeln \\\"VINE\\\", Edward C. Moore f\\u00fcr Fa. Tiffany & Co, New York, um 1900 \\u2665 Antiquit\\u00e4ten Online kaufen \\u2713 Sichere Lieferung \\u2713\",\"breadcrumb\":{\"@id\":\"https:\/\/annette-ahrens.at\/onlineshop\/produkt\/6-silberne-vorspeisgabeln-vine-fa-tiffany-co-new-york-um-1900\/#breadcrumb\"},\"inLanguage\":\"de\",\"potentialAction\":[{\"@type\":\"ReadAction\",\"target\":[\"https:\/\/annette-ahrens.at\/onlineshop\/produkt\/6-silberne-vorspeisgabeln-vine-fa-tiffany-co-new-york-um-1900\/\"]}]},{\"@type\":\"BreadcrumbList\",\"@id\":\"https:\/\/annette-ahrens.at\/onlineshop\/produkt\/6-silberne-vorspeisgabeln-vine-fa-tiffany-co-new-york-um-1900\/#breadcrumb\",\"itemListElement\":[{\"@type\":\"ListItem\",\"position\":1,\"item\":{\"@type\":\"WebPage\",\"@id\":\"https:\/\/annette-ahrens.at\/onlineshop\/\",\"url\":\"https:\/\/annette-ahrens.at\/onlineshop\/\",\"name\":\"Home\"}},{\"@type\":\"ListItem\",\"position\":2,\"item\":{\"@type\":\"WebPage\",\"@id\":\"https:\/\/annette-ahrens.at\/onlineshop\/alle-tafelkultur-objekte\/\",\"url\":\"https:\/\/annette-ahrens.at\/onlineshop\/alle-tafelkultur-objekte\/\",\"name\":\"Alle Tafelkultur Objekte\"}},{\"@type\":\"ListItem\",\"position\":3,\"item\":{\"@type\":\"WebPage\",\"@id\":\"https:\/\/annette-ahrens.at\/onlineshop\/produkt\/6-silberne-vorspeisgabeln-vine-fa-tiffany-co-new-york-um-1900\/\",\"url\":\"https:\/\/annette-ahrens.at\/onlineshop\/produkt\/6-silberne-vorspeisgabeln-vine-fa-tiffany-co-new-york-um-1900\/\",\"name\":\"6 silberne Vorspeisgabeln &#8220;VINE&#8221;, Edward C. Moore f\\u00fcr Fa. Tiffany &#038; Co, New York, um 1900\"}}]}]}<\/script>\n<!-- \/ Yoast SEO Premium plugin. -->","_links":{"self":[{"href":"https:\/\/annette-ahrens.at\/onlineshop\/wp-json\/wp\/v2\/product\/5602","targetHints":{"allow":["GET"]}}],"collection":[{"href":"https:\/\/annette-ahrens.at\/onlineshop\/wp-json\/wp\/v2\/product"}],"about":[{"href":"https:\/\/annette-ahrens.at\/onlineshop\/wp-json\/wp\/v2\/types\/product"}],"replies":[{"embeddable":true,"href":"https:\/\/annette-ahrens.at\/onlineshop\/wp-json\/wp\/v2\/comments?post=5602"}],"wp:featuredmedia":[{"embeddable":true,"href":"https:\/\/annette-ahrens.at\/onlineshop\/wp-json\/wp\/v2\/media\/5746"}],"wp:attachment":[{"href":"https:\/\/annette-ahrens.at\/onlineshop\/wp-json\/wp\/v2\/media?parent=5602"}],"wp:term":[{"taxonomy":"product_brand","embeddable":true,"href":"https:\/\/annette-ahrens.at\/onlineshop\/wp-json\/wp\/v2\/product_brand?post=5602"},{"taxonomy":"product_cat","embeddable":true,"href":"https:\/\/annette-ahrens.at\/onlineshop\/wp-json\/wp\/v2\/product_cat?post=5602"},{"taxonomy":"product_tag","embeddable":true,"href":"https:\/\/annette-ahrens.at\/onlineshop\/wp-json\/wp\/v2\/product_tag?post=5602"}],"curies":[{"name":"wp","href":"https:\/\/api.w.org\/{rel}","templated":true}]}}