{"id":5624,"date":"2021-01-14T00:15:58","date_gmt":"2021-01-13T23:15:58","guid":{"rendered":"https:\/\/annette-ahrens.at\/onlineshop\/?post_type=product&#038;p=5624"},"modified":"2023-02-08T00:00:48","modified_gmt":"2023-02-07T23:00:48","slug":"grosser-versilberter-art-deco-vorlegeloeffel-fa-alta-daenemark-um-1930","status":"publish","type":"product","link":"https:\/\/annette-ahrens.at\/onlineshop\/produkt\/grosser-versilberter-art-deco-vorlegeloeffel-fa-alta-daenemark-um-1930\/","title":{"rendered":"Gro\u00dfer, versilberter Art Deco Vorlegel\u00f6ffel, Fa. ALTA, D\u00e4nemark, um 1930"},"content":{"rendered":"<p>Gro\u00dfer, versilberter Art Deco Vorlegel\u00f6ffel<\/p>\n<p>Fa. ALTA, D\u00e4nemark, um 1930<\/p>\n<p>Alpacca, versilbert, Form &#8222;Lilie&#8220;, gemarkt ALTA, d\u00e4nische Turmmarke<\/p>\n<p>L\u00e4nge 37 cm<\/p>\n","protected":false},"excerpt":{"rendered":"<p>Annettes Etikette: Die skandinavischen L\u00e4nder kennen keinen Suppensch\u00f6pfer wie wir im klassischen Sinne, sondern haben diese gro\u00dfen Vorlegel\u00f6ffel, um Suppen, Ragouts oder andere Speisen zu reichen. Ich liebe diese gro\u00dfen L\u00f6ffel, denn mit ihnen kann ich alles servieren und lasse diesem Giganten die Hauptrolle bei Tisch. Also egal, ob ich nur Kartoffeln oder aber eine einzige Tiramisu-Sch\u00fcssel f\u00fcr den Ehegatten gezaubert habe.<\/p>\n","protected":false},"featured_media":5997,"comment_status":"open","ping_status":"closed","template":"","meta":[],"product_brand":[],"product_cat":[276,298,300,217,291,236,292,266,239,252,131,311,315,238,53],"product_tag":[],"class_list":{"0":"post-5624","1":"product","2":"type-product","3":"status-publish","4":"has-post-thumbnail","6":"product_cat-alpacca","7":"product_cat-buffet","8":"product_cat-gartenfest","9":"product_cat-heissgetraenke","10":"product_cat-hochzeit","11":"product_cat-loeffel","12":"product_cat-muttertag","13":"product_cat-schoepfer","14":"product_cat-spezialbestecke","15":"product_cat-suppenloeffel","16":"product_cat-tafeldekorationen","17":"product_cat-tafelinventar","18":"product_cat-trivet","19":"product_cat-vorleger","20":"product_cat-weihnachten","22":"first","23":"instock","24":"sold-individually","25":"purchasable","26":"product-type-simple"},"yoast_head":"<!-- This site is optimized with the Yoast SEO Premium plugin v15.8.2 - https:\/\/yoast.com\/wordpress\/plugins\/seo\/ -->\n<title>Gro\u00dfer, versilberter Art Deco Vorlegel\u00f6ffel, Fa. ALTA, D\u00e4nemark, um 1930<\/title>\n<meta name=\"description\" content=\"Gro\u00dfer, versilberter Art Deco Vorlegel\u00f6ffel, Fa. ALTA, D\u00e4nemark, um 1930 \u2665 Antiquit\u00e4ten Online kaufen \u2713 Sichere Lieferung \u2713\" \/>\n<meta name=\"robots\" content=\"index, follow, max-snippet:-1, max-image-preview:large, max-video-preview:-1\" \/>\n<link rel=\"canonical\" href=\"https:\/\/annette-ahrens.at\/onlineshop\/produkt\/grosser-versilberter-art-deco-vorlegeloeffel-fa-alta-daenemark-um-1930\/\" \/>\n<meta property=\"og:locale\" content=\"de_DE\" \/>\n<meta property=\"og:type\" content=\"article\" \/>\n<meta property=\"og:title\" content=\"Gro\u00dfer, versilberter Art Deco Vorlegel\u00f6ffel, Fa. ALTA, D\u00e4nemark, um 1930\" \/>\n<meta property=\"og:description\" content=\"Gro\u00dfer, versilberter Art Deco Vorlegel\u00f6ffel, Fa. ALTA, D\u00e4nemark, um 1930 \u2665 Antiquit\u00e4ten Online kaufen \u2713 Sichere Lieferung \u2713\" \/>\n<meta property=\"og:url\" content=\"https:\/\/annette-ahrens.at\/onlineshop\/produkt\/grosser-versilberter-art-deco-vorlegeloeffel-fa-alta-daenemark-um-1930\/\" \/>\n<meta property=\"og:site_name\" content=\"Tafelkultur Onlineshop\" \/>\n<meta property=\"article:publisher\" content=\"https:\/\/www.facebook.com\/AnnetteAhrensTafelkultur\" \/>\n<meta property=\"article:modified_time\" content=\"2023-02-07T23:00:48+00:00\" \/>\n<meta property=\"og:image\" content=\"https:\/\/annette-ahrens.at\/onlineshop\/wp-content\/uploads\/2021\/01\/IMG_8933-scaled.jpeg\" \/>\n\t<meta property=\"og:image:width\" content=\"2560\" \/>\n\t<meta property=\"og:image:height\" content=\"2560\" \/>\n<meta name=\"twitter:card\" content=\"summary_large_image\" \/>\n<script type=\"application\/ld+json\" class=\"yoast-schema-graph\">{\"@context\":\"https:\/\/schema.org\",\"@graph\":[{\"@type\":[\"Person\",\"Organization\"],\"@id\":\"https:\/\/annette-ahrens.at\/onlineshop\/#\/schema\/person\/3e19676faae246bba0cb3b7e15f427d8\",\"name\":\"Annette Ahrens\",\"image\":{\"@type\":\"ImageObject\",\"@id\":\"https:\/\/annette-ahrens.at\/onlineshop\/#personlogo\",\"inLanguage\":\"de\",\"url\":\"https:\/\/annette-ahrens.at\/onlineshop\/wp-content\/uploads\/2020\/04\/aa_logo_End.png\",\"width\":800,\"height\":164,\"caption\":\"Annette Ahrens\"},\"logo\":{\"@id\":\"https:\/\/annette-ahrens.at\/onlineshop\/#personlogo\"},\"sameAs\":[\"https:\/\/annette-ahrens.at\",\"https:\/\/www.facebook.com\/AnnetteAhrensTafelkultur\",\"https:\/\/www.instagram.com\/tafelkulturistin\/\",\"https:\/\/de.wikipedia.org\/wiki\/Annette_Ahrens\"]},{\"@type\":\"WebSite\",\"@id\":\"https:\/\/annette-ahrens.at\/onlineshop\/#website\",\"url\":\"https:\/\/annette-ahrens.at\/onlineshop\/\",\"name\":\"Tafelkultur Onlineshop\",\"description\":\"Annette Ahrens\",\"publisher\":{\"@id\":\"https:\/\/annette-ahrens.at\/onlineshop\/#\/schema\/person\/3e19676faae246bba0cb3b7e15f427d8\"},\"potentialAction\":[{\"@type\":\"SearchAction\",\"target\":\"https:\/\/annette-ahrens.at\/onlineshop\/?s={search_term_string}\",\"query-input\":\"required name=search_term_string\"}],\"inLanguage\":\"de\"},{\"@type\":\"ImageObject\",\"@id\":\"https:\/\/annette-ahrens.at\/onlineshop\/produkt\/grosser-versilberter-art-deco-vorlegeloeffel-fa-alta-daenemark-um-1930\/#primaryimage\",\"inLanguage\":\"de\",\"url\":\"https:\/\/annette-ahrens.at\/onlineshop\/wp-content\/uploads\/2021\/01\/IMG_8933-scaled.jpeg\",\"width\":2560,\"height\":2560,\"caption\":\"vorlegel\\u00f6ffel\"},{\"@type\":[\"WebPage\",\"ItemPage\"],\"@id\":\"https:\/\/annette-ahrens.at\/onlineshop\/produkt\/grosser-versilberter-art-deco-vorlegeloeffel-fa-alta-daenemark-um-1930\/#webpage\",\"url\":\"https:\/\/annette-ahrens.at\/onlineshop\/produkt\/grosser-versilberter-art-deco-vorlegeloeffel-fa-alta-daenemark-um-1930\/\",\"name\":\"Gro\\u00dfer, versilberter Art Deco Vorlegel\\u00f6ffel, Fa. ALTA, D\\u00e4nemark, um 1930\",\"isPartOf\":{\"@id\":\"https:\/\/annette-ahrens.at\/onlineshop\/#website\"},\"primaryImageOfPage\":{\"@id\":\"https:\/\/annette-ahrens.at\/onlineshop\/produkt\/grosser-versilberter-art-deco-vorlegeloeffel-fa-alta-daenemark-um-1930\/#primaryimage\"},\"datePublished\":\"2021-01-13T23:15:58+00:00\",\"dateModified\":\"2023-02-07T23:00:48+00:00\",\"description\":\"Gro\\u00dfer, versilberter Art Deco Vorlegel\\u00f6ffel, Fa. ALTA, D\\u00e4nemark, um 1930 \\u2665 Antiquit\\u00e4ten Online kaufen \\u2713 Sichere Lieferung \\u2713\",\"breadcrumb\":{\"@id\":\"https:\/\/annette-ahrens.at\/onlineshop\/produkt\/grosser-versilberter-art-deco-vorlegeloeffel-fa-alta-daenemark-um-1930\/#breadcrumb\"},\"inLanguage\":\"de\",\"potentialAction\":[{\"@type\":\"ReadAction\",\"target\":[\"https:\/\/annette-ahrens.at\/onlineshop\/produkt\/grosser-versilberter-art-deco-vorlegeloeffel-fa-alta-daenemark-um-1930\/\"]}]},{\"@type\":\"BreadcrumbList\",\"@id\":\"https:\/\/annette-ahrens.at\/onlineshop\/produkt\/grosser-versilberter-art-deco-vorlegeloeffel-fa-alta-daenemark-um-1930\/#breadcrumb\",\"itemListElement\":[{\"@type\":\"ListItem\",\"position\":1,\"item\":{\"@type\":\"WebPage\",\"@id\":\"https:\/\/annette-ahrens.at\/onlineshop\/\",\"url\":\"https:\/\/annette-ahrens.at\/onlineshop\/\",\"name\":\"Home\"}},{\"@type\":\"ListItem\",\"position\":2,\"item\":{\"@type\":\"WebPage\",\"@id\":\"https:\/\/annette-ahrens.at\/onlineshop\/alle-tafelkultur-objekte\/\",\"url\":\"https:\/\/annette-ahrens.at\/onlineshop\/alle-tafelkultur-objekte\/\",\"name\":\"Alle Tafelkultur Objekte\"}},{\"@type\":\"ListItem\",\"position\":3,\"item\":{\"@type\":\"WebPage\",\"@id\":\"https:\/\/annette-ahrens.at\/onlineshop\/produkt\/grosser-versilberter-art-deco-vorlegeloeffel-fa-alta-daenemark-um-1930\/\",\"url\":\"https:\/\/annette-ahrens.at\/onlineshop\/produkt\/grosser-versilberter-art-deco-vorlegeloeffel-fa-alta-daenemark-um-1930\/\",\"name\":\"Gro\\u00dfer, versilberter Art Deco Vorlegel\\u00f6ffel, Fa. ALTA, D\\u00e4nemark, um 1930\"}}]}]}<\/script>\n<!-- \/ Yoast SEO Premium plugin. -->","_links":{"self":[{"href":"https:\/\/annette-ahrens.at\/onlineshop\/wp-json\/wp\/v2\/product\/5624","targetHints":{"allow":["GET"]}}],"collection":[{"href":"https:\/\/annette-ahrens.at\/onlineshop\/wp-json\/wp\/v2\/product"}],"about":[{"href":"https:\/\/annette-ahrens.at\/onlineshop\/wp-json\/wp\/v2\/types\/product"}],"replies":[{"embeddable":true,"href":"https:\/\/annette-ahrens.at\/onlineshop\/wp-json\/wp\/v2\/comments?post=5624"}],"wp:featuredmedia":[{"embeddable":true,"href":"https:\/\/annette-ahrens.at\/onlineshop\/wp-json\/wp\/v2\/media\/5997"}],"wp:attachment":[{"href":"https:\/\/annette-ahrens.at\/onlineshop\/wp-json\/wp\/v2\/media?parent=5624"}],"wp:term":[{"taxonomy":"product_brand","embeddable":true,"href":"https:\/\/annette-ahrens.at\/onlineshop\/wp-json\/wp\/v2\/product_brand?post=5624"},{"taxonomy":"product_cat","embeddable":true,"href":"https:\/\/annette-ahrens.at\/onlineshop\/wp-json\/wp\/v2\/product_cat?post=5624"},{"taxonomy":"product_tag","embeddable":true,"href":"https:\/\/annette-ahrens.at\/onlineshop\/wp-json\/wp\/v2\/product_tag?post=5624"}],"curies":[{"name":"wp","href":"https:\/\/api.w.org\/{rel}","templated":true}]}}