{"id":571,"date":"2020-04-27T21:00:10","date_gmt":"2020-04-27T19:00:10","guid":{"rendered":"https:\/\/annette-ahrens.at\/silbershop\/?post_type=product&#038;p=571"},"modified":"2026-01-04T15:31:18","modified_gmt":"2026-01-04T14:31:18","slug":"6-silberne-mokkaloeffeln-fa-ela-daenemark-um-1950","status":"publish","type":"product","link":"https:\/\/annette-ahrens.at\/onlineshop\/produkt\/6-silberne-mokkaloeffeln-fa-ela-daenemark-um-1950\/","title":{"rendered":"6 silberne Mokkal\u00f6ffel, Fa. ELA, D\u00e4nemark, um 1950"},"content":{"rendered":"<p>6 silberne Mokkal\u00f6ffel mit buntem Email<\/p>\n<p>Egon Lauridsen (1936 &#8211; 1966), Fa. ELA, D\u00e4nemark, um 1950<\/p>\n<p>Silber, 24 Karat vergoldet, buntes Email, 6 St\u00fcck, in originaler Kassette, tadellos erhalten<\/p>\n<p>L\u00e4nge 9,5 cm<\/p>\n","protected":false},"excerpt":{"rendered":"<p>Annettes Etikette: Emaill\u00f6ffelchen in allen Farben sind besonders beliebt, oft finde ich nur Einzelst\u00fccke, die ich dann privat f\u00fcr meine Mokkatassen verwende. Gross war meinen Freude mal einen ganzen kompletten und unbesch\u00e4digten Satz von diesen Emaill\u00f6fferl von Egon Lauridsen zu finden. Hier ist sogar die Laffe innen emailliert.<\/p>\n","protected":false},"featured_media":4609,"comment_status":"open","ping_status":"closed","template":"","meta":[],"product_brand":[],"product_cat":[25,297,37,236,146,248,292,273,53],"product_tag":[],"class_list":{"0":"post-571","1":"product","2":"type-product","3":"status-publish","4":"has-post-thumbnail","6":"product_cat-5o-clock-tea","7":"product_cat-adventjause","8":"product_cat-kaffee","9":"product_cat-loeffel","10":"product_cat-moccaloeffel","11":"product_cat-mokkakloeffel","12":"product_cat-muttertag","13":"product_cat-silber-fachbuecher","14":"product_cat-weihnachten","16":"first","17":"instock","18":"sold-individually","19":"purchasable","20":"product-type-simple"},"yoast_head":"<!-- This site is optimized with the Yoast SEO Premium plugin v15.8.2 - https:\/\/yoast.com\/wordpress\/plugins\/seo\/ -->\n<title>6 silberne Mokkal\u00f6ffel, Fa. ELA, D\u00e4nemark, um 1950<\/title>\n<meta name=\"description\" content=\"6 silberne Mokkal\u00f6ffel, Fa. ELA, D\u00e4nemark, um 1950 \u2665 Antiquit\u00e4ten Online kaufen \u2713 Sichere Lieferung \u2713\" \/>\n<meta name=\"robots\" content=\"index, follow, max-snippet:-1, max-image-preview:large, max-video-preview:-1\" \/>\n<link rel=\"canonical\" href=\"https:\/\/annette-ahrens.at\/onlineshop\/produkt\/6-silberne-mokkaloeffeln-fa-ela-daenemark-um-1950\/\" \/>\n<meta property=\"og:locale\" content=\"de_DE\" \/>\n<meta property=\"og:type\" content=\"article\" \/>\n<meta property=\"og:title\" content=\"6 silberne Mokkal\u00f6ffel, Fa. ELA, D\u00e4nemark, um 1950\" \/>\n<meta property=\"og:description\" content=\"6 silberne Mokkal\u00f6ffel, Fa. ELA, D\u00e4nemark, um 1950 \u2665 Antiquit\u00e4ten Online kaufen \u2713 Sichere Lieferung \u2713\" \/>\n<meta property=\"og:url\" content=\"https:\/\/annette-ahrens.at\/onlineshop\/produkt\/6-silberne-mokkaloeffeln-fa-ela-daenemark-um-1950\/\" \/>\n<meta property=\"og:site_name\" content=\"Tafelkultur Onlineshop\" \/>\n<meta property=\"article:publisher\" content=\"https:\/\/www.facebook.com\/AnnetteAhrensTafelkultur\" \/>\n<meta property=\"article:modified_time\" content=\"2026-01-04T14:31:18+00:00\" \/>\n<meta property=\"og:image\" content=\"https:\/\/annette-ahrens.at\/onlineshop\/wp-content\/uploads\/2020\/04\/IMG_4278-scaled.jpeg\" \/>\n\t<meta property=\"og:image:width\" content=\"2560\" \/>\n\t<meta property=\"og:image:height\" content=\"2560\" \/>\n<meta name=\"twitter:card\" content=\"summary_large_image\" \/>\n<script type=\"application\/ld+json\" class=\"yoast-schema-graph\">{\"@context\":\"https:\/\/schema.org\",\"@graph\":[{\"@type\":[\"Person\",\"Organization\"],\"@id\":\"https:\/\/annette-ahrens.at\/onlineshop\/#\/schema\/person\/3e19676faae246bba0cb3b7e15f427d8\",\"name\":\"Annette Ahrens\",\"image\":{\"@type\":\"ImageObject\",\"@id\":\"https:\/\/annette-ahrens.at\/onlineshop\/#personlogo\",\"inLanguage\":\"de\",\"url\":\"https:\/\/annette-ahrens.at\/onlineshop\/wp-content\/uploads\/2020\/04\/aa_logo_End.png\",\"width\":800,\"height\":164,\"caption\":\"Annette Ahrens\"},\"logo\":{\"@id\":\"https:\/\/annette-ahrens.at\/onlineshop\/#personlogo\"},\"sameAs\":[\"https:\/\/annette-ahrens.at\",\"https:\/\/www.facebook.com\/AnnetteAhrensTafelkultur\",\"https:\/\/www.instagram.com\/tafelkulturistin\/\",\"https:\/\/de.wikipedia.org\/wiki\/Annette_Ahrens\"]},{\"@type\":\"WebSite\",\"@id\":\"https:\/\/annette-ahrens.at\/onlineshop\/#website\",\"url\":\"https:\/\/annette-ahrens.at\/onlineshop\/\",\"name\":\"Tafelkultur Onlineshop\",\"description\":\"Annette Ahrens\",\"publisher\":{\"@id\":\"https:\/\/annette-ahrens.at\/onlineshop\/#\/schema\/person\/3e19676faae246bba0cb3b7e15f427d8\"},\"potentialAction\":[{\"@type\":\"SearchAction\",\"target\":\"https:\/\/annette-ahrens.at\/onlineshop\/?s={search_term_string}\",\"query-input\":\"required name=search_term_string\"}],\"inLanguage\":\"de\"},{\"@type\":\"ImageObject\",\"@id\":\"https:\/\/annette-ahrens.at\/onlineshop\/produkt\/6-silberne-mokkaloeffeln-fa-ela-daenemark-um-1950\/#primaryimage\",\"inLanguage\":\"de\",\"url\":\"https:\/\/annette-ahrens.at\/onlineshop\/wp-content\/uploads\/2020\/04\/IMG_4278-scaled.jpeg\",\"width\":2560,\"height\":2560,\"caption\":\"mokkal\\u00f6ffel_email\"},{\"@type\":[\"WebPage\",\"ItemPage\"],\"@id\":\"https:\/\/annette-ahrens.at\/onlineshop\/produkt\/6-silberne-mokkaloeffeln-fa-ela-daenemark-um-1950\/#webpage\",\"url\":\"https:\/\/annette-ahrens.at\/onlineshop\/produkt\/6-silberne-mokkaloeffeln-fa-ela-daenemark-um-1950\/\",\"name\":\"6 silberne Mokkal\\u00f6ffel, Fa. ELA, D\\u00e4nemark, um 1950\",\"isPartOf\":{\"@id\":\"https:\/\/annette-ahrens.at\/onlineshop\/#website\"},\"primaryImageOfPage\":{\"@id\":\"https:\/\/annette-ahrens.at\/onlineshop\/produkt\/6-silberne-mokkaloeffeln-fa-ela-daenemark-um-1950\/#primaryimage\"},\"datePublished\":\"2020-04-27T19:00:10+00:00\",\"dateModified\":\"2026-01-04T14:31:18+00:00\",\"description\":\"6 silberne Mokkal\\u00f6ffel, Fa. ELA, D\\u00e4nemark, um 1950 \\u2665 Antiquit\\u00e4ten Online kaufen \\u2713 Sichere Lieferung \\u2713\",\"breadcrumb\":{\"@id\":\"https:\/\/annette-ahrens.at\/onlineshop\/produkt\/6-silberne-mokkaloeffeln-fa-ela-daenemark-um-1950\/#breadcrumb\"},\"inLanguage\":\"de\",\"potentialAction\":[{\"@type\":\"ReadAction\",\"target\":[\"https:\/\/annette-ahrens.at\/onlineshop\/produkt\/6-silberne-mokkaloeffeln-fa-ela-daenemark-um-1950\/\"]}]},{\"@type\":\"BreadcrumbList\",\"@id\":\"https:\/\/annette-ahrens.at\/onlineshop\/produkt\/6-silberne-mokkaloeffeln-fa-ela-daenemark-um-1950\/#breadcrumb\",\"itemListElement\":[{\"@type\":\"ListItem\",\"position\":1,\"item\":{\"@type\":\"WebPage\",\"@id\":\"https:\/\/annette-ahrens.at\/onlineshop\/\",\"url\":\"https:\/\/annette-ahrens.at\/onlineshop\/\",\"name\":\"Home\"}},{\"@type\":\"ListItem\",\"position\":2,\"item\":{\"@type\":\"WebPage\",\"@id\":\"https:\/\/annette-ahrens.at\/onlineshop\/alle-tafelkultur-objekte\/\",\"url\":\"https:\/\/annette-ahrens.at\/onlineshop\/alle-tafelkultur-objekte\/\",\"name\":\"Alle Tafelkultur Objekte\"}},{\"@type\":\"ListItem\",\"position\":3,\"item\":{\"@type\":\"WebPage\",\"@id\":\"https:\/\/annette-ahrens.at\/onlineshop\/produkt\/6-silberne-mokkaloeffeln-fa-ela-daenemark-um-1950\/\",\"url\":\"https:\/\/annette-ahrens.at\/onlineshop\/produkt\/6-silberne-mokkaloeffeln-fa-ela-daenemark-um-1950\/\",\"name\":\"6 silberne Mokkal\\u00f6ffel, Fa. ELA, D\\u00e4nemark, um 1950\"}}]}]}<\/script>\n<!-- \/ Yoast SEO Premium plugin. -->","_links":{"self":[{"href":"https:\/\/annette-ahrens.at\/onlineshop\/wp-json\/wp\/v2\/product\/571","targetHints":{"allow":["GET"]}}],"collection":[{"href":"https:\/\/annette-ahrens.at\/onlineshop\/wp-json\/wp\/v2\/product"}],"about":[{"href":"https:\/\/annette-ahrens.at\/onlineshop\/wp-json\/wp\/v2\/types\/product"}],"replies":[{"embeddable":true,"href":"https:\/\/annette-ahrens.at\/onlineshop\/wp-json\/wp\/v2\/comments?post=571"}],"wp:featuredmedia":[{"embeddable":true,"href":"https:\/\/annette-ahrens.at\/onlineshop\/wp-json\/wp\/v2\/media\/4609"}],"wp:attachment":[{"href":"https:\/\/annette-ahrens.at\/onlineshop\/wp-json\/wp\/v2\/media?parent=571"}],"wp:term":[{"taxonomy":"product_brand","embeddable":true,"href":"https:\/\/annette-ahrens.at\/onlineshop\/wp-json\/wp\/v2\/product_brand?post=571"},{"taxonomy":"product_cat","embeddable":true,"href":"https:\/\/annette-ahrens.at\/onlineshop\/wp-json\/wp\/v2\/product_cat?post=571"},{"taxonomy":"product_tag","embeddable":true,"href":"https:\/\/annette-ahrens.at\/onlineshop\/wp-json\/wp\/v2\/product_tag?post=571"}],"curies":[{"name":"wp","href":"https:\/\/api.w.org\/{rel}","templated":true}]}}