{"id":5921,"date":"2021-01-23T00:44:49","date_gmt":"2021-01-22T23:44:49","guid":{"rendered":"https:\/\/annette-ahrens.at\/onlineshop\/?post_type=product&#038;p=5921"},"modified":"2023-11-19T08:51:32","modified_gmt":"2023-11-19T07:51:32","slug":"hans-ofner-jugendstil-kabarettschale-fa-argentor-wien-um-1900","status":"publish","type":"product","link":"https:\/\/annette-ahrens.at\/onlineshop\/produkt\/hans-ofner-jugendstil-kabarettschale-fa-argentor-wien-um-1900\/","title":{"rendered":"Hans Ofner, Jugendstil Kabarettschale, Fa. Argentor, Wien, um 1900"},"content":{"rendered":"<p>Jugendstil Kabarettschale<\/p>\n<p>Hans Ofner (St. P\u00f6lten 1880 &#8211; 1939 Salzburg)\u00a0f\u00fcr Fa. Argentor-Werke Rust &amp; Hetzel, Wien, um 1900<\/p>\n<p>Alpacca, versilbert, Henkelkorb gemarkt ARGENTOR WIEN A.S., vier rechteckige, originale Glaseins\u00e4tze (16,5 x 8,5 x 3,5 cm)<\/p>\n<p>L\u00e4nge 37 cm<\/p>\n<p>Breite 17 cm<\/p>\n<p>H\u00f6he 18 cm<\/p>\n","protected":false},"excerpt":{"rendered":"<p>Annettes Etikette: Kabarettschalen ist ein Fachbegriff f\u00fcr Schalen, die mehrere Unterteilungen haben. Hier haben sich sogar alle Eins\u00e4tze aus Glas erhalten. Die auf der ganzen Welt von Sammlern Wiener Jugendstils gesch\u00e4tzte Firma Argentor-Werke Rust &amp; Hetzel wurde 1902 mit der Vorg\u00e4ngerfirma C.A. M\u00fcnchmeyer &amp; Co in der Kaiserstrasse 83 gegr\u00fcndet und war bis zum Jahre 1970 aktiv. Die erhaltenen Firmenkataloge dieses Metallwarenherstellers mit \u00fcber 9.000 verschiedenen Artikeln zeigen die hohe Qualit\u00e4t an Entw\u00fcrfen. Dieser Korb geht vermutlich auf Hans Ofner (St. P\u00f6lten 1880 &#8211; 1939 Salzburg) zur\u00fcck. Er hatte bei Josef Hoffmann an der Kunstgewerbeschule studiert und zeigte als in St. P\u00f6lten geborener bereits im Alter von 25 Jahren seine Objekte in den St. P\u00f6ltner Stadts\u00e4len. 1908 konnte er sich an der Kunstschau in Wien beteiligen. Seine Entw\u00fcrfe wurden bei den Firmen Argentor, Wolkenstein &amp; Gl\u00fcckselig und Bakalowits ausgef\u00fchrt.<\/p>\n","protected":false},"featured_media":5916,"comment_status":"open","ping_status":"closed","template":"","meta":[],"product_brand":[],"product_cat":[276,219,298,299,32,300,275,291,292,24,279,281,131,311,53,308,26],"product_tag":[],"class_list":{"0":"post-5921","1":"product","2":"type-product","3":"status-publish","4":"has-post-thumbnail","6":"product_cat-alpacca","7":"product_cat-barutensilien","8":"product_cat-buffet","9":"product_cat-cocktailparty","10":"product_cat-festefeiern","11":"product_cat-gartenfest","12":"product_cat-glas-fachbuecher","13":"product_cat-hochzeit","14":"product_cat-muttertag","15":"product_cat-patisserie","16":"product_cat-schale","17":"product_cat-tafelaufsatz","18":"product_cat-tafeldekorationen","19":"product_cat-tafelinventar","20":"product_cat-weihnachten","21":"product_cat-weihnachtsgebaeck","22":"product_cat-wiener-melange","24":"first","25":"instock","26":"sold-individually","27":"purchasable","28":"product-type-simple"},"yoast_head":"<!-- This site is optimized with the Yoast SEO Premium plugin v15.8.2 - https:\/\/yoast.com\/wordpress\/plugins\/seo\/ -->\n<title>Hans Ofner, Jugendstil Kabarettschale, Fa. Argentor, Wien, um 1900<\/title>\n<meta name=\"description\" content=\"Hans Ofner, Jugendstil Kabarettschale, Fa. Argentor, Wien, um 1900 \u2665 Antiquit\u00e4ten Online kaufen \u2713 Sichere Lieferung \u2713\" \/>\n<meta name=\"robots\" content=\"index, follow, max-snippet:-1, max-image-preview:large, max-video-preview:-1\" \/>\n<link rel=\"canonical\" href=\"https:\/\/annette-ahrens.at\/onlineshop\/produkt\/hans-ofner-jugendstil-kabarettschale-fa-argentor-wien-um-1900\/\" \/>\n<meta property=\"og:locale\" content=\"de_DE\" \/>\n<meta property=\"og:type\" content=\"article\" \/>\n<meta property=\"og:title\" content=\"Hans Ofner, Jugendstil Kabarettschale, Fa. Argentor, Wien, um 1900\" \/>\n<meta property=\"og:description\" content=\"Hans Ofner, Jugendstil Kabarettschale, Fa. Argentor, Wien, um 1900 \u2665 Antiquit\u00e4ten Online kaufen \u2713 Sichere Lieferung \u2713\" \/>\n<meta property=\"og:url\" content=\"https:\/\/annette-ahrens.at\/onlineshop\/produkt\/hans-ofner-jugendstil-kabarettschale-fa-argentor-wien-um-1900\/\" \/>\n<meta property=\"og:site_name\" content=\"Tafelkultur Onlineshop\" \/>\n<meta property=\"article:publisher\" content=\"https:\/\/www.facebook.com\/AnnetteAhrensTafelkultur\" \/>\n<meta property=\"article:modified_time\" content=\"2023-11-19T07:51:32+00:00\" \/>\n<meta property=\"og:image\" content=\"https:\/\/annette-ahrens.at\/onlineshop\/wp-content\/uploads\/2021\/01\/IMG_4353-rotated.jpeg\" \/>\n\t<meta property=\"og:image:width\" content=\"1936\" \/>\n\t<meta property=\"og:image:height\" content=\"1936\" \/>\n<meta name=\"twitter:card\" content=\"summary_large_image\" \/>\n<script type=\"application\/ld+json\" class=\"yoast-schema-graph\">{\"@context\":\"https:\/\/schema.org\",\"@graph\":[{\"@type\":[\"Person\",\"Organization\"],\"@id\":\"https:\/\/annette-ahrens.at\/onlineshop\/#\/schema\/person\/3e19676faae246bba0cb3b7e15f427d8\",\"name\":\"Annette Ahrens\",\"image\":{\"@type\":\"ImageObject\",\"@id\":\"https:\/\/annette-ahrens.at\/onlineshop\/#personlogo\",\"inLanguage\":\"de\",\"url\":\"https:\/\/annette-ahrens.at\/onlineshop\/wp-content\/uploads\/2020\/04\/aa_logo_End.png\",\"width\":800,\"height\":164,\"caption\":\"Annette Ahrens\"},\"logo\":{\"@id\":\"https:\/\/annette-ahrens.at\/onlineshop\/#personlogo\"},\"sameAs\":[\"https:\/\/annette-ahrens.at\",\"https:\/\/www.facebook.com\/AnnetteAhrensTafelkultur\",\"https:\/\/www.instagram.com\/tafelkulturistin\/\",\"https:\/\/de.wikipedia.org\/wiki\/Annette_Ahrens\"]},{\"@type\":\"WebSite\",\"@id\":\"https:\/\/annette-ahrens.at\/onlineshop\/#website\",\"url\":\"https:\/\/annette-ahrens.at\/onlineshop\/\",\"name\":\"Tafelkultur Onlineshop\",\"description\":\"Annette Ahrens\",\"publisher\":{\"@id\":\"https:\/\/annette-ahrens.at\/onlineshop\/#\/schema\/person\/3e19676faae246bba0cb3b7e15f427d8\"},\"potentialAction\":[{\"@type\":\"SearchAction\",\"target\":\"https:\/\/annette-ahrens.at\/onlineshop\/?s={search_term_string}\",\"query-input\":\"required name=search_term_string\"}],\"inLanguage\":\"de\"},{\"@type\":\"ImageObject\",\"@id\":\"https:\/\/annette-ahrens.at\/onlineshop\/produkt\/hans-ofner-jugendstil-kabarettschale-fa-argentor-wien-um-1900\/#primaryimage\",\"inLanguage\":\"de\",\"url\":\"https:\/\/annette-ahrens.at\/onlineshop\/wp-content\/uploads\/2021\/01\/IMG_4353-rotated.jpeg\",\"width\":1936,\"height\":1936,\"caption\":\"kabaretschale\\u2013argentor\"},{\"@type\":[\"WebPage\",\"ItemPage\"],\"@id\":\"https:\/\/annette-ahrens.at\/onlineshop\/produkt\/hans-ofner-jugendstil-kabarettschale-fa-argentor-wien-um-1900\/#webpage\",\"url\":\"https:\/\/annette-ahrens.at\/onlineshop\/produkt\/hans-ofner-jugendstil-kabarettschale-fa-argentor-wien-um-1900\/\",\"name\":\"Hans Ofner, Jugendstil Kabarettschale, Fa. Argentor, Wien, um 1900\",\"isPartOf\":{\"@id\":\"https:\/\/annette-ahrens.at\/onlineshop\/#website\"},\"primaryImageOfPage\":{\"@id\":\"https:\/\/annette-ahrens.at\/onlineshop\/produkt\/hans-ofner-jugendstil-kabarettschale-fa-argentor-wien-um-1900\/#primaryimage\"},\"datePublished\":\"2021-01-22T23:44:49+00:00\",\"dateModified\":\"2023-11-19T07:51:32+00:00\",\"description\":\"Hans Ofner, Jugendstil Kabarettschale, Fa. Argentor, Wien, um 1900 \\u2665 Antiquit\\u00e4ten Online kaufen \\u2713 Sichere Lieferung \\u2713\",\"breadcrumb\":{\"@id\":\"https:\/\/annette-ahrens.at\/onlineshop\/produkt\/hans-ofner-jugendstil-kabarettschale-fa-argentor-wien-um-1900\/#breadcrumb\"},\"inLanguage\":\"de\",\"potentialAction\":[{\"@type\":\"ReadAction\",\"target\":[\"https:\/\/annette-ahrens.at\/onlineshop\/produkt\/hans-ofner-jugendstil-kabarettschale-fa-argentor-wien-um-1900\/\"]}]},{\"@type\":\"BreadcrumbList\",\"@id\":\"https:\/\/annette-ahrens.at\/onlineshop\/produkt\/hans-ofner-jugendstil-kabarettschale-fa-argentor-wien-um-1900\/#breadcrumb\",\"itemListElement\":[{\"@type\":\"ListItem\",\"position\":1,\"item\":{\"@type\":\"WebPage\",\"@id\":\"https:\/\/annette-ahrens.at\/onlineshop\/\",\"url\":\"https:\/\/annette-ahrens.at\/onlineshop\/\",\"name\":\"Home\"}},{\"@type\":\"ListItem\",\"position\":2,\"item\":{\"@type\":\"WebPage\",\"@id\":\"https:\/\/annette-ahrens.at\/onlineshop\/alle-tafelkultur-objekte\/\",\"url\":\"https:\/\/annette-ahrens.at\/onlineshop\/alle-tafelkultur-objekte\/\",\"name\":\"Alle Tafelkultur Objekte\"}},{\"@type\":\"ListItem\",\"position\":3,\"item\":{\"@type\":\"WebPage\",\"@id\":\"https:\/\/annette-ahrens.at\/onlineshop\/produkt\/hans-ofner-jugendstil-kabarettschale-fa-argentor-wien-um-1900\/\",\"url\":\"https:\/\/annette-ahrens.at\/onlineshop\/produkt\/hans-ofner-jugendstil-kabarettschale-fa-argentor-wien-um-1900\/\",\"name\":\"Hans Ofner, Jugendstil Kabarettschale, Fa. Argentor, Wien, um 1900\"}}]}]}<\/script>\n<!-- \/ Yoast SEO Premium plugin. -->","_links":{"self":[{"href":"https:\/\/annette-ahrens.at\/onlineshop\/wp-json\/wp\/v2\/product\/5921","targetHints":{"allow":["GET"]}}],"collection":[{"href":"https:\/\/annette-ahrens.at\/onlineshop\/wp-json\/wp\/v2\/product"}],"about":[{"href":"https:\/\/annette-ahrens.at\/onlineshop\/wp-json\/wp\/v2\/types\/product"}],"replies":[{"embeddable":true,"href":"https:\/\/annette-ahrens.at\/onlineshop\/wp-json\/wp\/v2\/comments?post=5921"}],"wp:featuredmedia":[{"embeddable":true,"href":"https:\/\/annette-ahrens.at\/onlineshop\/wp-json\/wp\/v2\/media\/5916"}],"wp:attachment":[{"href":"https:\/\/annette-ahrens.at\/onlineshop\/wp-json\/wp\/v2\/media?parent=5921"}],"wp:term":[{"taxonomy":"product_brand","embeddable":true,"href":"https:\/\/annette-ahrens.at\/onlineshop\/wp-json\/wp\/v2\/product_brand?post=5921"},{"taxonomy":"product_cat","embeddable":true,"href":"https:\/\/annette-ahrens.at\/onlineshop\/wp-json\/wp\/v2\/product_cat?post=5921"},{"taxonomy":"product_tag","embeddable":true,"href":"https:\/\/annette-ahrens.at\/onlineshop\/wp-json\/wp\/v2\/product_tag?post=5921"}],"curies":[{"name":"wp","href":"https:\/\/api.w.org\/{rel}","templated":true}]}}