{"id":6135,"date":"2021-02-05T13:19:15","date_gmt":"2021-02-05T12:19:15","guid":{"rendered":"https:\/\/annette-ahrens.at\/onlineshop\/?post_type=product&#038;p=6135"},"modified":"2021-02-10T20:20:42","modified_gmt":"2021-02-10T19:20:42","slug":"vernickelter-eieroeffner-fa-kleiner-fleischmann-vor-1900","status":"publish","type":"product","link":"https:\/\/annette-ahrens.at\/onlineshop\/produkt\/vernickelter-eieroeffner-fa-kleiner-fleischmann-vor-1900\/","title":{"rendered":"Vernickelter Eier\u00f6ffner, Fa. Kleiner &#038; Fleischmann, M\u00f6dling, vor 1900"},"content":{"rendered":"<p>Vernickelter Eier\u00f6ffner<\/p>\n<p>Fa. Kleiner &amp; Fleischmann, M\u00f6dling, vor 1900<\/p>\n<p>Stahl, vernickelt, \u00a0gemarkt: &#8220; Kleiner u Fleischmann, M\u00f6dling&#8220;<\/p>\n<p>L 11 cm<\/p>\n","protected":false},"excerpt":{"rendered":"<p>Annette\u00b4s Etikette: An der Frage wie man sein Eier gepflegt \u00f6ffnet, sind schon Ehen gescheitert. Hier fasziniert mich ein Zeitzeugnis der in M\u00f6dling ans\u00e4ssigen, 1867 gegr\u00fcndeten Eisen- und Metallwarenfabrik von Karl Kleiner &amp; Ferdinand Fleischmann, die im Briefkopf auch als k.u.k. priviligierte Hoflieferanten auftreten. Der Betrieb besch\u00e4ftigte um 1900 rund 800 Mitarbeiter. Das Fabriksgeb\u00e4ude stehen heute noch in der Grenzgasse 10 in M\u00f6dling, der Emailgeschirr produzierende Betrieb schloss 1971 seine Pforten.<\/p>\n","protected":false},"featured_media":6140,"comment_status":"open","ping_status":"closed","template":"","meta":[],"product_brand":[],"product_cat":[30,142,36,273,239,238,26],"product_tag":[],"class_list":{"0":"post-6135","1":"product","2":"type-product","3":"status-publish","4":"has-post-thumbnail","6":"product_cat-besteck","7":"product_cat-eier","8":"product_cat-eierbecher","9":"product_cat-silber-fachbuecher","10":"product_cat-spezialbestecke","11":"product_cat-vorleger","12":"product_cat-wiener-melange","14":"first","15":"instock","16":"sold-individually","17":"purchasable","18":"product-type-simple"},"yoast_head":"<!-- This site is optimized with the Yoast SEO Premium plugin v15.8.2 - https:\/\/yoast.com\/wordpress\/plugins\/seo\/ -->\n<title>Vernickelter Eier\u00f6ffner, Fa. Kleiner &amp; Fleischmann, M\u00f6dling, vor 1900<\/title>\n<meta name=\"description\" content=\"Vernickelter Eier\u00f6ffner, Fa. Kleiner &amp; Fleischmann, M\u00f6dling, vor 1900 \u2665 Antiquit\u00e4ten Online kaufen \u2713 Sichere Lieferung \u2713\" \/>\n<meta name=\"robots\" content=\"index, follow, max-snippet:-1, max-image-preview:large, max-video-preview:-1\" \/>\n<link rel=\"canonical\" href=\"https:\/\/annette-ahrens.at\/onlineshop\/produkt\/vernickelter-eieroeffner-fa-kleiner-fleischmann-vor-1900\/\" \/>\n<meta property=\"og:locale\" content=\"de_DE\" \/>\n<meta property=\"og:type\" content=\"article\" \/>\n<meta property=\"og:title\" content=\"Vernickelter Eier\u00f6ffner, Fa. Kleiner &amp; Fleischmann, M\u00f6dling, vor 1900\" \/>\n<meta property=\"og:description\" content=\"Vernickelter Eier\u00f6ffner, Fa. Kleiner &amp; Fleischmann, M\u00f6dling, vor 1900 \u2665 Antiquit\u00e4ten Online kaufen \u2713 Sichere Lieferung \u2713\" \/>\n<meta property=\"og:url\" content=\"https:\/\/annette-ahrens.at\/onlineshop\/produkt\/vernickelter-eieroeffner-fa-kleiner-fleischmann-vor-1900\/\" \/>\n<meta property=\"og:site_name\" content=\"Tafelkultur Onlineshop\" \/>\n<meta property=\"article:publisher\" content=\"https:\/\/www.facebook.com\/AnnetteAhrensTafelkultur\" \/>\n<meta property=\"article:modified_time\" content=\"2021-02-10T19:20:42+00:00\" \/>\n<meta property=\"og:image\" content=\"https:\/\/annette-ahrens.at\/onlineshop\/wp-content\/uploads\/2021\/02\/IMG_9840-scaled.jpeg\" \/>\n\t<meta property=\"og:image:width\" content=\"2560\" \/>\n\t<meta property=\"og:image:height\" content=\"2560\" \/>\n<meta name=\"twitter:card\" content=\"summary_large_image\" \/>\n<script type=\"application\/ld+json\" class=\"yoast-schema-graph\">{\"@context\":\"https:\/\/schema.org\",\"@graph\":[{\"@type\":[\"Person\",\"Organization\"],\"@id\":\"https:\/\/annette-ahrens.at\/onlineshop\/#\/schema\/person\/3e19676faae246bba0cb3b7e15f427d8\",\"name\":\"Annette Ahrens\",\"image\":{\"@type\":\"ImageObject\",\"@id\":\"https:\/\/annette-ahrens.at\/onlineshop\/#personlogo\",\"inLanguage\":\"de\",\"url\":\"https:\/\/annette-ahrens.at\/onlineshop\/wp-content\/uploads\/2020\/04\/aa_logo_End.png\",\"width\":800,\"height\":164,\"caption\":\"Annette Ahrens\"},\"logo\":{\"@id\":\"https:\/\/annette-ahrens.at\/onlineshop\/#personlogo\"},\"sameAs\":[\"https:\/\/annette-ahrens.at\",\"https:\/\/www.facebook.com\/AnnetteAhrensTafelkultur\",\"https:\/\/www.instagram.com\/tafelkulturistin\/\",\"https:\/\/de.wikipedia.org\/wiki\/Annette_Ahrens\"]},{\"@type\":\"WebSite\",\"@id\":\"https:\/\/annette-ahrens.at\/onlineshop\/#website\",\"url\":\"https:\/\/annette-ahrens.at\/onlineshop\/\",\"name\":\"Tafelkultur Onlineshop\",\"description\":\"Annette Ahrens\",\"publisher\":{\"@id\":\"https:\/\/annette-ahrens.at\/onlineshop\/#\/schema\/person\/3e19676faae246bba0cb3b7e15f427d8\"},\"potentialAction\":[{\"@type\":\"SearchAction\",\"target\":\"https:\/\/annette-ahrens.at\/onlineshop\/?s={search_term_string}\",\"query-input\":\"required name=search_term_string\"}],\"inLanguage\":\"de\"},{\"@type\":\"ImageObject\",\"@id\":\"https:\/\/annette-ahrens.at\/onlineshop\/produkt\/vernickelter-eieroeffner-fa-kleiner-fleischmann-vor-1900\/#primaryimage\",\"inLanguage\":\"de\",\"url\":\"https:\/\/annette-ahrens.at\/onlineshop\/wp-content\/uploads\/2021\/02\/IMG_9840-scaled.jpeg\",\"width\":2560,\"height\":2560,\"caption\":\"eierk\\u00f6pfer\"},{\"@type\":[\"WebPage\",\"ItemPage\"],\"@id\":\"https:\/\/annette-ahrens.at\/onlineshop\/produkt\/vernickelter-eieroeffner-fa-kleiner-fleischmann-vor-1900\/#webpage\",\"url\":\"https:\/\/annette-ahrens.at\/onlineshop\/produkt\/vernickelter-eieroeffner-fa-kleiner-fleischmann-vor-1900\/\",\"name\":\"Vernickelter Eier\\u00f6ffner, Fa. Kleiner & Fleischmann, M\\u00f6dling, vor 1900\",\"isPartOf\":{\"@id\":\"https:\/\/annette-ahrens.at\/onlineshop\/#website\"},\"primaryImageOfPage\":{\"@id\":\"https:\/\/annette-ahrens.at\/onlineshop\/produkt\/vernickelter-eieroeffner-fa-kleiner-fleischmann-vor-1900\/#primaryimage\"},\"datePublished\":\"2021-02-05T12:19:15+00:00\",\"dateModified\":\"2021-02-10T19:20:42+00:00\",\"description\":\"Vernickelter Eier\\u00f6ffner, Fa. Kleiner & Fleischmann, M\\u00f6dling, vor 1900 \\u2665 Antiquit\\u00e4ten Online kaufen \\u2713 Sichere Lieferung \\u2713\",\"breadcrumb\":{\"@id\":\"https:\/\/annette-ahrens.at\/onlineshop\/produkt\/vernickelter-eieroeffner-fa-kleiner-fleischmann-vor-1900\/#breadcrumb\"},\"inLanguage\":\"de\",\"potentialAction\":[{\"@type\":\"ReadAction\",\"target\":[\"https:\/\/annette-ahrens.at\/onlineshop\/produkt\/vernickelter-eieroeffner-fa-kleiner-fleischmann-vor-1900\/\"]}]},{\"@type\":\"BreadcrumbList\",\"@id\":\"https:\/\/annette-ahrens.at\/onlineshop\/produkt\/vernickelter-eieroeffner-fa-kleiner-fleischmann-vor-1900\/#breadcrumb\",\"itemListElement\":[{\"@type\":\"ListItem\",\"position\":1,\"item\":{\"@type\":\"WebPage\",\"@id\":\"https:\/\/annette-ahrens.at\/onlineshop\/\",\"url\":\"https:\/\/annette-ahrens.at\/onlineshop\/\",\"name\":\"Home\"}},{\"@type\":\"ListItem\",\"position\":2,\"item\":{\"@type\":\"WebPage\",\"@id\":\"https:\/\/annette-ahrens.at\/onlineshop\/alle-tafelkultur-objekte\/\",\"url\":\"https:\/\/annette-ahrens.at\/onlineshop\/alle-tafelkultur-objekte\/\",\"name\":\"Alle Tafelkultur Objekte\"}},{\"@type\":\"ListItem\",\"position\":3,\"item\":{\"@type\":\"WebPage\",\"@id\":\"https:\/\/annette-ahrens.at\/onlineshop\/produkt\/vernickelter-eieroeffner-fa-kleiner-fleischmann-vor-1900\/\",\"url\":\"https:\/\/annette-ahrens.at\/onlineshop\/produkt\/vernickelter-eieroeffner-fa-kleiner-fleischmann-vor-1900\/\",\"name\":\"Vernickelter Eier\\u00f6ffner, Fa. Kleiner &#038; Fleischmann, M\\u00f6dling, vor 1900\"}}]}]}<\/script>\n<!-- \/ Yoast SEO Premium plugin. -->","_links":{"self":[{"href":"https:\/\/annette-ahrens.at\/onlineshop\/wp-json\/wp\/v2\/product\/6135","targetHints":{"allow":["GET"]}}],"collection":[{"href":"https:\/\/annette-ahrens.at\/onlineshop\/wp-json\/wp\/v2\/product"}],"about":[{"href":"https:\/\/annette-ahrens.at\/onlineshop\/wp-json\/wp\/v2\/types\/product"}],"replies":[{"embeddable":true,"href":"https:\/\/annette-ahrens.at\/onlineshop\/wp-json\/wp\/v2\/comments?post=6135"}],"wp:featuredmedia":[{"embeddable":true,"href":"https:\/\/annette-ahrens.at\/onlineshop\/wp-json\/wp\/v2\/media\/6140"}],"wp:attachment":[{"href":"https:\/\/annette-ahrens.at\/onlineshop\/wp-json\/wp\/v2\/media?parent=6135"}],"wp:term":[{"taxonomy":"product_brand","embeddable":true,"href":"https:\/\/annette-ahrens.at\/onlineshop\/wp-json\/wp\/v2\/product_brand?post=6135"},{"taxonomy":"product_cat","embeddable":true,"href":"https:\/\/annette-ahrens.at\/onlineshop\/wp-json\/wp\/v2\/product_cat?post=6135"},{"taxonomy":"product_tag","embeddable":true,"href":"https:\/\/annette-ahrens.at\/onlineshop\/wp-json\/wp\/v2\/product_tag?post=6135"}],"curies":[{"name":"wp","href":"https:\/\/api.w.org\/{rel}","templated":true}]}}