{"id":6154,"date":"2021-02-06T19:55:45","date_gmt":"2021-02-06T18:55:45","guid":{"rendered":"https:\/\/annette-ahrens.at\/onlineshop\/?post_type=product&#038;p=6154"},"modified":"2022-05-04T21:49:10","modified_gmt":"2022-05-04T19:49:10","slug":"deckeldose-auf-presentoire-fa-christofle-paris-um-1880","status":"publish","type":"product","link":"https:\/\/annette-ahrens.at\/onlineshop\/produkt\/deckeldose-auf-presentoire-fa-christofle-paris-um-1880\/","title":{"rendered":"Deckeldose auf Pr\u00e9sentoir, Fa. Christofle, Paris, um 1880"},"content":{"rendered":"<p>Deckeldose auf Pr\u00e9sentoir<\/p>\n<p>Fa. Christofle, Paris, um 1880<\/p>\n<p>Alpacca, versilbert, Glaseinsatz, Deckel mit Bl\u00fctenbekr\u00f6nung, Teller gemarkt mit Modellnummer 985360, Bildmarke, CHRISTOFLE und 15 im Quadrat<\/p>\n<p>Dm 10 cm (Glasschale)<\/p>\n<p>Dm 17,5 cm (Teller)<\/p>\n<p>Siehe Firmenkatalog der Firma Christofle, Paris 1883, &#8222;Beurrier cylindrique avec fleur cisel\u00e9e&#8220;<\/p>\n","protected":false},"excerpt":{"rendered":"<p>Annettes Etikette: Die 1845 gegr\u00fcndete Firma Christofle aus Paris ist quasi der Mercedes der versilberten Tafelkultur. Das Unternehmen produziert bis heute hochwertigste Bestecke und Tafelst\u00fccke. Gut erinnere ich mich an die beschwerliche, aber lohnende Anreise ins firmeneigene Museum Bouilhet-Christofle im Pariser Vorrort Saint Denis. Leider wurde das Museum 2008 geschlossen. Im Firmenkatalog von 1883 werden diese runde Dosen eindeutig als Butterdosen angeboten. Die wunderbar ausgef\u00fchrte, denn fein ziselierte Bl\u00fctenbekr\u00f6nung ist ein typisches Wiedererkennungsmerkmal der Firma Christofle.<\/p>\n","protected":false},"featured_media":15321,"comment_status":"open","ping_status":"closed","template":"","meta":[],"product_brand":[],"product_cat":[25,297,276,139,141,299,18,19,31,275,291,35,137,181,138,292,131,53,157,158],"product_tag":[],"class_list":{"0":"post-6154","1":"product","2":"type-product","3":"status-publish","4":"has-post-thumbnail","6":"product_cat-5o-clock-tea","7":"product_cat-adventjause","8":"product_cat-alpacca","9":"product_cat-butter","10":"product_cat-butterdose","11":"product_cat-cocktailparty","12":"product_cat-fruehstueck","13":"product_cat-gabelfruehstueck","14":"product_cat-gastgeschenke","15":"product_cat-glas-fachbuecher","16":"product_cat-hochzeit","17":"product_cat-honig","18":"product_cat-honig-aufstrich","19":"product_cat-kaviar","20":"product_cat-marmelade","21":"product_cat-muttertag","22":"product_cat-tafeldekorationen","23":"product_cat-weihnachten","24":"product_cat-zucker-fruehstueck","25":"product_cat-zuckerdose","27":"first","28":"instock","29":"sold-individually","30":"purchasable","31":"product-type-simple"},"yoast_head":"<!-- This site is optimized with the Yoast SEO Premium plugin v15.8.2 - https:\/\/yoast.com\/wordpress\/plugins\/seo\/ -->\n<title>Deckeldose auf Pr\u00e9sentoir, Fa. Christofle, Paris, um 1880<\/title>\n<meta name=\"description\" content=\"Deckeldose auf Pr\u00e9sentoir, Fa. Christofle, Paris, um 1880 \u2665 Antiquit\u00e4ten Online kaufen \u2713 Sichere Lieferung \u2713\" \/>\n<meta name=\"robots\" content=\"index, follow, max-snippet:-1, max-image-preview:large, max-video-preview:-1\" \/>\n<link rel=\"canonical\" href=\"https:\/\/annette-ahrens.at\/onlineshop\/produkt\/deckeldose-auf-presentoire-fa-christofle-paris-um-1880\/\" \/>\n<meta property=\"og:locale\" content=\"de_DE\" \/>\n<meta property=\"og:type\" content=\"article\" \/>\n<meta property=\"og:title\" content=\"Deckeldose auf Pr\u00e9sentoir, Fa. Christofle, Paris, um 1880\" \/>\n<meta property=\"og:description\" content=\"Deckeldose auf Pr\u00e9sentoir, Fa. Christofle, Paris, um 1880 \u2665 Antiquit\u00e4ten Online kaufen \u2713 Sichere Lieferung \u2713\" \/>\n<meta property=\"og:url\" content=\"https:\/\/annette-ahrens.at\/onlineshop\/produkt\/deckeldose-auf-presentoire-fa-christofle-paris-um-1880\/\" \/>\n<meta property=\"og:site_name\" content=\"Tafelkultur Onlineshop\" \/>\n<meta property=\"article:publisher\" content=\"https:\/\/www.facebook.com\/AnnetteAhrensTafelkultur\" \/>\n<meta property=\"article:modified_time\" content=\"2022-05-04T19:49:10+00:00\" \/>\n<meta property=\"og:image\" content=\"https:\/\/annette-ahrens.at\/onlineshop\/wp-content\/uploads\/2021\/02\/IMG_6530-scaled.jpeg\" \/>\n\t<meta property=\"og:image:width\" content=\"1912\" \/>\n\t<meta property=\"og:image:height\" content=\"2560\" \/>\n<meta name=\"twitter:card\" content=\"summary_large_image\" \/>\n<meta name=\"twitter:label1\" content=\"Gesch\u00e4tzte Lesezeit\">\n\t<meta name=\"twitter:data1\" content=\"1\u00a0Minute\">\n<script type=\"application\/ld+json\" class=\"yoast-schema-graph\">{\"@context\":\"https:\/\/schema.org\",\"@graph\":[{\"@type\":[\"Person\",\"Organization\"],\"@id\":\"https:\/\/annette-ahrens.at\/onlineshop\/#\/schema\/person\/3e19676faae246bba0cb3b7e15f427d8\",\"name\":\"Annette Ahrens\",\"image\":{\"@type\":\"ImageObject\",\"@id\":\"https:\/\/annette-ahrens.at\/onlineshop\/#personlogo\",\"inLanguage\":\"de\",\"url\":\"https:\/\/annette-ahrens.at\/onlineshop\/wp-content\/uploads\/2020\/04\/aa_logo_End.png\",\"width\":800,\"height\":164,\"caption\":\"Annette Ahrens\"},\"logo\":{\"@id\":\"https:\/\/annette-ahrens.at\/onlineshop\/#personlogo\"},\"sameAs\":[\"https:\/\/annette-ahrens.at\",\"https:\/\/www.facebook.com\/AnnetteAhrensTafelkultur\",\"https:\/\/www.instagram.com\/tafelkulturistin\/\",\"https:\/\/de.wikipedia.org\/wiki\/Annette_Ahrens\"]},{\"@type\":\"WebSite\",\"@id\":\"https:\/\/annette-ahrens.at\/onlineshop\/#website\",\"url\":\"https:\/\/annette-ahrens.at\/onlineshop\/\",\"name\":\"Tafelkultur Onlineshop\",\"description\":\"Annette Ahrens\",\"publisher\":{\"@id\":\"https:\/\/annette-ahrens.at\/onlineshop\/#\/schema\/person\/3e19676faae246bba0cb3b7e15f427d8\"},\"potentialAction\":[{\"@type\":\"SearchAction\",\"target\":\"https:\/\/annette-ahrens.at\/onlineshop\/?s={search_term_string}\",\"query-input\":\"required name=search_term_string\"}],\"inLanguage\":\"de\"},{\"@type\":\"ImageObject\",\"@id\":\"https:\/\/annette-ahrens.at\/onlineshop\/produkt\/deckeldose-auf-presentoire-fa-christofle-paris-um-1880\/#primaryimage\",\"inLanguage\":\"de\",\"url\":\"https:\/\/annette-ahrens.at\/onlineshop\/wp-content\/uploads\/2021\/02\/IMG_6530-scaled.jpeg\",\"width\":1912,\"height\":2560,\"caption\":\"butterdose_christofle\"},{\"@type\":[\"WebPage\",\"ItemPage\"],\"@id\":\"https:\/\/annette-ahrens.at\/onlineshop\/produkt\/deckeldose-auf-presentoire-fa-christofle-paris-um-1880\/#webpage\",\"url\":\"https:\/\/annette-ahrens.at\/onlineshop\/produkt\/deckeldose-auf-presentoire-fa-christofle-paris-um-1880\/\",\"name\":\"Deckeldose auf Pr\\u00e9sentoir, Fa. Christofle, Paris, um 1880\",\"isPartOf\":{\"@id\":\"https:\/\/annette-ahrens.at\/onlineshop\/#website\"},\"primaryImageOfPage\":{\"@id\":\"https:\/\/annette-ahrens.at\/onlineshop\/produkt\/deckeldose-auf-presentoire-fa-christofle-paris-um-1880\/#primaryimage\"},\"datePublished\":\"2021-02-06T18:55:45+00:00\",\"dateModified\":\"2022-05-04T19:49:10+00:00\",\"description\":\"Deckeldose auf Pr\\u00e9sentoir, Fa. Christofle, Paris, um 1880 \\u2665 Antiquit\\u00e4ten Online kaufen \\u2713 Sichere Lieferung \\u2713\",\"breadcrumb\":{\"@id\":\"https:\/\/annette-ahrens.at\/onlineshop\/produkt\/deckeldose-auf-presentoire-fa-christofle-paris-um-1880\/#breadcrumb\"},\"inLanguage\":\"de\",\"potentialAction\":[{\"@type\":\"ReadAction\",\"target\":[\"https:\/\/annette-ahrens.at\/onlineshop\/produkt\/deckeldose-auf-presentoire-fa-christofle-paris-um-1880\/\"]}]},{\"@type\":\"BreadcrumbList\",\"@id\":\"https:\/\/annette-ahrens.at\/onlineshop\/produkt\/deckeldose-auf-presentoire-fa-christofle-paris-um-1880\/#breadcrumb\",\"itemListElement\":[{\"@type\":\"ListItem\",\"position\":1,\"item\":{\"@type\":\"WebPage\",\"@id\":\"https:\/\/annette-ahrens.at\/onlineshop\/\",\"url\":\"https:\/\/annette-ahrens.at\/onlineshop\/\",\"name\":\"Home\"}},{\"@type\":\"ListItem\",\"position\":2,\"item\":{\"@type\":\"WebPage\",\"@id\":\"https:\/\/annette-ahrens.at\/onlineshop\/alle-tafelkultur-objekte\/\",\"url\":\"https:\/\/annette-ahrens.at\/onlineshop\/alle-tafelkultur-objekte\/\",\"name\":\"Alle Tafelkultur Objekte\"}},{\"@type\":\"ListItem\",\"position\":3,\"item\":{\"@type\":\"WebPage\",\"@id\":\"https:\/\/annette-ahrens.at\/onlineshop\/produkt\/deckeldose-auf-presentoire-fa-christofle-paris-um-1880\/\",\"url\":\"https:\/\/annette-ahrens.at\/onlineshop\/produkt\/deckeldose-auf-presentoire-fa-christofle-paris-um-1880\/\",\"name\":\"Deckeldose auf Pr\\u00e9sentoir, Fa. Christofle, Paris, um 1880\"}}]}]}<\/script>\n<!-- \/ Yoast SEO Premium plugin. -->","_links":{"self":[{"href":"https:\/\/annette-ahrens.at\/onlineshop\/wp-json\/wp\/v2\/product\/6154","targetHints":{"allow":["GET"]}}],"collection":[{"href":"https:\/\/annette-ahrens.at\/onlineshop\/wp-json\/wp\/v2\/product"}],"about":[{"href":"https:\/\/annette-ahrens.at\/onlineshop\/wp-json\/wp\/v2\/types\/product"}],"replies":[{"embeddable":true,"href":"https:\/\/annette-ahrens.at\/onlineshop\/wp-json\/wp\/v2\/comments?post=6154"}],"wp:featuredmedia":[{"embeddable":true,"href":"https:\/\/annette-ahrens.at\/onlineshop\/wp-json\/wp\/v2\/media\/15321"}],"wp:attachment":[{"href":"https:\/\/annette-ahrens.at\/onlineshop\/wp-json\/wp\/v2\/media?parent=6154"}],"wp:term":[{"taxonomy":"product_brand","embeddable":true,"href":"https:\/\/annette-ahrens.at\/onlineshop\/wp-json\/wp\/v2\/product_brand?post=6154"},{"taxonomy":"product_cat","embeddable":true,"href":"https:\/\/annette-ahrens.at\/onlineshop\/wp-json\/wp\/v2\/product_cat?post=6154"},{"taxonomy":"product_tag","embeddable":true,"href":"https:\/\/annette-ahrens.at\/onlineshop\/wp-json\/wp\/v2\/product_tag?post=6154"}],"curies":[{"name":"wp","href":"https:\/\/api.w.org\/{rel}","templated":true}]}}