{"id":6185,"date":"2021-02-06T23:27:55","date_gmt":"2021-02-06T22:27:55","guid":{"rendered":"https:\/\/annette-ahrens.at\/onlineshop\/?post_type=product&#038;p=6185"},"modified":"2021-02-07T12:56:51","modified_gmt":"2021-02-07T11:56:51","slug":"art-deco-glasbesteck-fuer-6-personen-boehmen-um-1930","status":"publish","type":"product","link":"https:\/\/annette-ahrens.at\/onlineshop\/produkt\/art-deco-glasbesteck-fuer-6-personen-boehmen-um-1930\/","title":{"rendered":"Art Deco Glasbesteck f\u00fcr 6 Personen, B\u00f6hmen, um 1930"},"content":{"rendered":"<p>Art Deco Glasbesteck f\u00fcr 6 Personen<\/p>\n<p>B\u00f6hmen, um 1930<\/p>\n<p>farbloses Glas , Griffe in Rauchglas mit Facettenschliff, Besteck bestehend aus einem Vorlegel\u00f6ffel, einer Vorlegegabel und 6 L\u00f6ffel<\/p>\n<p>L\u00e4nge 24 cm (Vorleger)<\/p>\n<p>L\u00e4nge 15 cm (L\u00f6ffel)<\/p>\n","protected":false},"excerpt":{"rendered":"<p>Art Deco Glasbesteck f\u00fcr 6 Personen B\u00f6hmen, um 1930 farbloses Glas , Griffe in Rauchglas mit Facettenschliff, Besteck bestehend aus einem Vorlegel\u00f6ffel, einer Vorlegegabel und 6 L\u00f6ffel L\u00e4nge 24 cm (Vorleger) L\u00e4nge 15 cm (L\u00f6ffel)<\/p>\n","protected":false},"featured_media":6187,"comment_status":"open","ping_status":"closed","template":"","meta":[],"product_brand":[],"product_cat":[30,298,299,32,235,181,259,236,160,21,239,250,238],"product_tag":[],"class_list":{"0":"post-6185","1":"product","2":"type-product","3":"status-publish","4":"has-post-thumbnail","6":"product_cat-besteck","7":"product_cat-buffet","8":"product_cat-cocktailparty","9":"product_cat-festefeiern","10":"product_cat-gabeln","11":"product_cat-kaviar","12":"product_cat-kaviarbesteck","13":"product_cat-loeffel","14":"product_cat-obst","15":"product_cat-obst-gemuese","16":"product_cat-spezialbestecke","17":"product_cat-teeloeffel-loeffeln","18":"product_cat-vorleger","20":"first","21":"instock","22":"purchasable","23":"product-type-simple"},"yoast_head":"<!-- This site is optimized with the Yoast SEO Premium plugin v15.8.2 - https:\/\/yoast.com\/wordpress\/plugins\/seo\/ -->\n<title>Art Deco Glasbesteck f\u00fcr 6 Personen, B\u00f6hmen, um 1930<\/title>\n<meta name=\"description\" content=\"Art Deco Glasbesteck f\u00fcr 6 Personen, B\u00f6hmen, um 1930 \u2665 Antiquit\u00e4ten Online kaufen \u2713 Sichere Lieferung \u2713\" \/>\n<meta name=\"robots\" content=\"index, follow, max-snippet:-1, max-image-preview:large, max-video-preview:-1\" \/>\n<link rel=\"canonical\" href=\"https:\/\/annette-ahrens.at\/onlineshop\/produkt\/art-deco-glasbesteck-fuer-6-personen-boehmen-um-1930\/\" \/>\n<meta property=\"og:locale\" content=\"de_DE\" \/>\n<meta property=\"og:type\" content=\"article\" \/>\n<meta property=\"og:title\" content=\"Art Deco Glasbesteck f\u00fcr 6 Personen, B\u00f6hmen, um 1930\" \/>\n<meta property=\"og:description\" content=\"Art Deco Glasbesteck f\u00fcr 6 Personen, B\u00f6hmen, um 1930 \u2665 Antiquit\u00e4ten Online kaufen \u2713 Sichere Lieferung \u2713\" \/>\n<meta property=\"og:url\" content=\"https:\/\/annette-ahrens.at\/onlineshop\/produkt\/art-deco-glasbesteck-fuer-6-personen-boehmen-um-1930\/\" \/>\n<meta property=\"og:site_name\" content=\"Tafelkultur Onlineshop\" \/>\n<meta property=\"article:publisher\" content=\"https:\/\/www.facebook.com\/AnnetteAhrensTafelkultur\" \/>\n<meta property=\"article:modified_time\" content=\"2021-02-07T11:56:51+00:00\" \/>\n<meta property=\"og:image\" content=\"https:\/\/annette-ahrens.at\/onlineshop\/wp-content\/uploads\/2021\/02\/IMG_9891-scaled.jpeg\" \/>\n\t<meta property=\"og:image:width\" content=\"2560\" \/>\n\t<meta property=\"og:image:height\" content=\"2560\" \/>\n<meta name=\"twitter:card\" content=\"summary_large_image\" \/>\n<script type=\"application\/ld+json\" class=\"yoast-schema-graph\">{\"@context\":\"https:\/\/schema.org\",\"@graph\":[{\"@type\":[\"Person\",\"Organization\"],\"@id\":\"https:\/\/annette-ahrens.at\/onlineshop\/#\/schema\/person\/3e19676faae246bba0cb3b7e15f427d8\",\"name\":\"Annette Ahrens\",\"image\":{\"@type\":\"ImageObject\",\"@id\":\"https:\/\/annette-ahrens.at\/onlineshop\/#personlogo\",\"inLanguage\":\"de\",\"url\":\"https:\/\/annette-ahrens.at\/onlineshop\/wp-content\/uploads\/2020\/04\/aa_logo_End.png\",\"width\":800,\"height\":164,\"caption\":\"Annette Ahrens\"},\"logo\":{\"@id\":\"https:\/\/annette-ahrens.at\/onlineshop\/#personlogo\"},\"sameAs\":[\"https:\/\/annette-ahrens.at\",\"https:\/\/www.facebook.com\/AnnetteAhrensTafelkultur\",\"https:\/\/www.instagram.com\/tafelkulturistin\/\",\"https:\/\/de.wikipedia.org\/wiki\/Annette_Ahrens\"]},{\"@type\":\"WebSite\",\"@id\":\"https:\/\/annette-ahrens.at\/onlineshop\/#website\",\"url\":\"https:\/\/annette-ahrens.at\/onlineshop\/\",\"name\":\"Tafelkultur Onlineshop\",\"description\":\"Annette Ahrens\",\"publisher\":{\"@id\":\"https:\/\/annette-ahrens.at\/onlineshop\/#\/schema\/person\/3e19676faae246bba0cb3b7e15f427d8\"},\"potentialAction\":[{\"@type\":\"SearchAction\",\"target\":\"https:\/\/annette-ahrens.at\/onlineshop\/?s={search_term_string}\",\"query-input\":\"required name=search_term_string\"}],\"inLanguage\":\"de\"},{\"@type\":\"ImageObject\",\"@id\":\"https:\/\/annette-ahrens.at\/onlineshop\/produkt\/art-deco-glasbesteck-fuer-6-personen-boehmen-um-1930\/#primaryimage\",\"inLanguage\":\"de\",\"url\":\"https:\/\/annette-ahrens.at\/onlineshop\/wp-content\/uploads\/2021\/02\/IMG_9891-scaled.jpeg\",\"width\":2560,\"height\":2560,\"caption\":\"glasbesteck\"},{\"@type\":[\"WebPage\",\"ItemPage\"],\"@id\":\"https:\/\/annette-ahrens.at\/onlineshop\/produkt\/art-deco-glasbesteck-fuer-6-personen-boehmen-um-1930\/#webpage\",\"url\":\"https:\/\/annette-ahrens.at\/onlineshop\/produkt\/art-deco-glasbesteck-fuer-6-personen-boehmen-um-1930\/\",\"name\":\"Art Deco Glasbesteck f\\u00fcr 6 Personen, B\\u00f6hmen, um 1930\",\"isPartOf\":{\"@id\":\"https:\/\/annette-ahrens.at\/onlineshop\/#website\"},\"primaryImageOfPage\":{\"@id\":\"https:\/\/annette-ahrens.at\/onlineshop\/produkt\/art-deco-glasbesteck-fuer-6-personen-boehmen-um-1930\/#primaryimage\"},\"datePublished\":\"2021-02-06T22:27:55+00:00\",\"dateModified\":\"2021-02-07T11:56:51+00:00\",\"description\":\"Art Deco Glasbesteck f\\u00fcr 6 Personen, B\\u00f6hmen, um 1930 \\u2665 Antiquit\\u00e4ten Online kaufen \\u2713 Sichere Lieferung \\u2713\",\"breadcrumb\":{\"@id\":\"https:\/\/annette-ahrens.at\/onlineshop\/produkt\/art-deco-glasbesteck-fuer-6-personen-boehmen-um-1930\/#breadcrumb\"},\"inLanguage\":\"de\",\"potentialAction\":[{\"@type\":\"ReadAction\",\"target\":[\"https:\/\/annette-ahrens.at\/onlineshop\/produkt\/art-deco-glasbesteck-fuer-6-personen-boehmen-um-1930\/\"]}]},{\"@type\":\"BreadcrumbList\",\"@id\":\"https:\/\/annette-ahrens.at\/onlineshop\/produkt\/art-deco-glasbesteck-fuer-6-personen-boehmen-um-1930\/#breadcrumb\",\"itemListElement\":[{\"@type\":\"ListItem\",\"position\":1,\"item\":{\"@type\":\"WebPage\",\"@id\":\"https:\/\/annette-ahrens.at\/onlineshop\/\",\"url\":\"https:\/\/annette-ahrens.at\/onlineshop\/\",\"name\":\"Home\"}},{\"@type\":\"ListItem\",\"position\":2,\"item\":{\"@type\":\"WebPage\",\"@id\":\"https:\/\/annette-ahrens.at\/onlineshop\/alle-tafelkultur-objekte\/\",\"url\":\"https:\/\/annette-ahrens.at\/onlineshop\/alle-tafelkultur-objekte\/\",\"name\":\"Alle Tafelkultur Objekte\"}},{\"@type\":\"ListItem\",\"position\":3,\"item\":{\"@type\":\"WebPage\",\"@id\":\"https:\/\/annette-ahrens.at\/onlineshop\/produkt\/art-deco-glasbesteck-fuer-6-personen-boehmen-um-1930\/\",\"url\":\"https:\/\/annette-ahrens.at\/onlineshop\/produkt\/art-deco-glasbesteck-fuer-6-personen-boehmen-um-1930\/\",\"name\":\"Art Deco Glasbesteck f\\u00fcr 6 Personen, B\\u00f6hmen, um 1930\"}}]}]}<\/script>\n<!-- \/ Yoast SEO Premium plugin. -->","_links":{"self":[{"href":"https:\/\/annette-ahrens.at\/onlineshop\/wp-json\/wp\/v2\/product\/6185","targetHints":{"allow":["GET"]}}],"collection":[{"href":"https:\/\/annette-ahrens.at\/onlineshop\/wp-json\/wp\/v2\/product"}],"about":[{"href":"https:\/\/annette-ahrens.at\/onlineshop\/wp-json\/wp\/v2\/types\/product"}],"replies":[{"embeddable":true,"href":"https:\/\/annette-ahrens.at\/onlineshop\/wp-json\/wp\/v2\/comments?post=6185"}],"wp:featuredmedia":[{"embeddable":true,"href":"https:\/\/annette-ahrens.at\/onlineshop\/wp-json\/wp\/v2\/media\/6187"}],"wp:attachment":[{"href":"https:\/\/annette-ahrens.at\/onlineshop\/wp-json\/wp\/v2\/media?parent=6185"}],"wp:term":[{"taxonomy":"product_brand","embeddable":true,"href":"https:\/\/annette-ahrens.at\/onlineshop\/wp-json\/wp\/v2\/product_brand?post=6185"},{"taxonomy":"product_cat","embeddable":true,"href":"https:\/\/annette-ahrens.at\/onlineshop\/wp-json\/wp\/v2\/product_cat?post=6185"},{"taxonomy":"product_tag","embeddable":true,"href":"https:\/\/annette-ahrens.at\/onlineshop\/wp-json\/wp\/v2\/product_tag?post=6185"}],"curies":[{"name":"wp","href":"https:\/\/api.w.org\/{rel}","templated":true}]}}