{"id":625,"date":"2020-04-29T14:35:48","date_gmt":"2020-04-29T12:35:48","guid":{"rendered":"https:\/\/annette-ahrens.at\/silbershop\/?post_type=product&#038;p=625"},"modified":"2020-07-17T01:13:19","modified_gmt":"2020-07-16T23:13:19","slug":"empire-salzfass-deutsch-um-1800","status":"publish","type":"product","link":"https:\/\/annette-ahrens.at\/onlineshop\/produkt\/empire-salzfass-deutsch-um-1800\/","title":{"rendered":"Silbernes Empire Salzfass, Deutsch, um 1800"},"content":{"rendered":"<p>Empire Salzfass<\/p>\n<p>Deutsch, um 1800<\/p>\n<p>Silber, durchbrochen gearbeitete Halterung auf vier Kugelf\u00fcsschen, zwei kleine Handhaben, blauer, ovaler Glaseinsatz, gemarkt<\/p>\n<p>L\u00e4nge 10,5 cm<\/p>\n<p>H\u00f6he 5,5 cm<\/p>\n","protected":false},"excerpt":{"rendered":"<p>Empire Salzfass Deutsch, um 1800 Silber, durchbrochen gearbeitete Halterung auf vier Kugelf\u00fcsschen, zwei kleine Handhaben, blauer, ovaler Glaseinsatz, gemarkt L\u00e4nge 10,5 cm H\u00f6he 5,5 cm<\/p>\n","protected":false},"featured_media":635,"comment_status":"open","ping_status":"closed","template":"","meta":[],"product_brand":[],"product_cat":[19,275,20,273,316,22,131,311],"product_tag":[],"class_list":{"0":"post-625","1":"product","2":"type-product","3":"status-publish","4":"has-post-thumbnail","6":"product_cat-gabelfruehstueck","7":"product_cat-glas-fachbuecher","8":"product_cat-lunchtime","9":"product_cat-silber-fachbuecher","10":"product_cat-streuer","11":"product_cat-suess-sauer","12":"product_cat-tafeldekorationen","13":"product_cat-tafelinventar","15":"first","16":"instock","17":"sold-individually","18":"purchasable","19":"product-type-simple"},"yoast_head":"<!-- This site is optimized with the Yoast SEO Premium plugin v15.8.2 - https:\/\/yoast.com\/wordpress\/plugins\/seo\/ -->\n<title>Silbernes Empire Salzfass, Deutsch, um 1800<\/title>\n<meta name=\"description\" content=\"Silbernes Empire Salzfass, Deutsch, um 1800 \u2665 Antiquit\u00e4ten Online kaufen \u2713 Sichere Lieferung \u2713\" \/>\n<meta name=\"robots\" content=\"index, follow, max-snippet:-1, max-image-preview:large, max-video-preview:-1\" \/>\n<link rel=\"canonical\" href=\"https:\/\/annette-ahrens.at\/onlineshop\/produkt\/empire-salzfass-deutsch-um-1800\/\" \/>\n<meta property=\"og:locale\" content=\"de_DE\" \/>\n<meta property=\"og:type\" content=\"article\" \/>\n<meta property=\"og:title\" content=\"Silbernes Empire Salzfass, Deutsch, um 1800\" \/>\n<meta property=\"og:description\" content=\"Silbernes Empire Salzfass, Deutsch, um 1800 \u2665 Antiquit\u00e4ten Online kaufen \u2713 Sichere Lieferung \u2713\" \/>\n<meta property=\"og:url\" content=\"https:\/\/annette-ahrens.at\/onlineshop\/produkt\/empire-salzfass-deutsch-um-1800\/\" \/>\n<meta property=\"og:site_name\" content=\"Tafelkultur Onlineshop\" \/>\n<meta property=\"article:publisher\" content=\"https:\/\/www.facebook.com\/AnnetteAhrensTafelkultur\" \/>\n<meta property=\"article:modified_time\" content=\"2020-07-16T23:13:19+00:00\" \/>\n<meta property=\"og:image\" content=\"https:\/\/annette-ahrens.at\/onlineshop\/wp-content\/uploads\/2020\/04\/IMG_1781-scaled.jpeg\" \/>\n\t<meta property=\"og:image:width\" content=\"2560\" \/>\n\t<meta property=\"og:image:height\" content=\"1920\" \/>\n<meta name=\"twitter:card\" content=\"summary_large_image\" \/>\n<script type=\"application\/ld+json\" class=\"yoast-schema-graph\">{\"@context\":\"https:\/\/schema.org\",\"@graph\":[{\"@type\":[\"Person\",\"Organization\"],\"@id\":\"https:\/\/annette-ahrens.at\/onlineshop\/#\/schema\/person\/3e19676faae246bba0cb3b7e15f427d8\",\"name\":\"Annette Ahrens\",\"image\":{\"@type\":\"ImageObject\",\"@id\":\"https:\/\/annette-ahrens.at\/onlineshop\/#personlogo\",\"inLanguage\":\"de\",\"url\":\"https:\/\/annette-ahrens.at\/onlineshop\/wp-content\/uploads\/2020\/04\/aa_logo_End.png\",\"width\":800,\"height\":164,\"caption\":\"Annette Ahrens\"},\"logo\":{\"@id\":\"https:\/\/annette-ahrens.at\/onlineshop\/#personlogo\"},\"sameAs\":[\"https:\/\/annette-ahrens.at\",\"https:\/\/www.facebook.com\/AnnetteAhrensTafelkultur\",\"https:\/\/www.instagram.com\/tafelkulturistin\/\",\"https:\/\/de.wikipedia.org\/wiki\/Annette_Ahrens\"]},{\"@type\":\"WebSite\",\"@id\":\"https:\/\/annette-ahrens.at\/onlineshop\/#website\",\"url\":\"https:\/\/annette-ahrens.at\/onlineshop\/\",\"name\":\"Tafelkultur Onlineshop\",\"description\":\"Annette Ahrens\",\"publisher\":{\"@id\":\"https:\/\/annette-ahrens.at\/onlineshop\/#\/schema\/person\/3e19676faae246bba0cb3b7e15f427d8\"},\"potentialAction\":[{\"@type\":\"SearchAction\",\"target\":\"https:\/\/annette-ahrens.at\/onlineshop\/?s={search_term_string}\",\"query-input\":\"required name=search_term_string\"}],\"inLanguage\":\"de\"},{\"@type\":\"ImageObject\",\"@id\":\"https:\/\/annette-ahrens.at\/onlineshop\/produkt\/empire-salzfass-deutsch-um-1800\/#primaryimage\",\"inLanguage\":\"de\",\"url\":\"https:\/\/annette-ahrens.at\/onlineshop\/wp-content\/uploads\/2020\/04\/IMG_1781-scaled.jpeg\",\"width\":2560,\"height\":1920,\"caption\":\"gew\\u00fcrzaufsatz\"},{\"@type\":[\"WebPage\",\"ItemPage\"],\"@id\":\"https:\/\/annette-ahrens.at\/onlineshop\/produkt\/empire-salzfass-deutsch-um-1800\/#webpage\",\"url\":\"https:\/\/annette-ahrens.at\/onlineshop\/produkt\/empire-salzfass-deutsch-um-1800\/\",\"name\":\"Silbernes Empire Salzfass, Deutsch, um 1800\",\"isPartOf\":{\"@id\":\"https:\/\/annette-ahrens.at\/onlineshop\/#website\"},\"primaryImageOfPage\":{\"@id\":\"https:\/\/annette-ahrens.at\/onlineshop\/produkt\/empire-salzfass-deutsch-um-1800\/#primaryimage\"},\"datePublished\":\"2020-04-29T12:35:48+00:00\",\"dateModified\":\"2020-07-16T23:13:19+00:00\",\"description\":\"Silbernes Empire Salzfass, Deutsch, um 1800 \\u2665 Antiquit\\u00e4ten Online kaufen \\u2713 Sichere Lieferung \\u2713\",\"breadcrumb\":{\"@id\":\"https:\/\/annette-ahrens.at\/onlineshop\/produkt\/empire-salzfass-deutsch-um-1800\/#breadcrumb\"},\"inLanguage\":\"de\",\"potentialAction\":[{\"@type\":\"ReadAction\",\"target\":[\"https:\/\/annette-ahrens.at\/onlineshop\/produkt\/empire-salzfass-deutsch-um-1800\/\"]}]},{\"@type\":\"BreadcrumbList\",\"@id\":\"https:\/\/annette-ahrens.at\/onlineshop\/produkt\/empire-salzfass-deutsch-um-1800\/#breadcrumb\",\"itemListElement\":[{\"@type\":\"ListItem\",\"position\":1,\"item\":{\"@type\":\"WebPage\",\"@id\":\"https:\/\/annette-ahrens.at\/onlineshop\/\",\"url\":\"https:\/\/annette-ahrens.at\/onlineshop\/\",\"name\":\"Home\"}},{\"@type\":\"ListItem\",\"position\":2,\"item\":{\"@type\":\"WebPage\",\"@id\":\"https:\/\/annette-ahrens.at\/onlineshop\/alle-tafelkultur-objekte\/\",\"url\":\"https:\/\/annette-ahrens.at\/onlineshop\/alle-tafelkultur-objekte\/\",\"name\":\"Alle Tafelkultur Objekte\"}},{\"@type\":\"ListItem\",\"position\":3,\"item\":{\"@type\":\"WebPage\",\"@id\":\"https:\/\/annette-ahrens.at\/onlineshop\/produkt\/empire-salzfass-deutsch-um-1800\/\",\"url\":\"https:\/\/annette-ahrens.at\/onlineshop\/produkt\/empire-salzfass-deutsch-um-1800\/\",\"name\":\"Silbernes Empire Salzfass, Deutsch, um 1800\"}}]}]}<\/script>\n<!-- \/ Yoast SEO Premium plugin. -->","_links":{"self":[{"href":"https:\/\/annette-ahrens.at\/onlineshop\/wp-json\/wp\/v2\/product\/625","targetHints":{"allow":["GET"]}}],"collection":[{"href":"https:\/\/annette-ahrens.at\/onlineshop\/wp-json\/wp\/v2\/product"}],"about":[{"href":"https:\/\/annette-ahrens.at\/onlineshop\/wp-json\/wp\/v2\/types\/product"}],"replies":[{"embeddable":true,"href":"https:\/\/annette-ahrens.at\/onlineshop\/wp-json\/wp\/v2\/comments?post=625"}],"wp:featuredmedia":[{"embeddable":true,"href":"https:\/\/annette-ahrens.at\/onlineshop\/wp-json\/wp\/v2\/media\/635"}],"wp:attachment":[{"href":"https:\/\/annette-ahrens.at\/onlineshop\/wp-json\/wp\/v2\/media?parent=625"}],"wp:term":[{"taxonomy":"product_brand","embeddable":true,"href":"https:\/\/annette-ahrens.at\/onlineshop\/wp-json\/wp\/v2\/product_brand?post=625"},{"taxonomy":"product_cat","embeddable":true,"href":"https:\/\/annette-ahrens.at\/onlineshop\/wp-json\/wp\/v2\/product_cat?post=625"},{"taxonomy":"product_tag","embeddable":true,"href":"https:\/\/annette-ahrens.at\/onlineshop\/wp-json\/wp\/v2\/product_tag?post=625"}],"curies":[{"name":"wp","href":"https:\/\/api.w.org\/{rel}","templated":true}]}}