{"id":6289,"date":"2021-02-08T22:31:12","date_gmt":"2021-02-08T21:31:12","guid":{"rendered":"https:\/\/annette-ahrens.at\/onlineshop\/?post_type=product&#038;p=6289"},"modified":"2021-02-09T11:09:19","modified_gmt":"2021-02-09T10:09:19","slug":"versilberter-suppenschoepfer-kreuzband-fa-berndorf-um-1900","status":"publish","type":"product","link":"https:\/\/annette-ahrens.at\/onlineshop\/produkt\/versilberter-suppenschoepfer-kreuzband-fa-berndorf-um-1900\/","title":{"rendered":"Versilberter Suppensch\u00f6pfer aus dem Hotel EUROPE, Fa. Berndorf, um 1900"},"content":{"rendered":"<p>Versilberter Suppensch\u00f6pfer &#8222;Kreuzband&#8220;<\/p>\n<p>Fa. Berndorf, um 1900<\/p>\n<p>Alpacca, versilbert, runde Firmenmarke, EUROPE SALZBURG<\/p>\n<p>L\u00e4nge 35 cm<\/p>\n<p>Literatur: Andreas Kapeller, H\u00f4tel de l&#8217;Europe. Salzburgs unvergessenes Grandhotel. Stadtverein Salzburg\/Colorama Verlag 1997 (Abbildung S. 15)<\/p>\n","protected":false},"excerpt":{"rendered":"<p>Annette\u00b4s Etikette: Dieser sch\u00f6n erhaltene Suppensch\u00f6pfer mit Kreuzband-Dekor d\u00fcrfte aus dem renommierten Hotel de l\u00b4 Europe in Salzburg stammen. Dieses Luxushotel \u00f6ffnete 1865 seine Pforten und wurde 1938 nach seiner Schliessung Sitz der deutschen Wehrmacht und somit 1945 schwer besch\u00e4digt. F\u00fcr Liebhaber von Hotelsilber ist solch eine Herkunftsbezeichnung ein willkommenes Detail. Die Ansichten stammen von 1894 und befinden sch im Stadtarchiv in Salzburg.<\/p>\n","protected":false},"featured_media":6313,"comment_status":"open","ping_status":"closed","template":"","meta":[],"product_brand":[],"product_cat":[276,30,298,266,190,195],"product_tag":[],"class_list":{"0":"post-6289","1":"product","2":"type-product","3":"status-publish","4":"has-post-thumbnail","6":"product_cat-alpacca","7":"product_cat-besteck","8":"product_cat-buffet","9":"product_cat-schoepfer","10":"product_cat-suppe","11":"product_cat-suppenschoepfer","13":"first","14":"instock","15":"sold-individually","16":"purchasable","17":"product-type-simple"},"yoast_head":"<!-- This site is optimized with the Yoast SEO Premium plugin v15.8.2 - https:\/\/yoast.com\/wordpress\/plugins\/seo\/ -->\n<title>Versilberter Suppensch\u00f6pfer aus dem Hotel EUROPE, Fa. Berndorf, um 1900<\/title>\n<meta name=\"description\" content=\"Versilberter Suppensch\u00f6pfer aus dem Hotel EUROPE, Fa. Berndorf, um 1900 \u2665 Antiquit\u00e4ten Online kaufen \u2713 Sichere Lieferung \u2713\" \/>\n<meta name=\"robots\" content=\"index, follow, max-snippet:-1, max-image-preview:large, max-video-preview:-1\" \/>\n<link rel=\"canonical\" href=\"https:\/\/annette-ahrens.at\/onlineshop\/produkt\/versilberter-suppenschoepfer-kreuzband-fa-berndorf-um-1900\/\" \/>\n<meta property=\"og:locale\" content=\"de_DE\" \/>\n<meta property=\"og:type\" content=\"article\" \/>\n<meta property=\"og:title\" content=\"Versilberter Suppensch\u00f6pfer aus dem Hotel EUROPE, Fa. Berndorf, um 1900\" \/>\n<meta property=\"og:description\" content=\"Versilberter Suppensch\u00f6pfer aus dem Hotel EUROPE, Fa. Berndorf, um 1900 \u2665 Antiquit\u00e4ten Online kaufen \u2713 Sichere Lieferung \u2713\" \/>\n<meta property=\"og:url\" content=\"https:\/\/annette-ahrens.at\/onlineshop\/produkt\/versilberter-suppenschoepfer-kreuzband-fa-berndorf-um-1900\/\" \/>\n<meta property=\"og:site_name\" content=\"Tafelkultur Onlineshop\" \/>\n<meta property=\"article:publisher\" content=\"https:\/\/www.facebook.com\/AnnetteAhrensTafelkultur\" \/>\n<meta property=\"article:modified_time\" content=\"2021-02-09T10:09:19+00:00\" \/>\n<meta property=\"og:image\" content=\"https:\/\/annette-ahrens.at\/onlineshop\/wp-content\/uploads\/2021\/02\/IMG_0152-scaled.jpeg\" \/>\n\t<meta property=\"og:image:width\" content=\"2560\" \/>\n\t<meta property=\"og:image:height\" content=\"2560\" \/>\n<meta name=\"twitter:card\" content=\"summary_large_image\" \/>\n<script type=\"application\/ld+json\" class=\"yoast-schema-graph\">{\"@context\":\"https:\/\/schema.org\",\"@graph\":[{\"@type\":[\"Person\",\"Organization\"],\"@id\":\"https:\/\/annette-ahrens.at\/onlineshop\/#\/schema\/person\/3e19676faae246bba0cb3b7e15f427d8\",\"name\":\"Annette Ahrens\",\"image\":{\"@type\":\"ImageObject\",\"@id\":\"https:\/\/annette-ahrens.at\/onlineshop\/#personlogo\",\"inLanguage\":\"de\",\"url\":\"https:\/\/annette-ahrens.at\/onlineshop\/wp-content\/uploads\/2020\/04\/aa_logo_End.png\",\"width\":800,\"height\":164,\"caption\":\"Annette Ahrens\"},\"logo\":{\"@id\":\"https:\/\/annette-ahrens.at\/onlineshop\/#personlogo\"},\"sameAs\":[\"https:\/\/annette-ahrens.at\",\"https:\/\/www.facebook.com\/AnnetteAhrensTafelkultur\",\"https:\/\/www.instagram.com\/tafelkulturistin\/\",\"https:\/\/de.wikipedia.org\/wiki\/Annette_Ahrens\"]},{\"@type\":\"WebSite\",\"@id\":\"https:\/\/annette-ahrens.at\/onlineshop\/#website\",\"url\":\"https:\/\/annette-ahrens.at\/onlineshop\/\",\"name\":\"Tafelkultur Onlineshop\",\"description\":\"Annette Ahrens\",\"publisher\":{\"@id\":\"https:\/\/annette-ahrens.at\/onlineshop\/#\/schema\/person\/3e19676faae246bba0cb3b7e15f427d8\"},\"potentialAction\":[{\"@type\":\"SearchAction\",\"target\":\"https:\/\/annette-ahrens.at\/onlineshop\/?s={search_term_string}\",\"query-input\":\"required name=search_term_string\"}],\"inLanguage\":\"de\"},{\"@type\":\"ImageObject\",\"@id\":\"https:\/\/annette-ahrens.at\/onlineshop\/produkt\/versilberter-suppenschoepfer-kreuzband-fa-berndorf-um-1900\/#primaryimage\",\"inLanguage\":\"de\",\"url\":\"https:\/\/annette-ahrens.at\/onlineshop\/wp-content\/uploads\/2021\/02\/IMG_0152-scaled.jpeg\",\"width\":2560,\"height\":2560,\"caption\":\"sch\\u00f6pfer\"},{\"@type\":[\"WebPage\",\"ItemPage\"],\"@id\":\"https:\/\/annette-ahrens.at\/onlineshop\/produkt\/versilberter-suppenschoepfer-kreuzband-fa-berndorf-um-1900\/#webpage\",\"url\":\"https:\/\/annette-ahrens.at\/onlineshop\/produkt\/versilberter-suppenschoepfer-kreuzband-fa-berndorf-um-1900\/\",\"name\":\"Versilberter Suppensch\\u00f6pfer aus dem Hotel EUROPE, Fa. Berndorf, um 1900\",\"isPartOf\":{\"@id\":\"https:\/\/annette-ahrens.at\/onlineshop\/#website\"},\"primaryImageOfPage\":{\"@id\":\"https:\/\/annette-ahrens.at\/onlineshop\/produkt\/versilberter-suppenschoepfer-kreuzband-fa-berndorf-um-1900\/#primaryimage\"},\"datePublished\":\"2021-02-08T21:31:12+00:00\",\"dateModified\":\"2021-02-09T10:09:19+00:00\",\"description\":\"Versilberter Suppensch\\u00f6pfer aus dem Hotel EUROPE, Fa. Berndorf, um 1900 \\u2665 Antiquit\\u00e4ten Online kaufen \\u2713 Sichere Lieferung \\u2713\",\"breadcrumb\":{\"@id\":\"https:\/\/annette-ahrens.at\/onlineshop\/produkt\/versilberter-suppenschoepfer-kreuzband-fa-berndorf-um-1900\/#breadcrumb\"},\"inLanguage\":\"de\",\"potentialAction\":[{\"@type\":\"ReadAction\",\"target\":[\"https:\/\/annette-ahrens.at\/onlineshop\/produkt\/versilberter-suppenschoepfer-kreuzband-fa-berndorf-um-1900\/\"]}]},{\"@type\":\"BreadcrumbList\",\"@id\":\"https:\/\/annette-ahrens.at\/onlineshop\/produkt\/versilberter-suppenschoepfer-kreuzband-fa-berndorf-um-1900\/#breadcrumb\",\"itemListElement\":[{\"@type\":\"ListItem\",\"position\":1,\"item\":{\"@type\":\"WebPage\",\"@id\":\"https:\/\/annette-ahrens.at\/onlineshop\/\",\"url\":\"https:\/\/annette-ahrens.at\/onlineshop\/\",\"name\":\"Home\"}},{\"@type\":\"ListItem\",\"position\":2,\"item\":{\"@type\":\"WebPage\",\"@id\":\"https:\/\/annette-ahrens.at\/onlineshop\/alle-tafelkultur-objekte\/\",\"url\":\"https:\/\/annette-ahrens.at\/onlineshop\/alle-tafelkultur-objekte\/\",\"name\":\"Alle Tafelkultur Objekte\"}},{\"@type\":\"ListItem\",\"position\":3,\"item\":{\"@type\":\"WebPage\",\"@id\":\"https:\/\/annette-ahrens.at\/onlineshop\/produkt\/versilberter-suppenschoepfer-kreuzband-fa-berndorf-um-1900\/\",\"url\":\"https:\/\/annette-ahrens.at\/onlineshop\/produkt\/versilberter-suppenschoepfer-kreuzband-fa-berndorf-um-1900\/\",\"name\":\"Versilberter Suppensch\\u00f6pfer aus dem Hotel EUROPE, Fa. Berndorf, um 1900\"}}]}]}<\/script>\n<!-- \/ Yoast SEO Premium plugin. -->","_links":{"self":[{"href":"https:\/\/annette-ahrens.at\/onlineshop\/wp-json\/wp\/v2\/product\/6289","targetHints":{"allow":["GET"]}}],"collection":[{"href":"https:\/\/annette-ahrens.at\/onlineshop\/wp-json\/wp\/v2\/product"}],"about":[{"href":"https:\/\/annette-ahrens.at\/onlineshop\/wp-json\/wp\/v2\/types\/product"}],"replies":[{"embeddable":true,"href":"https:\/\/annette-ahrens.at\/onlineshop\/wp-json\/wp\/v2\/comments?post=6289"}],"wp:featuredmedia":[{"embeddable":true,"href":"https:\/\/annette-ahrens.at\/onlineshop\/wp-json\/wp\/v2\/media\/6313"}],"wp:attachment":[{"href":"https:\/\/annette-ahrens.at\/onlineshop\/wp-json\/wp\/v2\/media?parent=6289"}],"wp:term":[{"taxonomy":"product_brand","embeddable":true,"href":"https:\/\/annette-ahrens.at\/onlineshop\/wp-json\/wp\/v2\/product_brand?post=6289"},{"taxonomy":"product_cat","embeddable":true,"href":"https:\/\/annette-ahrens.at\/onlineshop\/wp-json\/wp\/v2\/product_cat?post=6289"},{"taxonomy":"product_tag","embeddable":true,"href":"https:\/\/annette-ahrens.at\/onlineshop\/wp-json\/wp\/v2\/product_tag?post=6289"}],"curies":[{"name":"wp","href":"https:\/\/api.w.org\/{rel}","templated":true}]}}