{"id":6294,"date":"2021-02-08T23:01:15","date_gmt":"2021-02-08T22:01:15","guid":{"rendered":"https:\/\/annette-ahrens.at\/onlineshop\/?post_type=product&#038;p=6294"},"modified":"2023-05-12T16:48:48","modified_gmt":"2023-05-12T14:48:48","slug":"rudolf-schroetter-henkelkrug-lord-boehmen-nach-1921","status":"publish","type":"product","link":"https:\/\/annette-ahrens.at\/onlineshop\/produkt\/rudolf-schroetter-henkelkrug-lord-boehmen-nach-1921\/","title":{"rendered":"Rudolf Schr\u00f6tter, Henkelkrug &#8222;LORD&#8220;, B\u00f6hmen, nach 1921"},"content":{"rendered":"<p>Henkelkrug &#8222;LORD&#8220;<\/p>\n<p>Entwurf: Rudolf Schr\u00f6tter, f\u00fcr die Firma Josef Inwald, Wien &#8211; Teplitz, B\u00f6hmen, nach 1921<\/p>\n<p>farbloses Pressglas, Henkel<\/p>\n<p>H\u00f6he 15 cm<\/p>\n<p>Literatur: Pressglas-Korrespondenz 2009-3-03<\/p>\n","protected":false},"excerpt":{"rendered":"<p>Annettes Etikette: Der Vater des modernen Pressglases Rudolf Schr\u00f6tter, wie ihn der Sammler und Forscher Eduard Stopfer nennt, lieferte ab 1913 mehrere Entw\u00fcrfe f\u00fcr die Firma Josef Inwald, Wien &#8211; Teplitz. Das Service &#8222;LORD&#8220; wurde 1921 entworfen und erfolgreich exportiert wie auch der 1928 von Invald herausgegebene Musterkatalog dokumentiert. Die franz\u00f6sische Firma von H. Markbeinn produzierte Schr\u00f6tters Entw\u00fcrfe unter den Namen &#8222;Milord&#8220;, quasi in Lizenz.<\/p>\n","protected":false},"featured_media":6437,"comment_status":"open","ping_status":"closed","template":"","meta":[],"product_brand":[],"product_cat":[130,219,27,298,299,19,300,275,232,20],"product_tag":[],"class_list":{"0":"post-6294","1":"product","2":"type-product","3":"status-publish","4":"has-post-thumbnail","6":"product_cat-abendessen","7":"product_cat-barutensilien","8":"product_cat-barware","9":"product_cat-buffet","10":"product_cat-cocktailparty","11":"product_cat-gabelfruehstueck","12":"product_cat-gartenfest","13":"product_cat-glas-fachbuecher","14":"product_cat-longdrink","15":"product_cat-lunchtime","17":"first","18":"instock","19":"sold-individually","20":"purchasable","21":"product-type-simple"},"yoast_head":"<!-- This site is optimized with the Yoast SEO Premium plugin v15.8.2 - https:\/\/yoast.com\/wordpress\/plugins\/seo\/ -->\n<title>Rudolf Schr\u00f6tter, Henkelkrug &quot;LORD&quot;, B\u00f6hmen, nach 1921<\/title>\n<meta name=\"description\" content=\"Rudolf Schr\u00f6tter, Henkelkrug &quot;LORD&quot;, B\u00f6hmen, nach 1921 \u2665 Antiquit\u00e4ten Online kaufen \u2713 Sichere Lieferung \u2713\" \/>\n<meta name=\"robots\" content=\"index, follow, max-snippet:-1, max-image-preview:large, max-video-preview:-1\" \/>\n<link rel=\"canonical\" href=\"https:\/\/annette-ahrens.at\/onlineshop\/produkt\/rudolf-schroetter-henkelkrug-lord-boehmen-nach-1921\/\" \/>\n<meta property=\"og:locale\" content=\"de_DE\" \/>\n<meta property=\"og:type\" content=\"article\" \/>\n<meta property=\"og:title\" content=\"Rudolf Schr\u00f6tter, Henkelkrug &quot;LORD&quot;, B\u00f6hmen, nach 1921\" \/>\n<meta property=\"og:description\" content=\"Rudolf Schr\u00f6tter, Henkelkrug &quot;LORD&quot;, B\u00f6hmen, nach 1921 \u2665 Antiquit\u00e4ten Online kaufen \u2713 Sichere Lieferung \u2713\" \/>\n<meta property=\"og:url\" content=\"https:\/\/annette-ahrens.at\/onlineshop\/produkt\/rudolf-schroetter-henkelkrug-lord-boehmen-nach-1921\/\" \/>\n<meta property=\"og:site_name\" content=\"Tafelkultur Onlineshop\" \/>\n<meta property=\"article:publisher\" content=\"https:\/\/www.facebook.com\/AnnetteAhrensTafelkultur\" \/>\n<meta property=\"article:modified_time\" content=\"2023-05-12T14:48:48+00:00\" \/>\n<meta property=\"og:image\" content=\"https:\/\/annette-ahrens.at\/onlineshop\/wp-content\/uploads\/2021\/02\/IMG_0725-scaled.jpeg\" \/>\n\t<meta property=\"og:image:width\" content=\"2560\" \/>\n\t<meta property=\"og:image:height\" content=\"2560\" \/>\n<meta name=\"twitter:card\" content=\"summary_large_image\" \/>\n<script type=\"application\/ld+json\" class=\"yoast-schema-graph\">{\"@context\":\"https:\/\/schema.org\",\"@graph\":[{\"@type\":[\"Person\",\"Organization\"],\"@id\":\"https:\/\/annette-ahrens.at\/onlineshop\/#\/schema\/person\/3e19676faae246bba0cb3b7e15f427d8\",\"name\":\"Annette Ahrens\",\"image\":{\"@type\":\"ImageObject\",\"@id\":\"https:\/\/annette-ahrens.at\/onlineshop\/#personlogo\",\"inLanguage\":\"de\",\"url\":\"https:\/\/annette-ahrens.at\/onlineshop\/wp-content\/uploads\/2020\/04\/aa_logo_End.png\",\"width\":800,\"height\":164,\"caption\":\"Annette Ahrens\"},\"logo\":{\"@id\":\"https:\/\/annette-ahrens.at\/onlineshop\/#personlogo\"},\"sameAs\":[\"https:\/\/annette-ahrens.at\",\"https:\/\/www.facebook.com\/AnnetteAhrensTafelkultur\",\"https:\/\/www.instagram.com\/tafelkulturistin\/\",\"https:\/\/de.wikipedia.org\/wiki\/Annette_Ahrens\"]},{\"@type\":\"WebSite\",\"@id\":\"https:\/\/annette-ahrens.at\/onlineshop\/#website\",\"url\":\"https:\/\/annette-ahrens.at\/onlineshop\/\",\"name\":\"Tafelkultur Onlineshop\",\"description\":\"Annette Ahrens\",\"publisher\":{\"@id\":\"https:\/\/annette-ahrens.at\/onlineshop\/#\/schema\/person\/3e19676faae246bba0cb3b7e15f427d8\"},\"potentialAction\":[{\"@type\":\"SearchAction\",\"target\":\"https:\/\/annette-ahrens.at\/onlineshop\/?s={search_term_string}\",\"query-input\":\"required name=search_term_string\"}],\"inLanguage\":\"de\"},{\"@type\":\"ImageObject\",\"@id\":\"https:\/\/annette-ahrens.at\/onlineshop\/produkt\/rudolf-schroetter-henkelkrug-lord-boehmen-nach-1921\/#primaryimage\",\"inLanguage\":\"de\",\"url\":\"https:\/\/annette-ahrens.at\/onlineshop\/wp-content\/uploads\/2021\/02\/IMG_0725-scaled.jpeg\",\"width\":2560,\"height\":2560,\"caption\":\"schr\\u00f6tter_krug\"},{\"@type\":[\"WebPage\",\"ItemPage\"],\"@id\":\"https:\/\/annette-ahrens.at\/onlineshop\/produkt\/rudolf-schroetter-henkelkrug-lord-boehmen-nach-1921\/#webpage\",\"url\":\"https:\/\/annette-ahrens.at\/onlineshop\/produkt\/rudolf-schroetter-henkelkrug-lord-boehmen-nach-1921\/\",\"name\":\"Rudolf Schr\\u00f6tter, Henkelkrug \\\"LORD\\\", B\\u00f6hmen, nach 1921\",\"isPartOf\":{\"@id\":\"https:\/\/annette-ahrens.at\/onlineshop\/#website\"},\"primaryImageOfPage\":{\"@id\":\"https:\/\/annette-ahrens.at\/onlineshop\/produkt\/rudolf-schroetter-henkelkrug-lord-boehmen-nach-1921\/#primaryimage\"},\"datePublished\":\"2021-02-08T22:01:15+00:00\",\"dateModified\":\"2023-05-12T14:48:48+00:00\",\"description\":\"Rudolf Schr\\u00f6tter, Henkelkrug \\\"LORD\\\", B\\u00f6hmen, nach 1921 \\u2665 Antiquit\\u00e4ten Online kaufen \\u2713 Sichere Lieferung \\u2713\",\"breadcrumb\":{\"@id\":\"https:\/\/annette-ahrens.at\/onlineshop\/produkt\/rudolf-schroetter-henkelkrug-lord-boehmen-nach-1921\/#breadcrumb\"},\"inLanguage\":\"de\",\"potentialAction\":[{\"@type\":\"ReadAction\",\"target\":[\"https:\/\/annette-ahrens.at\/onlineshop\/produkt\/rudolf-schroetter-henkelkrug-lord-boehmen-nach-1921\/\"]}]},{\"@type\":\"BreadcrumbList\",\"@id\":\"https:\/\/annette-ahrens.at\/onlineshop\/produkt\/rudolf-schroetter-henkelkrug-lord-boehmen-nach-1921\/#breadcrumb\",\"itemListElement\":[{\"@type\":\"ListItem\",\"position\":1,\"item\":{\"@type\":\"WebPage\",\"@id\":\"https:\/\/annette-ahrens.at\/onlineshop\/\",\"url\":\"https:\/\/annette-ahrens.at\/onlineshop\/\",\"name\":\"Home\"}},{\"@type\":\"ListItem\",\"position\":2,\"item\":{\"@type\":\"WebPage\",\"@id\":\"https:\/\/annette-ahrens.at\/onlineshop\/alle-tafelkultur-objekte\/\",\"url\":\"https:\/\/annette-ahrens.at\/onlineshop\/alle-tafelkultur-objekte\/\",\"name\":\"Alle Tafelkultur Objekte\"}},{\"@type\":\"ListItem\",\"position\":3,\"item\":{\"@type\":\"WebPage\",\"@id\":\"https:\/\/annette-ahrens.at\/onlineshop\/produkt\/rudolf-schroetter-henkelkrug-lord-boehmen-nach-1921\/\",\"url\":\"https:\/\/annette-ahrens.at\/onlineshop\/produkt\/rudolf-schroetter-henkelkrug-lord-boehmen-nach-1921\/\",\"name\":\"Rudolf Schr\\u00f6tter, Henkelkrug &#8220;LORD&#8221;, B\\u00f6hmen, nach 1921\"}}]}]}<\/script>\n<!-- \/ Yoast SEO Premium plugin. -->","_links":{"self":[{"href":"https:\/\/annette-ahrens.at\/onlineshop\/wp-json\/wp\/v2\/product\/6294","targetHints":{"allow":["GET"]}}],"collection":[{"href":"https:\/\/annette-ahrens.at\/onlineshop\/wp-json\/wp\/v2\/product"}],"about":[{"href":"https:\/\/annette-ahrens.at\/onlineshop\/wp-json\/wp\/v2\/types\/product"}],"replies":[{"embeddable":true,"href":"https:\/\/annette-ahrens.at\/onlineshop\/wp-json\/wp\/v2\/comments?post=6294"}],"wp:featuredmedia":[{"embeddable":true,"href":"https:\/\/annette-ahrens.at\/onlineshop\/wp-json\/wp\/v2\/media\/6437"}],"wp:attachment":[{"href":"https:\/\/annette-ahrens.at\/onlineshop\/wp-json\/wp\/v2\/media?parent=6294"}],"wp:term":[{"taxonomy":"product_brand","embeddable":true,"href":"https:\/\/annette-ahrens.at\/onlineshop\/wp-json\/wp\/v2\/product_brand?post=6294"},{"taxonomy":"product_cat","embeddable":true,"href":"https:\/\/annette-ahrens.at\/onlineshop\/wp-json\/wp\/v2\/product_cat?post=6294"},{"taxonomy":"product_tag","embeddable":true,"href":"https:\/\/annette-ahrens.at\/onlineshop\/wp-json\/wp\/v2\/product_tag?post=6294"}],"curies":[{"name":"wp","href":"https:\/\/api.w.org\/{rel}","templated":true}]}}