{"id":6361,"date":"2021-02-13T21:10:51","date_gmt":"2021-02-13T20:10:51","guid":{"rendered":"https:\/\/annette-ahrens.at\/onlineshop\/?post_type=product&#038;p=6361"},"modified":"2024-10-01T23:41:17","modified_gmt":"2024-10-01T21:41:17","slug":"nils-johan-midcentury-sardinenheber-schweden-um-1960","status":"publish","type":"product","link":"https:\/\/annette-ahrens.at\/onlineshop\/produkt\/nils-johan-midcentury-sardinenheber-schweden-um-1960\/","title":{"rendered":"Nils Johan, Midcentury Sardinenheber, Stockholm, Schweden, um 1960"},"content":{"rendered":"<p>Midcentury Vorlegegabel\/Sardinenheber<\/p>\n<p>Fa. Nils Johan, Stockholm, Schweden, um 1960<\/p>\n<p>Edelstahl, Holzhefte, in originaler Geschenksverpackung bezeichnet &#8222;SARDINGAFFEL 14550&#8220;<\/p>\n<p>L\u00e4nge 13,5 cm<\/p>\n","protected":false},"excerpt":{"rendered":"<p>Annette\u00b4s Etikette: Auch im hohen Norden hatte man sich f\u00fcr die Sardinen etwas Salonf\u00e4higes \u00fcberlegt. Neben einigen versilberten Exemplaren in meinem Angebot ist dieser Sardinenheber der Einzige, den ich zur Zeit \u00a0im midcentury Stil der Skandinaven anbieten kann. Die Firma von Nils Johan z\u00e4hlt zu den k\u00f6niglichen Hoflieferanten in Stockholm.<\/p>\n","protected":false},"featured_media":6461,"comment_status":"open","ping_status":"closed","template":"","meta":[],"product_brand":[],"product_cat":[30,203,267,265,47,263],"product_tag":[],"class_list":{"0":"post-6361","1":"product","2":"type-product","3":"status-publish","4":"has-post-thumbnail","6":"product_cat-besteck","7":"product_cat-fisch-speisen","8":"product_cat-fischvorleger","9":"product_cat-heber","10":"product_cat-meerestiere","11":"product_cat-sardinenheber","13":"first","14":"instock","15":"sold-individually","16":"purchasable","17":"product-type-simple"},"yoast_head":"<!-- This site is optimized with the Yoast SEO Premium plugin v15.8.2 - https:\/\/yoast.com\/wordpress\/plugins\/seo\/ -->\n<title>Nils Johan, Midcentury Sardinenheber, Stockholm, Schweden, um 1960<\/title>\n<meta name=\"description\" content=\"Nils Johan, Midcentury Sardinenheber, Stockholm, Schweden, um 1960 \u2665 Antiquit\u00e4ten Online kaufen \u2713 Sichere Lieferung \u2713\" \/>\n<meta name=\"robots\" content=\"index, follow, max-snippet:-1, max-image-preview:large, max-video-preview:-1\" \/>\n<link rel=\"canonical\" href=\"https:\/\/annette-ahrens.at\/onlineshop\/produkt\/nils-johan-midcentury-sardinenheber-schweden-um-1960\/\" \/>\n<meta property=\"og:locale\" content=\"de_DE\" \/>\n<meta property=\"og:type\" content=\"article\" \/>\n<meta property=\"og:title\" content=\"Nils Johan, Midcentury Sardinenheber, Stockholm, Schweden, um 1960\" \/>\n<meta property=\"og:description\" content=\"Nils Johan, Midcentury Sardinenheber, Stockholm, Schweden, um 1960 \u2665 Antiquit\u00e4ten Online kaufen \u2713 Sichere Lieferung \u2713\" \/>\n<meta property=\"og:url\" content=\"https:\/\/annette-ahrens.at\/onlineshop\/produkt\/nils-johan-midcentury-sardinenheber-schweden-um-1960\/\" \/>\n<meta property=\"og:site_name\" content=\"Tafelkultur Onlineshop\" \/>\n<meta property=\"article:publisher\" content=\"https:\/\/www.facebook.com\/AnnetteAhrensTafelkultur\" \/>\n<meta property=\"article:modified_time\" content=\"2024-10-01T21:41:17+00:00\" \/>\n<meta property=\"og:image\" content=\"https:\/\/annette-ahrens.at\/onlineshop\/wp-content\/uploads\/2021\/02\/IMG_0797-scaled.jpeg\" \/>\n\t<meta property=\"og:image:width\" content=\"2560\" \/>\n\t<meta property=\"og:image:height\" content=\"2560\" \/>\n<meta name=\"twitter:card\" content=\"summary_large_image\" \/>\n<script type=\"application\/ld+json\" class=\"yoast-schema-graph\">{\"@context\":\"https:\/\/schema.org\",\"@graph\":[{\"@type\":[\"Person\",\"Organization\"],\"@id\":\"https:\/\/annette-ahrens.at\/onlineshop\/#\/schema\/person\/3e19676faae246bba0cb3b7e15f427d8\",\"name\":\"Annette Ahrens\",\"image\":{\"@type\":\"ImageObject\",\"@id\":\"https:\/\/annette-ahrens.at\/onlineshop\/#personlogo\",\"inLanguage\":\"de\",\"url\":\"https:\/\/annette-ahrens.at\/onlineshop\/wp-content\/uploads\/2020\/04\/aa_logo_End.png\",\"width\":800,\"height\":164,\"caption\":\"Annette Ahrens\"},\"logo\":{\"@id\":\"https:\/\/annette-ahrens.at\/onlineshop\/#personlogo\"},\"sameAs\":[\"https:\/\/annette-ahrens.at\",\"https:\/\/www.facebook.com\/AnnetteAhrensTafelkultur\",\"https:\/\/www.instagram.com\/tafelkulturistin\/\",\"https:\/\/de.wikipedia.org\/wiki\/Annette_Ahrens\"]},{\"@type\":\"WebSite\",\"@id\":\"https:\/\/annette-ahrens.at\/onlineshop\/#website\",\"url\":\"https:\/\/annette-ahrens.at\/onlineshop\/\",\"name\":\"Tafelkultur Onlineshop\",\"description\":\"Annette Ahrens\",\"publisher\":{\"@id\":\"https:\/\/annette-ahrens.at\/onlineshop\/#\/schema\/person\/3e19676faae246bba0cb3b7e15f427d8\"},\"potentialAction\":[{\"@type\":\"SearchAction\",\"target\":\"https:\/\/annette-ahrens.at\/onlineshop\/?s={search_term_string}\",\"query-input\":\"required name=search_term_string\"}],\"inLanguage\":\"de\"},{\"@type\":\"ImageObject\",\"@id\":\"https:\/\/annette-ahrens.at\/onlineshop\/produkt\/nils-johan-midcentury-sardinenheber-schweden-um-1960\/#primaryimage\",\"inLanguage\":\"de\",\"url\":\"https:\/\/annette-ahrens.at\/onlineshop\/wp-content\/uploads\/2021\/02\/IMG_0797-scaled.jpeg\",\"width\":2560,\"height\":2560,\"caption\":\"sardinenheber\"},{\"@type\":[\"WebPage\",\"ItemPage\"],\"@id\":\"https:\/\/annette-ahrens.at\/onlineshop\/produkt\/nils-johan-midcentury-sardinenheber-schweden-um-1960\/#webpage\",\"url\":\"https:\/\/annette-ahrens.at\/onlineshop\/produkt\/nils-johan-midcentury-sardinenheber-schweden-um-1960\/\",\"name\":\"Nils Johan, Midcentury Sardinenheber, Stockholm, Schweden, um 1960\",\"isPartOf\":{\"@id\":\"https:\/\/annette-ahrens.at\/onlineshop\/#website\"},\"primaryImageOfPage\":{\"@id\":\"https:\/\/annette-ahrens.at\/onlineshop\/produkt\/nils-johan-midcentury-sardinenheber-schweden-um-1960\/#primaryimage\"},\"datePublished\":\"2021-02-13T20:10:51+00:00\",\"dateModified\":\"2024-10-01T21:41:17+00:00\",\"description\":\"Nils Johan, Midcentury Sardinenheber, Stockholm, Schweden, um 1960 \\u2665 Antiquit\\u00e4ten Online kaufen \\u2713 Sichere Lieferung \\u2713\",\"breadcrumb\":{\"@id\":\"https:\/\/annette-ahrens.at\/onlineshop\/produkt\/nils-johan-midcentury-sardinenheber-schweden-um-1960\/#breadcrumb\"},\"inLanguage\":\"de\",\"potentialAction\":[{\"@type\":\"ReadAction\",\"target\":[\"https:\/\/annette-ahrens.at\/onlineshop\/produkt\/nils-johan-midcentury-sardinenheber-schweden-um-1960\/\"]}]},{\"@type\":\"BreadcrumbList\",\"@id\":\"https:\/\/annette-ahrens.at\/onlineshop\/produkt\/nils-johan-midcentury-sardinenheber-schweden-um-1960\/#breadcrumb\",\"itemListElement\":[{\"@type\":\"ListItem\",\"position\":1,\"item\":{\"@type\":\"WebPage\",\"@id\":\"https:\/\/annette-ahrens.at\/onlineshop\/\",\"url\":\"https:\/\/annette-ahrens.at\/onlineshop\/\",\"name\":\"Home\"}},{\"@type\":\"ListItem\",\"position\":2,\"item\":{\"@type\":\"WebPage\",\"@id\":\"https:\/\/annette-ahrens.at\/onlineshop\/alle-tafelkultur-objekte\/\",\"url\":\"https:\/\/annette-ahrens.at\/onlineshop\/alle-tafelkultur-objekte\/\",\"name\":\"Alle Tafelkultur Objekte\"}},{\"@type\":\"ListItem\",\"position\":3,\"item\":{\"@type\":\"WebPage\",\"@id\":\"https:\/\/annette-ahrens.at\/onlineshop\/produkt\/nils-johan-midcentury-sardinenheber-schweden-um-1960\/\",\"url\":\"https:\/\/annette-ahrens.at\/onlineshop\/produkt\/nils-johan-midcentury-sardinenheber-schweden-um-1960\/\",\"name\":\"Nils Johan, Midcentury Sardinenheber, Stockholm, Schweden, um 1960\"}}]}]}<\/script>\n<!-- \/ Yoast SEO Premium plugin. -->","_links":{"self":[{"href":"https:\/\/annette-ahrens.at\/onlineshop\/wp-json\/wp\/v2\/product\/6361","targetHints":{"allow":["GET"]}}],"collection":[{"href":"https:\/\/annette-ahrens.at\/onlineshop\/wp-json\/wp\/v2\/product"}],"about":[{"href":"https:\/\/annette-ahrens.at\/onlineshop\/wp-json\/wp\/v2\/types\/product"}],"replies":[{"embeddable":true,"href":"https:\/\/annette-ahrens.at\/onlineshop\/wp-json\/wp\/v2\/comments?post=6361"}],"wp:featuredmedia":[{"embeddable":true,"href":"https:\/\/annette-ahrens.at\/onlineshop\/wp-json\/wp\/v2\/media\/6461"}],"wp:attachment":[{"href":"https:\/\/annette-ahrens.at\/onlineshop\/wp-json\/wp\/v2\/media?parent=6361"}],"wp:term":[{"taxonomy":"product_brand","embeddable":true,"href":"https:\/\/annette-ahrens.at\/onlineshop\/wp-json\/wp\/v2\/product_brand?post=6361"},{"taxonomy":"product_cat","embeddable":true,"href":"https:\/\/annette-ahrens.at\/onlineshop\/wp-json\/wp\/v2\/product_cat?post=6361"},{"taxonomy":"product_tag","embeddable":true,"href":"https:\/\/annette-ahrens.at\/onlineshop\/wp-json\/wp\/v2\/product_tag?post=6361"}],"curies":[{"name":"wp","href":"https:\/\/api.w.org\/{rel}","templated":true}]}}