{"id":6472,"date":"2021-02-15T23:01:57","date_gmt":"2021-02-15T22:01:57","guid":{"rendered":"https:\/\/annette-ahrens.at\/onlineshop\/?post_type=product&#038;p=6472"},"modified":"2021-02-15T23:20:39","modified_gmt":"2021-02-15T22:20:39","slug":"grosser-spaetbiedermeier-tafelaufsatz-karlsbad-boehmen-um-1860","status":"publish","type":"product","link":"https:\/\/annette-ahrens.at\/onlineshop\/produkt\/grosser-spaetbiedermeier-tafelaufsatz-karlsbad-boehmen-um-1860\/","title":{"rendered":"Gro\u00dfer Sp\u00e4tbiedermeier Tafelaufsatz, Karlsbad, B\u00f6hmen, um 1860"},"content":{"rendered":"<p>Gro\u00dfer Sp\u00e4tbiedermeier Tafelaufsatz<\/p>\n<p>Christian Fischer, Karlsbad, B\u00f6hmen um 1860<\/p>\n<p>Porzellan, bunt bemalt, teilweise vergoldet, Vermicelli Malerei, quadratisches Beim mit reliefierten Voluten, aufwendige Korbschale mit Durchbruchsarbeit, gemarkt mit eingepresstem CF f\u00fcr Christian Fischer, Rostflecken der antiken Verschraubung<\/p>\n<p>H 27 cm<\/p>\n<p>Dm 28 cm<\/p>\n","protected":false},"excerpt":{"rendered":"<p>Gro\u00dfer Sp\u00e4tbiedermeier Tafelaufsatz Christian Fischer, Karlsbad, B\u00f6hmen um 1860 Porzellan, bunt bemalt, teilweise vergoldet, Vermicelli Malerei, quadratisches Beim mit reliefierten Voluten, aufwendige Korbschale mit Durchbruchsarbeit, gemarkt mit eingepresstem CF f\u00fcr Christian Fischer, Rostflecken der antiken Verschraubung H 27 cm Dm 28 cm<\/p>\n","protected":false},"featured_media":6473,"comment_status":"open","ping_status":"closed","template":"","meta":[],"product_brand":[],"product_cat":[298,32,300,294,291,292,160,21,279,281,131,162,163],"product_tag":[],"class_list":{"0":"post-6472","1":"product","2":"type-product","3":"status-publish","4":"has-post-thumbnail","6":"product_cat-buffet","7":"product_cat-festefeiern","8":"product_cat-gartenfest","9":"product_cat-geburtstag","10":"product_cat-hochzeit","11":"product_cat-muttertag","12":"product_cat-obst","13":"product_cat-obst-gemuese","14":"product_cat-schale","15":"product_cat-tafelaufsatz","16":"product_cat-tafeldekorationen","17":"product_cat-weintrauben","18":"product_cat-zitrus","20":"first","21":"instock","22":"sold-individually","23":"purchasable","24":"product-type-simple"},"yoast_head":"<!-- This site is optimized with the Yoast SEO Premium plugin v15.8.2 - https:\/\/yoast.com\/wordpress\/plugins\/seo\/ -->\n<title>Gro\u00dfer Sp\u00e4tbiedermeier Tafelaufsatz, Karlsbad, B\u00f6hmen, um 1860<\/title>\n<meta name=\"description\" content=\"Gro\u00dfer Sp\u00e4tbiedermeier Tafelaufsatz, Karlsbad, B\u00f6hmen, um 1860 \u2665 Antiquit\u00e4ten Online kaufen \u2713 Sichere Lieferung \u2713\" \/>\n<meta name=\"robots\" content=\"index, follow, max-snippet:-1, max-image-preview:large, max-video-preview:-1\" \/>\n<link rel=\"canonical\" href=\"https:\/\/annette-ahrens.at\/onlineshop\/produkt\/grosser-spaetbiedermeier-tafelaufsatz-karlsbad-boehmen-um-1860\/\" \/>\n<meta property=\"og:locale\" content=\"de_DE\" \/>\n<meta property=\"og:type\" content=\"article\" \/>\n<meta property=\"og:title\" content=\"Gro\u00dfer Sp\u00e4tbiedermeier Tafelaufsatz, Karlsbad, B\u00f6hmen, um 1860\" \/>\n<meta property=\"og:description\" content=\"Gro\u00dfer Sp\u00e4tbiedermeier Tafelaufsatz, Karlsbad, B\u00f6hmen, um 1860 \u2665 Antiquit\u00e4ten Online kaufen \u2713 Sichere Lieferung \u2713\" \/>\n<meta property=\"og:url\" content=\"https:\/\/annette-ahrens.at\/onlineshop\/produkt\/grosser-spaetbiedermeier-tafelaufsatz-karlsbad-boehmen-um-1860\/\" \/>\n<meta property=\"og:site_name\" content=\"Tafelkultur Onlineshop\" \/>\n<meta property=\"article:publisher\" content=\"https:\/\/www.facebook.com\/AnnetteAhrensTafelkultur\" \/>\n<meta property=\"article:modified_time\" content=\"2021-02-15T22:20:39+00:00\" \/>\n<meta property=\"og:image\" content=\"https:\/\/annette-ahrens.at\/onlineshop\/wp-content\/uploads\/2021\/02\/IMG_9238-scaled.jpeg\" \/>\n\t<meta property=\"og:image:width\" content=\"1920\" \/>\n\t<meta property=\"og:image:height\" content=\"2560\" \/>\n<meta name=\"twitter:card\" content=\"summary_large_image\" \/>\n<script type=\"application\/ld+json\" class=\"yoast-schema-graph\">{\"@context\":\"https:\/\/schema.org\",\"@graph\":[{\"@type\":[\"Person\",\"Organization\"],\"@id\":\"https:\/\/annette-ahrens.at\/onlineshop\/#\/schema\/person\/3e19676faae246bba0cb3b7e15f427d8\",\"name\":\"Annette Ahrens\",\"image\":{\"@type\":\"ImageObject\",\"@id\":\"https:\/\/annette-ahrens.at\/onlineshop\/#personlogo\",\"inLanguage\":\"de\",\"url\":\"https:\/\/annette-ahrens.at\/onlineshop\/wp-content\/uploads\/2020\/04\/aa_logo_End.png\",\"width\":800,\"height\":164,\"caption\":\"Annette Ahrens\"},\"logo\":{\"@id\":\"https:\/\/annette-ahrens.at\/onlineshop\/#personlogo\"},\"sameAs\":[\"https:\/\/annette-ahrens.at\",\"https:\/\/www.facebook.com\/AnnetteAhrensTafelkultur\",\"https:\/\/www.instagram.com\/tafelkulturistin\/\",\"https:\/\/de.wikipedia.org\/wiki\/Annette_Ahrens\"]},{\"@type\":\"WebSite\",\"@id\":\"https:\/\/annette-ahrens.at\/onlineshop\/#website\",\"url\":\"https:\/\/annette-ahrens.at\/onlineshop\/\",\"name\":\"Tafelkultur Onlineshop\",\"description\":\"Annette Ahrens\",\"publisher\":{\"@id\":\"https:\/\/annette-ahrens.at\/onlineshop\/#\/schema\/person\/3e19676faae246bba0cb3b7e15f427d8\"},\"potentialAction\":[{\"@type\":\"SearchAction\",\"target\":\"https:\/\/annette-ahrens.at\/onlineshop\/?s={search_term_string}\",\"query-input\":\"required name=search_term_string\"}],\"inLanguage\":\"de\"},{\"@type\":\"ImageObject\",\"@id\":\"https:\/\/annette-ahrens.at\/onlineshop\/produkt\/grosser-spaetbiedermeier-tafelaufsatz-karlsbad-boehmen-um-1860\/#primaryimage\",\"inLanguage\":\"de\",\"url\":\"https:\/\/annette-ahrens.at\/onlineshop\/wp-content\/uploads\/2021\/02\/IMG_9238-scaled.jpeg\",\"width\":1920,\"height\":2560,\"caption\":\"tafelaufsatz_porzellan\"},{\"@type\":[\"WebPage\",\"ItemPage\"],\"@id\":\"https:\/\/annette-ahrens.at\/onlineshop\/produkt\/grosser-spaetbiedermeier-tafelaufsatz-karlsbad-boehmen-um-1860\/#webpage\",\"url\":\"https:\/\/annette-ahrens.at\/onlineshop\/produkt\/grosser-spaetbiedermeier-tafelaufsatz-karlsbad-boehmen-um-1860\/\",\"name\":\"Gro\\u00dfer Sp\\u00e4tbiedermeier Tafelaufsatz, Karlsbad, B\\u00f6hmen, um 1860\",\"isPartOf\":{\"@id\":\"https:\/\/annette-ahrens.at\/onlineshop\/#website\"},\"primaryImageOfPage\":{\"@id\":\"https:\/\/annette-ahrens.at\/onlineshop\/produkt\/grosser-spaetbiedermeier-tafelaufsatz-karlsbad-boehmen-um-1860\/#primaryimage\"},\"datePublished\":\"2021-02-15T22:01:57+00:00\",\"dateModified\":\"2021-02-15T22:20:39+00:00\",\"description\":\"Gro\\u00dfer Sp\\u00e4tbiedermeier Tafelaufsatz, Karlsbad, B\\u00f6hmen, um 1860 \\u2665 Antiquit\\u00e4ten Online kaufen \\u2713 Sichere Lieferung \\u2713\",\"breadcrumb\":{\"@id\":\"https:\/\/annette-ahrens.at\/onlineshop\/produkt\/grosser-spaetbiedermeier-tafelaufsatz-karlsbad-boehmen-um-1860\/#breadcrumb\"},\"inLanguage\":\"de\",\"potentialAction\":[{\"@type\":\"ReadAction\",\"target\":[\"https:\/\/annette-ahrens.at\/onlineshop\/produkt\/grosser-spaetbiedermeier-tafelaufsatz-karlsbad-boehmen-um-1860\/\"]}]},{\"@type\":\"BreadcrumbList\",\"@id\":\"https:\/\/annette-ahrens.at\/onlineshop\/produkt\/grosser-spaetbiedermeier-tafelaufsatz-karlsbad-boehmen-um-1860\/#breadcrumb\",\"itemListElement\":[{\"@type\":\"ListItem\",\"position\":1,\"item\":{\"@type\":\"WebPage\",\"@id\":\"https:\/\/annette-ahrens.at\/onlineshop\/\",\"url\":\"https:\/\/annette-ahrens.at\/onlineshop\/\",\"name\":\"Home\"}},{\"@type\":\"ListItem\",\"position\":2,\"item\":{\"@type\":\"WebPage\",\"@id\":\"https:\/\/annette-ahrens.at\/onlineshop\/alle-tafelkultur-objekte\/\",\"url\":\"https:\/\/annette-ahrens.at\/onlineshop\/alle-tafelkultur-objekte\/\",\"name\":\"Alle Tafelkultur Objekte\"}},{\"@type\":\"ListItem\",\"position\":3,\"item\":{\"@type\":\"WebPage\",\"@id\":\"https:\/\/annette-ahrens.at\/onlineshop\/produkt\/grosser-spaetbiedermeier-tafelaufsatz-karlsbad-boehmen-um-1860\/\",\"url\":\"https:\/\/annette-ahrens.at\/onlineshop\/produkt\/grosser-spaetbiedermeier-tafelaufsatz-karlsbad-boehmen-um-1860\/\",\"name\":\"Gro\\u00dfer Sp\\u00e4tbiedermeier Tafelaufsatz, Karlsbad, B\\u00f6hmen, um 1860\"}}]}]}<\/script>\n<!-- \/ Yoast SEO Premium plugin. -->","_links":{"self":[{"href":"https:\/\/annette-ahrens.at\/onlineshop\/wp-json\/wp\/v2\/product\/6472","targetHints":{"allow":["GET"]}}],"collection":[{"href":"https:\/\/annette-ahrens.at\/onlineshop\/wp-json\/wp\/v2\/product"}],"about":[{"href":"https:\/\/annette-ahrens.at\/onlineshop\/wp-json\/wp\/v2\/types\/product"}],"replies":[{"embeddable":true,"href":"https:\/\/annette-ahrens.at\/onlineshop\/wp-json\/wp\/v2\/comments?post=6472"}],"wp:featuredmedia":[{"embeddable":true,"href":"https:\/\/annette-ahrens.at\/onlineshop\/wp-json\/wp\/v2\/media\/6473"}],"wp:attachment":[{"href":"https:\/\/annette-ahrens.at\/onlineshop\/wp-json\/wp\/v2\/media?parent=6472"}],"wp:term":[{"taxonomy":"product_brand","embeddable":true,"href":"https:\/\/annette-ahrens.at\/onlineshop\/wp-json\/wp\/v2\/product_brand?post=6472"},{"taxonomy":"product_cat","embeddable":true,"href":"https:\/\/annette-ahrens.at\/onlineshop\/wp-json\/wp\/v2\/product_cat?post=6472"},{"taxonomy":"product_tag","embeddable":true,"href":"https:\/\/annette-ahrens.at\/onlineshop\/wp-json\/wp\/v2\/product_tag?post=6472"}],"curies":[{"name":"wp","href":"https:\/\/api.w.org\/{rel}","templated":true}]}}