{"id":6486,"date":"2021-02-16T00:10:20","date_gmt":"2021-02-15T23:10:20","guid":{"rendered":"https:\/\/annette-ahrens.at\/onlineshop\/?post_type=product&#038;p=6486"},"modified":"2024-10-18T09:54:20","modified_gmt":"2024-10-18T07:54:20","slug":"silberner-biedermeier-tafelaufsatz-wien-um-1850-2","status":"publish","type":"product","link":"https:\/\/annette-ahrens.at\/onlineshop\/produkt\/silberner-biedermeier-tafelaufsatz-wien-um-1850-2\/","title":{"rendered":"Silberner Biedermeier Tafelaufsatz, Wien, um 1850"},"content":{"rendered":"<p>Silberner Biedermeier Tafelaufsatz<\/p>\n<p>Wien, \u00d6sterreich-Ungarische Monarchie, um 1850<\/p>\n<p>Silber, ovaler Fuss mit getriebenem Rocaillendekor, reliefierter Schaft mit gefl\u00fcgelten Greifen, geschliffene Aufsatzschale aus Glas mit blauem \u00dcberfang, Fuss gemarkt Alt Wiener Radpunze, handpolierter Erhaltungszustand<\/p>\n<p>H 16 cm<\/p>\n<p>Dm 18 x 14 cm (Schale)<\/p>\n","protected":false},"excerpt":{"rendered":"<p>Annettes Etikette: Dieser Tafelaufsatz hat einen besonders virtuos ausgef\u00fchrten, typischen Dekor des Wiener Biedermeiers in Relieftechnik Aus dem kostbaren Material Silber wurde vom Silberschmied in m\u00fchevoller Dr\u00fcckarbeit diese Plastizit\u00e4t erreicht. Ein idealer Begleiter f\u00fcr den gepflegten Nachmittagstee, mit oder ohne Selbstgebackenem.<\/p>\n","protected":false},"featured_media":6487,"comment_status":"open","ping_status":"closed","template":"","meta":[],"product_brand":[],"product_cat":[25,297,18,31,294,275,291,198,292,51,132,273,281,131,53,308,26],"product_tag":[],"class_list":{"0":"post-6486","1":"product","2":"type-product","3":"status-publish","4":"has-post-thumbnail","6":"product_cat-5o-clock-tea","7":"product_cat-adventjause","8":"product_cat-fruehstueck","9":"product_cat-gastgeschenke","10":"product_cat-geburtstag","11":"product_cat-glas-fachbuecher","12":"product_cat-hochzeit","13":"product_cat-kuchen","14":"product_cat-muttertag","15":"product_cat-ostern","16":"product_cat-silber","17":"product_cat-silber-fachbuecher","18":"product_cat-tafelaufsatz","19":"product_cat-tafeldekorationen","20":"product_cat-weihnachten","21":"product_cat-weihnachtsgebaeck","22":"product_cat-wiener-melange","24":"first","25":"instock","26":"sold-individually","27":"purchasable","28":"product-type-simple"},"yoast_head":"<!-- This site is optimized with the Yoast SEO Premium plugin v15.8.2 - https:\/\/yoast.com\/wordpress\/plugins\/seo\/ -->\n<title>Silberner Biedermeier Tafelaufsatz, Wien, um 1850<\/title>\n<meta name=\"description\" content=\"Silberner Biedermeier Tafelaufsatz, Wien, um 1850 \u2665 Antiquit\u00e4ten Online kaufen \u2713 Sichere Lieferung \u2713\" \/>\n<meta name=\"robots\" content=\"index, follow, max-snippet:-1, max-image-preview:large, max-video-preview:-1\" \/>\n<link rel=\"canonical\" href=\"https:\/\/annette-ahrens.at\/onlineshop\/produkt\/silberner-biedermeier-tafelaufsatz-wien-um-1850-2\/\" \/>\n<meta property=\"og:locale\" content=\"de_DE\" \/>\n<meta property=\"og:type\" content=\"article\" \/>\n<meta property=\"og:title\" content=\"Silberner Biedermeier Tafelaufsatz, Wien, um 1850\" \/>\n<meta property=\"og:description\" content=\"Silberner Biedermeier Tafelaufsatz, Wien, um 1850 \u2665 Antiquit\u00e4ten Online kaufen \u2713 Sichere Lieferung \u2713\" \/>\n<meta property=\"og:url\" content=\"https:\/\/annette-ahrens.at\/onlineshop\/produkt\/silberner-biedermeier-tafelaufsatz-wien-um-1850-2\/\" \/>\n<meta property=\"og:site_name\" content=\"Tafelkultur Onlineshop\" \/>\n<meta property=\"article:publisher\" content=\"https:\/\/www.facebook.com\/AnnetteAhrensTafelkultur\" \/>\n<meta property=\"article:modified_time\" content=\"2024-10-18T07:54:20+00:00\" \/>\n<meta property=\"og:image\" content=\"https:\/\/annette-ahrens.at\/onlineshop\/wp-content\/uploads\/2021\/02\/IMG_0648-scaled.jpeg\" \/>\n\t<meta property=\"og:image:width\" content=\"2560\" \/>\n\t<meta property=\"og:image:height\" content=\"2560\" \/>\n<meta name=\"twitter:card\" content=\"summary_large_image\" \/>\n<meta name=\"twitter:label1\" content=\"Gesch\u00e4tzte Lesezeit\">\n\t<meta name=\"twitter:data1\" content=\"1\u00a0Minute\">\n<script type=\"application\/ld+json\" class=\"yoast-schema-graph\">{\"@context\":\"https:\/\/schema.org\",\"@graph\":[{\"@type\":[\"Person\",\"Organization\"],\"@id\":\"https:\/\/annette-ahrens.at\/onlineshop\/#\/schema\/person\/3e19676faae246bba0cb3b7e15f427d8\",\"name\":\"Annette Ahrens\",\"image\":{\"@type\":\"ImageObject\",\"@id\":\"https:\/\/annette-ahrens.at\/onlineshop\/#personlogo\",\"inLanguage\":\"de\",\"url\":\"https:\/\/annette-ahrens.at\/onlineshop\/wp-content\/uploads\/2020\/04\/aa_logo_End.png\",\"width\":800,\"height\":164,\"caption\":\"Annette Ahrens\"},\"logo\":{\"@id\":\"https:\/\/annette-ahrens.at\/onlineshop\/#personlogo\"},\"sameAs\":[\"https:\/\/annette-ahrens.at\",\"https:\/\/www.facebook.com\/AnnetteAhrensTafelkultur\",\"https:\/\/www.instagram.com\/tafelkulturistin\/\",\"https:\/\/de.wikipedia.org\/wiki\/Annette_Ahrens\"]},{\"@type\":\"WebSite\",\"@id\":\"https:\/\/annette-ahrens.at\/onlineshop\/#website\",\"url\":\"https:\/\/annette-ahrens.at\/onlineshop\/\",\"name\":\"Tafelkultur Onlineshop\",\"description\":\"Annette Ahrens\",\"publisher\":{\"@id\":\"https:\/\/annette-ahrens.at\/onlineshop\/#\/schema\/person\/3e19676faae246bba0cb3b7e15f427d8\"},\"potentialAction\":[{\"@type\":\"SearchAction\",\"target\":\"https:\/\/annette-ahrens.at\/onlineshop\/?s={search_term_string}\",\"query-input\":\"required name=search_term_string\"}],\"inLanguage\":\"de\"},{\"@type\":\"ImageObject\",\"@id\":\"https:\/\/annette-ahrens.at\/onlineshop\/produkt\/silberner-biedermeier-tafelaufsatz-wien-um-1850-2\/#primaryimage\",\"inLanguage\":\"de\",\"url\":\"https:\/\/annette-ahrens.at\/onlineshop\/wp-content\/uploads\/2021\/02\/IMG_0648-scaled.jpeg\",\"width\":2560,\"height\":2560,\"caption\":\"aufsatz_altwien\"},{\"@type\":[\"WebPage\",\"ItemPage\"],\"@id\":\"https:\/\/annette-ahrens.at\/onlineshop\/produkt\/silberner-biedermeier-tafelaufsatz-wien-um-1850-2\/#webpage\",\"url\":\"https:\/\/annette-ahrens.at\/onlineshop\/produkt\/silberner-biedermeier-tafelaufsatz-wien-um-1850-2\/\",\"name\":\"Silberner Biedermeier Tafelaufsatz, Wien, um 1850\",\"isPartOf\":{\"@id\":\"https:\/\/annette-ahrens.at\/onlineshop\/#website\"},\"primaryImageOfPage\":{\"@id\":\"https:\/\/annette-ahrens.at\/onlineshop\/produkt\/silberner-biedermeier-tafelaufsatz-wien-um-1850-2\/#primaryimage\"},\"datePublished\":\"2021-02-15T23:10:20+00:00\",\"dateModified\":\"2024-10-18T07:54:20+00:00\",\"description\":\"Silberner Biedermeier Tafelaufsatz, Wien, um 1850 \\u2665 Antiquit\\u00e4ten Online kaufen \\u2713 Sichere Lieferung \\u2713\",\"breadcrumb\":{\"@id\":\"https:\/\/annette-ahrens.at\/onlineshop\/produkt\/silberner-biedermeier-tafelaufsatz-wien-um-1850-2\/#breadcrumb\"},\"inLanguage\":\"de\",\"potentialAction\":[{\"@type\":\"ReadAction\",\"target\":[\"https:\/\/annette-ahrens.at\/onlineshop\/produkt\/silberner-biedermeier-tafelaufsatz-wien-um-1850-2\/\"]}]},{\"@type\":\"BreadcrumbList\",\"@id\":\"https:\/\/annette-ahrens.at\/onlineshop\/produkt\/silberner-biedermeier-tafelaufsatz-wien-um-1850-2\/#breadcrumb\",\"itemListElement\":[{\"@type\":\"ListItem\",\"position\":1,\"item\":{\"@type\":\"WebPage\",\"@id\":\"https:\/\/annette-ahrens.at\/onlineshop\/\",\"url\":\"https:\/\/annette-ahrens.at\/onlineshop\/\",\"name\":\"Home\"}},{\"@type\":\"ListItem\",\"position\":2,\"item\":{\"@type\":\"WebPage\",\"@id\":\"https:\/\/annette-ahrens.at\/onlineshop\/alle-tafelkultur-objekte\/\",\"url\":\"https:\/\/annette-ahrens.at\/onlineshop\/alle-tafelkultur-objekte\/\",\"name\":\"Alle Tafelkultur Objekte\"}},{\"@type\":\"ListItem\",\"position\":3,\"item\":{\"@type\":\"WebPage\",\"@id\":\"https:\/\/annette-ahrens.at\/onlineshop\/produkt\/silberner-biedermeier-tafelaufsatz-wien-um-1850-2\/\",\"url\":\"https:\/\/annette-ahrens.at\/onlineshop\/produkt\/silberner-biedermeier-tafelaufsatz-wien-um-1850-2\/\",\"name\":\"Silberner Biedermeier Tafelaufsatz, Wien, um 1850\"}}]}]}<\/script>\n<!-- \/ Yoast SEO Premium plugin. -->","_links":{"self":[{"href":"https:\/\/annette-ahrens.at\/onlineshop\/wp-json\/wp\/v2\/product\/6486","targetHints":{"allow":["GET"]}}],"collection":[{"href":"https:\/\/annette-ahrens.at\/onlineshop\/wp-json\/wp\/v2\/product"}],"about":[{"href":"https:\/\/annette-ahrens.at\/onlineshop\/wp-json\/wp\/v2\/types\/product"}],"replies":[{"embeddable":true,"href":"https:\/\/annette-ahrens.at\/onlineshop\/wp-json\/wp\/v2\/comments?post=6486"}],"wp:featuredmedia":[{"embeddable":true,"href":"https:\/\/annette-ahrens.at\/onlineshop\/wp-json\/wp\/v2\/media\/6487"}],"wp:attachment":[{"href":"https:\/\/annette-ahrens.at\/onlineshop\/wp-json\/wp\/v2\/media?parent=6486"}],"wp:term":[{"taxonomy":"product_brand","embeddable":true,"href":"https:\/\/annette-ahrens.at\/onlineshop\/wp-json\/wp\/v2\/product_brand?post=6486"},{"taxonomy":"product_cat","embeddable":true,"href":"https:\/\/annette-ahrens.at\/onlineshop\/wp-json\/wp\/v2\/product_cat?post=6486"},{"taxonomy":"product_tag","embeddable":true,"href":"https:\/\/annette-ahrens.at\/onlineshop\/wp-json\/wp\/v2\/product_tag?post=6486"}],"curies":[{"name":"wp","href":"https:\/\/api.w.org\/{rel}","templated":true}]}}