{"id":6561,"date":"2021-02-17T00:15:22","date_gmt":"2021-02-16T23:15:22","guid":{"rendered":"https:\/\/annette-ahrens.at\/onlineshop\/?post_type=product&#038;p=6561"},"modified":"2024-01-04T23:50:51","modified_gmt":"2024-01-04T22:50:51","slug":"silbernes-fischbesteck-eselsruecken-fuer-12-personen-fa-jarosinski-vaugoin-wien-1872-1922","status":"publish","type":"product","link":"https:\/\/annette-ahrens.at\/onlineshop\/produkt\/silbernes-fischbesteck-eselsruecken-fuer-12-personen-fa-jarosinski-vaugoin-wien-1872-1922\/","title":{"rendered":"Silbernes Fischbesteck &#8222;Eselsr\u00fccken&#8220; f\u00fcr 12 Personen, Fa. Jarosinski &#038; Vaugoin, Wien 1872-1922"},"content":{"rendered":"<p>Silbernes Fischbesteck f\u00fcr 12 Personen<\/p>\n<p>Fa. Jarosinski &amp; Vaugoin und V. Mayer &amp; S\u00f6hne, Wien 1872-1922<\/p>\n<p>Silber, 24 Hefte in Eselsr\u00fccken-Facon, gemarkt Dianakopfpunze Wien 1872 &#8211; 1922 und Firmenzeichen Kelch f\u00fcr Fa. Jarosinski &amp; Vaugoin, 12 silberne Klingen und 12 silberne Gabelaufs\u00e4tze (6 und 6)<\/p>\n<p>Fischmesser L\u00e4nge 20,5 cm<\/p>\n<p>Fischgabel L\u00e4nge 19,2 cm<\/p>\n<p>Fischvorlegemesser L\u00e4nge 26 cm<\/p>\n<p>Fischvorlegegabel L\u00e4nge 24,4 cm<\/p>\n","protected":false},"excerpt":{"rendered":"<p>Annettes Etikette: Die renommierte, noch bestehende Wiener Silberschmiede Jarosinski &amp; Vaugoin wurde vor 170 Jahren von Carl Vaugoin in Wien Neubau gegr\u00fcndet. 1901 tritt Ladislaus Jarosinski in die Firma ein, der auf die Herstellung von schweren, handgeschlagenen Bestecken spezialisiert war. Bis zu 200 verschiedene Besteckmuster k\u00f6nnen nach originalen Stanzen bestellt werden. Die Form &#8222;Eselsr\u00fccken&#8220; geh\u00f6rt zu den beliebtesten Besteckformen, wobei ein Fischbesteck f\u00fcr 12 Personen selten zu finden ist. Heute wird der Handwerksbetrieb in f\u00fcnfter Generation von Jean-Paul Vaugoin geleitet.<\/p>\n","protected":false},"featured_media":6562,"comment_status":"open","ping_status":"closed","template":"","meta":[],"product_brand":[],"product_cat":[30,32,309,167,203,240,291,47,292,273,296,239,53],"product_tag":[],"class_list":{"0":"post-6561","1":"product","2":"type-product","3":"status-publish","4":"has-post-thumbnail","6":"product_cat-besteck","7":"product_cat-festefeiern","8":"product_cat-fisch-weihnachten","9":"product_cat-fisch","10":"product_cat-fisch-speisen","11":"product_cat-fischbesteck","12":"product_cat-hochzeit","13":"product_cat-meerestiere","14":"product_cat-muttertag","15":"product_cat-silber-fachbuecher","16":"product_cat-silvester","17":"product_cat-spezialbestecke","18":"product_cat-weihnachten","20":"first","21":"instock","22":"sold-individually","23":"purchasable","24":"product-type-simple"},"yoast_head":"<!-- This site is optimized with the Yoast SEO Premium plugin v15.8.2 - https:\/\/yoast.com\/wordpress\/plugins\/seo\/ -->\n<title>Silbernes Fischbesteck &quot;Eselsr\u00fccken&quot; f\u00fcr 12 Personen, Fa. Jarosinski &amp; Vaugoin, Wien 1872-1922<\/title>\n<meta name=\"description\" content=\"Silbernes Fischbesteck &quot;Eselsr\u00fccken&quot; f\u00fcr 12 Personen, Fa. Jarosinski &amp; Vaugoin, Wien 1872-1922 \u2665 Antiquit\u00e4ten Online kaufen \u2713 Sichere Lieferung \u2713\" \/>\n<meta name=\"robots\" content=\"index, follow, max-snippet:-1, max-image-preview:large, max-video-preview:-1\" \/>\n<link rel=\"canonical\" href=\"https:\/\/annette-ahrens.at\/onlineshop\/produkt\/silbernes-fischbesteck-eselsruecken-fuer-12-personen-fa-jarosinski-vaugoin-wien-1872-1922\/\" \/>\n<meta property=\"og:locale\" content=\"de_DE\" \/>\n<meta property=\"og:type\" content=\"article\" \/>\n<meta property=\"og:title\" content=\"Silbernes Fischbesteck &quot;Eselsr\u00fccken&quot; f\u00fcr 12 Personen, Fa. Jarosinski &amp; Vaugoin, Wien 1872-1922\" \/>\n<meta property=\"og:description\" content=\"Silbernes Fischbesteck &quot;Eselsr\u00fccken&quot; f\u00fcr 12 Personen, Fa. Jarosinski &amp; Vaugoin, Wien 1872-1922 \u2665 Antiquit\u00e4ten Online kaufen \u2713 Sichere Lieferung \u2713\" \/>\n<meta property=\"og:url\" content=\"https:\/\/annette-ahrens.at\/onlineshop\/produkt\/silbernes-fischbesteck-eselsruecken-fuer-12-personen-fa-jarosinski-vaugoin-wien-1872-1922\/\" \/>\n<meta property=\"og:site_name\" content=\"Tafelkultur Onlineshop\" \/>\n<meta property=\"article:publisher\" content=\"https:\/\/www.facebook.com\/AnnetteAhrensTafelkultur\" \/>\n<meta property=\"article:modified_time\" content=\"2024-01-04T22:50:51+00:00\" \/>\n<meta property=\"og:image\" content=\"https:\/\/annette-ahrens.at\/onlineshop\/wp-content\/uploads\/2021\/02\/IMG_0979-scaled.jpeg\" \/>\n\t<meta property=\"og:image:width\" content=\"2560\" \/>\n\t<meta property=\"og:image:height\" content=\"2560\" \/>\n<meta name=\"twitter:card\" content=\"summary_large_image\" \/>\n<meta name=\"twitter:label1\" content=\"Gesch\u00e4tzte Lesezeit\">\n\t<meta name=\"twitter:data1\" content=\"1\u00a0Minute\">\n<script type=\"application\/ld+json\" class=\"yoast-schema-graph\">{\"@context\":\"https:\/\/schema.org\",\"@graph\":[{\"@type\":[\"Person\",\"Organization\"],\"@id\":\"https:\/\/annette-ahrens.at\/onlineshop\/#\/schema\/person\/3e19676faae246bba0cb3b7e15f427d8\",\"name\":\"Annette Ahrens\",\"image\":{\"@type\":\"ImageObject\",\"@id\":\"https:\/\/annette-ahrens.at\/onlineshop\/#personlogo\",\"inLanguage\":\"de\",\"url\":\"https:\/\/annette-ahrens.at\/onlineshop\/wp-content\/uploads\/2020\/04\/aa_logo_End.png\",\"width\":800,\"height\":164,\"caption\":\"Annette Ahrens\"},\"logo\":{\"@id\":\"https:\/\/annette-ahrens.at\/onlineshop\/#personlogo\"},\"sameAs\":[\"https:\/\/annette-ahrens.at\",\"https:\/\/www.facebook.com\/AnnetteAhrensTafelkultur\",\"https:\/\/www.instagram.com\/tafelkulturistin\/\",\"https:\/\/de.wikipedia.org\/wiki\/Annette_Ahrens\"]},{\"@type\":\"WebSite\",\"@id\":\"https:\/\/annette-ahrens.at\/onlineshop\/#website\",\"url\":\"https:\/\/annette-ahrens.at\/onlineshop\/\",\"name\":\"Tafelkultur Onlineshop\",\"description\":\"Annette Ahrens\",\"publisher\":{\"@id\":\"https:\/\/annette-ahrens.at\/onlineshop\/#\/schema\/person\/3e19676faae246bba0cb3b7e15f427d8\"},\"potentialAction\":[{\"@type\":\"SearchAction\",\"target\":\"https:\/\/annette-ahrens.at\/onlineshop\/?s={search_term_string}\",\"query-input\":\"required name=search_term_string\"}],\"inLanguage\":\"de\"},{\"@type\":\"ImageObject\",\"@id\":\"https:\/\/annette-ahrens.at\/onlineshop\/produkt\/silbernes-fischbesteck-eselsruecken-fuer-12-personen-fa-jarosinski-vaugoin-wien-1872-1922\/#primaryimage\",\"inLanguage\":\"de\",\"url\":\"https:\/\/annette-ahrens.at\/onlineshop\/wp-content\/uploads\/2021\/02\/IMG_0979-scaled.jpeg\",\"width\":2560,\"height\":2560,\"caption\":\"fischbesteck_silber\"},{\"@type\":[\"WebPage\",\"ItemPage\"],\"@id\":\"https:\/\/annette-ahrens.at\/onlineshop\/produkt\/silbernes-fischbesteck-eselsruecken-fuer-12-personen-fa-jarosinski-vaugoin-wien-1872-1922\/#webpage\",\"url\":\"https:\/\/annette-ahrens.at\/onlineshop\/produkt\/silbernes-fischbesteck-eselsruecken-fuer-12-personen-fa-jarosinski-vaugoin-wien-1872-1922\/\",\"name\":\"Silbernes Fischbesteck \\\"Eselsr\\u00fccken\\\" f\\u00fcr 12 Personen, Fa. Jarosinski & Vaugoin, Wien 1872-1922\",\"isPartOf\":{\"@id\":\"https:\/\/annette-ahrens.at\/onlineshop\/#website\"},\"primaryImageOfPage\":{\"@id\":\"https:\/\/annette-ahrens.at\/onlineshop\/produkt\/silbernes-fischbesteck-eselsruecken-fuer-12-personen-fa-jarosinski-vaugoin-wien-1872-1922\/#primaryimage\"},\"datePublished\":\"2021-02-16T23:15:22+00:00\",\"dateModified\":\"2024-01-04T22:50:51+00:00\",\"description\":\"Silbernes Fischbesteck \\\"Eselsr\\u00fccken\\\" f\\u00fcr 12 Personen, Fa. Jarosinski & Vaugoin, Wien 1872-1922 \\u2665 Antiquit\\u00e4ten Online kaufen \\u2713 Sichere Lieferung \\u2713\",\"breadcrumb\":{\"@id\":\"https:\/\/annette-ahrens.at\/onlineshop\/produkt\/silbernes-fischbesteck-eselsruecken-fuer-12-personen-fa-jarosinski-vaugoin-wien-1872-1922\/#breadcrumb\"},\"inLanguage\":\"de\",\"potentialAction\":[{\"@type\":\"ReadAction\",\"target\":[\"https:\/\/annette-ahrens.at\/onlineshop\/produkt\/silbernes-fischbesteck-eselsruecken-fuer-12-personen-fa-jarosinski-vaugoin-wien-1872-1922\/\"]}]},{\"@type\":\"BreadcrumbList\",\"@id\":\"https:\/\/annette-ahrens.at\/onlineshop\/produkt\/silbernes-fischbesteck-eselsruecken-fuer-12-personen-fa-jarosinski-vaugoin-wien-1872-1922\/#breadcrumb\",\"itemListElement\":[{\"@type\":\"ListItem\",\"position\":1,\"item\":{\"@type\":\"WebPage\",\"@id\":\"https:\/\/annette-ahrens.at\/onlineshop\/\",\"url\":\"https:\/\/annette-ahrens.at\/onlineshop\/\",\"name\":\"Home\"}},{\"@type\":\"ListItem\",\"position\":2,\"item\":{\"@type\":\"WebPage\",\"@id\":\"https:\/\/annette-ahrens.at\/onlineshop\/alle-tafelkultur-objekte\/\",\"url\":\"https:\/\/annette-ahrens.at\/onlineshop\/alle-tafelkultur-objekte\/\",\"name\":\"Alle Tafelkultur Objekte\"}},{\"@type\":\"ListItem\",\"position\":3,\"item\":{\"@type\":\"WebPage\",\"@id\":\"https:\/\/annette-ahrens.at\/onlineshop\/produkt\/silbernes-fischbesteck-eselsruecken-fuer-12-personen-fa-jarosinski-vaugoin-wien-1872-1922\/\",\"url\":\"https:\/\/annette-ahrens.at\/onlineshop\/produkt\/silbernes-fischbesteck-eselsruecken-fuer-12-personen-fa-jarosinski-vaugoin-wien-1872-1922\/\",\"name\":\"Silbernes Fischbesteck &#8220;Eselsr\\u00fccken&#8221; f\\u00fcr 12 Personen, Fa. Jarosinski &#038; Vaugoin, Wien 1872-1922\"}}]}]}<\/script>\n<!-- \/ Yoast SEO Premium plugin. -->","_links":{"self":[{"href":"https:\/\/annette-ahrens.at\/onlineshop\/wp-json\/wp\/v2\/product\/6561","targetHints":{"allow":["GET"]}}],"collection":[{"href":"https:\/\/annette-ahrens.at\/onlineshop\/wp-json\/wp\/v2\/product"}],"about":[{"href":"https:\/\/annette-ahrens.at\/onlineshop\/wp-json\/wp\/v2\/types\/product"}],"replies":[{"embeddable":true,"href":"https:\/\/annette-ahrens.at\/onlineshop\/wp-json\/wp\/v2\/comments?post=6561"}],"wp:featuredmedia":[{"embeddable":true,"href":"https:\/\/annette-ahrens.at\/onlineshop\/wp-json\/wp\/v2\/media\/6562"}],"wp:attachment":[{"href":"https:\/\/annette-ahrens.at\/onlineshop\/wp-json\/wp\/v2\/media?parent=6561"}],"wp:term":[{"taxonomy":"product_brand","embeddable":true,"href":"https:\/\/annette-ahrens.at\/onlineshop\/wp-json\/wp\/v2\/product_brand?post=6561"},{"taxonomy":"product_cat","embeddable":true,"href":"https:\/\/annette-ahrens.at\/onlineshop\/wp-json\/wp\/v2\/product_cat?post=6561"},{"taxonomy":"product_tag","embeddable":true,"href":"https:\/\/annette-ahrens.at\/onlineshop\/wp-json\/wp\/v2\/product_tag?post=6561"}],"curies":[{"name":"wp","href":"https:\/\/api.w.org\/{rel}","templated":true}]}}