{"id":6749,"date":"2021-02-23T00:14:19","date_gmt":"2021-02-22T23:14:19","guid":{"rendered":"https:\/\/annette-ahrens.at\/onlineshop\/?post_type=product&#038;p=6749"},"modified":"2023-12-09T15:24:55","modified_gmt":"2023-12-09T14:24:55","slug":"4-mokkatassen-mit-brotteller-form-2000-fa-rosenthal-1956","status":"publish","type":"product","link":"https:\/\/annette-ahrens.at\/onlineshop\/produkt\/4-mokkatassen-mit-brotteller-form-2000-fa-rosenthal-1956\/","title":{"rendered":"Raymond Loewy, Kaffee-Service, Form 2000, Fa. Rosenthal, 1956"},"content":{"rendered":"<p>Kaffeeservice Form 2000<\/p>\n<p>Entwurf: Raymond Loewy f\u00fcr Fa. Rosenthal, 1956<\/p>\n<p>Porzellan, weiss glasiert, Dekor &#8222;Seidenbast&#8220;, bestehend aus\u00a06 Tassen mit Untertellern, Kaffeekanne mit Deckel, Zuckerdose mit Deckel, 2 Milchk\u00e4nnchen und 6 Brottellern, Unterseite mit unterglasurgr\u00fcner Manufakturmarke Selb &#8222;Rosenthal Germany&#8220;<\/p>\n<p>Dm Teller 19 cm<\/p>\n<p>Dm Tasse 7,2 \u00a0cm<\/p>\n<p>Dm Untertasse 14,5 cm<\/p>\n<p>H 21 cm (Kaffeekanne)<\/p>\n<p><span style=\"font-size: 12pt; font-family: 'Roboto Slab';\">Literatur: Ausstellungs-Katalog Kestner Museum Hannover &#8222;Rosenthal &#8211; Hundert Jahre Porzellan&#8220; Seite 90 mit Abbildung; Bernd Fritz, Neue Formen bei Rosenthal, in: Raymond Loewy, Pionier des Amerikanischen Industriedesigns, M\u00fcnchen, 1990, Seite 135 <\/span><\/p>\n","protected":false},"excerpt":{"rendered":"<p>Annette\u00b4s Etikette: Das Service Form Nr. 2000 wurde erstmals auf der Messe in Hannover 1954 vorgestellt. Im Laufe der Produktionszeit wurden ann\u00e4hernd 200 Dekorvarianten herausgebracht, dieser Ursprungsdekor &#8222;Seidenbast&#8220; ist aber eher selten.\u00a0Dieser Dekor ist eine fr\u00fche Variante eines Musters, das sich vielfach auf den Resopal Kunststofffl\u00e4chen von K\u00fcchenm\u00f6beln in den 50er Jahren findet. Rosenthal selbst nennt als Entwerfer nicht nur Raymond Loewy (5. November 1893 Paris &#8211; 14. Juli 1986 Monaco), sondern auch Richard S. Latham, der in Loewys B\u00fcro f\u00fcr die Zusammenarbeit mit Rosenthal zust\u00e4ndig war.<\/p>\n","protected":false},"featured_media":9860,"comment_status":"open","ping_status":"closed","template":"","meta":[],"product_brand":[],"product_cat":[297,136,18,294,191,217,291,37,226,148,20,155,156,147,292,51,274,53,157,158],"product_tag":[],"class_list":{"0":"post-6749","1":"product","2":"type-product","3":"status-publish","4":"has-post-thumbnail","6":"product_cat-adventjause","7":"product_cat-aufs-brot","8":"product_cat-fruehstueck","9":"product_cat-geburtstag","10":"product_cat-hauptspeise","11":"product_cat-heissgetraenke","12":"product_cat-hochzeit","13":"product_cat-kaffee","14":"product_cat-kaffee-tee","15":"product_cat-kaffeekannen","16":"product_cat-lunchtime","17":"product_cat-milchgiesser","18":"product_cat-milchkanne","19":"product_cat-moccatassen","20":"product_cat-muttertag","21":"product_cat-ostern","22":"product_cat-porzellan-fachbuecher","23":"product_cat-weihnachten","24":"product_cat-zucker-fruehstueck","25":"product_cat-zuckerdose","27":"first","28":"instock","29":"sold-individually","30":"purchasable","31":"product-type-simple"},"yoast_head":"<!-- This site is optimized with the Yoast SEO Premium plugin v15.8.2 - https:\/\/yoast.com\/wordpress\/plugins\/seo\/ -->\n<title>Raymond Loewy, Kaffee-Service, Form 2000, Fa. Rosenthal, 1956<\/title>\n<meta name=\"description\" content=\"Raymond Loewy, Kaffee-Service, Form 2000, Fa. Rosenthal, 1956 \u2665 Antiquit\u00e4ten Online kaufen \u2713 Sichere Lieferung \u2713\" \/>\n<meta name=\"robots\" content=\"index, follow, max-snippet:-1, max-image-preview:large, max-video-preview:-1\" \/>\n<link rel=\"canonical\" href=\"https:\/\/annette-ahrens.at\/onlineshop\/produkt\/4-mokkatassen-mit-brotteller-form-2000-fa-rosenthal-1956\/\" \/>\n<meta property=\"og:locale\" content=\"de_DE\" \/>\n<meta property=\"og:type\" content=\"article\" \/>\n<meta property=\"og:title\" content=\"Raymond Loewy, Kaffee-Service, Form 2000, Fa. Rosenthal, 1956\" \/>\n<meta property=\"og:description\" content=\"Raymond Loewy, Kaffee-Service, Form 2000, Fa. Rosenthal, 1956 \u2665 Antiquit\u00e4ten Online kaufen \u2713 Sichere Lieferung \u2713\" \/>\n<meta property=\"og:url\" content=\"https:\/\/annette-ahrens.at\/onlineshop\/produkt\/4-mokkatassen-mit-brotteller-form-2000-fa-rosenthal-1956\/\" \/>\n<meta property=\"og:site_name\" content=\"Tafelkultur Onlineshop\" \/>\n<meta property=\"article:publisher\" content=\"https:\/\/www.facebook.com\/AnnetteAhrensTafelkultur\" \/>\n<meta property=\"article:modified_time\" content=\"2023-12-09T14:24:55+00:00\" \/>\n<meta property=\"og:image\" content=\"https:\/\/annette-ahrens.at\/onlineshop\/wp-content\/uploads\/2021\/07\/IMG_0664-scaled.jpeg\" \/>\n\t<meta property=\"og:image:width\" content=\"2560\" \/>\n\t<meta property=\"og:image:height\" content=\"2560\" \/>\n<meta name=\"twitter:card\" content=\"summary_large_image\" \/>\n<meta name=\"twitter:label1\" content=\"Gesch\u00e4tzte Lesezeit\">\n\t<meta name=\"twitter:data1\" content=\"1\u00a0Minute\">\n<script type=\"application\/ld+json\" class=\"yoast-schema-graph\">{\"@context\":\"https:\/\/schema.org\",\"@graph\":[{\"@type\":[\"Person\",\"Organization\"],\"@id\":\"https:\/\/annette-ahrens.at\/onlineshop\/#\/schema\/person\/3e19676faae246bba0cb3b7e15f427d8\",\"name\":\"Annette Ahrens\",\"image\":{\"@type\":\"ImageObject\",\"@id\":\"https:\/\/annette-ahrens.at\/onlineshop\/#personlogo\",\"inLanguage\":\"de\",\"url\":\"https:\/\/annette-ahrens.at\/onlineshop\/wp-content\/uploads\/2020\/04\/aa_logo_End.png\",\"width\":800,\"height\":164,\"caption\":\"Annette Ahrens\"},\"logo\":{\"@id\":\"https:\/\/annette-ahrens.at\/onlineshop\/#personlogo\"},\"sameAs\":[\"https:\/\/annette-ahrens.at\",\"https:\/\/www.facebook.com\/AnnetteAhrensTafelkultur\",\"https:\/\/www.instagram.com\/tafelkulturistin\/\",\"https:\/\/de.wikipedia.org\/wiki\/Annette_Ahrens\"]},{\"@type\":\"WebSite\",\"@id\":\"https:\/\/annette-ahrens.at\/onlineshop\/#website\",\"url\":\"https:\/\/annette-ahrens.at\/onlineshop\/\",\"name\":\"Tafelkultur Onlineshop\",\"description\":\"Annette Ahrens\",\"publisher\":{\"@id\":\"https:\/\/annette-ahrens.at\/onlineshop\/#\/schema\/person\/3e19676faae246bba0cb3b7e15f427d8\"},\"potentialAction\":[{\"@type\":\"SearchAction\",\"target\":\"https:\/\/annette-ahrens.at\/onlineshop\/?s={search_term_string}\",\"query-input\":\"required name=search_term_string\"}],\"inLanguage\":\"de\"},{\"@type\":\"ImageObject\",\"@id\":\"https:\/\/annette-ahrens.at\/onlineshop\/produkt\/4-mokkatassen-mit-brotteller-form-2000-fa-rosenthal-1956\/#primaryimage\",\"inLanguage\":\"de\",\"url\":\"https:\/\/annette-ahrens.at\/onlineshop\/wp-content\/uploads\/2021\/07\/IMG_0664-scaled.jpeg\",\"width\":2560,\"height\":2560,\"caption\":\"rosenthal_seidenbast\"},{\"@type\":[\"WebPage\",\"ItemPage\"],\"@id\":\"https:\/\/annette-ahrens.at\/onlineshop\/produkt\/4-mokkatassen-mit-brotteller-form-2000-fa-rosenthal-1956\/#webpage\",\"url\":\"https:\/\/annette-ahrens.at\/onlineshop\/produkt\/4-mokkatassen-mit-brotteller-form-2000-fa-rosenthal-1956\/\",\"name\":\"Raymond Loewy, Kaffee-Service, Form 2000, Fa. Rosenthal, 1956\",\"isPartOf\":{\"@id\":\"https:\/\/annette-ahrens.at\/onlineshop\/#website\"},\"primaryImageOfPage\":{\"@id\":\"https:\/\/annette-ahrens.at\/onlineshop\/produkt\/4-mokkatassen-mit-brotteller-form-2000-fa-rosenthal-1956\/#primaryimage\"},\"datePublished\":\"2021-02-22T23:14:19+00:00\",\"dateModified\":\"2023-12-09T14:24:55+00:00\",\"description\":\"Raymond Loewy, Kaffee-Service, Form 2000, Fa. Rosenthal, 1956 \\u2665 Antiquit\\u00e4ten Online kaufen \\u2713 Sichere Lieferung \\u2713\",\"breadcrumb\":{\"@id\":\"https:\/\/annette-ahrens.at\/onlineshop\/produkt\/4-mokkatassen-mit-brotteller-form-2000-fa-rosenthal-1956\/#breadcrumb\"},\"inLanguage\":\"de\",\"potentialAction\":[{\"@type\":\"ReadAction\",\"target\":[\"https:\/\/annette-ahrens.at\/onlineshop\/produkt\/4-mokkatassen-mit-brotteller-form-2000-fa-rosenthal-1956\/\"]}]},{\"@type\":\"BreadcrumbList\",\"@id\":\"https:\/\/annette-ahrens.at\/onlineshop\/produkt\/4-mokkatassen-mit-brotteller-form-2000-fa-rosenthal-1956\/#breadcrumb\",\"itemListElement\":[{\"@type\":\"ListItem\",\"position\":1,\"item\":{\"@type\":\"WebPage\",\"@id\":\"https:\/\/annette-ahrens.at\/onlineshop\/\",\"url\":\"https:\/\/annette-ahrens.at\/onlineshop\/\",\"name\":\"Home\"}},{\"@type\":\"ListItem\",\"position\":2,\"item\":{\"@type\":\"WebPage\",\"@id\":\"https:\/\/annette-ahrens.at\/onlineshop\/alle-tafelkultur-objekte\/\",\"url\":\"https:\/\/annette-ahrens.at\/onlineshop\/alle-tafelkultur-objekte\/\",\"name\":\"Alle Tafelkultur Objekte\"}},{\"@type\":\"ListItem\",\"position\":3,\"item\":{\"@type\":\"WebPage\",\"@id\":\"https:\/\/annette-ahrens.at\/onlineshop\/produkt\/4-mokkatassen-mit-brotteller-form-2000-fa-rosenthal-1956\/\",\"url\":\"https:\/\/annette-ahrens.at\/onlineshop\/produkt\/4-mokkatassen-mit-brotteller-form-2000-fa-rosenthal-1956\/\",\"name\":\"Raymond Loewy, Kaffee-Service, Form 2000, Fa. Rosenthal, 1956\"}}]}]}<\/script>\n<!-- \/ Yoast SEO Premium plugin. -->","_links":{"self":[{"href":"https:\/\/annette-ahrens.at\/onlineshop\/wp-json\/wp\/v2\/product\/6749","targetHints":{"allow":["GET"]}}],"collection":[{"href":"https:\/\/annette-ahrens.at\/onlineshop\/wp-json\/wp\/v2\/product"}],"about":[{"href":"https:\/\/annette-ahrens.at\/onlineshop\/wp-json\/wp\/v2\/types\/product"}],"replies":[{"embeddable":true,"href":"https:\/\/annette-ahrens.at\/onlineshop\/wp-json\/wp\/v2\/comments?post=6749"}],"wp:featuredmedia":[{"embeddable":true,"href":"https:\/\/annette-ahrens.at\/onlineshop\/wp-json\/wp\/v2\/media\/9860"}],"wp:attachment":[{"href":"https:\/\/annette-ahrens.at\/onlineshop\/wp-json\/wp\/v2\/media?parent=6749"}],"wp:term":[{"taxonomy":"product_brand","embeddable":true,"href":"https:\/\/annette-ahrens.at\/onlineshop\/wp-json\/wp\/v2\/product_brand?post=6749"},{"taxonomy":"product_cat","embeddable":true,"href":"https:\/\/annette-ahrens.at\/onlineshop\/wp-json\/wp\/v2\/product_cat?post=6749"},{"taxonomy":"product_tag","embeddable":true,"href":"https:\/\/annette-ahrens.at\/onlineshop\/wp-json\/wp\/v2\/product_tag?post=6749"}],"curies":[{"name":"wp","href":"https:\/\/api.w.org\/{rel}","templated":true}]}}