{"id":6933,"date":"2021-03-03T21:23:59","date_gmt":"2021-03-03T20:23:59","guid":{"rendered":"https:\/\/annette-ahrens.at\/onlineshop\/?post_type=product&#038;p=6933"},"modified":"2024-02-20T11:41:03","modified_gmt":"2024-02-20T10:41:03","slug":"etui-fuer-zigarren-franz-hiess-wien-nach-1922-2","status":"publish","type":"product","link":"https:\/\/annette-ahrens.at\/onlineshop\/produkt\/etui-fuer-zigarren-franz-hiess-wien-nach-1922-2\/","title":{"rendered":"Etui f\u00fcr Zigarren, Franz Hiess, Wien, nach 1922"},"content":{"rendered":"<p>Etui f\u00fcr Zigarren mit Gl\u00fccksbringern<\/p>\n<p>Franz Hiess, Wien, nach 1922<\/p>\n<p>Silber, Leder, gemarkt 935, Meisterpunze FP und Tukankopfpunze<\/p>\n<p>13 x 9 x 2 cm (ausziehbar bis 20 cm)<\/p>\n","protected":false},"excerpt":{"rendered":"<p>Annettes Etikette: Dieses wunderbare Etui f\u00fcr Rauchwaren wurde vom Wiener Galanteriewaren-Fabrikanten Franz Hiess &amp; S\u00f6hne (Eduard und Rudolph) verkauft. An prominenter Stelle erbaute der k. k. Hoflieferant 1885 auf der K\u00e4rntnerstrasse 25\/Ecke Himmelpfortgasse ein Wohn- und Gesch\u00e4ftshaus, deren zwei Untergschosse dem Gesch\u00e4ftslokal mit Lederwaren, Schmuck und dem Uhrenhandel dienten. Eine Anzeige im geneologischen Taschenbuch von 1905 spricht sogar von Phantasie- und Luxuswaren. Leider wurde das Haus im 2. Weltkrieg schwer besch\u00e4digt.<\/p>\n","protected":false},"featured_media":7127,"comment_status":"open","ping_status":"closed","template":"","meta":[],"product_brand":[],"product_cat":[25,32,31,294,291,295,28,50,132,53,26],"product_tag":[],"class_list":{"0":"post-6933","1":"product","2":"type-product","3":"status-publish","4":"has-post-thumbnail","6":"product_cat-5o-clock-tea","7":"product_cat-festefeiern","8":"product_cat-gastgeschenke","9":"product_cat-geburtstag","10":"product_cat-hochzeit","11":"product_cat-jagdeinladung","12":"product_cat-licht-rauch","13":"product_cat-rauchutensilien","14":"product_cat-silber","15":"product_cat-weihnachten","16":"product_cat-wiener-melange","18":"first","19":"instock","20":"purchasable","21":"product-type-simple"},"yoast_head":"<!-- This site is optimized with the Yoast SEO Premium plugin v15.8.2 - https:\/\/yoast.com\/wordpress\/plugins\/seo\/ -->\n<title>Etui f\u00fcr Zigarren, Franz Hiess, Wien, nach 1922<\/title>\n<meta name=\"description\" content=\"Etui f\u00fcr Zigarren, Franz Hiess, Wien, nach 1922 \u2665 Antiquit\u00e4ten Online kaufen \u2713 Sichere Lieferung \u2713\" \/>\n<meta name=\"robots\" content=\"index, follow, max-snippet:-1, max-image-preview:large, max-video-preview:-1\" \/>\n<link rel=\"canonical\" href=\"https:\/\/annette-ahrens.at\/onlineshop\/produkt\/etui-fuer-zigarren-franz-hiess-wien-nach-1922-2\/\" \/>\n<meta property=\"og:locale\" content=\"de_DE\" \/>\n<meta property=\"og:type\" content=\"article\" \/>\n<meta property=\"og:title\" content=\"Etui f\u00fcr Zigarren, Franz Hiess, Wien, nach 1922\" \/>\n<meta property=\"og:description\" content=\"Etui f\u00fcr Zigarren, Franz Hiess, Wien, nach 1922 \u2665 Antiquit\u00e4ten Online kaufen \u2713 Sichere Lieferung \u2713\" \/>\n<meta property=\"og:url\" content=\"https:\/\/annette-ahrens.at\/onlineshop\/produkt\/etui-fuer-zigarren-franz-hiess-wien-nach-1922-2\/\" \/>\n<meta property=\"og:site_name\" content=\"Tafelkultur Onlineshop\" \/>\n<meta property=\"article:publisher\" content=\"https:\/\/www.facebook.com\/AnnetteAhrensTafelkultur\" \/>\n<meta property=\"article:modified_time\" content=\"2024-02-20T10:41:03+00:00\" \/>\n<meta property=\"og:image\" content=\"https:\/\/annette-ahrens.at\/onlineshop\/wp-content\/uploads\/2021\/03\/IMG_2492-scaled.jpeg\" \/>\n\t<meta property=\"og:image:width\" content=\"2560\" \/>\n\t<meta property=\"og:image:height\" content=\"2560\" \/>\n<meta name=\"twitter:card\" content=\"summary_large_image\" \/>\n<script type=\"application\/ld+json\" class=\"yoast-schema-graph\">{\"@context\":\"https:\/\/schema.org\",\"@graph\":[{\"@type\":[\"Person\",\"Organization\"],\"@id\":\"https:\/\/annette-ahrens.at\/onlineshop\/#\/schema\/person\/3e19676faae246bba0cb3b7e15f427d8\",\"name\":\"Annette Ahrens\",\"image\":{\"@type\":\"ImageObject\",\"@id\":\"https:\/\/annette-ahrens.at\/onlineshop\/#personlogo\",\"inLanguage\":\"de\",\"url\":\"https:\/\/annette-ahrens.at\/onlineshop\/wp-content\/uploads\/2020\/04\/aa_logo_End.png\",\"width\":800,\"height\":164,\"caption\":\"Annette Ahrens\"},\"logo\":{\"@id\":\"https:\/\/annette-ahrens.at\/onlineshop\/#personlogo\"},\"sameAs\":[\"https:\/\/annette-ahrens.at\",\"https:\/\/www.facebook.com\/AnnetteAhrensTafelkultur\",\"https:\/\/www.instagram.com\/tafelkulturistin\/\",\"https:\/\/de.wikipedia.org\/wiki\/Annette_Ahrens\"]},{\"@type\":\"WebSite\",\"@id\":\"https:\/\/annette-ahrens.at\/onlineshop\/#website\",\"url\":\"https:\/\/annette-ahrens.at\/onlineshop\/\",\"name\":\"Tafelkultur Onlineshop\",\"description\":\"Annette Ahrens\",\"publisher\":{\"@id\":\"https:\/\/annette-ahrens.at\/onlineshop\/#\/schema\/person\/3e19676faae246bba0cb3b7e15f427d8\"},\"potentialAction\":[{\"@type\":\"SearchAction\",\"target\":\"https:\/\/annette-ahrens.at\/onlineshop\/?s={search_term_string}\",\"query-input\":\"required name=search_term_string\"}],\"inLanguage\":\"de\"},{\"@type\":\"ImageObject\",\"@id\":\"https:\/\/annette-ahrens.at\/onlineshop\/produkt\/etui-fuer-zigarren-franz-hiess-wien-nach-1922-2\/#primaryimage\",\"inLanguage\":\"de\",\"url\":\"https:\/\/annette-ahrens.at\/onlineshop\/wp-content\/uploads\/2021\/03\/IMG_2492-scaled.jpeg\",\"width\":2560,\"height\":2560,\"caption\":\"hiess_zigarrenetui\"},{\"@type\":[\"WebPage\",\"ItemPage\"],\"@id\":\"https:\/\/annette-ahrens.at\/onlineshop\/produkt\/etui-fuer-zigarren-franz-hiess-wien-nach-1922-2\/#webpage\",\"url\":\"https:\/\/annette-ahrens.at\/onlineshop\/produkt\/etui-fuer-zigarren-franz-hiess-wien-nach-1922-2\/\",\"name\":\"Etui f\\u00fcr Zigarren, Franz Hiess, Wien, nach 1922\",\"isPartOf\":{\"@id\":\"https:\/\/annette-ahrens.at\/onlineshop\/#website\"},\"primaryImageOfPage\":{\"@id\":\"https:\/\/annette-ahrens.at\/onlineshop\/produkt\/etui-fuer-zigarren-franz-hiess-wien-nach-1922-2\/#primaryimage\"},\"datePublished\":\"2021-03-03T20:23:59+00:00\",\"dateModified\":\"2024-02-20T10:41:03+00:00\",\"description\":\"Etui f\\u00fcr Zigarren, Franz Hiess, Wien, nach 1922 \\u2665 Antiquit\\u00e4ten Online kaufen \\u2713 Sichere Lieferung \\u2713\",\"breadcrumb\":{\"@id\":\"https:\/\/annette-ahrens.at\/onlineshop\/produkt\/etui-fuer-zigarren-franz-hiess-wien-nach-1922-2\/#breadcrumb\"},\"inLanguage\":\"de\",\"potentialAction\":[{\"@type\":\"ReadAction\",\"target\":[\"https:\/\/annette-ahrens.at\/onlineshop\/produkt\/etui-fuer-zigarren-franz-hiess-wien-nach-1922-2\/\"]}]},{\"@type\":\"BreadcrumbList\",\"@id\":\"https:\/\/annette-ahrens.at\/onlineshop\/produkt\/etui-fuer-zigarren-franz-hiess-wien-nach-1922-2\/#breadcrumb\",\"itemListElement\":[{\"@type\":\"ListItem\",\"position\":1,\"item\":{\"@type\":\"WebPage\",\"@id\":\"https:\/\/annette-ahrens.at\/onlineshop\/\",\"url\":\"https:\/\/annette-ahrens.at\/onlineshop\/\",\"name\":\"Home\"}},{\"@type\":\"ListItem\",\"position\":2,\"item\":{\"@type\":\"WebPage\",\"@id\":\"https:\/\/annette-ahrens.at\/onlineshop\/alle-tafelkultur-objekte\/\",\"url\":\"https:\/\/annette-ahrens.at\/onlineshop\/alle-tafelkultur-objekte\/\",\"name\":\"Alle Tafelkultur Objekte\"}},{\"@type\":\"ListItem\",\"position\":3,\"item\":{\"@type\":\"WebPage\",\"@id\":\"https:\/\/annette-ahrens.at\/onlineshop\/produkt\/etui-fuer-zigarren-franz-hiess-wien-nach-1922-2\/\",\"url\":\"https:\/\/annette-ahrens.at\/onlineshop\/produkt\/etui-fuer-zigarren-franz-hiess-wien-nach-1922-2\/\",\"name\":\"Etui f\\u00fcr Zigarren, Franz Hiess, Wien, nach 1922\"}}]}]}<\/script>\n<!-- \/ Yoast SEO Premium plugin. -->","_links":{"self":[{"href":"https:\/\/annette-ahrens.at\/onlineshop\/wp-json\/wp\/v2\/product\/6933","targetHints":{"allow":["GET"]}}],"collection":[{"href":"https:\/\/annette-ahrens.at\/onlineshop\/wp-json\/wp\/v2\/product"}],"about":[{"href":"https:\/\/annette-ahrens.at\/onlineshop\/wp-json\/wp\/v2\/types\/product"}],"replies":[{"embeddable":true,"href":"https:\/\/annette-ahrens.at\/onlineshop\/wp-json\/wp\/v2\/comments?post=6933"}],"wp:featuredmedia":[{"embeddable":true,"href":"https:\/\/annette-ahrens.at\/onlineshop\/wp-json\/wp\/v2\/media\/7127"}],"wp:attachment":[{"href":"https:\/\/annette-ahrens.at\/onlineshop\/wp-json\/wp\/v2\/media?parent=6933"}],"wp:term":[{"taxonomy":"product_brand","embeddable":true,"href":"https:\/\/annette-ahrens.at\/onlineshop\/wp-json\/wp\/v2\/product_brand?post=6933"},{"taxonomy":"product_cat","embeddable":true,"href":"https:\/\/annette-ahrens.at\/onlineshop\/wp-json\/wp\/v2\/product_cat?post=6933"},{"taxonomy":"product_tag","embeddable":true,"href":"https:\/\/annette-ahrens.at\/onlineshop\/wp-json\/wp\/v2\/product_tag?post=6933"}],"curies":[{"name":"wp","href":"https:\/\/api.w.org\/{rel}","templated":true}]}}