{"id":7085,"date":"2021-03-09T12:17:22","date_gmt":"2021-03-09T11:17:22","guid":{"rendered":"https:\/\/annette-ahrens.at\/onlineshop\/?post_type=product&#038;p=7085"},"modified":"2026-01-21T18:56:40","modified_gmt":"2026-01-21T17:56:40","slug":"silberner-jugendstil-tafelaufsatz-fa-wuerbel-czokally-wien-um-1900","status":"publish","type":"product","link":"https:\/\/annette-ahrens.at\/onlineshop\/produkt\/silberner-jugendstil-tafelaufsatz-fa-wuerbel-czokally-wien-um-1900\/","title":{"rendered":"Silberner Jugendstil Tafelaufsatz, Fa. W\u00fcrbel &#038; Czokally, Wien, um 1900"},"content":{"rendered":"<p>Silberner Jugendstil Tafelaufsatz<\/p>\n<p>Fa. W\u00fcrbel &amp; Czokally, Wien,\u00a0um 1900<\/p>\n<p>Silber, ovaler, abgetreppter Fuss, vier S\u00e4ulenf\u00fc\u00dfe, ovale Aufsatzschale mit Festons und reliefiertem Abschlussband, zwei plastishc gearbeitete Lorbeerblatthenkel, herausnehmbarer \u00a0Messingeinsatz, Sockel gemarkt Wiener Dianakopfpunze, verwendet in den Jahren \u00a01872 \u2013 1922, Meisterpunze W &amp; C im Rechteck f\u00fcr Fa. W\u00fcrbel &amp; Czokally, Wien (Neuwirth 1979 II\/ 288)<\/p>\n<p>30 x 21,5 cm<\/p>\n<p>H 19 cm<\/p>\n<p>1.283 brutto<\/p>\n","protected":false},"excerpt":{"rendered":"<p>Annettes Etikette: Die bekannte Firma W\u00fcrbel &amp; Czokally wurde um 1860 in Wien gegr\u00fcndet und bestand bis 1922 in der Halbgasse 22 in 1070 Wien. Karl und Josef W\u00fcrbel hatten 1914 die vormalige Firma von Vincenz Czokally \u00fcbernommen und waren laut Lehmann von 1896 auf Tafelaufs\u00e4tze und kunstgewerbliche Gegenst\u00e4nde spezialisiert.\u00a0Blumen im Steckschwamm oder Konfekte, Vanillekipferl bis hin zu verpackten Bonbons werden mit diesem Jugendstil Tafelaufsatz zu Hauptdarstellern bei Tisch.<\/p>\n","protected":false},"featured_media":8287,"comment_status":"open","ping_status":"closed","template":"","meta":[],"product_brand":[],"product_cat":[25,297,32,291,292,160,21,273,132,281,131,53,308,26],"product_tag":[],"class_list":{"0":"post-7085","1":"product","2":"type-product","3":"status-publish","4":"has-post-thumbnail","6":"product_cat-5o-clock-tea","7":"product_cat-adventjause","8":"product_cat-festefeiern","9":"product_cat-hochzeit","10":"product_cat-muttertag","11":"product_cat-obst","12":"product_cat-obst-gemuese","13":"product_cat-silber-fachbuecher","14":"product_cat-silber","15":"product_cat-tafelaufsatz","16":"product_cat-tafeldekorationen","17":"product_cat-weihnachten","18":"product_cat-weihnachtsgebaeck","19":"product_cat-wiener-melange","21":"first","22":"instock","23":"sold-individually","24":"purchasable","25":"product-type-simple"},"yoast_head":"<!-- This site is optimized with the Yoast SEO Premium plugin v15.8.2 - https:\/\/yoast.com\/wordpress\/plugins\/seo\/ -->\n<title>Silberner Jugendstil Tafelaufsatz, Fa. W\u00fcrbel &amp; Czokally, Wien, um 1900<\/title>\n<meta name=\"description\" content=\"Silberner Jugendstil Tafelaufsatz, Fa. W\u00fcrbel &amp; Czokally, Wien, um 1900 \u2665 Antiquit\u00e4ten Online kaufen \u2713 Sichere Lieferung \u2713\" \/>\n<meta name=\"robots\" content=\"index, follow, max-snippet:-1, max-image-preview:large, max-video-preview:-1\" \/>\n<link rel=\"canonical\" href=\"https:\/\/annette-ahrens.at\/onlineshop\/produkt\/silberner-jugendstil-tafelaufsatz-fa-wuerbel-czokally-wien-um-1900\/\" \/>\n<meta property=\"og:locale\" content=\"de_DE\" \/>\n<meta property=\"og:type\" content=\"article\" \/>\n<meta property=\"og:title\" content=\"Silberner Jugendstil Tafelaufsatz, Fa. W\u00fcrbel &amp; Czokally, Wien, um 1900\" \/>\n<meta property=\"og:description\" content=\"Silberner Jugendstil Tafelaufsatz, Fa. W\u00fcrbel &amp; Czokally, Wien, um 1900 \u2665 Antiquit\u00e4ten Online kaufen \u2713 Sichere Lieferung \u2713\" \/>\n<meta property=\"og:url\" content=\"https:\/\/annette-ahrens.at\/onlineshop\/produkt\/silberner-jugendstil-tafelaufsatz-fa-wuerbel-czokally-wien-um-1900\/\" \/>\n<meta property=\"og:site_name\" content=\"Tafelkultur Onlineshop\" \/>\n<meta property=\"article:publisher\" content=\"https:\/\/www.facebook.com\/AnnetteAhrensTafelkultur\" \/>\n<meta property=\"article:modified_time\" content=\"2026-01-21T17:56:40+00:00\" \/>\n<meta property=\"og:image\" content=\"https:\/\/annette-ahrens.at\/onlineshop\/wp-content\/uploads\/2021\/03\/IMG_5514-scaled.jpeg\" \/>\n\t<meta property=\"og:image:width\" content=\"2560\" \/>\n\t<meta property=\"og:image:height\" content=\"2560\" \/>\n<meta name=\"twitter:card\" content=\"summary_large_image\" \/>\n<meta name=\"twitter:label1\" content=\"Gesch\u00e4tzte Lesezeit\">\n\t<meta name=\"twitter:data1\" content=\"1\u00a0Minute\">\n<script type=\"application\/ld+json\" class=\"yoast-schema-graph\">{\"@context\":\"https:\/\/schema.org\",\"@graph\":[{\"@type\":[\"Person\",\"Organization\"],\"@id\":\"https:\/\/annette-ahrens.at\/onlineshop\/#\/schema\/person\/3e19676faae246bba0cb3b7e15f427d8\",\"name\":\"Annette Ahrens\",\"image\":{\"@type\":\"ImageObject\",\"@id\":\"https:\/\/annette-ahrens.at\/onlineshop\/#personlogo\",\"inLanguage\":\"de\",\"url\":\"https:\/\/annette-ahrens.at\/onlineshop\/wp-content\/uploads\/2020\/04\/aa_logo_End.png\",\"width\":800,\"height\":164,\"caption\":\"Annette Ahrens\"},\"logo\":{\"@id\":\"https:\/\/annette-ahrens.at\/onlineshop\/#personlogo\"},\"sameAs\":[\"https:\/\/annette-ahrens.at\",\"https:\/\/www.facebook.com\/AnnetteAhrensTafelkultur\",\"https:\/\/www.instagram.com\/tafelkulturistin\/\",\"https:\/\/de.wikipedia.org\/wiki\/Annette_Ahrens\"]},{\"@type\":\"WebSite\",\"@id\":\"https:\/\/annette-ahrens.at\/onlineshop\/#website\",\"url\":\"https:\/\/annette-ahrens.at\/onlineshop\/\",\"name\":\"Tafelkultur Onlineshop\",\"description\":\"Annette Ahrens\",\"publisher\":{\"@id\":\"https:\/\/annette-ahrens.at\/onlineshop\/#\/schema\/person\/3e19676faae246bba0cb3b7e15f427d8\"},\"potentialAction\":[{\"@type\":\"SearchAction\",\"target\":\"https:\/\/annette-ahrens.at\/onlineshop\/?s={search_term_string}\",\"query-input\":\"required name=search_term_string\"}],\"inLanguage\":\"de\"},{\"@type\":\"ImageObject\",\"@id\":\"https:\/\/annette-ahrens.at\/onlineshop\/produkt\/silberner-jugendstil-tafelaufsatz-fa-wuerbel-czokally-wien-um-1900\/#primaryimage\",\"inLanguage\":\"de\",\"url\":\"https:\/\/annette-ahrens.at\/onlineshop\/wp-content\/uploads\/2021\/03\/IMG_5514-scaled.jpeg\",\"width\":2560,\"height\":2560,\"caption\":\"tafelaufsatz_w\\u00fcrbel\"},{\"@type\":[\"WebPage\",\"ItemPage\"],\"@id\":\"https:\/\/annette-ahrens.at\/onlineshop\/produkt\/silberner-jugendstil-tafelaufsatz-fa-wuerbel-czokally-wien-um-1900\/#webpage\",\"url\":\"https:\/\/annette-ahrens.at\/onlineshop\/produkt\/silberner-jugendstil-tafelaufsatz-fa-wuerbel-czokally-wien-um-1900\/\",\"name\":\"Silberner Jugendstil Tafelaufsatz, Fa. W\\u00fcrbel & Czokally, Wien, um 1900\",\"isPartOf\":{\"@id\":\"https:\/\/annette-ahrens.at\/onlineshop\/#website\"},\"primaryImageOfPage\":{\"@id\":\"https:\/\/annette-ahrens.at\/onlineshop\/produkt\/silberner-jugendstil-tafelaufsatz-fa-wuerbel-czokally-wien-um-1900\/#primaryimage\"},\"datePublished\":\"2021-03-09T11:17:22+00:00\",\"dateModified\":\"2026-01-21T17:56:40+00:00\",\"description\":\"Silberner Jugendstil Tafelaufsatz, Fa. W\\u00fcrbel & Czokally, Wien, um 1900 \\u2665 Antiquit\\u00e4ten Online kaufen \\u2713 Sichere Lieferung \\u2713\",\"breadcrumb\":{\"@id\":\"https:\/\/annette-ahrens.at\/onlineshop\/produkt\/silberner-jugendstil-tafelaufsatz-fa-wuerbel-czokally-wien-um-1900\/#breadcrumb\"},\"inLanguage\":\"de\",\"potentialAction\":[{\"@type\":\"ReadAction\",\"target\":[\"https:\/\/annette-ahrens.at\/onlineshop\/produkt\/silberner-jugendstil-tafelaufsatz-fa-wuerbel-czokally-wien-um-1900\/\"]}]},{\"@type\":\"BreadcrumbList\",\"@id\":\"https:\/\/annette-ahrens.at\/onlineshop\/produkt\/silberner-jugendstil-tafelaufsatz-fa-wuerbel-czokally-wien-um-1900\/#breadcrumb\",\"itemListElement\":[{\"@type\":\"ListItem\",\"position\":1,\"item\":{\"@type\":\"WebPage\",\"@id\":\"https:\/\/annette-ahrens.at\/onlineshop\/\",\"url\":\"https:\/\/annette-ahrens.at\/onlineshop\/\",\"name\":\"Home\"}},{\"@type\":\"ListItem\",\"position\":2,\"item\":{\"@type\":\"WebPage\",\"@id\":\"https:\/\/annette-ahrens.at\/onlineshop\/alle-tafelkultur-objekte\/\",\"url\":\"https:\/\/annette-ahrens.at\/onlineshop\/alle-tafelkultur-objekte\/\",\"name\":\"Alle Tafelkultur Objekte\"}},{\"@type\":\"ListItem\",\"position\":3,\"item\":{\"@type\":\"WebPage\",\"@id\":\"https:\/\/annette-ahrens.at\/onlineshop\/produkt\/silberner-jugendstil-tafelaufsatz-fa-wuerbel-czokally-wien-um-1900\/\",\"url\":\"https:\/\/annette-ahrens.at\/onlineshop\/produkt\/silberner-jugendstil-tafelaufsatz-fa-wuerbel-czokally-wien-um-1900\/\",\"name\":\"Silberner Jugendstil Tafelaufsatz, Fa. W\\u00fcrbel &#038; Czokally, Wien, um 1900\"}}]}]}<\/script>\n<!-- \/ Yoast SEO Premium plugin. -->","_links":{"self":[{"href":"https:\/\/annette-ahrens.at\/onlineshop\/wp-json\/wp\/v2\/product\/7085","targetHints":{"allow":["GET"]}}],"collection":[{"href":"https:\/\/annette-ahrens.at\/onlineshop\/wp-json\/wp\/v2\/product"}],"about":[{"href":"https:\/\/annette-ahrens.at\/onlineshop\/wp-json\/wp\/v2\/types\/product"}],"replies":[{"embeddable":true,"href":"https:\/\/annette-ahrens.at\/onlineshop\/wp-json\/wp\/v2\/comments?post=7085"}],"wp:featuredmedia":[{"embeddable":true,"href":"https:\/\/annette-ahrens.at\/onlineshop\/wp-json\/wp\/v2\/media\/8287"}],"wp:attachment":[{"href":"https:\/\/annette-ahrens.at\/onlineshop\/wp-json\/wp\/v2\/media?parent=7085"}],"wp:term":[{"taxonomy":"product_brand","embeddable":true,"href":"https:\/\/annette-ahrens.at\/onlineshop\/wp-json\/wp\/v2\/product_brand?post=7085"},{"taxonomy":"product_cat","embeddable":true,"href":"https:\/\/annette-ahrens.at\/onlineshop\/wp-json\/wp\/v2\/product_cat?post=7085"},{"taxonomy":"product_tag","embeddable":true,"href":"https:\/\/annette-ahrens.at\/onlineshop\/wp-json\/wp\/v2\/product_tag?post=7085"}],"curies":[{"name":"wp","href":"https:\/\/api.w.org\/{rel}","templated":true}]}}