{"id":7317,"date":"2021-03-22T11:43:36","date_gmt":"2021-03-22T10:43:36","guid":{"rendered":"https:\/\/annette-ahrens.at\/onlineshop\/?post_type=product&#038;p=7317"},"modified":"2023-01-23T17:15:01","modified_gmt":"2023-01-23T16:15:01","slug":"runde-deckeldose-fuer-warme-wuerstchen-villeroy-boch-deutschland-um-1900","status":"publish","type":"product","link":"https:\/\/annette-ahrens.at\/onlineshop\/produkt\/runde-deckeldose-fuer-warme-wuerstchen-villeroy-boch-deutschland-um-1900\/","title":{"rendered":"Runde Deckeldose f\u00fcr warme W\u00fcrstchen, Villeroy &#038; Boch, Deutschland, um 1900"},"content":{"rendered":"<p>Runde Deckeldose f\u00fcr warme W\u00fcrstchen<\/p>\n<p>Villeroy &amp; Boch, Wallerfangen (Vaudrevange), Deutschland, um 1900<\/p>\n<p>Keramik, glasiert, runde Sch\u00fcssel mit zwei Handhaben, am Deckel plastisch ausgeformtes W\u00fcrstchen als Knauf, gemarkt Villeroy &amp; Boch, Wallerfangen, leichte Gebrauchsspuren<\/p>\n<p>H 11 cm<\/p>\n<p>Dm 18 cm<\/p>\n<p>Literatur: Adler, Beatrix: Wallerfanger Steingut. Geschichte und Erzeugnisse der Manufaktur Villeroy-Vaudrevange (1791 &#8211; 1836) bzw. der Steingutfabrik Villeroy &amp; Boch Wallerfangen (1836 &#8211; 1931) (1 &#8211; Text), Saarbr\u00fccken: Verlag Die Mitte, 1995, S. 210 ff.<\/p>\n","protected":false},"excerpt":{"rendered":"<p>Annettes Etikette: Das perfekte Beh\u00e4ltnis f\u00fcr die Opernballnacht vor dem Fernseher! Sch\u00f6n, dass Wiener W\u00fcrstchen in Wien Frankfurter heissen, warm sind sie in beiden F\u00e4llen besser zu geniessen.Der plastisch ausgeformte Knauf in Gestalt eines W\u00fcrstchens verr\u00e4t dem Gast den Inhalt der Deckelterrine. Die 1791 von Nicolas Villeroy gegr\u00fcndete Steingutfabrik wurde in Wallerfangen gegr\u00fcndet und 1836 mit der Firma Boch fusioniert. Der nach wie vor Familien betriebene Firmensitz besteht bis heute in der Abtei von Vaudrevange.<\/p>\n","protected":false},"featured_media":7319,"comment_status":"open","ping_status":"closed","template":"","meta":[],"product_brand":[],"product_cat":[19,31,23],"product_tag":[],"class_list":{"0":"post-7317","1":"product","2":"type-product","3":"status-publish","4":"has-post-thumbnail","6":"product_cat-gabelfruehstueck","7":"product_cat-gastgeschenke","8":"product_cat-nicht-fisch-nicht-fleisch","10":"first","11":"instock","12":"sold-individually","13":"purchasable","14":"product-type-simple"},"yoast_head":"<!-- This site is optimized with the Yoast SEO Premium plugin v15.8.2 - https:\/\/yoast.com\/wordpress\/plugins\/seo\/ -->\n<title>Runde Deckeldose f\u00fcr warme W\u00fcrstchen, Villeroy &amp; Boch, Deutschland, um 1900<\/title>\n<meta name=\"description\" content=\"Runde Deckeldose f\u00fcr warme W\u00fcrstchen, Villeroy &amp; Boch, Deutschland, um 1900 \u2665 Antiquit\u00e4ten Online kaufen \u2713 Sichere Lieferung \u2713\" \/>\n<meta name=\"robots\" content=\"index, follow, max-snippet:-1, max-image-preview:large, max-video-preview:-1\" \/>\n<link rel=\"canonical\" href=\"https:\/\/annette-ahrens.at\/onlineshop\/produkt\/runde-deckeldose-fuer-warme-wuerstchen-villeroy-boch-deutschland-um-1900\/\" \/>\n<meta property=\"og:locale\" content=\"de_DE\" \/>\n<meta property=\"og:type\" content=\"article\" \/>\n<meta property=\"og:title\" content=\"Runde Deckeldose f\u00fcr warme W\u00fcrstchen, Villeroy &amp; Boch, Deutschland, um 1900\" \/>\n<meta property=\"og:description\" content=\"Runde Deckeldose f\u00fcr warme W\u00fcrstchen, Villeroy &amp; Boch, Deutschland, um 1900 \u2665 Antiquit\u00e4ten Online kaufen \u2713 Sichere Lieferung \u2713\" \/>\n<meta property=\"og:url\" content=\"https:\/\/annette-ahrens.at\/onlineshop\/produkt\/runde-deckeldose-fuer-warme-wuerstchen-villeroy-boch-deutschland-um-1900\/\" \/>\n<meta property=\"og:site_name\" content=\"Tafelkultur Onlineshop\" \/>\n<meta property=\"article:publisher\" content=\"https:\/\/www.facebook.com\/AnnetteAhrensTafelkultur\" \/>\n<meta property=\"article:modified_time\" content=\"2023-01-23T16:15:01+00:00\" \/>\n<meta property=\"og:image\" content=\"https:\/\/annette-ahrens.at\/onlineshop\/wp-content\/uploads\/2021\/03\/IMG_3361-scaled.jpeg\" \/>\n\t<meta property=\"og:image:width\" content=\"2560\" \/>\n\t<meta property=\"og:image:height\" content=\"2560\" \/>\n<meta name=\"twitter:card\" content=\"summary_large_image\" \/>\n<script type=\"application\/ld+json\" class=\"yoast-schema-graph\">{\"@context\":\"https:\/\/schema.org\",\"@graph\":[{\"@type\":[\"Person\",\"Organization\"],\"@id\":\"https:\/\/annette-ahrens.at\/onlineshop\/#\/schema\/person\/3e19676faae246bba0cb3b7e15f427d8\",\"name\":\"Annette Ahrens\",\"image\":{\"@type\":\"ImageObject\",\"@id\":\"https:\/\/annette-ahrens.at\/onlineshop\/#personlogo\",\"inLanguage\":\"de\",\"url\":\"https:\/\/annette-ahrens.at\/onlineshop\/wp-content\/uploads\/2020\/04\/aa_logo_End.png\",\"width\":800,\"height\":164,\"caption\":\"Annette Ahrens\"},\"logo\":{\"@id\":\"https:\/\/annette-ahrens.at\/onlineshop\/#personlogo\"},\"sameAs\":[\"https:\/\/annette-ahrens.at\",\"https:\/\/www.facebook.com\/AnnetteAhrensTafelkultur\",\"https:\/\/www.instagram.com\/tafelkulturistin\/\",\"https:\/\/de.wikipedia.org\/wiki\/Annette_Ahrens\"]},{\"@type\":\"WebSite\",\"@id\":\"https:\/\/annette-ahrens.at\/onlineshop\/#website\",\"url\":\"https:\/\/annette-ahrens.at\/onlineshop\/\",\"name\":\"Tafelkultur Onlineshop\",\"description\":\"Annette Ahrens\",\"publisher\":{\"@id\":\"https:\/\/annette-ahrens.at\/onlineshop\/#\/schema\/person\/3e19676faae246bba0cb3b7e15f427d8\"},\"potentialAction\":[{\"@type\":\"SearchAction\",\"target\":\"https:\/\/annette-ahrens.at\/onlineshop\/?s={search_term_string}\",\"query-input\":\"required name=search_term_string\"}],\"inLanguage\":\"de\"},{\"@type\":\"ImageObject\",\"@id\":\"https:\/\/annette-ahrens.at\/onlineshop\/produkt\/runde-deckeldose-fuer-warme-wuerstchen-villeroy-boch-deutschland-um-1900\/#primaryimage\",\"inLanguage\":\"de\",\"url\":\"https:\/\/annette-ahrens.at\/onlineshop\/wp-content\/uploads\/2021\/03\/IMG_3361-scaled.jpeg\",\"width\":2560,\"height\":2560,\"caption\":\"deckeltopf_w\\u00fcrstchen\"},{\"@type\":[\"WebPage\",\"ItemPage\"],\"@id\":\"https:\/\/annette-ahrens.at\/onlineshop\/produkt\/runde-deckeldose-fuer-warme-wuerstchen-villeroy-boch-deutschland-um-1900\/#webpage\",\"url\":\"https:\/\/annette-ahrens.at\/onlineshop\/produkt\/runde-deckeldose-fuer-warme-wuerstchen-villeroy-boch-deutschland-um-1900\/\",\"name\":\"Runde Deckeldose f\\u00fcr warme W\\u00fcrstchen, Villeroy & Boch, Deutschland, um 1900\",\"isPartOf\":{\"@id\":\"https:\/\/annette-ahrens.at\/onlineshop\/#website\"},\"primaryImageOfPage\":{\"@id\":\"https:\/\/annette-ahrens.at\/onlineshop\/produkt\/runde-deckeldose-fuer-warme-wuerstchen-villeroy-boch-deutschland-um-1900\/#primaryimage\"},\"datePublished\":\"2021-03-22T10:43:36+00:00\",\"dateModified\":\"2023-01-23T16:15:01+00:00\",\"description\":\"Runde Deckeldose f\\u00fcr warme W\\u00fcrstchen, Villeroy & Boch, Deutschland, um 1900 \\u2665 Antiquit\\u00e4ten Online kaufen \\u2713 Sichere Lieferung \\u2713\",\"breadcrumb\":{\"@id\":\"https:\/\/annette-ahrens.at\/onlineshop\/produkt\/runde-deckeldose-fuer-warme-wuerstchen-villeroy-boch-deutschland-um-1900\/#breadcrumb\"},\"inLanguage\":\"de\",\"potentialAction\":[{\"@type\":\"ReadAction\",\"target\":[\"https:\/\/annette-ahrens.at\/onlineshop\/produkt\/runde-deckeldose-fuer-warme-wuerstchen-villeroy-boch-deutschland-um-1900\/\"]}]},{\"@type\":\"BreadcrumbList\",\"@id\":\"https:\/\/annette-ahrens.at\/onlineshop\/produkt\/runde-deckeldose-fuer-warme-wuerstchen-villeroy-boch-deutschland-um-1900\/#breadcrumb\",\"itemListElement\":[{\"@type\":\"ListItem\",\"position\":1,\"item\":{\"@type\":\"WebPage\",\"@id\":\"https:\/\/annette-ahrens.at\/onlineshop\/\",\"url\":\"https:\/\/annette-ahrens.at\/onlineshop\/\",\"name\":\"Home\"}},{\"@type\":\"ListItem\",\"position\":2,\"item\":{\"@type\":\"WebPage\",\"@id\":\"https:\/\/annette-ahrens.at\/onlineshop\/alle-tafelkultur-objekte\/\",\"url\":\"https:\/\/annette-ahrens.at\/onlineshop\/alle-tafelkultur-objekte\/\",\"name\":\"Alle Tafelkultur Objekte\"}},{\"@type\":\"ListItem\",\"position\":3,\"item\":{\"@type\":\"WebPage\",\"@id\":\"https:\/\/annette-ahrens.at\/onlineshop\/produkt\/runde-deckeldose-fuer-warme-wuerstchen-villeroy-boch-deutschland-um-1900\/\",\"url\":\"https:\/\/annette-ahrens.at\/onlineshop\/produkt\/runde-deckeldose-fuer-warme-wuerstchen-villeroy-boch-deutschland-um-1900\/\",\"name\":\"Runde Deckeldose f\\u00fcr warme W\\u00fcrstchen, Villeroy &#038; Boch, Deutschland, um 1900\"}}]}]}<\/script>\n<!-- \/ Yoast SEO Premium plugin. -->","_links":{"self":[{"href":"https:\/\/annette-ahrens.at\/onlineshop\/wp-json\/wp\/v2\/product\/7317","targetHints":{"allow":["GET"]}}],"collection":[{"href":"https:\/\/annette-ahrens.at\/onlineshop\/wp-json\/wp\/v2\/product"}],"about":[{"href":"https:\/\/annette-ahrens.at\/onlineshop\/wp-json\/wp\/v2\/types\/product"}],"replies":[{"embeddable":true,"href":"https:\/\/annette-ahrens.at\/onlineshop\/wp-json\/wp\/v2\/comments?post=7317"}],"wp:featuredmedia":[{"embeddable":true,"href":"https:\/\/annette-ahrens.at\/onlineshop\/wp-json\/wp\/v2\/media\/7319"}],"wp:attachment":[{"href":"https:\/\/annette-ahrens.at\/onlineshop\/wp-json\/wp\/v2\/media?parent=7317"}],"wp:term":[{"taxonomy":"product_brand","embeddable":true,"href":"https:\/\/annette-ahrens.at\/onlineshop\/wp-json\/wp\/v2\/product_brand?post=7317"},{"taxonomy":"product_cat","embeddable":true,"href":"https:\/\/annette-ahrens.at\/onlineshop\/wp-json\/wp\/v2\/product_cat?post=7317"},{"taxonomy":"product_tag","embeddable":true,"href":"https:\/\/annette-ahrens.at\/onlineshop\/wp-json\/wp\/v2\/product_tag?post=7317"}],"curies":[{"name":"wp","href":"https:\/\/api.w.org\/{rel}","templated":true}]}}