{"id":732,"date":"2020-04-29T21:45:23","date_gmt":"2020-04-29T19:45:23","guid":{"rendered":"https:\/\/annette-ahrens.at\/silbershop\/?post_type=product&#038;p=732"},"modified":"2021-11-29T17:20:36","modified_gmt":"2021-11-29T16:20:36","slug":"xxx-teiliges-tafelbesteck-menuett-fuer-12-personen-fa-berndorf-um-1960","status":"publish","type":"product","link":"https:\/\/annette-ahrens.at\/onlineshop\/produkt\/xxx-teiliges-tafelbesteck-menuett-fuer-12-personen-fa-berndorf-um-1960\/","title":{"rendered":"138 teiliges Tafelbesteck &#8222;Menuett&#8220; f\u00fcr 12 Personen, Fa. Berndorf, um 1960"},"content":{"rendered":"<p>Tafelbesteck &#8222;Menuett&#8220; f\u00fcr 12 Personen<\/p>\n<p>Fa. Berndorf, um 1960<\/p>\n<p>Alpacca, stark versilbert; bestehend aus 138 Teilen; Facon \u201eMenuett\u201c, alle Teile gemarkt mit Firmenzeichen: \u201eBerndorf\u201c verwendet um 1960, alle Messer mit rostfreien Klingen; in zwei originalen Besteckladen, diese mit braunem Filz tapeziert;<\/p>\n<p>Bestehend aus:<\/p>\n<p>12 Suppenl\u00f6ffel<\/p>\n<p>12 Menugabeln<\/p>\n<p>12 Menumessern<\/p>\n<p>12 Kaffeel\u00f6ffel<\/p>\n<p>12 Mokkal\u00f6ffel<\/p>\n<p>12 Kuchengabeln<\/p>\n<p>12 Vorspeisgabeln<\/p>\n<p>12 Vorspeismesser<\/p>\n<p>12 Fischgabeln<\/p>\n<p>12 Fischmesser<\/p>\n<p>&nbsp;<\/p>\n<p>Vorleger:<\/p>\n<p>1 Suppensch\u00f6pfer<\/p>\n<p>2 Milchsch\u00f6pfer<\/p>\n<p>1 Sau\u00dfensch\u00f6pfer<\/p>\n<p>2 gro\u00dfe Vorlegel\u00f6ffel<\/p>\n<p>1 Reisl\u00f6ffel<\/p>\n<p>1 Zuckerzange<\/p>\n<p>2 Fleischgabeln<\/p>\n<p>2 Wurstvorlegegabeln<\/p>\n<p>2 Salatvorleger<\/p>\n<p>1 Tortenschaufel<\/p>\n<p>1 Geb\u00e4ckzange<\/p>\n<p>1 Butterspachtel<\/p>\n<p>1 K\u00e4semesser<\/p>\n","protected":false},"excerpt":{"rendered":"<p>Tafelbesteck &#8222;Menuett&#8220; f\u00fcr 12 Personen Fa. Berndorf, um 1960 Alpacca, stark versilbert; bestehend aus 138 Teilen; Facon \u201eMenuett\u201c, alle Teile gemarkt mit Firmenzeichen: \u201eBerndorf\u201c verwendet um 1960, alle Messer mit rostfreien Klingen; in zwei originalen Besteckladen, diese mit braunem Filz tapeziert; Bestehend aus: 12 Suppenl\u00f6ffel 12 Menugabeln 12 Menumessern 12 Kaffeel\u00f6ffel 12 Mokkal\u00f6ffel 12 Kuchengabeln [&hellip;]<\/p>\n","protected":false},"featured_media":1424,"comment_status":"open","ping_status":"closed","template":"","meta":[],"product_brand":[],"product_cat":[276,30,32,300],"product_tag":[],"class_list":{"0":"post-732","1":"product","2":"type-product","3":"status-publish","4":"has-post-thumbnail","6":"product_cat-alpacca","7":"product_cat-besteck","8":"product_cat-festefeiern","9":"product_cat-gartenfest","11":"first","12":"instock","13":"sold-individually","14":"purchasable","15":"product-type-simple"},"yoast_head":"<!-- This site is optimized with the Yoast SEO Premium plugin v15.8.2 - https:\/\/yoast.com\/wordpress\/plugins\/seo\/ -->\n<title>138 teiliges Tafelbesteck &quot;Menuett&quot; f\u00fcr 12 Personen, Fa. Berndorf, um 1960<\/title>\n<meta name=\"description\" content=\"138 teiliges Tafelbesteck &quot;Menuett&quot; f\u00fcr 12 Personen, Fa. Berndorf, um 1960 \u2665 Antiquit\u00e4ten Online kaufen \u2713 Sichere Lieferung \u2713\" \/>\n<meta name=\"robots\" content=\"index, follow, max-snippet:-1, max-image-preview:large, max-video-preview:-1\" \/>\n<link rel=\"canonical\" href=\"https:\/\/annette-ahrens.at\/onlineshop\/produkt\/xxx-teiliges-tafelbesteck-menuett-fuer-12-personen-fa-berndorf-um-1960\/\" \/>\n<meta property=\"og:locale\" content=\"de_DE\" \/>\n<meta property=\"og:type\" content=\"article\" \/>\n<meta property=\"og:title\" content=\"138 teiliges Tafelbesteck &quot;Menuett&quot; f\u00fcr 12 Personen, Fa. Berndorf, um 1960\" \/>\n<meta property=\"og:description\" content=\"138 teiliges Tafelbesteck &quot;Menuett&quot; f\u00fcr 12 Personen, Fa. Berndorf, um 1960 \u2665 Antiquit\u00e4ten Online kaufen \u2713 Sichere Lieferung \u2713\" \/>\n<meta property=\"og:url\" content=\"https:\/\/annette-ahrens.at\/onlineshop\/produkt\/xxx-teiliges-tafelbesteck-menuett-fuer-12-personen-fa-berndorf-um-1960\/\" \/>\n<meta property=\"og:site_name\" content=\"Tafelkultur Onlineshop\" \/>\n<meta property=\"article:publisher\" content=\"https:\/\/www.facebook.com\/AnnetteAhrensTafelkultur\" \/>\n<meta property=\"article:modified_time\" content=\"2021-11-29T16:20:36+00:00\" \/>\n<meta property=\"og:image\" content=\"https:\/\/annette-ahrens.at\/onlineshop\/wp-content\/uploads\/2020\/04\/IMG_2756-scaled.jpeg\" \/>\n\t<meta property=\"og:image:width\" content=\"2560\" \/>\n\t<meta property=\"og:image:height\" content=\"2560\" \/>\n<meta name=\"twitter:card\" content=\"summary_large_image\" \/>\n<script type=\"application\/ld+json\" class=\"yoast-schema-graph\">{\"@context\":\"https:\/\/schema.org\",\"@graph\":[{\"@type\":[\"Person\",\"Organization\"],\"@id\":\"https:\/\/annette-ahrens.at\/onlineshop\/#\/schema\/person\/3e19676faae246bba0cb3b7e15f427d8\",\"name\":\"Annette Ahrens\",\"image\":{\"@type\":\"ImageObject\",\"@id\":\"https:\/\/annette-ahrens.at\/onlineshop\/#personlogo\",\"inLanguage\":\"de\",\"url\":\"https:\/\/annette-ahrens.at\/onlineshop\/wp-content\/uploads\/2020\/04\/aa_logo_End.png\",\"width\":800,\"height\":164,\"caption\":\"Annette Ahrens\"},\"logo\":{\"@id\":\"https:\/\/annette-ahrens.at\/onlineshop\/#personlogo\"},\"sameAs\":[\"https:\/\/annette-ahrens.at\",\"https:\/\/www.facebook.com\/AnnetteAhrensTafelkultur\",\"https:\/\/www.instagram.com\/tafelkulturistin\/\",\"https:\/\/de.wikipedia.org\/wiki\/Annette_Ahrens\"]},{\"@type\":\"WebSite\",\"@id\":\"https:\/\/annette-ahrens.at\/onlineshop\/#website\",\"url\":\"https:\/\/annette-ahrens.at\/onlineshop\/\",\"name\":\"Tafelkultur Onlineshop\",\"description\":\"Annette Ahrens\",\"publisher\":{\"@id\":\"https:\/\/annette-ahrens.at\/onlineshop\/#\/schema\/person\/3e19676faae246bba0cb3b7e15f427d8\"},\"potentialAction\":[{\"@type\":\"SearchAction\",\"target\":\"https:\/\/annette-ahrens.at\/onlineshop\/?s={search_term_string}\",\"query-input\":\"required name=search_term_string\"}],\"inLanguage\":\"de\"},{\"@type\":\"ImageObject\",\"@id\":\"https:\/\/annette-ahrens.at\/onlineshop\/produkt\/xxx-teiliges-tafelbesteck-menuett-fuer-12-personen-fa-berndorf-um-1960\/#primaryimage\",\"inLanguage\":\"de\",\"url\":\"https:\/\/annette-ahrens.at\/onlineshop\/wp-content\/uploads\/2020\/04\/IMG_2756-scaled.jpeg\",\"width\":2560,\"height\":2560,\"caption\":\"besteck_menuett\"},{\"@type\":[\"WebPage\",\"ItemPage\"],\"@id\":\"https:\/\/annette-ahrens.at\/onlineshop\/produkt\/xxx-teiliges-tafelbesteck-menuett-fuer-12-personen-fa-berndorf-um-1960\/#webpage\",\"url\":\"https:\/\/annette-ahrens.at\/onlineshop\/produkt\/xxx-teiliges-tafelbesteck-menuett-fuer-12-personen-fa-berndorf-um-1960\/\",\"name\":\"138 teiliges Tafelbesteck \\\"Menuett\\\" f\\u00fcr 12 Personen, Fa. Berndorf, um 1960\",\"isPartOf\":{\"@id\":\"https:\/\/annette-ahrens.at\/onlineshop\/#website\"},\"primaryImageOfPage\":{\"@id\":\"https:\/\/annette-ahrens.at\/onlineshop\/produkt\/xxx-teiliges-tafelbesteck-menuett-fuer-12-personen-fa-berndorf-um-1960\/#primaryimage\"},\"datePublished\":\"2020-04-29T19:45:23+00:00\",\"dateModified\":\"2021-11-29T16:20:36+00:00\",\"description\":\"138 teiliges Tafelbesteck \\\"Menuett\\\" f\\u00fcr 12 Personen, Fa. Berndorf, um 1960 \\u2665 Antiquit\\u00e4ten Online kaufen \\u2713 Sichere Lieferung \\u2713\",\"breadcrumb\":{\"@id\":\"https:\/\/annette-ahrens.at\/onlineshop\/produkt\/xxx-teiliges-tafelbesteck-menuett-fuer-12-personen-fa-berndorf-um-1960\/#breadcrumb\"},\"inLanguage\":\"de\",\"potentialAction\":[{\"@type\":\"ReadAction\",\"target\":[\"https:\/\/annette-ahrens.at\/onlineshop\/produkt\/xxx-teiliges-tafelbesteck-menuett-fuer-12-personen-fa-berndorf-um-1960\/\"]}]},{\"@type\":\"BreadcrumbList\",\"@id\":\"https:\/\/annette-ahrens.at\/onlineshop\/produkt\/xxx-teiliges-tafelbesteck-menuett-fuer-12-personen-fa-berndorf-um-1960\/#breadcrumb\",\"itemListElement\":[{\"@type\":\"ListItem\",\"position\":1,\"item\":{\"@type\":\"WebPage\",\"@id\":\"https:\/\/annette-ahrens.at\/onlineshop\/\",\"url\":\"https:\/\/annette-ahrens.at\/onlineshop\/\",\"name\":\"Home\"}},{\"@type\":\"ListItem\",\"position\":2,\"item\":{\"@type\":\"WebPage\",\"@id\":\"https:\/\/annette-ahrens.at\/onlineshop\/alle-tafelkultur-objekte\/\",\"url\":\"https:\/\/annette-ahrens.at\/onlineshop\/alle-tafelkultur-objekte\/\",\"name\":\"Alle Tafelkultur Objekte\"}},{\"@type\":\"ListItem\",\"position\":3,\"item\":{\"@type\":\"WebPage\",\"@id\":\"https:\/\/annette-ahrens.at\/onlineshop\/produkt\/xxx-teiliges-tafelbesteck-menuett-fuer-12-personen-fa-berndorf-um-1960\/\",\"url\":\"https:\/\/annette-ahrens.at\/onlineshop\/produkt\/xxx-teiliges-tafelbesteck-menuett-fuer-12-personen-fa-berndorf-um-1960\/\",\"name\":\"138 teiliges Tafelbesteck &#8220;Menuett&#8221; f\\u00fcr 12 Personen, Fa. Berndorf, um 1960\"}}]}]}<\/script>\n<!-- \/ Yoast SEO Premium plugin. -->","_links":{"self":[{"href":"https:\/\/annette-ahrens.at\/onlineshop\/wp-json\/wp\/v2\/product\/732","targetHints":{"allow":["GET"]}}],"collection":[{"href":"https:\/\/annette-ahrens.at\/onlineshop\/wp-json\/wp\/v2\/product"}],"about":[{"href":"https:\/\/annette-ahrens.at\/onlineshop\/wp-json\/wp\/v2\/types\/product"}],"replies":[{"embeddable":true,"href":"https:\/\/annette-ahrens.at\/onlineshop\/wp-json\/wp\/v2\/comments?post=732"}],"wp:featuredmedia":[{"embeddable":true,"href":"https:\/\/annette-ahrens.at\/onlineshop\/wp-json\/wp\/v2\/media\/1424"}],"wp:attachment":[{"href":"https:\/\/annette-ahrens.at\/onlineshop\/wp-json\/wp\/v2\/media?parent=732"}],"wp:term":[{"taxonomy":"product_brand","embeddable":true,"href":"https:\/\/annette-ahrens.at\/onlineshop\/wp-json\/wp\/v2\/product_brand?post=732"},{"taxonomy":"product_cat","embeddable":true,"href":"https:\/\/annette-ahrens.at\/onlineshop\/wp-json\/wp\/v2\/product_cat?post=732"},{"taxonomy":"product_tag","embeddable":true,"href":"https:\/\/annette-ahrens.at\/onlineshop\/wp-json\/wp\/v2\/product_tag?post=732"}],"curies":[{"name":"wp","href":"https:\/\/api.w.org\/{rel}","templated":true}]}}