{"id":746,"date":"2020-04-29T23:05:02","date_gmt":"2020-04-29T21:05:02","guid":{"rendered":"https:\/\/annette-ahrens.at\/silbershop\/?post_type=product&#038;p=746"},"modified":"2026-01-04T15:35:45","modified_gmt":"2026-01-04T14:35:45","slug":"jugendstil-jardiniere-fa-wilkens-soehne-bremen-um-1900","status":"publish","type":"product","link":"https:\/\/annette-ahrens.at\/onlineshop\/produkt\/jugendstil-jardiniere-fa-wilkens-soehne-bremen-um-1900\/","title":{"rendered":"Silberne Jugendstil Jardini\u00e8re, Fa. Wilkens &#038; S\u00f6hne, Bremen, um 1900"},"content":{"rendered":"<p>Jugendstil Jardini\u00e8re mit Henkeln<\/p>\n<p>Fa. Wilkens &amp; S\u00f6hne, Bremen, Deutschland, 1912<\/p>\n<p>Silber geh\u00e4mmert, ovale Grundform auf niedrigem, abgetreppten Fu\u00df, mit zwei hochgezogenen Henkeln, glatte Au\u00dfenwandung mit Medaillon; herausnehmbarer Einsatz aus Messing; gemarkt mit deutschem Staatszeichen Halbmond und Krone, verwendet nach 1888; Herstellersignet Spindelpresse der Fa. Wilkens &amp; S\u00f6hne, Bremen, Auftragsnummer 209 375 (1912);<\/p>\n<p>1.715 g<\/p>\n<p>L\u00e4nge: 46 x 19 x 19,5 cm<\/p>\n<p>&nbsp;<\/p>\n","protected":false},"excerpt":{"rendered":"<p>Annettes Etikette: Das Wort \u201cJardini\u00e8re\u201d kommt aus dem Franz\u00f6sischen: der Begriff nimmt Bezug auf den Garten, den &#8222;Jardin&#8220; und holt quasi das Gr\u00fcn als Hauptdarsteller mitten auf die Tafel.\u00a0Die renommierte Silberwarenfabrik M.H. Wilkens &amp; S\u00f6hne wurde bereits 1810 vom Goldschmied Martin Heinrich Wilkens (1782 &#8211; 1869) in Bremen gegr\u00fcndet. 1859 wurde die Produktion nach Hemelingen verlegt. Ein Gl\u00fccksfall, dass sich bei Wilkens die Auftragsb\u00fccher seit 1866 erhalten haben. Hier kann die weite Verbreitung und Produktvielfalt nachvollzogen werden, die oftmals nur mit einer Modellnummer auf den tats\u00e4chlichen Produzenten hinweist. Neben der Fabriksmarke, dem Reichstempel und dem Feingehalt wurde auch die chronologisch vergebene Auftragsnummer eingestempelt, was ein genaues Herstellungsdatum erm\u00f6glicht. Seit 1886 fungiert die Punzierung einer Spindelpresse als Markenzeichen. Um 1900 z\u00e4hlt die Firma neben Bruckmann &amp; S\u00f6hne (gegr\u00fcndet 1805) und Koch &amp; Bergfeld (gegr\u00fcndet 1829) zu den drei bedeutendsten Silberwarenfabrikanten. Der Urenkel des Gr\u00fcnders <a title=\"Martin-Heinrich Wilkens\" href=\"https:\/\/de.wikipedia.org\/wiki\/Martin-Heinrich_Wilkens\">Martin-Heinrich Wilkens<\/a> (1888\u20131966) \u00a0\u00fcbernahm 1917 das Unternehmen. Nach 185 Jahren wurde \u00a0die Firma 1995 unter Helmut Wilkens geschlossen, um 2006 neu gegr\u00fcndet zu werden.<\/p>\n","protected":false},"featured_media":4404,"comment_status":"open","ping_status":"closed","template":"","meta":[],"product_brand":[],"product_cat":[282,281,131,52,53],"product_tag":[],"class_list":{"0":"post-746","1":"product","2":"type-product","3":"status-publish","4":"has-post-thumbnail","6":"product_cat-jardiniere","7":"product_cat-tafelaufsatz","8":"product_cat-tafeldekorationen","9":"product_cat-thanksgiving","10":"product_cat-weihnachten","12":"first","13":"instock","14":"sold-individually","15":"purchasable","16":"product-type-simple"},"yoast_head":"<!-- This site is optimized with the Yoast SEO Premium plugin v15.8.2 - https:\/\/yoast.com\/wordpress\/plugins\/seo\/ -->\n<title>Silberne Jugendstil Jardini\u00e8re, Fa. Wilkens &amp; S\u00f6hne, Bremen, um 1900<\/title>\n<meta name=\"description\" content=\"Silberne Jugendstil Jardini\u00e8re, Fa. Wilkens &amp; S\u00f6hne, Bremen, um 1900 \u2665 Antiquit\u00e4ten Online kaufen \u2713 Sichere Lieferung \u2713\" \/>\n<meta name=\"robots\" content=\"index, follow, max-snippet:-1, max-image-preview:large, max-video-preview:-1\" \/>\n<link rel=\"canonical\" href=\"https:\/\/annette-ahrens.at\/onlineshop\/produkt\/jugendstil-jardiniere-fa-wilkens-soehne-bremen-um-1900\/\" \/>\n<meta property=\"og:locale\" content=\"de_DE\" \/>\n<meta property=\"og:type\" content=\"article\" \/>\n<meta property=\"og:title\" content=\"Silberne Jugendstil Jardini\u00e8re, Fa. Wilkens &amp; S\u00f6hne, Bremen, um 1900\" \/>\n<meta property=\"og:description\" content=\"Silberne Jugendstil Jardini\u00e8re, Fa. Wilkens &amp; S\u00f6hne, Bremen, um 1900 \u2665 Antiquit\u00e4ten Online kaufen \u2713 Sichere Lieferung \u2713\" \/>\n<meta property=\"og:url\" content=\"https:\/\/annette-ahrens.at\/onlineshop\/produkt\/jugendstil-jardiniere-fa-wilkens-soehne-bremen-um-1900\/\" \/>\n<meta property=\"og:site_name\" content=\"Tafelkultur Onlineshop\" \/>\n<meta property=\"article:publisher\" content=\"https:\/\/www.facebook.com\/AnnetteAhrensTafelkultur\" \/>\n<meta property=\"article:modified_time\" content=\"2026-01-04T14:35:45+00:00\" \/>\n<meta property=\"og:image\" content=\"https:\/\/annette-ahrens.at\/onlineshop\/wp-content\/uploads\/2020\/04\/IMG_3988-scaled.jpeg\" \/>\n\t<meta property=\"og:image:width\" content=\"2560\" \/>\n\t<meta property=\"og:image:height\" content=\"2560\" \/>\n<meta name=\"twitter:card\" content=\"summary_large_image\" \/>\n<meta name=\"twitter:label1\" content=\"Gesch\u00e4tzte Lesezeit\">\n\t<meta name=\"twitter:data1\" content=\"1\u00a0Minute\">\n<script type=\"application\/ld+json\" class=\"yoast-schema-graph\">{\"@context\":\"https:\/\/schema.org\",\"@graph\":[{\"@type\":[\"Person\",\"Organization\"],\"@id\":\"https:\/\/annette-ahrens.at\/onlineshop\/#\/schema\/person\/3e19676faae246bba0cb3b7e15f427d8\",\"name\":\"Annette Ahrens\",\"image\":{\"@type\":\"ImageObject\",\"@id\":\"https:\/\/annette-ahrens.at\/onlineshop\/#personlogo\",\"inLanguage\":\"de\",\"url\":\"https:\/\/annette-ahrens.at\/onlineshop\/wp-content\/uploads\/2020\/04\/aa_logo_End.png\",\"width\":800,\"height\":164,\"caption\":\"Annette Ahrens\"},\"logo\":{\"@id\":\"https:\/\/annette-ahrens.at\/onlineshop\/#personlogo\"},\"sameAs\":[\"https:\/\/annette-ahrens.at\",\"https:\/\/www.facebook.com\/AnnetteAhrensTafelkultur\",\"https:\/\/www.instagram.com\/tafelkulturistin\/\",\"https:\/\/de.wikipedia.org\/wiki\/Annette_Ahrens\"]},{\"@type\":\"WebSite\",\"@id\":\"https:\/\/annette-ahrens.at\/onlineshop\/#website\",\"url\":\"https:\/\/annette-ahrens.at\/onlineshop\/\",\"name\":\"Tafelkultur Onlineshop\",\"description\":\"Annette Ahrens\",\"publisher\":{\"@id\":\"https:\/\/annette-ahrens.at\/onlineshop\/#\/schema\/person\/3e19676faae246bba0cb3b7e15f427d8\"},\"potentialAction\":[{\"@type\":\"SearchAction\",\"target\":\"https:\/\/annette-ahrens.at\/onlineshop\/?s={search_term_string}\",\"query-input\":\"required name=search_term_string\"}],\"inLanguage\":\"de\"},{\"@type\":\"ImageObject\",\"@id\":\"https:\/\/annette-ahrens.at\/onlineshop\/produkt\/jugendstil-jardiniere-fa-wilkens-soehne-bremen-um-1900\/#primaryimage\",\"inLanguage\":\"de\",\"url\":\"https:\/\/annette-ahrens.at\/onlineshop\/wp-content\/uploads\/2020\/04\/IMG_3988-scaled.jpeg\",\"width\":2560,\"height\":2560,\"caption\":\"jardiniere_wilkens\"},{\"@type\":[\"WebPage\",\"ItemPage\"],\"@id\":\"https:\/\/annette-ahrens.at\/onlineshop\/produkt\/jugendstil-jardiniere-fa-wilkens-soehne-bremen-um-1900\/#webpage\",\"url\":\"https:\/\/annette-ahrens.at\/onlineshop\/produkt\/jugendstil-jardiniere-fa-wilkens-soehne-bremen-um-1900\/\",\"name\":\"Silberne Jugendstil Jardini\\u00e8re, Fa. Wilkens & S\\u00f6hne, Bremen, um 1900\",\"isPartOf\":{\"@id\":\"https:\/\/annette-ahrens.at\/onlineshop\/#website\"},\"primaryImageOfPage\":{\"@id\":\"https:\/\/annette-ahrens.at\/onlineshop\/produkt\/jugendstil-jardiniere-fa-wilkens-soehne-bremen-um-1900\/#primaryimage\"},\"datePublished\":\"2020-04-29T21:05:02+00:00\",\"dateModified\":\"2026-01-04T14:35:45+00:00\",\"description\":\"Silberne Jugendstil Jardini\\u00e8re, Fa. Wilkens & S\\u00f6hne, Bremen, um 1900 \\u2665 Antiquit\\u00e4ten Online kaufen \\u2713 Sichere Lieferung \\u2713\",\"breadcrumb\":{\"@id\":\"https:\/\/annette-ahrens.at\/onlineshop\/produkt\/jugendstil-jardiniere-fa-wilkens-soehne-bremen-um-1900\/#breadcrumb\"},\"inLanguage\":\"de\",\"potentialAction\":[{\"@type\":\"ReadAction\",\"target\":[\"https:\/\/annette-ahrens.at\/onlineshop\/produkt\/jugendstil-jardiniere-fa-wilkens-soehne-bremen-um-1900\/\"]}]},{\"@type\":\"BreadcrumbList\",\"@id\":\"https:\/\/annette-ahrens.at\/onlineshop\/produkt\/jugendstil-jardiniere-fa-wilkens-soehne-bremen-um-1900\/#breadcrumb\",\"itemListElement\":[{\"@type\":\"ListItem\",\"position\":1,\"item\":{\"@type\":\"WebPage\",\"@id\":\"https:\/\/annette-ahrens.at\/onlineshop\/\",\"url\":\"https:\/\/annette-ahrens.at\/onlineshop\/\",\"name\":\"Home\"}},{\"@type\":\"ListItem\",\"position\":2,\"item\":{\"@type\":\"WebPage\",\"@id\":\"https:\/\/annette-ahrens.at\/onlineshop\/alle-tafelkultur-objekte\/\",\"url\":\"https:\/\/annette-ahrens.at\/onlineshop\/alle-tafelkultur-objekte\/\",\"name\":\"Alle Tafelkultur Objekte\"}},{\"@type\":\"ListItem\",\"position\":3,\"item\":{\"@type\":\"WebPage\",\"@id\":\"https:\/\/annette-ahrens.at\/onlineshop\/produkt\/jugendstil-jardiniere-fa-wilkens-soehne-bremen-um-1900\/\",\"url\":\"https:\/\/annette-ahrens.at\/onlineshop\/produkt\/jugendstil-jardiniere-fa-wilkens-soehne-bremen-um-1900\/\",\"name\":\"Silberne Jugendstil Jardini\\u00e8re, Fa. Wilkens &#038; S\\u00f6hne, Bremen, um 1900\"}}]}]}<\/script>\n<!-- \/ Yoast SEO Premium plugin. -->","_links":{"self":[{"href":"https:\/\/annette-ahrens.at\/onlineshop\/wp-json\/wp\/v2\/product\/746","targetHints":{"allow":["GET"]}}],"collection":[{"href":"https:\/\/annette-ahrens.at\/onlineshop\/wp-json\/wp\/v2\/product"}],"about":[{"href":"https:\/\/annette-ahrens.at\/onlineshop\/wp-json\/wp\/v2\/types\/product"}],"replies":[{"embeddable":true,"href":"https:\/\/annette-ahrens.at\/onlineshop\/wp-json\/wp\/v2\/comments?post=746"}],"wp:featuredmedia":[{"embeddable":true,"href":"https:\/\/annette-ahrens.at\/onlineshop\/wp-json\/wp\/v2\/media\/4404"}],"wp:attachment":[{"href":"https:\/\/annette-ahrens.at\/onlineshop\/wp-json\/wp\/v2\/media?parent=746"}],"wp:term":[{"taxonomy":"product_brand","embeddable":true,"href":"https:\/\/annette-ahrens.at\/onlineshop\/wp-json\/wp\/v2\/product_brand?post=746"},{"taxonomy":"product_cat","embeddable":true,"href":"https:\/\/annette-ahrens.at\/onlineshop\/wp-json\/wp\/v2\/product_cat?post=746"},{"taxonomy":"product_tag","embeddable":true,"href":"https:\/\/annette-ahrens.at\/onlineshop\/wp-json\/wp\/v2\/product_tag?post=746"}],"curies":[{"name":"wp","href":"https:\/\/api.w.org\/{rel}","templated":true}]}}