{"id":7768,"date":"2021-04-07T21:20:10","date_gmt":"2021-04-07T19:20:10","guid":{"rendered":"https:\/\/annette-ahrens.at\/onlineshop\/?post_type=product&#038;p=7768"},"modified":"2022-10-04T12:35:05","modified_gmt":"2022-10-04T10:35:05","slug":"6-seltene-silberne-kartenhalter-mit-salzfass-deutschland-um-1930","status":"publish","type":"product","link":"https:\/\/annette-ahrens.at\/onlineshop\/produkt\/6-seltene-silberne-kartenhalter-mit-salzfass-deutschland-um-1930\/","title":{"rendered":"6 seltene silberne Kartenhalter mit Salzfass, Italien, um 1950"},"content":{"rendered":"<p>6 seltene silberne Kartenhalter mit integriertem Salzfass<\/p>\n<p>Italien, um 1950<\/p>\n<p>Silber, rundes Fass mit blauem Glaseinsatz und Deckel mit Knauf, Kugelknauf mit Schlitz f\u00fcr die Karte, Aussparung f\u00fcr kleinen Salzl\u00f6ffel, gemarkt 800, bestehend aus 6 Salzf\u00e4ssern mit 6 Deckeln, 6 Salzl\u00f6ffeln und 14 Namenskarten aus Karton, in originaler, gr\u00fcner Geschenkkassette<\/p>\n<p>Dm 4 cm<\/p>\n<p>H 3 cm<\/p>\n<p>278 g (inklusive fest montierten Glaseins\u00e4tzen)<\/p>\n","protected":false},"excerpt":{"rendered":"<p>Annettes Etikette: Die Originalit\u00e4t dieses Entwurfes mit Salzfass f\u00fcr jeden Gast und integrierter Namenskarte hat mich schon beim Ankauf fasziniert. So etwas hatte ich wahrlich noch nie gesehen. Die sch\u00f6n erhaltenen, blitzblauen Glaseins\u00e4tze verhindert die durch Salz verursachte Korrission. Alle sechs L\u00f6ffelchen werden mit Ersatz-K\u00e4rtchen in dieser Kassette angeboten.<\/p>\n","protected":false},"featured_media":7761,"comment_status":"open","ping_status":"closed","template":"","meta":[],"product_brand":[],"product_cat":[298,142,18,291,295,20,320,132,239,22,131,311,53],"product_tag":[],"class_list":{"0":"post-7768","1":"product","2":"type-product","3":"status-publish","4":"has-post-thumbnail","6":"product_cat-buffet","7":"product_cat-eier","8":"product_cat-fruehstueck","9":"product_cat-hochzeit","10":"product_cat-jagdeinladung","11":"product_cat-lunchtime","12":"product_cat-salzstreuer","13":"product_cat-silber","14":"product_cat-spezialbestecke","15":"product_cat-suess-sauer","16":"product_cat-tafeldekorationen","17":"product_cat-tafelinventar","18":"product_cat-weihnachten","20":"first","21":"instock","22":"sold-individually","23":"purchasable","24":"product-type-simple"},"yoast_head":"<!-- This site is optimized with the Yoast SEO Premium plugin v15.8.2 - https:\/\/yoast.com\/wordpress\/plugins\/seo\/ -->\n<title>6 seltene silberne Kartenhalter mit Salzfass, Italien, um 1950<\/title>\n<meta name=\"description\" content=\"6 seltene silberne Kartenhalter mit Salzfass, Italien, um 1950 \u2665 Antiquit\u00e4ten Online kaufen \u2713 Sichere Lieferung \u2713\" \/>\n<meta name=\"robots\" content=\"index, follow, max-snippet:-1, max-image-preview:large, max-video-preview:-1\" \/>\n<link rel=\"canonical\" href=\"https:\/\/annette-ahrens.at\/onlineshop\/produkt\/6-seltene-silberne-kartenhalter-mit-salzfass-deutschland-um-1930\/\" \/>\n<meta property=\"og:locale\" content=\"de_DE\" \/>\n<meta property=\"og:type\" content=\"article\" \/>\n<meta property=\"og:title\" content=\"6 seltene silberne Kartenhalter mit Salzfass, Italien, um 1950\" \/>\n<meta property=\"og:description\" content=\"6 seltene silberne Kartenhalter mit Salzfass, Italien, um 1950 \u2665 Antiquit\u00e4ten Online kaufen \u2713 Sichere Lieferung \u2713\" \/>\n<meta property=\"og:url\" content=\"https:\/\/annette-ahrens.at\/onlineshop\/produkt\/6-seltene-silberne-kartenhalter-mit-salzfass-deutschland-um-1930\/\" \/>\n<meta property=\"og:site_name\" content=\"Tafelkultur Onlineshop\" \/>\n<meta property=\"article:publisher\" content=\"https:\/\/www.facebook.com\/AnnetteAhrensTafelkultur\" \/>\n<meta property=\"article:modified_time\" content=\"2022-10-04T10:35:05+00:00\" \/>\n<meta property=\"og:image\" content=\"https:\/\/annette-ahrens.at\/onlineshop\/wp-content\/uploads\/2021\/04\/IMG_4692-scaled.jpeg\" \/>\n\t<meta property=\"og:image:width\" content=\"2560\" \/>\n\t<meta property=\"og:image:height\" content=\"2560\" \/>\n<meta name=\"twitter:card\" content=\"summary_large_image\" \/>\n<script type=\"application\/ld+json\" class=\"yoast-schema-graph\">{\"@context\":\"https:\/\/schema.org\",\"@graph\":[{\"@type\":[\"Person\",\"Organization\"],\"@id\":\"https:\/\/annette-ahrens.at\/onlineshop\/#\/schema\/person\/3e19676faae246bba0cb3b7e15f427d8\",\"name\":\"Annette Ahrens\",\"image\":{\"@type\":\"ImageObject\",\"@id\":\"https:\/\/annette-ahrens.at\/onlineshop\/#personlogo\",\"inLanguage\":\"de\",\"url\":\"https:\/\/annette-ahrens.at\/onlineshop\/wp-content\/uploads\/2020\/04\/aa_logo_End.png\",\"width\":800,\"height\":164,\"caption\":\"Annette Ahrens\"},\"logo\":{\"@id\":\"https:\/\/annette-ahrens.at\/onlineshop\/#personlogo\"},\"sameAs\":[\"https:\/\/annette-ahrens.at\",\"https:\/\/www.facebook.com\/AnnetteAhrensTafelkultur\",\"https:\/\/www.instagram.com\/tafelkulturistin\/\",\"https:\/\/de.wikipedia.org\/wiki\/Annette_Ahrens\"]},{\"@type\":\"WebSite\",\"@id\":\"https:\/\/annette-ahrens.at\/onlineshop\/#website\",\"url\":\"https:\/\/annette-ahrens.at\/onlineshop\/\",\"name\":\"Tafelkultur Onlineshop\",\"description\":\"Annette Ahrens\",\"publisher\":{\"@id\":\"https:\/\/annette-ahrens.at\/onlineshop\/#\/schema\/person\/3e19676faae246bba0cb3b7e15f427d8\"},\"potentialAction\":[{\"@type\":\"SearchAction\",\"target\":\"https:\/\/annette-ahrens.at\/onlineshop\/?s={search_term_string}\",\"query-input\":\"required name=search_term_string\"}],\"inLanguage\":\"de\"},{\"@type\":\"ImageObject\",\"@id\":\"https:\/\/annette-ahrens.at\/onlineshop\/produkt\/6-seltene-silberne-kartenhalter-mit-salzfass-deutschland-um-1930\/#primaryimage\",\"inLanguage\":\"de\",\"url\":\"https:\/\/annette-ahrens.at\/onlineshop\/wp-content\/uploads\/2021\/04\/IMG_4692-scaled.jpeg\",\"width\":2560,\"height\":2560,\"caption\":\"kartenhalter\"},{\"@type\":[\"WebPage\",\"ItemPage\"],\"@id\":\"https:\/\/annette-ahrens.at\/onlineshop\/produkt\/6-seltene-silberne-kartenhalter-mit-salzfass-deutschland-um-1930\/#webpage\",\"url\":\"https:\/\/annette-ahrens.at\/onlineshop\/produkt\/6-seltene-silberne-kartenhalter-mit-salzfass-deutschland-um-1930\/\",\"name\":\"6 seltene silberne Kartenhalter mit Salzfass, Italien, um 1950\",\"isPartOf\":{\"@id\":\"https:\/\/annette-ahrens.at\/onlineshop\/#website\"},\"primaryImageOfPage\":{\"@id\":\"https:\/\/annette-ahrens.at\/onlineshop\/produkt\/6-seltene-silberne-kartenhalter-mit-salzfass-deutschland-um-1930\/#primaryimage\"},\"datePublished\":\"2021-04-07T19:20:10+00:00\",\"dateModified\":\"2022-10-04T10:35:05+00:00\",\"description\":\"6 seltene silberne Kartenhalter mit Salzfass, Italien, um 1950 \\u2665 Antiquit\\u00e4ten Online kaufen \\u2713 Sichere Lieferung \\u2713\",\"breadcrumb\":{\"@id\":\"https:\/\/annette-ahrens.at\/onlineshop\/produkt\/6-seltene-silberne-kartenhalter-mit-salzfass-deutschland-um-1930\/#breadcrumb\"},\"inLanguage\":\"de\",\"potentialAction\":[{\"@type\":\"ReadAction\",\"target\":[\"https:\/\/annette-ahrens.at\/onlineshop\/produkt\/6-seltene-silberne-kartenhalter-mit-salzfass-deutschland-um-1930\/\"]}]},{\"@type\":\"BreadcrumbList\",\"@id\":\"https:\/\/annette-ahrens.at\/onlineshop\/produkt\/6-seltene-silberne-kartenhalter-mit-salzfass-deutschland-um-1930\/#breadcrumb\",\"itemListElement\":[{\"@type\":\"ListItem\",\"position\":1,\"item\":{\"@type\":\"WebPage\",\"@id\":\"https:\/\/annette-ahrens.at\/onlineshop\/\",\"url\":\"https:\/\/annette-ahrens.at\/onlineshop\/\",\"name\":\"Home\"}},{\"@type\":\"ListItem\",\"position\":2,\"item\":{\"@type\":\"WebPage\",\"@id\":\"https:\/\/annette-ahrens.at\/onlineshop\/alle-tafelkultur-objekte\/\",\"url\":\"https:\/\/annette-ahrens.at\/onlineshop\/alle-tafelkultur-objekte\/\",\"name\":\"Alle Tafelkultur Objekte\"}},{\"@type\":\"ListItem\",\"position\":3,\"item\":{\"@type\":\"WebPage\",\"@id\":\"https:\/\/annette-ahrens.at\/onlineshop\/produkt\/6-seltene-silberne-kartenhalter-mit-salzfass-deutschland-um-1930\/\",\"url\":\"https:\/\/annette-ahrens.at\/onlineshop\/produkt\/6-seltene-silberne-kartenhalter-mit-salzfass-deutschland-um-1930\/\",\"name\":\"6 seltene silberne Kartenhalter mit Salzfass, Italien, um 1950\"}}]}]}<\/script>\n<!-- \/ Yoast SEO Premium plugin. -->","_links":{"self":[{"href":"https:\/\/annette-ahrens.at\/onlineshop\/wp-json\/wp\/v2\/product\/7768","targetHints":{"allow":["GET"]}}],"collection":[{"href":"https:\/\/annette-ahrens.at\/onlineshop\/wp-json\/wp\/v2\/product"}],"about":[{"href":"https:\/\/annette-ahrens.at\/onlineshop\/wp-json\/wp\/v2\/types\/product"}],"replies":[{"embeddable":true,"href":"https:\/\/annette-ahrens.at\/onlineshop\/wp-json\/wp\/v2\/comments?post=7768"}],"wp:featuredmedia":[{"embeddable":true,"href":"https:\/\/annette-ahrens.at\/onlineshop\/wp-json\/wp\/v2\/media\/7761"}],"wp:attachment":[{"href":"https:\/\/annette-ahrens.at\/onlineshop\/wp-json\/wp\/v2\/media?parent=7768"}],"wp:term":[{"taxonomy":"product_brand","embeddable":true,"href":"https:\/\/annette-ahrens.at\/onlineshop\/wp-json\/wp\/v2\/product_brand?post=7768"},{"taxonomy":"product_cat","embeddable":true,"href":"https:\/\/annette-ahrens.at\/onlineshop\/wp-json\/wp\/v2\/product_cat?post=7768"},{"taxonomy":"product_tag","embeddable":true,"href":"https:\/\/annette-ahrens.at\/onlineshop\/wp-json\/wp\/v2\/product_tag?post=7768"}],"curies":[{"name":"wp","href":"https:\/\/api.w.org\/{rel}","templated":true}]}}