{"id":8056,"date":"2021-04-18T23:01:16","date_gmt":"2021-04-18T21:01:16","guid":{"rendered":"https:\/\/annette-ahrens.at\/onlineshop\/?post_type=product&#038;p=8056"},"modified":"2021-04-19T00:04:34","modified_gmt":"2021-04-18T22:04:34","slug":"die-wiener-werkstaette-1903-1928","status":"publish","type":"product","link":"https:\/\/annette-ahrens.at\/onlineshop\/produkt\/die-wiener-werkstaette-1903-1928\/","title":{"rendered":"Die Wiener Werkst\u00e4tte 1903 &#8211; 1928. Wien, 1929, Nachdruck"},"content":{"rendered":"<p id=\"book-title\" class=\"affix-top\"><span class=\"main-heading\">Die Wiener Werkst\u00e4tte 1903 &#8211; 1928. Modernes Kunstgewerbe und sein Weg.<\/span><\/p>\n<p>Ohne Pag. (ca 145 Seiten)<\/p>\n<p>Mit zahlreichen, z.T. farbigen Abbildungen. Ogln. mit OUmschlag.<\/p>\n<p class=\"affix-top\"><span class=\"main-heading\">Fotomechanischer Nachdruck der Ausgabe von Krystall &#8211; Verlag, Wien 1929. Mit einem Nachwort von Graham Dry, M\u00fcnchen Ketterer 1994<\/span><\/p>\n<p>ca. 20 x 20 cm<\/p>\n","protected":false},"excerpt":{"rendered":"<p>Annette\u00b4s Etikette: Dieser\u00a0Nachdruck des ber\u00fchmten &#8222;Kachelbuches&#8220; von 1929 gibt Sammlern, H\u00e4ndlern und Wiener Werkst\u00e4tte Liebhabern einen wunderbaren \u00dcberblick \u00fcber die damals angebotenen, hochwertig verarbeiteten Objekte dieser edlen Werkst\u00e4tte in Wien. Ein must f\u00fcr Sammler! Der originale Pappband in Rotbraun und Schwarz mit figurativer Reliefpressung wurde von Vally Wieselthier und Gudrun Baudisch entworfen. Jede Seite wurde in Typographie und farbiger Fl\u00e4cheneinteilung in Rot, Schwarz, Silber und Gold eigenst\u00e4ndig gestaltet. Das Original wird im Kunsthandel um die Euro 3.000 gehandelt.<\/p>\n","protected":false},"featured_media":8057,"comment_status":"open","ping_status":"closed","template":"","meta":[],"product_brand":[],"product_cat":[372,26],"product_tag":[],"class_list":{"0":"post-8056","1":"product","2":"type-product","3":"status-publish","4":"has-post-thumbnail","6":"product_cat-fachbuecher","7":"product_cat-wiener-melange","9":"first","10":"instock","11":"taxable","12":"shipping-taxable","13":"purchasable","14":"product-type-simple"},"yoast_head":"<!-- This site is optimized with the Yoast SEO Premium plugin v15.8.2 - https:\/\/yoast.com\/wordpress\/plugins\/seo\/ -->\n<title>Die Wiener Werkst\u00e4tte 1903 - 1928. Wien, 1929, Nachdruck<\/title>\n<meta name=\"description\" content=\"Die Wiener Werkst\u00e4tte 1903 - 1928. Wien, 1929, Nachdruck \u2665 Antiquit\u00e4ten Online kaufen \u2713 Sichere Lieferung \u2713\" \/>\n<meta name=\"robots\" content=\"index, follow, max-snippet:-1, max-image-preview:large, max-video-preview:-1\" \/>\n<link rel=\"canonical\" href=\"https:\/\/annette-ahrens.at\/onlineshop\/produkt\/die-wiener-werkstaette-1903-1928\/\" \/>\n<meta property=\"og:locale\" content=\"de_DE\" \/>\n<meta property=\"og:type\" content=\"article\" \/>\n<meta property=\"og:title\" content=\"Die Wiener Werkst\u00e4tte 1903 - 1928. Wien, 1929, Nachdruck\" \/>\n<meta property=\"og:description\" content=\"Die Wiener Werkst\u00e4tte 1903 - 1928. Wien, 1929, Nachdruck \u2665 Antiquit\u00e4ten Online kaufen \u2713 Sichere Lieferung \u2713\" \/>\n<meta property=\"og:url\" content=\"https:\/\/annette-ahrens.at\/onlineshop\/produkt\/die-wiener-werkstaette-1903-1928\/\" \/>\n<meta property=\"og:site_name\" content=\"Tafelkultur Onlineshop\" \/>\n<meta property=\"article:publisher\" content=\"https:\/\/www.facebook.com\/AnnetteAhrensTafelkultur\" \/>\n<meta property=\"article:modified_time\" content=\"2021-04-18T22:04:34+00:00\" \/>\n<meta property=\"og:image\" content=\"https:\/\/annette-ahrens.at\/onlineshop\/wp-content\/uploads\/2021\/04\/image.jpeg\" \/>\n\t<meta property=\"og:image:width\" content=\"570\" \/>\n\t<meta property=\"og:image:height\" content=\"550\" \/>\n<meta name=\"twitter:card\" content=\"summary_large_image\" \/>\n<meta name=\"twitter:label1\" content=\"Gesch\u00e4tzte Lesezeit\">\n\t<meta name=\"twitter:data1\" content=\"1\u00a0Minute\">\n<script type=\"application\/ld+json\" class=\"yoast-schema-graph\">{\"@context\":\"https:\/\/schema.org\",\"@graph\":[{\"@type\":[\"Person\",\"Organization\"],\"@id\":\"https:\/\/annette-ahrens.at\/onlineshop\/#\/schema\/person\/3e19676faae246bba0cb3b7e15f427d8\",\"name\":\"Annette Ahrens\",\"image\":{\"@type\":\"ImageObject\",\"@id\":\"https:\/\/annette-ahrens.at\/onlineshop\/#personlogo\",\"inLanguage\":\"de\",\"url\":\"https:\/\/annette-ahrens.at\/onlineshop\/wp-content\/uploads\/2020\/04\/aa_logo_End.png\",\"width\":800,\"height\":164,\"caption\":\"Annette Ahrens\"},\"logo\":{\"@id\":\"https:\/\/annette-ahrens.at\/onlineshop\/#personlogo\"},\"sameAs\":[\"https:\/\/annette-ahrens.at\",\"https:\/\/www.facebook.com\/AnnetteAhrensTafelkultur\",\"https:\/\/www.instagram.com\/tafelkulturistin\/\",\"https:\/\/de.wikipedia.org\/wiki\/Annette_Ahrens\"]},{\"@type\":\"WebSite\",\"@id\":\"https:\/\/annette-ahrens.at\/onlineshop\/#website\",\"url\":\"https:\/\/annette-ahrens.at\/onlineshop\/\",\"name\":\"Tafelkultur Onlineshop\",\"description\":\"Annette Ahrens\",\"publisher\":{\"@id\":\"https:\/\/annette-ahrens.at\/onlineshop\/#\/schema\/person\/3e19676faae246bba0cb3b7e15f427d8\"},\"potentialAction\":[{\"@type\":\"SearchAction\",\"target\":\"https:\/\/annette-ahrens.at\/onlineshop\/?s={search_term_string}\",\"query-input\":\"required name=search_term_string\"}],\"inLanguage\":\"de\"},{\"@type\":\"ImageObject\",\"@id\":\"https:\/\/annette-ahrens.at\/onlineshop\/produkt\/die-wiener-werkstaette-1903-1928\/#primaryimage\",\"inLanguage\":\"de\",\"url\":\"https:\/\/annette-ahrens.at\/onlineshop\/wp-content\/uploads\/2021\/04\/image.jpeg\",\"width\":570,\"height\":550,\"caption\":\"Wiener_werkst\\u00e4tte_1929_nachdruck\"},{\"@type\":[\"WebPage\",\"ItemPage\"],\"@id\":\"https:\/\/annette-ahrens.at\/onlineshop\/produkt\/die-wiener-werkstaette-1903-1928\/#webpage\",\"url\":\"https:\/\/annette-ahrens.at\/onlineshop\/produkt\/die-wiener-werkstaette-1903-1928\/\",\"name\":\"Die Wiener Werkst\\u00e4tte 1903 - 1928. Wien, 1929, Nachdruck\",\"isPartOf\":{\"@id\":\"https:\/\/annette-ahrens.at\/onlineshop\/#website\"},\"primaryImageOfPage\":{\"@id\":\"https:\/\/annette-ahrens.at\/onlineshop\/produkt\/die-wiener-werkstaette-1903-1928\/#primaryimage\"},\"datePublished\":\"2021-04-18T21:01:16+00:00\",\"dateModified\":\"2021-04-18T22:04:34+00:00\",\"description\":\"Die Wiener Werkst\\u00e4tte 1903 - 1928. Wien, 1929, Nachdruck \\u2665 Antiquit\\u00e4ten Online kaufen \\u2713 Sichere Lieferung \\u2713\",\"breadcrumb\":{\"@id\":\"https:\/\/annette-ahrens.at\/onlineshop\/produkt\/die-wiener-werkstaette-1903-1928\/#breadcrumb\"},\"inLanguage\":\"de\",\"potentialAction\":[{\"@type\":\"ReadAction\",\"target\":[\"https:\/\/annette-ahrens.at\/onlineshop\/produkt\/die-wiener-werkstaette-1903-1928\/\"]}]},{\"@type\":\"BreadcrumbList\",\"@id\":\"https:\/\/annette-ahrens.at\/onlineshop\/produkt\/die-wiener-werkstaette-1903-1928\/#breadcrumb\",\"itemListElement\":[{\"@type\":\"ListItem\",\"position\":1,\"item\":{\"@type\":\"WebPage\",\"@id\":\"https:\/\/annette-ahrens.at\/onlineshop\/\",\"url\":\"https:\/\/annette-ahrens.at\/onlineshop\/\",\"name\":\"Home\"}},{\"@type\":\"ListItem\",\"position\":2,\"item\":{\"@type\":\"WebPage\",\"@id\":\"https:\/\/annette-ahrens.at\/onlineshop\/alle-tafelkultur-objekte\/\",\"url\":\"https:\/\/annette-ahrens.at\/onlineshop\/alle-tafelkultur-objekte\/\",\"name\":\"Alle Tafelkultur Objekte\"}},{\"@type\":\"ListItem\",\"position\":3,\"item\":{\"@type\":\"WebPage\",\"@id\":\"https:\/\/annette-ahrens.at\/onlineshop\/produkt\/die-wiener-werkstaette-1903-1928\/\",\"url\":\"https:\/\/annette-ahrens.at\/onlineshop\/produkt\/die-wiener-werkstaette-1903-1928\/\",\"name\":\"Die Wiener Werkst\\u00e4tte 1903 &#8211; 1928. Wien, 1929, Nachdruck\"}}]}]}<\/script>\n<!-- \/ Yoast SEO Premium plugin. -->","_links":{"self":[{"href":"https:\/\/annette-ahrens.at\/onlineshop\/wp-json\/wp\/v2\/product\/8056","targetHints":{"allow":["GET"]}}],"collection":[{"href":"https:\/\/annette-ahrens.at\/onlineshop\/wp-json\/wp\/v2\/product"}],"about":[{"href":"https:\/\/annette-ahrens.at\/onlineshop\/wp-json\/wp\/v2\/types\/product"}],"replies":[{"embeddable":true,"href":"https:\/\/annette-ahrens.at\/onlineshop\/wp-json\/wp\/v2\/comments?post=8056"}],"wp:featuredmedia":[{"embeddable":true,"href":"https:\/\/annette-ahrens.at\/onlineshop\/wp-json\/wp\/v2\/media\/8057"}],"wp:attachment":[{"href":"https:\/\/annette-ahrens.at\/onlineshop\/wp-json\/wp\/v2\/media?parent=8056"}],"wp:term":[{"taxonomy":"product_brand","embeddable":true,"href":"https:\/\/annette-ahrens.at\/onlineshop\/wp-json\/wp\/v2\/product_brand?post=8056"},{"taxonomy":"product_cat","embeddable":true,"href":"https:\/\/annette-ahrens.at\/onlineshop\/wp-json\/wp\/v2\/product_cat?post=8056"},{"taxonomy":"product_tag","embeddable":true,"href":"https:\/\/annette-ahrens.at\/onlineshop\/wp-json\/wp\/v2\/product_tag?post=8056"}],"curies":[{"name":"wp","href":"https:\/\/api.w.org\/{rel}","templated":true}]}}