{"id":8236,"date":"2021-04-26T10:08:16","date_gmt":"2021-04-26T08:08:16","guid":{"rendered":"https:\/\/annette-ahrens.at\/onlineshop\/?post_type=product&#038;p=8236"},"modified":"2023-07-25T09:54:42","modified_gmt":"2023-07-25T07:54:42","slug":"philipp-haeusler-2-vorleger-europa-modell-2800-fa-berndorf-um-1920","status":"publish","type":"product","link":"https:\/\/annette-ahrens.at\/onlineshop\/produkt\/philipp-haeusler-2-vorleger-europa-modell-2800-fa-berndorf-um-1920\/","title":{"rendered":"Philipp H\u00e4usler, 2 Vorleger &#8222;Europa&#8220;, Modell 2800, Fa. Berndorf, um 1920"},"content":{"rendered":"<p>Vorlegel\u00f6ffel und Fleischgabel<\/p>\n<p>Entwurf: Philipp H\u00e4usler (geb. am 7. 11. 1887 in Panczowa (Ungarn), gest. am 18. 2. 1966 in Frankfurt am Main),\u00a0um 1920<\/p>\n<p>Ausf\u00fchrung: Fa. Berndorf, Modell 2800<\/p>\n<p>Alpacca, versilbert, 90er Auflage, gemarkt ART.KRUPP, runde Firmenmarke, BERNDORF<\/p>\n<p>L\u00e4nge 22 cm (Fleischgabel)<\/p>\n<p>L\u00e4nge 25 cm (Gem\u00fcsel\u00f6ffel)<\/p>\n","protected":false},"excerpt":{"rendered":"<p>Annettes Etikette: Die Haptik dieses Besteckes wird in der Anzeige der Fa. Berndorf von 1925 veranschaulicht. Der L\u00f6ffel l\u00e4sst sich tadellos frei balancieren. Die Sonderedition dieser heute nicht mehr produzierten Besteckform mit der Ufa Raute kommt in den sp\u00e4ten 1950er-Jahren bei Bewirtungen von G\u00e4sten der Ufa zum Einsatz. Besonders Vorleger dieser Serie &#8222;Europa&#8220; sind schwierig zu finden.<\/p>\n<p>Vgl. M\u00e4nz, Peter; Rother, Rainer und Wick, Klaudia (Hrsg.), Die UFA &#8211; Geschichte einer Marke, Bielefeld 2017, S. 117.<\/p>\n","protected":false},"featured_media":8173,"comment_status":"open","ping_status":"closed","template":"","meta":[],"product_brand":[],"product_cat":[276,30,298,247,236,239,238],"product_tag":[],"class_list":{"0":"post-8236","1":"product","2":"type-product","3":"status-publish","4":"has-post-thumbnail","6":"product_cat-alpacca","7":"product_cat-besteck","8":"product_cat-buffet","9":"product_cat-fleischgabel-gabeln","10":"product_cat-loeffel","11":"product_cat-spezialbestecke","12":"product_cat-vorleger","14":"first","15":"instock","16":"sold-individually","17":"purchasable","18":"product-type-simple"},"yoast_head":"<!-- This site is optimized with the Yoast SEO Premium plugin v15.8.2 - https:\/\/yoast.com\/wordpress\/plugins\/seo\/ -->\n<title>Philipp H\u00e4usler, 2 Vorleger &quot;Europa&quot;, Modell 2800, Fa. Berndorf, um 1920<\/title>\n<meta name=\"description\" content=\"Philipp H\u00e4usler, 2 Vorleger &quot;Europa&quot;, Modell 2800, Fa. Berndorf, um 1920 \u2665 Antiquit\u00e4ten Online kaufen \u2713 Sichere Lieferung \u2713\" \/>\n<meta name=\"robots\" content=\"index, follow, max-snippet:-1, max-image-preview:large, max-video-preview:-1\" \/>\n<link rel=\"canonical\" href=\"https:\/\/annette-ahrens.at\/onlineshop\/produkt\/philipp-haeusler-2-vorleger-europa-modell-2800-fa-berndorf-um-1920\/\" \/>\n<meta property=\"og:locale\" content=\"de_DE\" \/>\n<meta property=\"og:type\" content=\"article\" \/>\n<meta property=\"og:title\" content=\"Philipp H\u00e4usler, 2 Vorleger &quot;Europa&quot;, Modell 2800, Fa. Berndorf, um 1920\" \/>\n<meta property=\"og:description\" content=\"Philipp H\u00e4usler, 2 Vorleger &quot;Europa&quot;, Modell 2800, Fa. Berndorf, um 1920 \u2665 Antiquit\u00e4ten Online kaufen \u2713 Sichere Lieferung \u2713\" \/>\n<meta property=\"og:url\" content=\"https:\/\/annette-ahrens.at\/onlineshop\/produkt\/philipp-haeusler-2-vorleger-europa-modell-2800-fa-berndorf-um-1920\/\" \/>\n<meta property=\"og:site_name\" content=\"Tafelkultur Onlineshop\" \/>\n<meta property=\"article:publisher\" content=\"https:\/\/www.facebook.com\/AnnetteAhrensTafelkultur\" \/>\n<meta property=\"article:modified_time\" content=\"2023-07-25T07:54:42+00:00\" \/>\n<meta property=\"og:image\" content=\"https:\/\/annette-ahrens.at\/onlineshop\/wp-content\/uploads\/2021\/04\/IMG_5263-scaled.jpeg\" \/>\n\t<meta property=\"og:image:width\" content=\"2560\" \/>\n\t<meta property=\"og:image:height\" content=\"2560\" \/>\n<meta name=\"twitter:card\" content=\"summary_large_image\" \/>\n<meta name=\"twitter:label1\" content=\"Gesch\u00e4tzte Lesezeit\">\n\t<meta name=\"twitter:data1\" content=\"1\u00a0Minute\">\n<script type=\"application\/ld+json\" class=\"yoast-schema-graph\">{\"@context\":\"https:\/\/schema.org\",\"@graph\":[{\"@type\":[\"Person\",\"Organization\"],\"@id\":\"https:\/\/annette-ahrens.at\/onlineshop\/#\/schema\/person\/3e19676faae246bba0cb3b7e15f427d8\",\"name\":\"Annette Ahrens\",\"image\":{\"@type\":\"ImageObject\",\"@id\":\"https:\/\/annette-ahrens.at\/onlineshop\/#personlogo\",\"inLanguage\":\"de\",\"url\":\"https:\/\/annette-ahrens.at\/onlineshop\/wp-content\/uploads\/2020\/04\/aa_logo_End.png\",\"width\":800,\"height\":164,\"caption\":\"Annette Ahrens\"},\"logo\":{\"@id\":\"https:\/\/annette-ahrens.at\/onlineshop\/#personlogo\"},\"sameAs\":[\"https:\/\/annette-ahrens.at\",\"https:\/\/www.facebook.com\/AnnetteAhrensTafelkultur\",\"https:\/\/www.instagram.com\/tafelkulturistin\/\",\"https:\/\/de.wikipedia.org\/wiki\/Annette_Ahrens\"]},{\"@type\":\"WebSite\",\"@id\":\"https:\/\/annette-ahrens.at\/onlineshop\/#website\",\"url\":\"https:\/\/annette-ahrens.at\/onlineshop\/\",\"name\":\"Tafelkultur Onlineshop\",\"description\":\"Annette Ahrens\",\"publisher\":{\"@id\":\"https:\/\/annette-ahrens.at\/onlineshop\/#\/schema\/person\/3e19676faae246bba0cb3b7e15f427d8\"},\"potentialAction\":[{\"@type\":\"SearchAction\",\"target\":\"https:\/\/annette-ahrens.at\/onlineshop\/?s={search_term_string}\",\"query-input\":\"required name=search_term_string\"}],\"inLanguage\":\"de\"},{\"@type\":\"ImageObject\",\"@id\":\"https:\/\/annette-ahrens.at\/onlineshop\/produkt\/philipp-haeusler-2-vorleger-europa-modell-2800-fa-berndorf-um-1920\/#primaryimage\",\"inLanguage\":\"de\",\"url\":\"https:\/\/annette-ahrens.at\/onlineshop\/wp-content\/uploads\/2021\/04\/IMG_5263-scaled.jpeg\",\"width\":2560,\"height\":2560,\"caption\":\"vorleger_h\\u00e4usler\"},{\"@type\":[\"WebPage\",\"ItemPage\"],\"@id\":\"https:\/\/annette-ahrens.at\/onlineshop\/produkt\/philipp-haeusler-2-vorleger-europa-modell-2800-fa-berndorf-um-1920\/#webpage\",\"url\":\"https:\/\/annette-ahrens.at\/onlineshop\/produkt\/philipp-haeusler-2-vorleger-europa-modell-2800-fa-berndorf-um-1920\/\",\"name\":\"Philipp H\\u00e4usler, 2 Vorleger \\\"Europa\\\", Modell 2800, Fa. Berndorf, um 1920\",\"isPartOf\":{\"@id\":\"https:\/\/annette-ahrens.at\/onlineshop\/#website\"},\"primaryImageOfPage\":{\"@id\":\"https:\/\/annette-ahrens.at\/onlineshop\/produkt\/philipp-haeusler-2-vorleger-europa-modell-2800-fa-berndorf-um-1920\/#primaryimage\"},\"datePublished\":\"2021-04-26T08:08:16+00:00\",\"dateModified\":\"2023-07-25T07:54:42+00:00\",\"description\":\"Philipp H\\u00e4usler, 2 Vorleger \\\"Europa\\\", Modell 2800, Fa. Berndorf, um 1920 \\u2665 Antiquit\\u00e4ten Online kaufen \\u2713 Sichere Lieferung \\u2713\",\"breadcrumb\":{\"@id\":\"https:\/\/annette-ahrens.at\/onlineshop\/produkt\/philipp-haeusler-2-vorleger-europa-modell-2800-fa-berndorf-um-1920\/#breadcrumb\"},\"inLanguage\":\"de\",\"potentialAction\":[{\"@type\":\"ReadAction\",\"target\":[\"https:\/\/annette-ahrens.at\/onlineshop\/produkt\/philipp-haeusler-2-vorleger-europa-modell-2800-fa-berndorf-um-1920\/\"]}]},{\"@type\":\"BreadcrumbList\",\"@id\":\"https:\/\/annette-ahrens.at\/onlineshop\/produkt\/philipp-haeusler-2-vorleger-europa-modell-2800-fa-berndorf-um-1920\/#breadcrumb\",\"itemListElement\":[{\"@type\":\"ListItem\",\"position\":1,\"item\":{\"@type\":\"WebPage\",\"@id\":\"https:\/\/annette-ahrens.at\/onlineshop\/\",\"url\":\"https:\/\/annette-ahrens.at\/onlineshop\/\",\"name\":\"Home\"}},{\"@type\":\"ListItem\",\"position\":2,\"item\":{\"@type\":\"WebPage\",\"@id\":\"https:\/\/annette-ahrens.at\/onlineshop\/alle-tafelkultur-objekte\/\",\"url\":\"https:\/\/annette-ahrens.at\/onlineshop\/alle-tafelkultur-objekte\/\",\"name\":\"Alle Tafelkultur Objekte\"}},{\"@type\":\"ListItem\",\"position\":3,\"item\":{\"@type\":\"WebPage\",\"@id\":\"https:\/\/annette-ahrens.at\/onlineshop\/produkt\/philipp-haeusler-2-vorleger-europa-modell-2800-fa-berndorf-um-1920\/\",\"url\":\"https:\/\/annette-ahrens.at\/onlineshop\/produkt\/philipp-haeusler-2-vorleger-europa-modell-2800-fa-berndorf-um-1920\/\",\"name\":\"Philipp H\\u00e4usler, 2 Vorleger &#8220;Europa&#8221;, Modell 2800, Fa. Berndorf, um 1920\"}}]}]}<\/script>\n<!-- \/ Yoast SEO Premium plugin. -->","_links":{"self":[{"href":"https:\/\/annette-ahrens.at\/onlineshop\/wp-json\/wp\/v2\/product\/8236","targetHints":{"allow":["GET"]}}],"collection":[{"href":"https:\/\/annette-ahrens.at\/onlineshop\/wp-json\/wp\/v2\/product"}],"about":[{"href":"https:\/\/annette-ahrens.at\/onlineshop\/wp-json\/wp\/v2\/types\/product"}],"replies":[{"embeddable":true,"href":"https:\/\/annette-ahrens.at\/onlineshop\/wp-json\/wp\/v2\/comments?post=8236"}],"wp:featuredmedia":[{"embeddable":true,"href":"https:\/\/annette-ahrens.at\/onlineshop\/wp-json\/wp\/v2\/media\/8173"}],"wp:attachment":[{"href":"https:\/\/annette-ahrens.at\/onlineshop\/wp-json\/wp\/v2\/media?parent=8236"}],"wp:term":[{"taxonomy":"product_brand","embeddable":true,"href":"https:\/\/annette-ahrens.at\/onlineshop\/wp-json\/wp\/v2\/product_brand?post=8236"},{"taxonomy":"product_cat","embeddable":true,"href":"https:\/\/annette-ahrens.at\/onlineshop\/wp-json\/wp\/v2\/product_cat?post=8236"},{"taxonomy":"product_tag","embeddable":true,"href":"https:\/\/annette-ahrens.at\/onlineshop\/wp-json\/wp\/v2\/product_tag?post=8236"}],"curies":[{"name":"wp","href":"https:\/\/api.w.org\/{rel}","templated":true}]}}