{"id":8238,"date":"2021-04-26T11:02:51","date_gmt":"2021-04-26T09:02:51","guid":{"rendered":"https:\/\/annette-ahrens.at\/onlineshop\/?post_type=product&#038;p=8238"},"modified":"2021-04-26T20:48:14","modified_gmt":"2021-04-26T18:48:14","slug":"seltenes-midcentury-zitrusmesser-mit-bambusgriff-deutschland-um-1950","status":"publish","type":"product","link":"https:\/\/annette-ahrens.at\/onlineshop\/produkt\/seltenes-midcentury-zitrusmesser-mit-bambusgriff-deutschland-um-1950\/","title":{"rendered":"Seltenes Midcentury Zitrusmesser mit Bambusgriff, Deutschland, um 1950"},"content":{"rendered":"<p>Seltenes Midcentury Zitrusmesser mit Bambusgriff<\/p>\n<p>Deutschland, um 1950<\/p>\n<p>Hefte aus Bambusholz, Stahlklinge gemarkt &#8222;nicht rostend, Solingen&#8220;, Schneidefl\u00e4che mit Kerbe zum Ausl\u00f6sen der Kerne<\/p>\n<p>L\u00e4nge 14 cm<\/p>\n","protected":false},"excerpt":{"rendered":"<p>Annette\u00b4s Etikette: Es \u00fcberrascht mich immer wieder wie gut sich dieses Zitrusmesser bis heute bei Orangen oder Zitronen verwenden l\u00e4sst. Zuerst wird die Schale mit der gezackten Schneide in St\u00fccke geachtelt. Zum Absch\u00e4len der St\u00fccke wird dann die runde Klinge eingesetzt. Die Kerbe an der Klinge erm\u00f6glicht das Herausl\u00f6sen der mitunter l\u00e4stigen Kerne. Ein tolles Teil!<\/p>\n","protected":false},"featured_media":8294,"comment_status":"open","ping_status":"closed","template":"","meta":[],"product_brand":[],"product_cat":[30,237,160,239,163],"product_tag":[],"class_list":{"0":"post-8238","1":"product","2":"type-product","3":"status-publish","4":"has-post-thumbnail","6":"product_cat-besteck","7":"product_cat-messer","8":"product_cat-obst","9":"product_cat-spezialbestecke","10":"product_cat-zitrus","12":"first","13":"instock","14":"sold-individually","15":"purchasable","16":"product-type-simple"},"yoast_head":"<!-- This site is optimized with the Yoast SEO Premium plugin v15.8.2 - https:\/\/yoast.com\/wordpress\/plugins\/seo\/ -->\n<title>Seltenes Midcentury Zitrusmesser mit Bambusgriff, Deutschland, um 1950<\/title>\n<meta name=\"description\" content=\"Seltenes Midcentury Zitrusmesser mit Bambusgriff, Deutschland, um 1950 \u2665 Antiquit\u00e4ten Online kaufen \u2713 Sichere Lieferung \u2713\" \/>\n<meta name=\"robots\" content=\"index, follow, max-snippet:-1, max-image-preview:large, max-video-preview:-1\" \/>\n<link rel=\"canonical\" href=\"https:\/\/annette-ahrens.at\/onlineshop\/produkt\/seltenes-midcentury-zitrusmesser-mit-bambusgriff-deutschland-um-1950\/\" \/>\n<meta property=\"og:locale\" content=\"de_DE\" \/>\n<meta property=\"og:type\" content=\"article\" \/>\n<meta property=\"og:title\" content=\"Seltenes Midcentury Zitrusmesser mit Bambusgriff, Deutschland, um 1950\" \/>\n<meta property=\"og:description\" content=\"Seltenes Midcentury Zitrusmesser mit Bambusgriff, Deutschland, um 1950 \u2665 Antiquit\u00e4ten Online kaufen \u2713 Sichere Lieferung \u2713\" \/>\n<meta property=\"og:url\" content=\"https:\/\/annette-ahrens.at\/onlineshop\/produkt\/seltenes-midcentury-zitrusmesser-mit-bambusgriff-deutschland-um-1950\/\" \/>\n<meta property=\"og:site_name\" content=\"Tafelkultur Onlineshop\" \/>\n<meta property=\"article:publisher\" content=\"https:\/\/www.facebook.com\/AnnetteAhrensTafelkultur\" \/>\n<meta property=\"article:modified_time\" content=\"2021-04-26T18:48:14+00:00\" \/>\n<meta property=\"og:image\" content=\"https:\/\/annette-ahrens.at\/onlineshop\/wp-content\/uploads\/2021\/04\/IMG_5522-scaled.jpeg\" \/>\n\t<meta property=\"og:image:width\" content=\"2560\" \/>\n\t<meta property=\"og:image:height\" content=\"2560\" \/>\n<meta name=\"twitter:card\" content=\"summary_large_image\" \/>\n<meta name=\"twitter:label1\" content=\"Gesch\u00e4tzte Lesezeit\">\n\t<meta name=\"twitter:data1\" content=\"1\u00a0Minute\">\n<script type=\"application\/ld+json\" class=\"yoast-schema-graph\">{\"@context\":\"https:\/\/schema.org\",\"@graph\":[{\"@type\":[\"Person\",\"Organization\"],\"@id\":\"https:\/\/annette-ahrens.at\/onlineshop\/#\/schema\/person\/3e19676faae246bba0cb3b7e15f427d8\",\"name\":\"Annette Ahrens\",\"image\":{\"@type\":\"ImageObject\",\"@id\":\"https:\/\/annette-ahrens.at\/onlineshop\/#personlogo\",\"inLanguage\":\"de\",\"url\":\"https:\/\/annette-ahrens.at\/onlineshop\/wp-content\/uploads\/2020\/04\/aa_logo_End.png\",\"width\":800,\"height\":164,\"caption\":\"Annette Ahrens\"},\"logo\":{\"@id\":\"https:\/\/annette-ahrens.at\/onlineshop\/#personlogo\"},\"sameAs\":[\"https:\/\/annette-ahrens.at\",\"https:\/\/www.facebook.com\/AnnetteAhrensTafelkultur\",\"https:\/\/www.instagram.com\/tafelkulturistin\/\",\"https:\/\/de.wikipedia.org\/wiki\/Annette_Ahrens\"]},{\"@type\":\"WebSite\",\"@id\":\"https:\/\/annette-ahrens.at\/onlineshop\/#website\",\"url\":\"https:\/\/annette-ahrens.at\/onlineshop\/\",\"name\":\"Tafelkultur Onlineshop\",\"description\":\"Annette Ahrens\",\"publisher\":{\"@id\":\"https:\/\/annette-ahrens.at\/onlineshop\/#\/schema\/person\/3e19676faae246bba0cb3b7e15f427d8\"},\"potentialAction\":[{\"@type\":\"SearchAction\",\"target\":\"https:\/\/annette-ahrens.at\/onlineshop\/?s={search_term_string}\",\"query-input\":\"required name=search_term_string\"}],\"inLanguage\":\"de\"},{\"@type\":\"ImageObject\",\"@id\":\"https:\/\/annette-ahrens.at\/onlineshop\/produkt\/seltenes-midcentury-zitrusmesser-mit-bambusgriff-deutschland-um-1950\/#primaryimage\",\"inLanguage\":\"de\",\"url\":\"https:\/\/annette-ahrens.at\/onlineshop\/wp-content\/uploads\/2021\/04\/IMG_5522-scaled.jpeg\",\"width\":2560,\"height\":2560,\"caption\":\"zitrusmesser\"},{\"@type\":[\"WebPage\",\"ItemPage\"],\"@id\":\"https:\/\/annette-ahrens.at\/onlineshop\/produkt\/seltenes-midcentury-zitrusmesser-mit-bambusgriff-deutschland-um-1950\/#webpage\",\"url\":\"https:\/\/annette-ahrens.at\/onlineshop\/produkt\/seltenes-midcentury-zitrusmesser-mit-bambusgriff-deutschland-um-1950\/\",\"name\":\"Seltenes Midcentury Zitrusmesser mit Bambusgriff, Deutschland, um 1950\",\"isPartOf\":{\"@id\":\"https:\/\/annette-ahrens.at\/onlineshop\/#website\"},\"primaryImageOfPage\":{\"@id\":\"https:\/\/annette-ahrens.at\/onlineshop\/produkt\/seltenes-midcentury-zitrusmesser-mit-bambusgriff-deutschland-um-1950\/#primaryimage\"},\"datePublished\":\"2021-04-26T09:02:51+00:00\",\"dateModified\":\"2021-04-26T18:48:14+00:00\",\"description\":\"Seltenes Midcentury Zitrusmesser mit Bambusgriff, Deutschland, um 1950 \\u2665 Antiquit\\u00e4ten Online kaufen \\u2713 Sichere Lieferung \\u2713\",\"breadcrumb\":{\"@id\":\"https:\/\/annette-ahrens.at\/onlineshop\/produkt\/seltenes-midcentury-zitrusmesser-mit-bambusgriff-deutschland-um-1950\/#breadcrumb\"},\"inLanguage\":\"de\",\"potentialAction\":[{\"@type\":\"ReadAction\",\"target\":[\"https:\/\/annette-ahrens.at\/onlineshop\/produkt\/seltenes-midcentury-zitrusmesser-mit-bambusgriff-deutschland-um-1950\/\"]}]},{\"@type\":\"BreadcrumbList\",\"@id\":\"https:\/\/annette-ahrens.at\/onlineshop\/produkt\/seltenes-midcentury-zitrusmesser-mit-bambusgriff-deutschland-um-1950\/#breadcrumb\",\"itemListElement\":[{\"@type\":\"ListItem\",\"position\":1,\"item\":{\"@type\":\"WebPage\",\"@id\":\"https:\/\/annette-ahrens.at\/onlineshop\/\",\"url\":\"https:\/\/annette-ahrens.at\/onlineshop\/\",\"name\":\"Home\"}},{\"@type\":\"ListItem\",\"position\":2,\"item\":{\"@type\":\"WebPage\",\"@id\":\"https:\/\/annette-ahrens.at\/onlineshop\/alle-tafelkultur-objekte\/\",\"url\":\"https:\/\/annette-ahrens.at\/onlineshop\/alle-tafelkultur-objekte\/\",\"name\":\"Alle Tafelkultur Objekte\"}},{\"@type\":\"ListItem\",\"position\":3,\"item\":{\"@type\":\"WebPage\",\"@id\":\"https:\/\/annette-ahrens.at\/onlineshop\/produkt\/seltenes-midcentury-zitrusmesser-mit-bambusgriff-deutschland-um-1950\/\",\"url\":\"https:\/\/annette-ahrens.at\/onlineshop\/produkt\/seltenes-midcentury-zitrusmesser-mit-bambusgriff-deutschland-um-1950\/\",\"name\":\"Seltenes Midcentury Zitrusmesser mit Bambusgriff, Deutschland, um 1950\"}}]}]}<\/script>\n<!-- \/ Yoast SEO Premium plugin. -->","_links":{"self":[{"href":"https:\/\/annette-ahrens.at\/onlineshop\/wp-json\/wp\/v2\/product\/8238","targetHints":{"allow":["GET"]}}],"collection":[{"href":"https:\/\/annette-ahrens.at\/onlineshop\/wp-json\/wp\/v2\/product"}],"about":[{"href":"https:\/\/annette-ahrens.at\/onlineshop\/wp-json\/wp\/v2\/types\/product"}],"replies":[{"embeddable":true,"href":"https:\/\/annette-ahrens.at\/onlineshop\/wp-json\/wp\/v2\/comments?post=8238"}],"wp:featuredmedia":[{"embeddable":true,"href":"https:\/\/annette-ahrens.at\/onlineshop\/wp-json\/wp\/v2\/media\/8294"}],"wp:attachment":[{"href":"https:\/\/annette-ahrens.at\/onlineshop\/wp-json\/wp\/v2\/media?parent=8238"}],"wp:term":[{"taxonomy":"product_brand","embeddable":true,"href":"https:\/\/annette-ahrens.at\/onlineshop\/wp-json\/wp\/v2\/product_brand?post=8238"},{"taxonomy":"product_cat","embeddable":true,"href":"https:\/\/annette-ahrens.at\/onlineshop\/wp-json\/wp\/v2\/product_cat?post=8238"},{"taxonomy":"product_tag","embeddable":true,"href":"https:\/\/annette-ahrens.at\/onlineshop\/wp-json\/wp\/v2\/product_tag?post=8238"}],"curies":[{"name":"wp","href":"https:\/\/api.w.org\/{rel}","templated":true}]}}