{"id":8355,"date":"2021-04-28T14:35:22","date_gmt":"2021-04-28T12:35:22","guid":{"rendered":"https:\/\/annette-ahrens.at\/onlineshop\/?post_type=product&#038;p=8355"},"modified":"2023-01-17T21:39:45","modified_gmt":"2023-01-17T20:39:45","slug":"kaisersemmel-porzellanmanufaktur-augarten-wien-20-jahrhundert","status":"publish","type":"product","link":"https:\/\/annette-ahrens.at\/onlineshop\/produkt\/kaisersemmel-porzellanmanufaktur-augarten-wien-20-jahrhundert\/","title":{"rendered":"Historische Kaisersemmel, Porzellanmanufaktur Augarten, Wien, 20. Jahrhundert"},"content":{"rendered":"<p>Historische Kaisersemmel als Deckeldose<\/p>\n<p>Porzellanmanufaktur Augarten, Wien, 20. Jahrhundert<\/p>\n<p>Porzellan, innen weiss glasiert, aussen in Biskuitporzellantechnik, naturalistisch (resch) bemalt, unterglasurblaue Bindenschildmarke AUGARTEN WIEN, Handbemalt in Blau und Formnummer 410\/2, varierende Malernummer, abnehmbarer Deckel<\/p>\n<p>Dm 9 cm<\/p>\n<p>H 4,5 cm<\/p>\n","protected":false},"excerpt":{"rendered":"<p>Annettes Etikette: Das Vorbild f\u00fcr diese originelle Semmel stammt aus dem Jahre 1864. Besonders in der 2. H\u00e4lfte des 19. Jahrhunderts lassen sich im Sortiment von Porzellanmanufakturen solche trompe l\u00b4oeil (frz. \u201et\u00e4usche das Auge\u201c) Ausformungen finden, wohl um der Belustigung von G\u00e4sten zu dienen, die eine Porzellansemmel in der kunstvoll gefalteten Serviette fanden. Unter einer Wiener Kaisersemmel versteht man ein handgewirktes Wei\u00dfgeb\u00e4ck von runder Form, welches sich durch eine lange Teigf\u00fchrung von mindestens 2 Stunden auszeichnet. Wurde urspr\u00fcnglich der 5-teilige Stern durch aufw\u00e4ndiges Falten des Teiges erzeugt, so wird heute ein spezieller Stempel in den Teig gedr\u00fcckt, welcher die Oberseite der Semmel knuspriger und rescher macht. Ihre Bezeichnung erlangte die Semmel nicht nur durch die pers\u00f6nliche Vorliebe von Kaisers Franz Joseph I., sondern durch die Tatsache, dass das begehrte Wei\u00dfgeb\u00e4ck an Kaisers Geburtstag, dem 18. August in allen St\u00e4dten und Gemeinden der Monarchie an die Bev\u00f6lkerung verteilt wurde. Weitere Infos auf meinem <a href=\"https:\/\/annette-ahrens.at\/noch-ein-beitrag\/\">Blog.<\/a><\/p>\n<p>https:\/\/annette-ahrens.at\/noch-ein-beitrag\/<\/p>\n","protected":false},"featured_media":8362,"comment_status":"open","ping_status":"closed","template":"","meta":[],"product_brand":[],"product_cat":[25,34,139,141,32,18,294,291,292,51,54,131,53,26,157,158],"product_tag":[],"class_list":{"0":"post-8355","1":"product","2":"type-product","3":"status-publish","4":"has-post-thumbnail","6":"product_cat-5o-clock-tea","7":"product_cat-brot","8":"product_cat-butter","9":"product_cat-butterdose","10":"product_cat-festefeiern","11":"product_cat-fruehstueck","12":"product_cat-geburtstag","13":"product_cat-hochzeit","14":"product_cat-muttertag","15":"product_cat-ostern","16":"product_cat-porzellan","17":"product_cat-tafeldekorationen","18":"product_cat-weihnachten","19":"product_cat-wiener-melange","20":"product_cat-zucker-fruehstueck","21":"product_cat-zuckerdose","23":"first","24":"outofstock","25":"purchasable","26":"product-type-simple"},"yoast_head":"<!-- This site is optimized with the Yoast SEO Premium plugin v15.8.2 - https:\/\/yoast.com\/wordpress\/plugins\/seo\/ -->\n<title>Historische Kaisersemmel, Porzellanmanufaktur Augarten, Wien, 20. Jahrhundert<\/title>\n<meta name=\"description\" content=\"Historische Kaisersemmel, Porzellanmanufaktur Augarten, Wien, 20. Jahrhundert \u2665 Antiquit\u00e4ten Online kaufen \u2713 Sichere Lieferung \u2713\" \/>\n<meta name=\"robots\" content=\"index, follow, max-snippet:-1, max-image-preview:large, max-video-preview:-1\" \/>\n<link rel=\"canonical\" href=\"https:\/\/annette-ahrens.at\/onlineshop\/produkt\/kaisersemmel-porzellanmanufaktur-augarten-wien-20-jahrhundert\/\" \/>\n<meta property=\"og:locale\" content=\"de_DE\" \/>\n<meta property=\"og:type\" content=\"article\" \/>\n<meta property=\"og:title\" content=\"Historische Kaisersemmel, Porzellanmanufaktur Augarten, Wien, 20. Jahrhundert\" \/>\n<meta property=\"og:description\" content=\"Historische Kaisersemmel, Porzellanmanufaktur Augarten, Wien, 20. Jahrhundert \u2665 Antiquit\u00e4ten Online kaufen \u2713 Sichere Lieferung \u2713\" \/>\n<meta property=\"og:url\" content=\"https:\/\/annette-ahrens.at\/onlineshop\/produkt\/kaisersemmel-porzellanmanufaktur-augarten-wien-20-jahrhundert\/\" \/>\n<meta property=\"og:site_name\" content=\"Tafelkultur Onlineshop\" \/>\n<meta property=\"article:publisher\" content=\"https:\/\/www.facebook.com\/AnnetteAhrensTafelkultur\" \/>\n<meta property=\"article:modified_time\" content=\"2023-01-17T20:39:45+00:00\" \/>\n<meta property=\"og:image\" content=\"https:\/\/annette-ahrens.at\/onlineshop\/wp-content\/uploads\/2021\/04\/IMG_5667-scaled.jpeg\" \/>\n\t<meta property=\"og:image:width\" content=\"2560\" \/>\n\t<meta property=\"og:image:height\" content=\"2560\" \/>\n<meta name=\"twitter:card\" content=\"summary_large_image\" \/>\n<meta name=\"twitter:label1\" content=\"Gesch\u00e4tzte Lesezeit\">\n\t<meta name=\"twitter:data1\" content=\"1\u00a0Minute\">\n<script type=\"application\/ld+json\" class=\"yoast-schema-graph\">{\"@context\":\"https:\/\/schema.org\",\"@graph\":[{\"@type\":[\"Person\",\"Organization\"],\"@id\":\"https:\/\/annette-ahrens.at\/onlineshop\/#\/schema\/person\/3e19676faae246bba0cb3b7e15f427d8\",\"name\":\"Annette Ahrens\",\"image\":{\"@type\":\"ImageObject\",\"@id\":\"https:\/\/annette-ahrens.at\/onlineshop\/#personlogo\",\"inLanguage\":\"de\",\"url\":\"https:\/\/annette-ahrens.at\/onlineshop\/wp-content\/uploads\/2020\/04\/aa_logo_End.png\",\"width\":800,\"height\":164,\"caption\":\"Annette Ahrens\"},\"logo\":{\"@id\":\"https:\/\/annette-ahrens.at\/onlineshop\/#personlogo\"},\"sameAs\":[\"https:\/\/annette-ahrens.at\",\"https:\/\/www.facebook.com\/AnnetteAhrensTafelkultur\",\"https:\/\/www.instagram.com\/tafelkulturistin\/\",\"https:\/\/de.wikipedia.org\/wiki\/Annette_Ahrens\"]},{\"@type\":\"WebSite\",\"@id\":\"https:\/\/annette-ahrens.at\/onlineshop\/#website\",\"url\":\"https:\/\/annette-ahrens.at\/onlineshop\/\",\"name\":\"Tafelkultur Onlineshop\",\"description\":\"Annette Ahrens\",\"publisher\":{\"@id\":\"https:\/\/annette-ahrens.at\/onlineshop\/#\/schema\/person\/3e19676faae246bba0cb3b7e15f427d8\"},\"potentialAction\":[{\"@type\":\"SearchAction\",\"target\":\"https:\/\/annette-ahrens.at\/onlineshop\/?s={search_term_string}\",\"query-input\":\"required name=search_term_string\"}],\"inLanguage\":\"de\"},{\"@type\":\"ImageObject\",\"@id\":\"https:\/\/annette-ahrens.at\/onlineshop\/produkt\/kaisersemmel-porzellanmanufaktur-augarten-wien-20-jahrhundert\/#primaryimage\",\"inLanguage\":\"de\",\"url\":\"https:\/\/annette-ahrens.at\/onlineshop\/wp-content\/uploads\/2021\/04\/IMG_5667-scaled.jpeg\",\"width\":2560,\"height\":2560,\"caption\":\"kaisersemmel\"},{\"@type\":[\"WebPage\",\"ItemPage\"],\"@id\":\"https:\/\/annette-ahrens.at\/onlineshop\/produkt\/kaisersemmel-porzellanmanufaktur-augarten-wien-20-jahrhundert\/#webpage\",\"url\":\"https:\/\/annette-ahrens.at\/onlineshop\/produkt\/kaisersemmel-porzellanmanufaktur-augarten-wien-20-jahrhundert\/\",\"name\":\"Historische Kaisersemmel, Porzellanmanufaktur Augarten, Wien, 20. Jahrhundert\",\"isPartOf\":{\"@id\":\"https:\/\/annette-ahrens.at\/onlineshop\/#website\"},\"primaryImageOfPage\":{\"@id\":\"https:\/\/annette-ahrens.at\/onlineshop\/produkt\/kaisersemmel-porzellanmanufaktur-augarten-wien-20-jahrhundert\/#primaryimage\"},\"datePublished\":\"2021-04-28T12:35:22+00:00\",\"dateModified\":\"2023-01-17T20:39:45+00:00\",\"description\":\"Historische Kaisersemmel, Porzellanmanufaktur Augarten, Wien, 20. Jahrhundert \\u2665 Antiquit\\u00e4ten Online kaufen \\u2713 Sichere Lieferung \\u2713\",\"breadcrumb\":{\"@id\":\"https:\/\/annette-ahrens.at\/onlineshop\/produkt\/kaisersemmel-porzellanmanufaktur-augarten-wien-20-jahrhundert\/#breadcrumb\"},\"inLanguage\":\"de\",\"potentialAction\":[{\"@type\":\"ReadAction\",\"target\":[\"https:\/\/annette-ahrens.at\/onlineshop\/produkt\/kaisersemmel-porzellanmanufaktur-augarten-wien-20-jahrhundert\/\"]}]},{\"@type\":\"BreadcrumbList\",\"@id\":\"https:\/\/annette-ahrens.at\/onlineshop\/produkt\/kaisersemmel-porzellanmanufaktur-augarten-wien-20-jahrhundert\/#breadcrumb\",\"itemListElement\":[{\"@type\":\"ListItem\",\"position\":1,\"item\":{\"@type\":\"WebPage\",\"@id\":\"https:\/\/annette-ahrens.at\/onlineshop\/\",\"url\":\"https:\/\/annette-ahrens.at\/onlineshop\/\",\"name\":\"Home\"}},{\"@type\":\"ListItem\",\"position\":2,\"item\":{\"@type\":\"WebPage\",\"@id\":\"https:\/\/annette-ahrens.at\/onlineshop\/alle-tafelkultur-objekte\/\",\"url\":\"https:\/\/annette-ahrens.at\/onlineshop\/alle-tafelkultur-objekte\/\",\"name\":\"Alle Tafelkultur Objekte\"}},{\"@type\":\"ListItem\",\"position\":3,\"item\":{\"@type\":\"WebPage\",\"@id\":\"https:\/\/annette-ahrens.at\/onlineshop\/produkt\/kaisersemmel-porzellanmanufaktur-augarten-wien-20-jahrhundert\/\",\"url\":\"https:\/\/annette-ahrens.at\/onlineshop\/produkt\/kaisersemmel-porzellanmanufaktur-augarten-wien-20-jahrhundert\/\",\"name\":\"Historische Kaisersemmel, Porzellanmanufaktur Augarten, Wien, 20. Jahrhundert\"}}]}]}<\/script>\n<!-- \/ Yoast SEO Premium plugin. -->","_links":{"self":[{"href":"https:\/\/annette-ahrens.at\/onlineshop\/wp-json\/wp\/v2\/product\/8355","targetHints":{"allow":["GET"]}}],"collection":[{"href":"https:\/\/annette-ahrens.at\/onlineshop\/wp-json\/wp\/v2\/product"}],"about":[{"href":"https:\/\/annette-ahrens.at\/onlineshop\/wp-json\/wp\/v2\/types\/product"}],"replies":[{"embeddable":true,"href":"https:\/\/annette-ahrens.at\/onlineshop\/wp-json\/wp\/v2\/comments?post=8355"}],"wp:featuredmedia":[{"embeddable":true,"href":"https:\/\/annette-ahrens.at\/onlineshop\/wp-json\/wp\/v2\/media\/8362"}],"wp:attachment":[{"href":"https:\/\/annette-ahrens.at\/onlineshop\/wp-json\/wp\/v2\/media?parent=8355"}],"wp:term":[{"taxonomy":"product_brand","embeddable":true,"href":"https:\/\/annette-ahrens.at\/onlineshop\/wp-json\/wp\/v2\/product_brand?post=8355"},{"taxonomy":"product_cat","embeddable":true,"href":"https:\/\/annette-ahrens.at\/onlineshop\/wp-json\/wp\/v2\/product_cat?post=8355"},{"taxonomy":"product_tag","embeddable":true,"href":"https:\/\/annette-ahrens.at\/onlineshop\/wp-json\/wp\/v2\/product_tag?post=8355"}],"curies":[{"name":"wp","href":"https:\/\/api.w.org\/{rel}","templated":true}]}}