{"id":8900,"date":"2021-05-26T12:07:33","date_gmt":"2021-05-26T10:07:33","guid":{"rendered":"https:\/\/annette-ahrens.at\/onlineshop\/?post_type=product&#038;p=8900"},"modified":"2022-06-09T02:19:58","modified_gmt":"2022-06-09T00:19:58","slug":"seltener-silberner-schnurrbartloeffel-deutschland-19-jahrhundert","status":"publish","type":"product","link":"https:\/\/annette-ahrens.at\/onlineshop\/produkt\/seltener-silberner-schnurrbartloeffel-deutschland-19-jahrhundert\/","title":{"rendered":"Seltener silberner Schnurrbartl\u00f6ffel, Deutschland, 19. Jahrhundert"},"content":{"rendered":"<p>Seltener silberner Schnurrbartl\u00f6ffel<\/p>\n<p>Deutschland, 19. Jahrhundert<\/p>\n<p>Silber, Laffe mit Abdeckung, um den Schnurrbart zu schonen, r\u00fcckseitig am Stiel gemarkt 12 l\u00f6thiges Silber, Meistermarke STETTMAYER<\/p>\n<p>L\u00e4nge\u00a021,5 cm<\/p>\n<p>45 g<\/p>\n","protected":false},"excerpt":{"rendered":"<p>Annettes Etikette: Zu den originellsten St\u00fccken meiner Bestecksammlung z\u00e4hlen sicherlich solche \u201cSchnurrbartl\u00f6ffel\u201d! \u00a0Bei der heutigen Bartmode ist er sicherlich ein must-have f\u00fcr seinen stilvollen Tr\u00e4ger. Die bart\u00e4hnlich geschwungene Abdeckung an der Laffe verhindert ein Eintauchen des Bartes in die Suppe. Richtiges Schnurren mit meinem Schnurrbartl\u00f6ffel ist gewiss. F\u00fcr das steile Foto danke ich Herrn Peter Brandst\u00e4tter, Graz.<\/p>\n","protected":false},"featured_media":8925,"comment_status":"open","ping_status":"closed","template":"","meta":[],"product_brand":[],"product_cat":[30,294,236,20,273,239,190,26],"product_tag":[],"class_list":{"0":"post-8900","1":"product","2":"type-product","3":"status-publish","4":"has-post-thumbnail","6":"product_cat-besteck","7":"product_cat-geburtstag","8":"product_cat-loeffel","9":"product_cat-lunchtime","10":"product_cat-silber-fachbuecher","11":"product_cat-spezialbestecke","12":"product_cat-suppe","13":"product_cat-wiener-melange","15":"first","16":"instock","17":"sold-individually","18":"purchasable","19":"product-type-simple"},"yoast_head":"<!-- This site is optimized with the Yoast SEO Premium plugin v15.8.2 - https:\/\/yoast.com\/wordpress\/plugins\/seo\/ -->\n<title>Seltener silberner Schnurrbartl\u00f6ffel, Deutschland, 19. Jahrhundert<\/title>\n<meta name=\"description\" content=\"Seltener silberner Schnurrbartl\u00f6ffel, Deutschland, 19. Jahrhundert \u2665 Antiquit\u00e4ten Online kaufen \u2713 Sichere Lieferung \u2713\" \/>\n<meta name=\"robots\" content=\"index, follow, max-snippet:-1, max-image-preview:large, max-video-preview:-1\" \/>\n<link rel=\"canonical\" href=\"https:\/\/annette-ahrens.at\/onlineshop\/produkt\/seltener-silberner-schnurrbartloeffel-deutschland-19-jahrhundert\/\" \/>\n<meta property=\"og:locale\" content=\"de_DE\" \/>\n<meta property=\"og:type\" content=\"article\" \/>\n<meta property=\"og:title\" content=\"Seltener silberner Schnurrbartl\u00f6ffel, Deutschland, 19. Jahrhundert\" \/>\n<meta property=\"og:description\" content=\"Seltener silberner Schnurrbartl\u00f6ffel, Deutschland, 19. Jahrhundert \u2665 Antiquit\u00e4ten Online kaufen \u2713 Sichere Lieferung \u2713\" \/>\n<meta property=\"og:url\" content=\"https:\/\/annette-ahrens.at\/onlineshop\/produkt\/seltener-silberner-schnurrbartloeffel-deutschland-19-jahrhundert\/\" \/>\n<meta property=\"og:site_name\" content=\"Tafelkultur Onlineshop\" \/>\n<meta property=\"article:publisher\" content=\"https:\/\/www.facebook.com\/AnnetteAhrensTafelkultur\" \/>\n<meta property=\"article:modified_time\" content=\"2022-06-09T00:19:58+00:00\" \/>\n<meta property=\"og:image\" content=\"https:\/\/annette-ahrens.at\/onlineshop\/wp-content\/uploads\/2021\/04\/IMG_7499-scaled.jpeg\" \/>\n\t<meta property=\"og:image:width\" content=\"2560\" \/>\n\t<meta property=\"og:image:height\" content=\"2560\" \/>\n<meta name=\"twitter:card\" content=\"summary_large_image\" \/>\n<meta name=\"twitter:label1\" content=\"Gesch\u00e4tzte Lesezeit\">\n\t<meta name=\"twitter:data1\" content=\"1\u00a0Minute\">\n<script type=\"application\/ld+json\" class=\"yoast-schema-graph\">{\"@context\":\"https:\/\/schema.org\",\"@graph\":[{\"@type\":[\"Person\",\"Organization\"],\"@id\":\"https:\/\/annette-ahrens.at\/onlineshop\/#\/schema\/person\/3e19676faae246bba0cb3b7e15f427d8\",\"name\":\"Annette Ahrens\",\"image\":{\"@type\":\"ImageObject\",\"@id\":\"https:\/\/annette-ahrens.at\/onlineshop\/#personlogo\",\"inLanguage\":\"de\",\"url\":\"https:\/\/annette-ahrens.at\/onlineshop\/wp-content\/uploads\/2020\/04\/aa_logo_End.png\",\"width\":800,\"height\":164,\"caption\":\"Annette Ahrens\"},\"logo\":{\"@id\":\"https:\/\/annette-ahrens.at\/onlineshop\/#personlogo\"},\"sameAs\":[\"https:\/\/annette-ahrens.at\",\"https:\/\/www.facebook.com\/AnnetteAhrensTafelkultur\",\"https:\/\/www.instagram.com\/tafelkulturistin\/\",\"https:\/\/de.wikipedia.org\/wiki\/Annette_Ahrens\"]},{\"@type\":\"WebSite\",\"@id\":\"https:\/\/annette-ahrens.at\/onlineshop\/#website\",\"url\":\"https:\/\/annette-ahrens.at\/onlineshop\/\",\"name\":\"Tafelkultur Onlineshop\",\"description\":\"Annette Ahrens\",\"publisher\":{\"@id\":\"https:\/\/annette-ahrens.at\/onlineshop\/#\/schema\/person\/3e19676faae246bba0cb3b7e15f427d8\"},\"potentialAction\":[{\"@type\":\"SearchAction\",\"target\":\"https:\/\/annette-ahrens.at\/onlineshop\/?s={search_term_string}\",\"query-input\":\"required name=search_term_string\"}],\"inLanguage\":\"de\"},{\"@type\":\"ImageObject\",\"@id\":\"https:\/\/annette-ahrens.at\/onlineshop\/produkt\/seltener-silberner-schnurrbartloeffel-deutschland-19-jahrhundert\/#primaryimage\",\"inLanguage\":\"de\",\"url\":\"https:\/\/annette-ahrens.at\/onlineshop\/wp-content\/uploads\/2021\/04\/IMG_7499-scaled.jpeg\",\"width\":2560,\"height\":2560,\"caption\":\"schnurrbartl\\u00f6ffel_silber\"},{\"@type\":[\"WebPage\",\"ItemPage\"],\"@id\":\"https:\/\/annette-ahrens.at\/onlineshop\/produkt\/seltener-silberner-schnurrbartloeffel-deutschland-19-jahrhundert\/#webpage\",\"url\":\"https:\/\/annette-ahrens.at\/onlineshop\/produkt\/seltener-silberner-schnurrbartloeffel-deutschland-19-jahrhundert\/\",\"name\":\"Seltener silberner Schnurrbartl\\u00f6ffel, Deutschland, 19. Jahrhundert\",\"isPartOf\":{\"@id\":\"https:\/\/annette-ahrens.at\/onlineshop\/#website\"},\"primaryImageOfPage\":{\"@id\":\"https:\/\/annette-ahrens.at\/onlineshop\/produkt\/seltener-silberner-schnurrbartloeffel-deutschland-19-jahrhundert\/#primaryimage\"},\"datePublished\":\"2021-05-26T10:07:33+00:00\",\"dateModified\":\"2022-06-09T00:19:58+00:00\",\"description\":\"Seltener silberner Schnurrbartl\\u00f6ffel, Deutschland, 19. Jahrhundert \\u2665 Antiquit\\u00e4ten Online kaufen \\u2713 Sichere Lieferung \\u2713\",\"breadcrumb\":{\"@id\":\"https:\/\/annette-ahrens.at\/onlineshop\/produkt\/seltener-silberner-schnurrbartloeffel-deutschland-19-jahrhundert\/#breadcrumb\"},\"inLanguage\":\"de\",\"potentialAction\":[{\"@type\":\"ReadAction\",\"target\":[\"https:\/\/annette-ahrens.at\/onlineshop\/produkt\/seltener-silberner-schnurrbartloeffel-deutschland-19-jahrhundert\/\"]}]},{\"@type\":\"BreadcrumbList\",\"@id\":\"https:\/\/annette-ahrens.at\/onlineshop\/produkt\/seltener-silberner-schnurrbartloeffel-deutschland-19-jahrhundert\/#breadcrumb\",\"itemListElement\":[{\"@type\":\"ListItem\",\"position\":1,\"item\":{\"@type\":\"WebPage\",\"@id\":\"https:\/\/annette-ahrens.at\/onlineshop\/\",\"url\":\"https:\/\/annette-ahrens.at\/onlineshop\/\",\"name\":\"Home\"}},{\"@type\":\"ListItem\",\"position\":2,\"item\":{\"@type\":\"WebPage\",\"@id\":\"https:\/\/annette-ahrens.at\/onlineshop\/alle-tafelkultur-objekte\/\",\"url\":\"https:\/\/annette-ahrens.at\/onlineshop\/alle-tafelkultur-objekte\/\",\"name\":\"Alle Tafelkultur Objekte\"}},{\"@type\":\"ListItem\",\"position\":3,\"item\":{\"@type\":\"WebPage\",\"@id\":\"https:\/\/annette-ahrens.at\/onlineshop\/produkt\/seltener-silberner-schnurrbartloeffel-deutschland-19-jahrhundert\/\",\"url\":\"https:\/\/annette-ahrens.at\/onlineshop\/produkt\/seltener-silberner-schnurrbartloeffel-deutschland-19-jahrhundert\/\",\"name\":\"Seltener silberner Schnurrbartl\\u00f6ffel, Deutschland, 19. Jahrhundert\"}}]}]}<\/script>\n<!-- \/ Yoast SEO Premium plugin. -->","_links":{"self":[{"href":"https:\/\/annette-ahrens.at\/onlineshop\/wp-json\/wp\/v2\/product\/8900","targetHints":{"allow":["GET"]}}],"collection":[{"href":"https:\/\/annette-ahrens.at\/onlineshop\/wp-json\/wp\/v2\/product"}],"about":[{"href":"https:\/\/annette-ahrens.at\/onlineshop\/wp-json\/wp\/v2\/types\/product"}],"replies":[{"embeddable":true,"href":"https:\/\/annette-ahrens.at\/onlineshop\/wp-json\/wp\/v2\/comments?post=8900"}],"wp:featuredmedia":[{"embeddable":true,"href":"https:\/\/annette-ahrens.at\/onlineshop\/wp-json\/wp\/v2\/media\/8925"}],"wp:attachment":[{"href":"https:\/\/annette-ahrens.at\/onlineshop\/wp-json\/wp\/v2\/media?parent=8900"}],"wp:term":[{"taxonomy":"product_brand","embeddable":true,"href":"https:\/\/annette-ahrens.at\/onlineshop\/wp-json\/wp\/v2\/product_brand?post=8900"},{"taxonomy":"product_cat","embeddable":true,"href":"https:\/\/annette-ahrens.at\/onlineshop\/wp-json\/wp\/v2\/product_cat?post=8900"},{"taxonomy":"product_tag","embeddable":true,"href":"https:\/\/annette-ahrens.at\/onlineshop\/wp-json\/wp\/v2\/product_tag?post=8900"}],"curies":[{"name":"wp","href":"https:\/\/api.w.org\/{rel}","templated":true}]}}