{"id":9153,"date":"2021-08-03T00:09:05","date_gmt":"2021-08-02T22:09:05","guid":{"rendered":"https:\/\/annette-ahrens.at\/onlineshop\/?post_type=product&#038;p=9153"},"modified":"2023-05-25T11:46:45","modified_gmt":"2023-05-25T09:46:45","slug":"silberne-biedermeier-teemaschine-franz-schiffer-wien-1847","status":"publish","type":"product","link":"https:\/\/annette-ahrens.at\/onlineshop\/produkt\/silberne-biedermeier-teemaschine-franz-schiffer-wien-1847\/","title":{"rendered":"Silberne Biedermeier Teemaschine, Franz Schiffer, Wien, 1847"},"content":{"rendered":"<p>Silberne Biedermeier Teemaschine<\/p>\n<p>Franz Schiffer, Wien, 1847<\/p>\n<p>Silber, rund, zylindrischer Gef\u00e4\u00dfk\u00f6rper, Kranenausgu\u00df mit Volutenabschlu\u00df, runder Steckdeckel mit isolierendem Holzknauf, beidseitige Fallringhenkel, vierbeiniges Rechaudgestell mit rundem, herausnehmbarem Brenner, Stielgriff aus Bein, Einsatzsieb aus Zinnlegierung, alle Teile gemarkt mit\u00a0Alt Wiener Beschauzeichen 1847, Meisterzeichen Schiffer in Schreibschrift (Vgl. Neuwirth 2002, P 127), Fassungsverm\u00f6gen 0,5 l<\/p>\n<p>H 20 cm<\/p>\n<p>Dm 11 cm<\/p>\n<p>Bruttogewicht 755 g<\/p>\n","protected":false},"excerpt":{"rendered":"<p>Annettes Etikette: Genau ein Jahr nach der Verleihung des Titels &#8222;k.k. Hof-Gold- und Silberarbeiter fertigte die Werkstatt von Franz Schiffer diese seltene Teemaschine. Die Befugnis erlangte er bereits 1827, das Meisterrecht wurde ihm 1832 verliehen. Der charakteristische, denn ausgeschriebene Namenszug &#8222;Schiffer&#8220; in Schreibschrift erleichtert die Zuordnung unter den rund 3500 Wiener Meisterpunzen. Diese wurden von Frau Waltraud Neuwirth 2002 in einer bis heute unabk\u00f6mmlichen Publikation festgehalten.<\/p>\n","protected":false},"featured_media":9154,"comment_status":"open","ping_status":"closed","template":"","meta":[],"product_brand":[],"product_cat":[25,297,32,18,269,132,38,268,271,150,26],"product_tag":[],"class_list":{"0":"post-9153","1":"product","2":"type-product","3":"status-publish","4":"has-post-thumbnail","6":"product_cat-5o-clock-tea","7":"product_cat-adventjause","8":"product_cat-festefeiern","9":"product_cat-fruehstueck","10":"product_cat-samowar","11":"product_cat-silber","12":"product_cat-tee","13":"product_cat-tee-5o-clock-tea","14":"product_cat-teekessel","15":"product_cat-teemaschine","16":"product_cat-wiener-melange","18":"first","19":"instock","20":"sold-individually","21":"purchasable","22":"product-type-simple"},"yoast_head":"<!-- This site is optimized with the Yoast SEO Premium plugin v15.8.2 - https:\/\/yoast.com\/wordpress\/plugins\/seo\/ -->\n<title>Silberne Biedermeier Teemaschine, Franz Schiffer, Wien, 1847<\/title>\n<meta name=\"description\" content=\"Silberne Biedermeier Teemaschine, Franz Schiffer, Wien, 1847 \u2665 Antiquit\u00e4ten Online kaufen \u2713 Sichere Lieferung \u2713\" \/>\n<meta name=\"robots\" content=\"index, follow, max-snippet:-1, max-image-preview:large, max-video-preview:-1\" \/>\n<link rel=\"canonical\" href=\"https:\/\/annette-ahrens.at\/onlineshop\/produkt\/silberne-biedermeier-teemaschine-franz-schiffer-wien-1847\/\" \/>\n<meta property=\"og:locale\" content=\"de_DE\" \/>\n<meta property=\"og:type\" content=\"article\" \/>\n<meta property=\"og:title\" content=\"Silberne Biedermeier Teemaschine, Franz Schiffer, Wien, 1847\" \/>\n<meta property=\"og:description\" content=\"Silberne Biedermeier Teemaschine, Franz Schiffer, Wien, 1847 \u2665 Antiquit\u00e4ten Online kaufen \u2713 Sichere Lieferung \u2713\" \/>\n<meta property=\"og:url\" content=\"https:\/\/annette-ahrens.at\/onlineshop\/produkt\/silberne-biedermeier-teemaschine-franz-schiffer-wien-1847\/\" \/>\n<meta property=\"og:site_name\" content=\"Tafelkultur Onlineshop\" \/>\n<meta property=\"article:publisher\" content=\"https:\/\/www.facebook.com\/AnnetteAhrensTafelkultur\" \/>\n<meta property=\"article:modified_time\" content=\"2023-05-25T09:46:45+00:00\" \/>\n<meta property=\"og:image\" content=\"https:\/\/annette-ahrens.at\/onlineshop\/wp-content\/uploads\/2021\/06\/IMG_8629-scaled.jpeg\" \/>\n\t<meta property=\"og:image:width\" content=\"1920\" \/>\n\t<meta property=\"og:image:height\" content=\"2560\" \/>\n<meta name=\"twitter:card\" content=\"summary_large_image\" \/>\n<meta name=\"twitter:label1\" content=\"Gesch\u00e4tzte Lesezeit\">\n\t<meta name=\"twitter:data1\" content=\"1\u00a0Minute\">\n<script type=\"application\/ld+json\" class=\"yoast-schema-graph\">{\"@context\":\"https:\/\/schema.org\",\"@graph\":[{\"@type\":[\"Person\",\"Organization\"],\"@id\":\"https:\/\/annette-ahrens.at\/onlineshop\/#\/schema\/person\/3e19676faae246bba0cb3b7e15f427d8\",\"name\":\"Annette Ahrens\",\"image\":{\"@type\":\"ImageObject\",\"@id\":\"https:\/\/annette-ahrens.at\/onlineshop\/#personlogo\",\"inLanguage\":\"de\",\"url\":\"https:\/\/annette-ahrens.at\/onlineshop\/wp-content\/uploads\/2020\/04\/aa_logo_End.png\",\"width\":800,\"height\":164,\"caption\":\"Annette Ahrens\"},\"logo\":{\"@id\":\"https:\/\/annette-ahrens.at\/onlineshop\/#personlogo\"},\"sameAs\":[\"https:\/\/annette-ahrens.at\",\"https:\/\/www.facebook.com\/AnnetteAhrensTafelkultur\",\"https:\/\/www.instagram.com\/tafelkulturistin\/\",\"https:\/\/de.wikipedia.org\/wiki\/Annette_Ahrens\"]},{\"@type\":\"WebSite\",\"@id\":\"https:\/\/annette-ahrens.at\/onlineshop\/#website\",\"url\":\"https:\/\/annette-ahrens.at\/onlineshop\/\",\"name\":\"Tafelkultur Onlineshop\",\"description\":\"Annette Ahrens\",\"publisher\":{\"@id\":\"https:\/\/annette-ahrens.at\/onlineshop\/#\/schema\/person\/3e19676faae246bba0cb3b7e15f427d8\"},\"potentialAction\":[{\"@type\":\"SearchAction\",\"target\":\"https:\/\/annette-ahrens.at\/onlineshop\/?s={search_term_string}\",\"query-input\":\"required name=search_term_string\"}],\"inLanguage\":\"de\"},{\"@type\":\"ImageObject\",\"@id\":\"https:\/\/annette-ahrens.at\/onlineshop\/produkt\/silberne-biedermeier-teemaschine-franz-schiffer-wien-1847\/#primaryimage\",\"inLanguage\":\"de\",\"url\":\"https:\/\/annette-ahrens.at\/onlineshop\/wp-content\/uploads\/2021\/06\/IMG_8629-scaled.jpeg\",\"width\":1920,\"height\":2560,\"caption\":\"altwien_teemaschine\"},{\"@type\":[\"WebPage\",\"ItemPage\"],\"@id\":\"https:\/\/annette-ahrens.at\/onlineshop\/produkt\/silberne-biedermeier-teemaschine-franz-schiffer-wien-1847\/#webpage\",\"url\":\"https:\/\/annette-ahrens.at\/onlineshop\/produkt\/silberne-biedermeier-teemaschine-franz-schiffer-wien-1847\/\",\"name\":\"Silberne Biedermeier Teemaschine, Franz Schiffer, Wien, 1847\",\"isPartOf\":{\"@id\":\"https:\/\/annette-ahrens.at\/onlineshop\/#website\"},\"primaryImageOfPage\":{\"@id\":\"https:\/\/annette-ahrens.at\/onlineshop\/produkt\/silberne-biedermeier-teemaschine-franz-schiffer-wien-1847\/#primaryimage\"},\"datePublished\":\"2021-08-02T22:09:05+00:00\",\"dateModified\":\"2023-05-25T09:46:45+00:00\",\"description\":\"Silberne Biedermeier Teemaschine, Franz Schiffer, Wien, 1847 \\u2665 Antiquit\\u00e4ten Online kaufen \\u2713 Sichere Lieferung \\u2713\",\"breadcrumb\":{\"@id\":\"https:\/\/annette-ahrens.at\/onlineshop\/produkt\/silberne-biedermeier-teemaschine-franz-schiffer-wien-1847\/#breadcrumb\"},\"inLanguage\":\"de\",\"potentialAction\":[{\"@type\":\"ReadAction\",\"target\":[\"https:\/\/annette-ahrens.at\/onlineshop\/produkt\/silberne-biedermeier-teemaschine-franz-schiffer-wien-1847\/\"]}]},{\"@type\":\"BreadcrumbList\",\"@id\":\"https:\/\/annette-ahrens.at\/onlineshop\/produkt\/silberne-biedermeier-teemaschine-franz-schiffer-wien-1847\/#breadcrumb\",\"itemListElement\":[{\"@type\":\"ListItem\",\"position\":1,\"item\":{\"@type\":\"WebPage\",\"@id\":\"https:\/\/annette-ahrens.at\/onlineshop\/\",\"url\":\"https:\/\/annette-ahrens.at\/onlineshop\/\",\"name\":\"Home\"}},{\"@type\":\"ListItem\",\"position\":2,\"item\":{\"@type\":\"WebPage\",\"@id\":\"https:\/\/annette-ahrens.at\/onlineshop\/alle-tafelkultur-objekte\/\",\"url\":\"https:\/\/annette-ahrens.at\/onlineshop\/alle-tafelkultur-objekte\/\",\"name\":\"Alle Tafelkultur Objekte\"}},{\"@type\":\"ListItem\",\"position\":3,\"item\":{\"@type\":\"WebPage\",\"@id\":\"https:\/\/annette-ahrens.at\/onlineshop\/produkt\/silberne-biedermeier-teemaschine-franz-schiffer-wien-1847\/\",\"url\":\"https:\/\/annette-ahrens.at\/onlineshop\/produkt\/silberne-biedermeier-teemaschine-franz-schiffer-wien-1847\/\",\"name\":\"Silberne Biedermeier Teemaschine, Franz Schiffer, Wien, 1847\"}}]}]}<\/script>\n<!-- \/ Yoast SEO Premium plugin. -->","_links":{"self":[{"href":"https:\/\/annette-ahrens.at\/onlineshop\/wp-json\/wp\/v2\/product\/9153","targetHints":{"allow":["GET"]}}],"collection":[{"href":"https:\/\/annette-ahrens.at\/onlineshop\/wp-json\/wp\/v2\/product"}],"about":[{"href":"https:\/\/annette-ahrens.at\/onlineshop\/wp-json\/wp\/v2\/types\/product"}],"replies":[{"embeddable":true,"href":"https:\/\/annette-ahrens.at\/onlineshop\/wp-json\/wp\/v2\/comments?post=9153"}],"wp:featuredmedia":[{"embeddable":true,"href":"https:\/\/annette-ahrens.at\/onlineshop\/wp-json\/wp\/v2\/media\/9154"}],"wp:attachment":[{"href":"https:\/\/annette-ahrens.at\/onlineshop\/wp-json\/wp\/v2\/media?parent=9153"}],"wp:term":[{"taxonomy":"product_brand","embeddable":true,"href":"https:\/\/annette-ahrens.at\/onlineshop\/wp-json\/wp\/v2\/product_brand?post=9153"},{"taxonomy":"product_cat","embeddable":true,"href":"https:\/\/annette-ahrens.at\/onlineshop\/wp-json\/wp\/v2\/product_cat?post=9153"},{"taxonomy":"product_tag","embeddable":true,"href":"https:\/\/annette-ahrens.at\/onlineshop\/wp-json\/wp\/v2\/product_tag?post=9153"}],"curies":[{"name":"wp","href":"https:\/\/api.w.org\/{rel}","templated":true}]}}