{"id":9361,"date":"2021-07-01T20:52:41","date_gmt":"2021-07-01T18:52:41","guid":{"rendered":"https:\/\/annette-ahrens.at\/onlineshop\/?post_type=product&#038;p=9361"},"modified":"2023-12-09T16:51:17","modified_gmt":"2023-12-09T15:51:17","slug":"6-midcentury-mokkatassen-orion-fa-loucky-boehmen-um-1960","status":"publish","type":"product","link":"https:\/\/annette-ahrens.at\/onlineshop\/produkt\/6-midcentury-mokkatassen-orion-fa-loucky-boehmen-um-1960\/","title":{"rendered":"6 Kaffeetassen &#8222;Orion&#8220;, Jaroslav Je\u017eek, Fa. Haas &#038; Czjzek, B\u00f6hmen, 1964"},"content":{"rendered":"<p>6 Midcentury Kaffeetassen &#8222;Orion&#8220; mit Untertassen<\/p>\n<p>Entwurf:\u00a0Jaroslav Je\u017eek (Podlesi 1923 \u2013 2002 Karlsbad)<\/p>\n<p>Fa. Haas &amp; Czjzek, Karlsbad, B\u00f6hmen, 1964<\/p>\n<p>Porzellan, bunt bemalt, Innenvergoldung, bestehend sechs Tassen mit Untertassen, gemarkt &#8222;H &amp; C, MADE IN CZECHOSLOVAKIA&#8220;, bezeichnet &#8222;ORION&#8220;<\/p>\n<p>Dm 7,2 cm (Tasse)<\/p>\n<p>H 7 cm<\/p>\n<p>Dm 13,5 cm (Untertasse)<\/p>\n","protected":false},"excerpt":{"rendered":"<p>Annettes Etikette: Dieses Service wurde von Prof. Jaroslav Je\u017eek f\u00fcr die Expo 1964 entworfen. Die Ausf\u00fchrung oblag der Karlsbader Porzellanmanufaktur Pirkenhammer, der Filiale in Lesov. Der Oberfl\u00e4chendekor wurde mit dem Innenvergoldung noch aufgewertet. Da diese Tassen f\u00fcr Exportzwecke bestimmt waren, wollte man sich von seiner besten Seite zeigen. Der tschechische Designer\u00a0Jaroslav Je\u017eek (1923 \u2013 2002) zeichnet f\u00fcr rund 52 verschiedene Porzellanservice verantwortlich und erfreut sich eines umtriebigen, internationalen Sammlerkreises.<\/p>\n","protected":false},"featured_media":9303,"comment_status":"open","ping_status":"closed","template":"","meta":[],"product_brand":[],"product_cat":[25,297,18,37,147,54],"product_tag":[],"class_list":{"0":"post-9361","1":"product","2":"type-product","3":"status-publish","4":"has-post-thumbnail","6":"product_cat-5o-clock-tea","7":"product_cat-adventjause","8":"product_cat-fruehstueck","9":"product_cat-kaffee","10":"product_cat-moccatassen","11":"product_cat-porzellan","13":"first","14":"instock","15":"sold-individually","16":"purchasable","17":"product-type-simple"},"yoast_head":"<!-- This site is optimized with the Yoast SEO Premium plugin v15.8.2 - https:\/\/yoast.com\/wordpress\/plugins\/seo\/ -->\n<title>6 Kaffeetassen &quot;Orion&quot;, Jaroslav Je\u017eek, Fa. Haas &amp; Czjzek, B\u00f6hmen, 1964<\/title>\n<meta name=\"description\" content=\"6 Kaffeetassen &quot;Orion&quot;, Jaroslav Je\u017eek, Fa. Haas &amp; Czjzek, B\u00f6hmen, 1964 \u2665 Antiquit\u00e4ten Online kaufen \u2713 Sichere Lieferung \u2713\" \/>\n<meta name=\"robots\" content=\"index, follow, max-snippet:-1, max-image-preview:large, max-video-preview:-1\" \/>\n<link rel=\"canonical\" href=\"https:\/\/annette-ahrens.at\/onlineshop\/produkt\/6-midcentury-mokkatassen-orion-fa-loucky-boehmen-um-1960\/\" \/>\n<meta property=\"og:locale\" content=\"de_DE\" \/>\n<meta property=\"og:type\" content=\"article\" \/>\n<meta property=\"og:title\" content=\"6 Kaffeetassen &quot;Orion&quot;, Jaroslav Je\u017eek, Fa. Haas &amp; Czjzek, B\u00f6hmen, 1964\" \/>\n<meta property=\"og:description\" content=\"6 Kaffeetassen &quot;Orion&quot;, Jaroslav Je\u017eek, Fa. Haas &amp; Czjzek, B\u00f6hmen, 1964 \u2665 Antiquit\u00e4ten Online kaufen \u2713 Sichere Lieferung \u2713\" \/>\n<meta property=\"og:url\" content=\"https:\/\/annette-ahrens.at\/onlineshop\/produkt\/6-midcentury-mokkatassen-orion-fa-loucky-boehmen-um-1960\/\" \/>\n<meta property=\"og:site_name\" content=\"Tafelkultur Onlineshop\" \/>\n<meta property=\"article:publisher\" content=\"https:\/\/www.facebook.com\/AnnetteAhrensTafelkultur\" \/>\n<meta property=\"article:modified_time\" content=\"2023-12-09T15:51:17+00:00\" \/>\n<meta property=\"og:image\" content=\"https:\/\/annette-ahrens.at\/onlineshop\/wp-content\/uploads\/2021\/06\/IMG_9090-scaled.jpeg\" \/>\n\t<meta property=\"og:image:width\" content=\"2560\" \/>\n\t<meta property=\"og:image:height\" content=\"2560\" \/>\n<meta name=\"twitter:card\" content=\"summary_large_image\" \/>\n<meta name=\"twitter:label1\" content=\"Gesch\u00e4tzte Lesezeit\">\n\t<meta name=\"twitter:data1\" content=\"1\u00a0Minute\">\n<script type=\"application\/ld+json\" class=\"yoast-schema-graph\">{\"@context\":\"https:\/\/schema.org\",\"@graph\":[{\"@type\":[\"Person\",\"Organization\"],\"@id\":\"https:\/\/annette-ahrens.at\/onlineshop\/#\/schema\/person\/3e19676faae246bba0cb3b7e15f427d8\",\"name\":\"Annette Ahrens\",\"image\":{\"@type\":\"ImageObject\",\"@id\":\"https:\/\/annette-ahrens.at\/onlineshop\/#personlogo\",\"inLanguage\":\"de\",\"url\":\"https:\/\/annette-ahrens.at\/onlineshop\/wp-content\/uploads\/2020\/04\/aa_logo_End.png\",\"width\":800,\"height\":164,\"caption\":\"Annette Ahrens\"},\"logo\":{\"@id\":\"https:\/\/annette-ahrens.at\/onlineshop\/#personlogo\"},\"sameAs\":[\"https:\/\/annette-ahrens.at\",\"https:\/\/www.facebook.com\/AnnetteAhrensTafelkultur\",\"https:\/\/www.instagram.com\/tafelkulturistin\/\",\"https:\/\/de.wikipedia.org\/wiki\/Annette_Ahrens\"]},{\"@type\":\"WebSite\",\"@id\":\"https:\/\/annette-ahrens.at\/onlineshop\/#website\",\"url\":\"https:\/\/annette-ahrens.at\/onlineshop\/\",\"name\":\"Tafelkultur Onlineshop\",\"description\":\"Annette Ahrens\",\"publisher\":{\"@id\":\"https:\/\/annette-ahrens.at\/onlineshop\/#\/schema\/person\/3e19676faae246bba0cb3b7e15f427d8\"},\"potentialAction\":[{\"@type\":\"SearchAction\",\"target\":\"https:\/\/annette-ahrens.at\/onlineshop\/?s={search_term_string}\",\"query-input\":\"required name=search_term_string\"}],\"inLanguage\":\"de\"},{\"@type\":\"ImageObject\",\"@id\":\"https:\/\/annette-ahrens.at\/onlineshop\/produkt\/6-midcentury-mokkatassen-orion-fa-loucky-boehmen-um-1960\/#primaryimage\",\"inLanguage\":\"de\",\"url\":\"https:\/\/annette-ahrens.at\/onlineshop\/wp-content\/uploads\/2021\/06\/IMG_9090-scaled.jpeg\",\"width\":2560,\"height\":2560,\"caption\":\"mokkatassen_orion\"},{\"@type\":[\"WebPage\",\"ItemPage\"],\"@id\":\"https:\/\/annette-ahrens.at\/onlineshop\/produkt\/6-midcentury-mokkatassen-orion-fa-loucky-boehmen-um-1960\/#webpage\",\"url\":\"https:\/\/annette-ahrens.at\/onlineshop\/produkt\/6-midcentury-mokkatassen-orion-fa-loucky-boehmen-um-1960\/\",\"name\":\"6 Kaffeetassen \\\"Orion\\\", Jaroslav Je\\u017eek, Fa. Haas & Czjzek, B\\u00f6hmen, 1964\",\"isPartOf\":{\"@id\":\"https:\/\/annette-ahrens.at\/onlineshop\/#website\"},\"primaryImageOfPage\":{\"@id\":\"https:\/\/annette-ahrens.at\/onlineshop\/produkt\/6-midcentury-mokkatassen-orion-fa-loucky-boehmen-um-1960\/#primaryimage\"},\"datePublished\":\"2021-07-01T18:52:41+00:00\",\"dateModified\":\"2023-12-09T15:51:17+00:00\",\"description\":\"6 Kaffeetassen \\\"Orion\\\", Jaroslav Je\\u017eek, Fa. Haas & Czjzek, B\\u00f6hmen, 1964 \\u2665 Antiquit\\u00e4ten Online kaufen \\u2713 Sichere Lieferung \\u2713\",\"breadcrumb\":{\"@id\":\"https:\/\/annette-ahrens.at\/onlineshop\/produkt\/6-midcentury-mokkatassen-orion-fa-loucky-boehmen-um-1960\/#breadcrumb\"},\"inLanguage\":\"de\",\"potentialAction\":[{\"@type\":\"ReadAction\",\"target\":[\"https:\/\/annette-ahrens.at\/onlineshop\/produkt\/6-midcentury-mokkatassen-orion-fa-loucky-boehmen-um-1960\/\"]}]},{\"@type\":\"BreadcrumbList\",\"@id\":\"https:\/\/annette-ahrens.at\/onlineshop\/produkt\/6-midcentury-mokkatassen-orion-fa-loucky-boehmen-um-1960\/#breadcrumb\",\"itemListElement\":[{\"@type\":\"ListItem\",\"position\":1,\"item\":{\"@type\":\"WebPage\",\"@id\":\"https:\/\/annette-ahrens.at\/onlineshop\/\",\"url\":\"https:\/\/annette-ahrens.at\/onlineshop\/\",\"name\":\"Home\"}},{\"@type\":\"ListItem\",\"position\":2,\"item\":{\"@type\":\"WebPage\",\"@id\":\"https:\/\/annette-ahrens.at\/onlineshop\/alle-tafelkultur-objekte\/\",\"url\":\"https:\/\/annette-ahrens.at\/onlineshop\/alle-tafelkultur-objekte\/\",\"name\":\"Alle Tafelkultur Objekte\"}},{\"@type\":\"ListItem\",\"position\":3,\"item\":{\"@type\":\"WebPage\",\"@id\":\"https:\/\/annette-ahrens.at\/onlineshop\/produkt\/6-midcentury-mokkatassen-orion-fa-loucky-boehmen-um-1960\/\",\"url\":\"https:\/\/annette-ahrens.at\/onlineshop\/produkt\/6-midcentury-mokkatassen-orion-fa-loucky-boehmen-um-1960\/\",\"name\":\"6 Kaffeetassen &#8220;Orion&#8221;, Jaroslav Je\\u017eek, Fa. Haas &#038; Czjzek, B\\u00f6hmen, 1964\"}}]}]}<\/script>\n<!-- \/ Yoast SEO Premium plugin. -->","_links":{"self":[{"href":"https:\/\/annette-ahrens.at\/onlineshop\/wp-json\/wp\/v2\/product\/9361","targetHints":{"allow":["GET"]}}],"collection":[{"href":"https:\/\/annette-ahrens.at\/onlineshop\/wp-json\/wp\/v2\/product"}],"about":[{"href":"https:\/\/annette-ahrens.at\/onlineshop\/wp-json\/wp\/v2\/types\/product"}],"replies":[{"embeddable":true,"href":"https:\/\/annette-ahrens.at\/onlineshop\/wp-json\/wp\/v2\/comments?post=9361"}],"wp:featuredmedia":[{"embeddable":true,"href":"https:\/\/annette-ahrens.at\/onlineshop\/wp-json\/wp\/v2\/media\/9303"}],"wp:attachment":[{"href":"https:\/\/annette-ahrens.at\/onlineshop\/wp-json\/wp\/v2\/media?parent=9361"}],"wp:term":[{"taxonomy":"product_brand","embeddable":true,"href":"https:\/\/annette-ahrens.at\/onlineshop\/wp-json\/wp\/v2\/product_brand?post=9361"},{"taxonomy":"product_cat","embeddable":true,"href":"https:\/\/annette-ahrens.at\/onlineshop\/wp-json\/wp\/v2\/product_cat?post=9361"},{"taxonomy":"product_tag","embeddable":true,"href":"https:\/\/annette-ahrens.at\/onlineshop\/wp-json\/wp\/v2\/product_tag?post=9361"}],"curies":[{"name":"wp","href":"https:\/\/api.w.org\/{rel}","templated":true}]}}