{"id":9670,"date":"2021-07-13T01:11:45","date_gmt":"2021-07-12T23:11:45","guid":{"rendered":"https:\/\/annette-ahrens.at\/onlineshop\/?post_type=product&#038;p=9670"},"modified":"2023-12-06T12:03:00","modified_gmt":"2023-12-06T11:03:00","slug":"silberner-art-deco-korb-fa-wilhelm-binder-schwaebisch-gmuend-um-1930","status":"publish","type":"product","link":"https:\/\/annette-ahrens.at\/onlineshop\/produkt\/silberner-art-deco-korb-fa-wilhelm-binder-schwaebisch-gmuend-um-1930\/","title":{"rendered":"Silberner Art Deco Korb, Fa. Wilhelm Binder, Schw\u00e4bisch Gm\u00fcnd, um 1930"},"content":{"rendered":"<p>Silberner Art Deco Korb Nr. 9491<\/p>\n<p>Fa. Wilhelm Binder, Schw\u00e4bisch Gm\u00fcnd, Deutschland, um 1930<\/p>\n<p>Silber, ovale Standfl\u00e4che mit hochgezogenen Palmetten, umlaufender Kreuzbanddekor, gemarkt mit deutschem Beschauzeichen nach 1888, \u00a0Feingehalt 800, Firmenmarke WTB<\/p>\n<p>L 30 x 15,5 cm<\/p>\n<p>H 9,5 cm<\/p>\n<p>485 g<\/p>\n","protected":false},"excerpt":{"rendered":"<p>Silberner Art Deco Korb Nr. 9491 Fa. Wilhelm Binder, Schw\u00e4bisch Gm\u00fcnd, Deutschland, um 1930 Silber, ovale Standfl\u00e4che mit hochgezogenen Palmetten, umlaufender Kreuzbanddekor, gemarkt mit deutschem Beschauzeichen nach 1888, \u00a0Feingehalt 800, Firmenmarke WTB L 30 x 15,5 cm H 9,5 cm 485 g<\/p>\n","protected":false},"featured_media":9651,"comment_status":"open","ping_status":"closed","template":"","meta":[],"product_brand":[],"product_cat":[25,130,136,34,299,18,295,135,292,51,53],"product_tag":[],"class_list":{"0":"post-9670","1":"product","2":"type-product","3":"status-publish","4":"has-post-thumbnail","6":"product_cat-5o-clock-tea","7":"product_cat-abendessen","8":"product_cat-aufs-brot","9":"product_cat-brot","10":"product_cat-cocktailparty","11":"product_cat-fruehstueck","12":"product_cat-jagdeinladung","13":"product_cat-korb","14":"product_cat-muttertag","15":"product_cat-ostern","16":"product_cat-weihnachten","18":"first","19":"instock","20":"sold-individually","21":"purchasable","22":"product-type-simple"},"yoast_head":"<!-- This site is optimized with the Yoast SEO Premium plugin v15.8.2 - https:\/\/yoast.com\/wordpress\/plugins\/seo\/ -->\n<title>Silberner Art Deco Korb, Fa. Wilhelm Binder, Schw\u00e4bisch Gm\u00fcnd, um 1930<\/title>\n<meta name=\"description\" content=\"Silberner Art Deco Korb, Fa. Wilhelm Binder, Schw\u00e4bisch Gm\u00fcnd, um 1930 \u2665 Antiquit\u00e4ten Online kaufen \u2713 Sichere Lieferung \u2713\" \/>\n<meta name=\"robots\" content=\"index, follow, max-snippet:-1, max-image-preview:large, max-video-preview:-1\" \/>\n<link rel=\"canonical\" href=\"https:\/\/annette-ahrens.at\/onlineshop\/produkt\/silberner-art-deco-korb-fa-wilhelm-binder-schwaebisch-gmuend-um-1930\/\" \/>\n<meta property=\"og:locale\" content=\"de_DE\" \/>\n<meta property=\"og:type\" content=\"article\" \/>\n<meta property=\"og:title\" content=\"Silberner Art Deco Korb, Fa. Wilhelm Binder, Schw\u00e4bisch Gm\u00fcnd, um 1930\" \/>\n<meta property=\"og:description\" content=\"Silberner Art Deco Korb, Fa. Wilhelm Binder, Schw\u00e4bisch Gm\u00fcnd, um 1930 \u2665 Antiquit\u00e4ten Online kaufen \u2713 Sichere Lieferung \u2713\" \/>\n<meta property=\"og:url\" content=\"https:\/\/annette-ahrens.at\/onlineshop\/produkt\/silberner-art-deco-korb-fa-wilhelm-binder-schwaebisch-gmuend-um-1930\/\" \/>\n<meta property=\"og:site_name\" content=\"Tafelkultur Onlineshop\" \/>\n<meta property=\"article:publisher\" content=\"https:\/\/www.facebook.com\/AnnetteAhrensTafelkultur\" \/>\n<meta property=\"article:modified_time\" content=\"2023-12-06T11:03:00+00:00\" \/>\n<meta property=\"og:image\" content=\"https:\/\/annette-ahrens.at\/onlineshop\/wp-content\/uploads\/2021\/07\/IMG_9895-scaled.jpeg\" \/>\n\t<meta property=\"og:image:width\" content=\"2560\" \/>\n\t<meta property=\"og:image:height\" content=\"2560\" \/>\n<meta name=\"twitter:card\" content=\"summary_large_image\" \/>\n<meta name=\"twitter:label1\" content=\"Gesch\u00e4tzte Lesezeit\">\n\t<meta name=\"twitter:data1\" content=\"1\u00a0Minute\">\n<script type=\"application\/ld+json\" class=\"yoast-schema-graph\">{\"@context\":\"https:\/\/schema.org\",\"@graph\":[{\"@type\":[\"Person\",\"Organization\"],\"@id\":\"https:\/\/annette-ahrens.at\/onlineshop\/#\/schema\/person\/3e19676faae246bba0cb3b7e15f427d8\",\"name\":\"Annette Ahrens\",\"image\":{\"@type\":\"ImageObject\",\"@id\":\"https:\/\/annette-ahrens.at\/onlineshop\/#personlogo\",\"inLanguage\":\"de\",\"url\":\"https:\/\/annette-ahrens.at\/onlineshop\/wp-content\/uploads\/2020\/04\/aa_logo_End.png\",\"width\":800,\"height\":164,\"caption\":\"Annette Ahrens\"},\"logo\":{\"@id\":\"https:\/\/annette-ahrens.at\/onlineshop\/#personlogo\"},\"sameAs\":[\"https:\/\/annette-ahrens.at\",\"https:\/\/www.facebook.com\/AnnetteAhrensTafelkultur\",\"https:\/\/www.instagram.com\/tafelkulturistin\/\",\"https:\/\/de.wikipedia.org\/wiki\/Annette_Ahrens\"]},{\"@type\":\"WebSite\",\"@id\":\"https:\/\/annette-ahrens.at\/onlineshop\/#website\",\"url\":\"https:\/\/annette-ahrens.at\/onlineshop\/\",\"name\":\"Tafelkultur Onlineshop\",\"description\":\"Annette Ahrens\",\"publisher\":{\"@id\":\"https:\/\/annette-ahrens.at\/onlineshop\/#\/schema\/person\/3e19676faae246bba0cb3b7e15f427d8\"},\"potentialAction\":[{\"@type\":\"SearchAction\",\"target\":\"https:\/\/annette-ahrens.at\/onlineshop\/?s={search_term_string}\",\"query-input\":\"required name=search_term_string\"}],\"inLanguage\":\"de\"},{\"@type\":\"ImageObject\",\"@id\":\"https:\/\/annette-ahrens.at\/onlineshop\/produkt\/silberner-art-deco-korb-fa-wilhelm-binder-schwaebisch-gmuend-um-1930\/#primaryimage\",\"inLanguage\":\"de\",\"url\":\"https:\/\/annette-ahrens.at\/onlineshop\/wp-content\/uploads\/2021\/07\/IMG_9895-scaled.jpeg\",\"width\":2560,\"height\":2560,\"caption\":\"korb_silber\"},{\"@type\":[\"WebPage\",\"ItemPage\"],\"@id\":\"https:\/\/annette-ahrens.at\/onlineshop\/produkt\/silberner-art-deco-korb-fa-wilhelm-binder-schwaebisch-gmuend-um-1930\/#webpage\",\"url\":\"https:\/\/annette-ahrens.at\/onlineshop\/produkt\/silberner-art-deco-korb-fa-wilhelm-binder-schwaebisch-gmuend-um-1930\/\",\"name\":\"Silberner Art Deco Korb, Fa. Wilhelm Binder, Schw\\u00e4bisch Gm\\u00fcnd, um 1930\",\"isPartOf\":{\"@id\":\"https:\/\/annette-ahrens.at\/onlineshop\/#website\"},\"primaryImageOfPage\":{\"@id\":\"https:\/\/annette-ahrens.at\/onlineshop\/produkt\/silberner-art-deco-korb-fa-wilhelm-binder-schwaebisch-gmuend-um-1930\/#primaryimage\"},\"datePublished\":\"2021-07-12T23:11:45+00:00\",\"dateModified\":\"2023-12-06T11:03:00+00:00\",\"description\":\"Silberner Art Deco Korb, Fa. Wilhelm Binder, Schw\\u00e4bisch Gm\\u00fcnd, um 1930 \\u2665 Antiquit\\u00e4ten Online kaufen \\u2713 Sichere Lieferung \\u2713\",\"breadcrumb\":{\"@id\":\"https:\/\/annette-ahrens.at\/onlineshop\/produkt\/silberner-art-deco-korb-fa-wilhelm-binder-schwaebisch-gmuend-um-1930\/#breadcrumb\"},\"inLanguage\":\"de\",\"potentialAction\":[{\"@type\":\"ReadAction\",\"target\":[\"https:\/\/annette-ahrens.at\/onlineshop\/produkt\/silberner-art-deco-korb-fa-wilhelm-binder-schwaebisch-gmuend-um-1930\/\"]}]},{\"@type\":\"BreadcrumbList\",\"@id\":\"https:\/\/annette-ahrens.at\/onlineshop\/produkt\/silberner-art-deco-korb-fa-wilhelm-binder-schwaebisch-gmuend-um-1930\/#breadcrumb\",\"itemListElement\":[{\"@type\":\"ListItem\",\"position\":1,\"item\":{\"@type\":\"WebPage\",\"@id\":\"https:\/\/annette-ahrens.at\/onlineshop\/\",\"url\":\"https:\/\/annette-ahrens.at\/onlineshop\/\",\"name\":\"Home\"}},{\"@type\":\"ListItem\",\"position\":2,\"item\":{\"@type\":\"WebPage\",\"@id\":\"https:\/\/annette-ahrens.at\/onlineshop\/alle-tafelkultur-objekte\/\",\"url\":\"https:\/\/annette-ahrens.at\/onlineshop\/alle-tafelkultur-objekte\/\",\"name\":\"Alle Tafelkultur Objekte\"}},{\"@type\":\"ListItem\",\"position\":3,\"item\":{\"@type\":\"WebPage\",\"@id\":\"https:\/\/annette-ahrens.at\/onlineshop\/produkt\/silberner-art-deco-korb-fa-wilhelm-binder-schwaebisch-gmuend-um-1930\/\",\"url\":\"https:\/\/annette-ahrens.at\/onlineshop\/produkt\/silberner-art-deco-korb-fa-wilhelm-binder-schwaebisch-gmuend-um-1930\/\",\"name\":\"Silberner Art Deco Korb, Fa. Wilhelm Binder, Schw\\u00e4bisch Gm\\u00fcnd, um 1930\"}}]}]}<\/script>\n<!-- \/ Yoast SEO Premium plugin. -->","_links":{"self":[{"href":"https:\/\/annette-ahrens.at\/onlineshop\/wp-json\/wp\/v2\/product\/9670","targetHints":{"allow":["GET"]}}],"collection":[{"href":"https:\/\/annette-ahrens.at\/onlineshop\/wp-json\/wp\/v2\/product"}],"about":[{"href":"https:\/\/annette-ahrens.at\/onlineshop\/wp-json\/wp\/v2\/types\/product"}],"replies":[{"embeddable":true,"href":"https:\/\/annette-ahrens.at\/onlineshop\/wp-json\/wp\/v2\/comments?post=9670"}],"wp:featuredmedia":[{"embeddable":true,"href":"https:\/\/annette-ahrens.at\/onlineshop\/wp-json\/wp\/v2\/media\/9651"}],"wp:attachment":[{"href":"https:\/\/annette-ahrens.at\/onlineshop\/wp-json\/wp\/v2\/media?parent=9670"}],"wp:term":[{"taxonomy":"product_brand","embeddable":true,"href":"https:\/\/annette-ahrens.at\/onlineshop\/wp-json\/wp\/v2\/product_brand?post=9670"},{"taxonomy":"product_cat","embeddable":true,"href":"https:\/\/annette-ahrens.at\/onlineshop\/wp-json\/wp\/v2\/product_cat?post=9670"},{"taxonomy":"product_tag","embeddable":true,"href":"https:\/\/annette-ahrens.at\/onlineshop\/wp-json\/wp\/v2\/product_tag?post=9670"}],"curies":[{"name":"wp","href":"https:\/\/api.w.org\/{rel}","templated":true}]}}