{"id":971,"date":"2020-05-01T11:35:18","date_gmt":"2020-05-01T09:35:18","guid":{"rendered":"https:\/\/annette-ahrens.at\/silbershop\/?post_type=product&#038;p=971"},"modified":"2026-01-08T23:17:47","modified_gmt":"2026-01-08T22:17:47","slug":"50-teiligesjugendstil-besteck-fuer-12-personen-oesterreich-ungarische-monarchie-um-1900","status":"publish","type":"product","link":"https:\/\/annette-ahrens.at\/onlineshop\/produkt\/50-teiligesjugendstil-besteck-fuer-12-personen-oesterreich-ungarische-monarchie-um-1900\/","title":{"rendered":"50 teiliges Silberbesteck f\u00fcr 12 Personen, \u00d6sterreich-Ungarische Monarchie, um 1900"},"content":{"rendered":"<p>Jugendstil Besteck &#8222;Eselsr\u00fccken&#8220; f\u00fcr 12 Personen<\/p>\n<p>\u00d6sterreich-Ungarische Monarchie, um 1900<\/p>\n<p>Silber; &#8222;Eselsr\u00fccken&#8220;-Facon; 50 Teile; punziert mit Wiener Beschauzeichen, dem Dianakopf verwendet in den Jahren 1872 &#8211; 1922, Meisterzeichen; alle Messer mit rostfreien Klingen, franz\u00f6sische Facon, bezeichnet &#8220; INOXYABLE&#8220;; ca. 2,5 kg (Messer nur ein Drittel gewogen), komplett in schwarzer Kassette, au\u00dfen mit schwarzer Chagrinleinwand \u00fcberzogen, diese innen mit grauem Filz tapeziert; tadelloser, handpolierter Erhaltungszustand;<\/p>\n<p>E\u00dfbesteck:<\/p>\n<p>12 Suppenl\u00f6ffel L 21,5 cm<\/p>\n<p>12 Menugabeln L 21,4 cm<\/p>\n<p>12 Menumesser L 25,8 cm<\/p>\n<p>12 Kaffeel\u00f6ffel L 14,2 cm<\/p>\n<p>Vorleger:<\/p>\n<p>1 Suppensch\u00f6pfer L 31 cm<\/p>\n<p>1 Milchsch\u00f6pfer L 22 cm<\/p>\n","protected":false},"excerpt":{"rendered":"<p>Jugendstil Besteck &#8222;Eselsr\u00fccken&#8220; f\u00fcr 12 Personen \u00d6sterreich-Ungarische Monarchie, um 1900 Silber; &#8222;Eselsr\u00fccken&#8220;-Facon; 50 Teile; punziert mit Wiener Beschauzeichen, dem Dianakopf verwendet in den Jahren 1872 &#8211; 1922, Meisterzeichen; alle Messer mit rostfreien Klingen, franz\u00f6sische Facon, bezeichnet &#8220; INOXYABLE&#8220;; ca. 2,5 kg (Messer nur ein Drittel gewogen), komplett in schwarzer Kassette, au\u00dfen mit schwarzer Chagrinleinwand \u00fcberzogen, [&hellip;]<\/p>\n","protected":false},"featured_media":972,"comment_status":"open","ping_status":"closed","template":"","meta":[],"product_brand":[],"product_cat":[30,235,300,291,236,273],"product_tag":[],"class_list":{"0":"post-971","1":"product","2":"type-product","3":"status-publish","4":"has-post-thumbnail","6":"product_cat-besteck","7":"product_cat-gabeln","8":"product_cat-gartenfest","9":"product_cat-hochzeit","10":"product_cat-loeffel","11":"product_cat-silber-fachbuecher","13":"first","14":"instock","15":"sold-individually","16":"purchasable","17":"product-type-simple"},"yoast_head":"<!-- This site is optimized with the Yoast SEO Premium plugin v15.8.2 - https:\/\/yoast.com\/wordpress\/plugins\/seo\/ -->\n<title>50 teiliges Silberbesteck f\u00fcr 12 Personen, \u00d6sterreich-Ungarische Monarchie, um 1900<\/title>\n<meta name=\"description\" content=\"50 teiliges Silberbesteck f\u00fcr 12 Personen, \u00d6sterreich-Ungarische Monarchie, um 1900 \u2665 Antiquit\u00e4ten Online kaufen \u2713 Sichere Lieferung \u2713\" \/>\n<meta name=\"robots\" content=\"index, follow, max-snippet:-1, max-image-preview:large, max-video-preview:-1\" \/>\n<link rel=\"canonical\" href=\"https:\/\/annette-ahrens.at\/onlineshop\/produkt\/50-teiligesjugendstil-besteck-fuer-12-personen-oesterreich-ungarische-monarchie-um-1900\/\" \/>\n<meta property=\"og:locale\" content=\"de_DE\" \/>\n<meta property=\"og:type\" content=\"article\" \/>\n<meta property=\"og:title\" content=\"50 teiliges Silberbesteck f\u00fcr 12 Personen, \u00d6sterreich-Ungarische Monarchie, um 1900\" \/>\n<meta property=\"og:description\" content=\"50 teiliges Silberbesteck f\u00fcr 12 Personen, \u00d6sterreich-Ungarische Monarchie, um 1900 \u2665 Antiquit\u00e4ten Online kaufen \u2713 Sichere Lieferung \u2713\" \/>\n<meta property=\"og:url\" content=\"https:\/\/annette-ahrens.at\/onlineshop\/produkt\/50-teiligesjugendstil-besteck-fuer-12-personen-oesterreich-ungarische-monarchie-um-1900\/\" \/>\n<meta property=\"og:site_name\" content=\"Tafelkultur Onlineshop\" \/>\n<meta property=\"article:publisher\" content=\"https:\/\/www.facebook.com\/AnnetteAhrensTafelkultur\" \/>\n<meta property=\"article:modified_time\" content=\"2026-01-08T22:17:47+00:00\" \/>\n<meta property=\"og:image\" content=\"https:\/\/annette-ahrens.at\/onlineshop\/wp-content\/uploads\/2020\/05\/IMG_6260-scaled.jpeg\" \/>\n\t<meta property=\"og:image:width\" content=\"2560\" \/>\n\t<meta property=\"og:image:height\" content=\"1920\" \/>\n<meta name=\"twitter:card\" content=\"summary_large_image\" \/>\n<meta name=\"twitter:label1\" content=\"Gesch\u00e4tzte Lesezeit\">\n\t<meta name=\"twitter:data1\" content=\"1\u00a0Minute\">\n<script type=\"application\/ld+json\" class=\"yoast-schema-graph\">{\"@context\":\"https:\/\/schema.org\",\"@graph\":[{\"@type\":[\"Person\",\"Organization\"],\"@id\":\"https:\/\/annette-ahrens.at\/onlineshop\/#\/schema\/person\/3e19676faae246bba0cb3b7e15f427d8\",\"name\":\"Annette Ahrens\",\"image\":{\"@type\":\"ImageObject\",\"@id\":\"https:\/\/annette-ahrens.at\/onlineshop\/#personlogo\",\"inLanguage\":\"de\",\"url\":\"https:\/\/annette-ahrens.at\/onlineshop\/wp-content\/uploads\/2020\/04\/aa_logo_End.png\",\"width\":800,\"height\":164,\"caption\":\"Annette Ahrens\"},\"logo\":{\"@id\":\"https:\/\/annette-ahrens.at\/onlineshop\/#personlogo\"},\"sameAs\":[\"https:\/\/annette-ahrens.at\",\"https:\/\/www.facebook.com\/AnnetteAhrensTafelkultur\",\"https:\/\/www.instagram.com\/tafelkulturistin\/\",\"https:\/\/de.wikipedia.org\/wiki\/Annette_Ahrens\"]},{\"@type\":\"WebSite\",\"@id\":\"https:\/\/annette-ahrens.at\/onlineshop\/#website\",\"url\":\"https:\/\/annette-ahrens.at\/onlineshop\/\",\"name\":\"Tafelkultur Onlineshop\",\"description\":\"Annette Ahrens\",\"publisher\":{\"@id\":\"https:\/\/annette-ahrens.at\/onlineshop\/#\/schema\/person\/3e19676faae246bba0cb3b7e15f427d8\"},\"potentialAction\":[{\"@type\":\"SearchAction\",\"target\":\"https:\/\/annette-ahrens.at\/onlineshop\/?s={search_term_string}\",\"query-input\":\"required name=search_term_string\"}],\"inLanguage\":\"de\"},{\"@type\":\"ImageObject\",\"@id\":\"https:\/\/annette-ahrens.at\/onlineshop\/produkt\/50-teiligesjugendstil-besteck-fuer-12-personen-oesterreich-ungarische-monarchie-um-1900\/#primaryimage\",\"inLanguage\":\"de\",\"url\":\"https:\/\/annette-ahrens.at\/onlineshop\/wp-content\/uploads\/2020\/05\/IMG_6260-scaled.jpeg\",\"width\":2560,\"height\":1920,\"caption\":\"silberbesteck_eselsr\\u00fccken\"},{\"@type\":[\"WebPage\",\"ItemPage\"],\"@id\":\"https:\/\/annette-ahrens.at\/onlineshop\/produkt\/50-teiligesjugendstil-besteck-fuer-12-personen-oesterreich-ungarische-monarchie-um-1900\/#webpage\",\"url\":\"https:\/\/annette-ahrens.at\/onlineshop\/produkt\/50-teiligesjugendstil-besteck-fuer-12-personen-oesterreich-ungarische-monarchie-um-1900\/\",\"name\":\"50 teiliges Silberbesteck f\\u00fcr 12 Personen, \\u00d6sterreich-Ungarische Monarchie, um 1900\",\"isPartOf\":{\"@id\":\"https:\/\/annette-ahrens.at\/onlineshop\/#website\"},\"primaryImageOfPage\":{\"@id\":\"https:\/\/annette-ahrens.at\/onlineshop\/produkt\/50-teiligesjugendstil-besteck-fuer-12-personen-oesterreich-ungarische-monarchie-um-1900\/#primaryimage\"},\"datePublished\":\"2020-05-01T09:35:18+00:00\",\"dateModified\":\"2026-01-08T22:17:47+00:00\",\"description\":\"50 teiliges Silberbesteck f\\u00fcr 12 Personen, \\u00d6sterreich-Ungarische Monarchie, um 1900 \\u2665 Antiquit\\u00e4ten Online kaufen \\u2713 Sichere Lieferung \\u2713\",\"breadcrumb\":{\"@id\":\"https:\/\/annette-ahrens.at\/onlineshop\/produkt\/50-teiligesjugendstil-besteck-fuer-12-personen-oesterreich-ungarische-monarchie-um-1900\/#breadcrumb\"},\"inLanguage\":\"de\",\"potentialAction\":[{\"@type\":\"ReadAction\",\"target\":[\"https:\/\/annette-ahrens.at\/onlineshop\/produkt\/50-teiligesjugendstil-besteck-fuer-12-personen-oesterreich-ungarische-monarchie-um-1900\/\"]}]},{\"@type\":\"BreadcrumbList\",\"@id\":\"https:\/\/annette-ahrens.at\/onlineshop\/produkt\/50-teiligesjugendstil-besteck-fuer-12-personen-oesterreich-ungarische-monarchie-um-1900\/#breadcrumb\",\"itemListElement\":[{\"@type\":\"ListItem\",\"position\":1,\"item\":{\"@type\":\"WebPage\",\"@id\":\"https:\/\/annette-ahrens.at\/onlineshop\/\",\"url\":\"https:\/\/annette-ahrens.at\/onlineshop\/\",\"name\":\"Home\"}},{\"@type\":\"ListItem\",\"position\":2,\"item\":{\"@type\":\"WebPage\",\"@id\":\"https:\/\/annette-ahrens.at\/onlineshop\/alle-tafelkultur-objekte\/\",\"url\":\"https:\/\/annette-ahrens.at\/onlineshop\/alle-tafelkultur-objekte\/\",\"name\":\"Alle Tafelkultur Objekte\"}},{\"@type\":\"ListItem\",\"position\":3,\"item\":{\"@type\":\"WebPage\",\"@id\":\"https:\/\/annette-ahrens.at\/onlineshop\/produkt\/50-teiligesjugendstil-besteck-fuer-12-personen-oesterreich-ungarische-monarchie-um-1900\/\",\"url\":\"https:\/\/annette-ahrens.at\/onlineshop\/produkt\/50-teiligesjugendstil-besteck-fuer-12-personen-oesterreich-ungarische-monarchie-um-1900\/\",\"name\":\"50 teiliges Silberbesteck f\\u00fcr 12 Personen, \\u00d6sterreich-Ungarische Monarchie, um 1900\"}}]}]}<\/script>\n<!-- \/ Yoast SEO Premium plugin. -->","_links":{"self":[{"href":"https:\/\/annette-ahrens.at\/onlineshop\/wp-json\/wp\/v2\/product\/971","targetHints":{"allow":["GET"]}}],"collection":[{"href":"https:\/\/annette-ahrens.at\/onlineshop\/wp-json\/wp\/v2\/product"}],"about":[{"href":"https:\/\/annette-ahrens.at\/onlineshop\/wp-json\/wp\/v2\/types\/product"}],"replies":[{"embeddable":true,"href":"https:\/\/annette-ahrens.at\/onlineshop\/wp-json\/wp\/v2\/comments?post=971"}],"wp:featuredmedia":[{"embeddable":true,"href":"https:\/\/annette-ahrens.at\/onlineshop\/wp-json\/wp\/v2\/media\/972"}],"wp:attachment":[{"href":"https:\/\/annette-ahrens.at\/onlineshop\/wp-json\/wp\/v2\/media?parent=971"}],"wp:term":[{"taxonomy":"product_brand","embeddable":true,"href":"https:\/\/annette-ahrens.at\/onlineshop\/wp-json\/wp\/v2\/product_brand?post=971"},{"taxonomy":"product_cat","embeddable":true,"href":"https:\/\/annette-ahrens.at\/onlineshop\/wp-json\/wp\/v2\/product_cat?post=971"},{"taxonomy":"product_tag","embeddable":true,"href":"https:\/\/annette-ahrens.at\/onlineshop\/wp-json\/wp\/v2\/product_tag?post=971"}],"curies":[{"name":"wp","href":"https:\/\/api.w.org\/{rel}","templated":true}]}}