{"id":9992,"date":"2021-08-05T01:39:30","date_gmt":"2021-08-04T23:39:30","guid":{"rendered":"https:\/\/annette-ahrens.at\/onlineshop\/?post_type=product&#038;p=9992"},"modified":"2025-06-03T10:29:42","modified_gmt":"2025-06-03T08:29:42","slug":"versilberter-historismus-zuckerstreuer-fa-berndorf-um-1880","status":"publish","type":"product","link":"https:\/\/annette-ahrens.at\/onlineshop\/produkt\/versilberter-historismus-zuckerstreuer-fa-berndorf-um-1880\/","title":{"rendered":"Versilberter Historismus Streuer, Fa. Berndorf, um 1880"},"content":{"rendered":"<p>Versilberter Historismus Streuer<\/p>\n<p>Fa. Berndorf, um 1880<\/p>\n<p>Pagfong, versilbert, gebauchter Gef\u00e4\u00dfk\u00f6rper mit Kanneluren, am Boden gemarkt mit Firmenmarke PFG schreitender B\u00e4r und CHS f\u00fcr Chinasilber, abnehmbarer Schraubdeckel<\/p>\n<p>H 14 cm<\/p>\n","protected":false},"excerpt":{"rendered":"<p>Annettes Etikette: Die Berndorfer Metallwarenfabrik wurde von den beiden Unternehmern <a title=\"Alexander von Schoeller\" href=\"https:\/\/de.wikipedia.org\/wiki\/Alexander_von_Schoeller\">Alexander Schoeller<\/a> und <a title=\"Alfred Krupp\" href=\"https:\/\/de.wikipedia.org\/wiki\/Alfred_Krupp\">Alfred Krupp<\/a> im Jahr 1843 gegr\u00fcndet. Der <a title=\"B\u00e4r (Wappentier)\" href=\"https:\/\/de.wikipedia.org\/wiki\/B%C3%A4r_(Wappentier)\">B\u00e4r<\/a>, das Wappentier von Berndorf, wurde ab 1890 gemeinsam mit dem Namen Berndorf im Markenzeichen verwendet. Zahlreiche erhaltene Firmenkataloge geben mir Auskunft wof\u00fcr das St\u00fcck Tafelkultur eigentlich vorgesehen war. Hier wird der Streuer als Pfefferstreuer bezeichnet.<\/p>\n<p><u>Weiterf\u00fchrende Literatur:\u00a0<\/u>Muster- und Preisbuch der Berndorfer Metallwarenfabrik \u00fcber Bestecke und Tafelger\u00e4te aus Alpacca-Silber I., Arthur Krupp, 1911;\u00a0Ingrid Haslinger, Tafelkultur Marke Berndorf, Wien 1998 (Ausstellung in der Silberkammer Wien);\u00a0krupp stadt museum BERNDORF (Hg.), \u201eBerndorfer Silber, Tafeln mit Stil, Besteckkultur von 1843 bis heute\u201c, Berndorf 2007;<\/p>\n","protected":false},"featured_media":9989,"comment_status":"open","ping_status":"closed","template":"","meta":[],"product_brand":[],"product_cat":[25,297,276,161,18,19,31,291,292,24,22,53,26,157,44],"product_tag":[],"class_list":{"0":"post-9992","1":"product","2":"type-product","3":"status-publish","4":"has-post-thumbnail","6":"product_cat-5o-clock-tea","7":"product_cat-adventjause","8":"product_cat-alpacca","9":"product_cat-erdbeere","10":"product_cat-fruehstueck","11":"product_cat-gabelfruehstueck","12":"product_cat-gastgeschenke","13":"product_cat-hochzeit","14":"product_cat-muttertag","15":"product_cat-patisserie","16":"product_cat-suess-sauer","17":"product_cat-weihnachten","18":"product_cat-wiener-melange","19":"product_cat-zucker-fruehstueck","20":"product_cat-zucker","22":"first","23":"instock","24":"sold-individually","25":"purchasable","26":"product-type-simple"},"yoast_head":"<!-- This site is optimized with the Yoast SEO Premium plugin v15.8.2 - https:\/\/yoast.com\/wordpress\/plugins\/seo\/ -->\n<title>Versilberter Historismus Streuer, Fa. Berndorf, um 1880<\/title>\n<meta name=\"description\" content=\"Versilberter Historismus Streuer, Fa. Berndorf, um 1880 \u2665 Antiquit\u00e4ten Online kaufen \u2713 Sichere Lieferung \u2713\" \/>\n<meta name=\"robots\" content=\"index, follow, max-snippet:-1, max-image-preview:large, max-video-preview:-1\" \/>\n<link rel=\"canonical\" href=\"https:\/\/annette-ahrens.at\/onlineshop\/produkt\/versilberter-historismus-zuckerstreuer-fa-berndorf-um-1880\/\" \/>\n<meta property=\"og:locale\" content=\"de_DE\" \/>\n<meta property=\"og:type\" content=\"article\" \/>\n<meta property=\"og:title\" content=\"Versilberter Historismus Streuer, Fa. Berndorf, um 1880\" \/>\n<meta property=\"og:description\" content=\"Versilberter Historismus Streuer, Fa. Berndorf, um 1880 \u2665 Antiquit\u00e4ten Online kaufen \u2713 Sichere Lieferung \u2713\" \/>\n<meta property=\"og:url\" content=\"https:\/\/annette-ahrens.at\/onlineshop\/produkt\/versilberter-historismus-zuckerstreuer-fa-berndorf-um-1880\/\" \/>\n<meta property=\"og:site_name\" content=\"Tafelkultur Onlineshop\" \/>\n<meta property=\"article:publisher\" content=\"https:\/\/www.facebook.com\/AnnetteAhrensTafelkultur\" \/>\n<meta property=\"article:modified_time\" content=\"2025-06-03T08:29:42+00:00\" \/>\n<meta property=\"og:image\" content=\"https:\/\/annette-ahrens.at\/onlineshop\/wp-content\/uploads\/2021\/08\/IMG_1035-scaled.jpeg\" \/>\n\t<meta property=\"og:image:width\" content=\"2560\" \/>\n\t<meta property=\"og:image:height\" content=\"2560\" \/>\n<meta name=\"twitter:card\" content=\"summary_large_image\" \/>\n<meta name=\"twitter:label1\" content=\"Gesch\u00e4tzte Lesezeit\">\n\t<meta name=\"twitter:data1\" content=\"1\u00a0Minute\">\n<script type=\"application\/ld+json\" class=\"yoast-schema-graph\">{\"@context\":\"https:\/\/schema.org\",\"@graph\":[{\"@type\":[\"Person\",\"Organization\"],\"@id\":\"https:\/\/annette-ahrens.at\/onlineshop\/#\/schema\/person\/3e19676faae246bba0cb3b7e15f427d8\",\"name\":\"Annette Ahrens\",\"image\":{\"@type\":\"ImageObject\",\"@id\":\"https:\/\/annette-ahrens.at\/onlineshop\/#personlogo\",\"inLanguage\":\"de\",\"url\":\"https:\/\/annette-ahrens.at\/onlineshop\/wp-content\/uploads\/2020\/04\/aa_logo_End.png\",\"width\":800,\"height\":164,\"caption\":\"Annette Ahrens\"},\"logo\":{\"@id\":\"https:\/\/annette-ahrens.at\/onlineshop\/#personlogo\"},\"sameAs\":[\"https:\/\/annette-ahrens.at\",\"https:\/\/www.facebook.com\/AnnetteAhrensTafelkultur\",\"https:\/\/www.instagram.com\/tafelkulturistin\/\",\"https:\/\/de.wikipedia.org\/wiki\/Annette_Ahrens\"]},{\"@type\":\"WebSite\",\"@id\":\"https:\/\/annette-ahrens.at\/onlineshop\/#website\",\"url\":\"https:\/\/annette-ahrens.at\/onlineshop\/\",\"name\":\"Tafelkultur Onlineshop\",\"description\":\"Annette Ahrens\",\"publisher\":{\"@id\":\"https:\/\/annette-ahrens.at\/onlineshop\/#\/schema\/person\/3e19676faae246bba0cb3b7e15f427d8\"},\"potentialAction\":[{\"@type\":\"SearchAction\",\"target\":\"https:\/\/annette-ahrens.at\/onlineshop\/?s={search_term_string}\",\"query-input\":\"required name=search_term_string\"}],\"inLanguage\":\"de\"},{\"@type\":\"ImageObject\",\"@id\":\"https:\/\/annette-ahrens.at\/onlineshop\/produkt\/versilberter-historismus-zuckerstreuer-fa-berndorf-um-1880\/#primaryimage\",\"inLanguage\":\"de\",\"url\":\"https:\/\/annette-ahrens.at\/onlineshop\/wp-content\/uploads\/2021\/08\/IMG_1035-scaled.jpeg\",\"width\":2560,\"height\":2560,\"caption\":\"streuer_berndorf\"},{\"@type\":[\"WebPage\",\"ItemPage\"],\"@id\":\"https:\/\/annette-ahrens.at\/onlineshop\/produkt\/versilberter-historismus-zuckerstreuer-fa-berndorf-um-1880\/#webpage\",\"url\":\"https:\/\/annette-ahrens.at\/onlineshop\/produkt\/versilberter-historismus-zuckerstreuer-fa-berndorf-um-1880\/\",\"name\":\"Versilberter Historismus Streuer, Fa. Berndorf, um 1880\",\"isPartOf\":{\"@id\":\"https:\/\/annette-ahrens.at\/onlineshop\/#website\"},\"primaryImageOfPage\":{\"@id\":\"https:\/\/annette-ahrens.at\/onlineshop\/produkt\/versilberter-historismus-zuckerstreuer-fa-berndorf-um-1880\/#primaryimage\"},\"datePublished\":\"2021-08-04T23:39:30+00:00\",\"dateModified\":\"2025-06-03T08:29:42+00:00\",\"description\":\"Versilberter Historismus Streuer, Fa. Berndorf, um 1880 \\u2665 Antiquit\\u00e4ten Online kaufen \\u2713 Sichere Lieferung \\u2713\",\"breadcrumb\":{\"@id\":\"https:\/\/annette-ahrens.at\/onlineshop\/produkt\/versilberter-historismus-zuckerstreuer-fa-berndorf-um-1880\/#breadcrumb\"},\"inLanguage\":\"de\",\"potentialAction\":[{\"@type\":\"ReadAction\",\"target\":[\"https:\/\/annette-ahrens.at\/onlineshop\/produkt\/versilberter-historismus-zuckerstreuer-fa-berndorf-um-1880\/\"]}]},{\"@type\":\"BreadcrumbList\",\"@id\":\"https:\/\/annette-ahrens.at\/onlineshop\/produkt\/versilberter-historismus-zuckerstreuer-fa-berndorf-um-1880\/#breadcrumb\",\"itemListElement\":[{\"@type\":\"ListItem\",\"position\":1,\"item\":{\"@type\":\"WebPage\",\"@id\":\"https:\/\/annette-ahrens.at\/onlineshop\/\",\"url\":\"https:\/\/annette-ahrens.at\/onlineshop\/\",\"name\":\"Home\"}},{\"@type\":\"ListItem\",\"position\":2,\"item\":{\"@type\":\"WebPage\",\"@id\":\"https:\/\/annette-ahrens.at\/onlineshop\/alle-tafelkultur-objekte\/\",\"url\":\"https:\/\/annette-ahrens.at\/onlineshop\/alle-tafelkultur-objekte\/\",\"name\":\"Alle Tafelkultur Objekte\"}},{\"@type\":\"ListItem\",\"position\":3,\"item\":{\"@type\":\"WebPage\",\"@id\":\"https:\/\/annette-ahrens.at\/onlineshop\/produkt\/versilberter-historismus-zuckerstreuer-fa-berndorf-um-1880\/\",\"url\":\"https:\/\/annette-ahrens.at\/onlineshop\/produkt\/versilberter-historismus-zuckerstreuer-fa-berndorf-um-1880\/\",\"name\":\"Versilberter Historismus Streuer, Fa. Berndorf, um 1880\"}}]}]}<\/script>\n<!-- \/ Yoast SEO Premium plugin. -->","_links":{"self":[{"href":"https:\/\/annette-ahrens.at\/onlineshop\/wp-json\/wp\/v2\/product\/9992","targetHints":{"allow":["GET"]}}],"collection":[{"href":"https:\/\/annette-ahrens.at\/onlineshop\/wp-json\/wp\/v2\/product"}],"about":[{"href":"https:\/\/annette-ahrens.at\/onlineshop\/wp-json\/wp\/v2\/types\/product"}],"replies":[{"embeddable":true,"href":"https:\/\/annette-ahrens.at\/onlineshop\/wp-json\/wp\/v2\/comments?post=9992"}],"wp:featuredmedia":[{"embeddable":true,"href":"https:\/\/annette-ahrens.at\/onlineshop\/wp-json\/wp\/v2\/media\/9989"}],"wp:attachment":[{"href":"https:\/\/annette-ahrens.at\/onlineshop\/wp-json\/wp\/v2\/media?parent=9992"}],"wp:term":[{"taxonomy":"product_brand","embeddable":true,"href":"https:\/\/annette-ahrens.at\/onlineshop\/wp-json\/wp\/v2\/product_brand?post=9992"},{"taxonomy":"product_cat","embeddable":true,"href":"https:\/\/annette-ahrens.at\/onlineshop\/wp-json\/wp\/v2\/product_cat?post=9992"},{"taxonomy":"product_tag","embeddable":true,"href":"https:\/\/annette-ahrens.at\/onlineshop\/wp-json\/wp\/v2\/product_tag?post=9992"}],"curies":[{"name":"wp","href":"https:\/\/api.w.org\/{rel}","templated":true}]}}